{"id":2203,"date":"2021-10-08T10:07:50","date_gmt":"2021-10-08T09:07:50","guid":{"rendered":"https:\/\/hysolv.eu\/kontakt"},"modified":"2026-04-24T09:36:30","modified_gmt":"2026-04-24T08:36:30","slug":"kontakt","status":"publish","type":"page","link":"https:\/\/hysolv.eu\/de\/kontakt","title":{"rendered":"Kontakt"},"content":{"rendered":"<div id=\"cs-content\" class=\"cs-content\"><\/div>\n","protected":false},"excerpt":{"rendered":"<p>Kontaktieren Sie uns Professionelles Hygienemanagement beginnt mit der richtigen Beratung. Ob Produktauswahl, Optimierung von Hygieneroutinen oder die Suche nach der passenden L\u00f6sung f\u00fcr Ihr Produktionssystem \u2013 unser Team unterst\u00fctzt Sie kompetent und praxisnah.Allgemeine Anfragen F\u00fcr allgemeine Anfragen, Produktinformationen oder technische Fragen verwenden Sie bitte das Kontaktformular oder kontaktieren Sie uns \u00fcber unsere Haupttelefonnummer:+49 3923 620 96 47. Wenn Sie das &#8230; <\/p>\n<div><a href=\"https:\/\/hysolv.eu\/de\/kontakt\" class=\"more-link\">Read More<\/a><\/div>\n","protected":false},"author":8,"featured_media":0,"parent":0,"menu_order":400,"comment_status":"closed","ping_status":"closed","template":"template-blank-4.php","meta":{"rs_blank_template":"","rs_page_bg_color":"","slide_template_v7":"","footnotes":""},"class_list":["post-2203","page","type-page","status-publish","hentry","no-post-thumbnail"],"yoast_head":"<!-- This site is optimized with the Yoast SEO plugin v27.5 - https:\/\/yoast.com\/product\/yoast-seo-wordpress\/ -->\n<title>Kontakt Hysolv | Tiergesundheit &amp; Biosicherheitsl\u00f6sungen<\/title>\n<meta name=\"description\" content=\"Kontaktieren Sie Hysolv f\u00fcr professionelle Tiergesundheitsprodukte, Stallhygiene und Biosicherheitsl\u00f6sungen f\u00fcr die Nutztierhaltung und Landwirtschaft.\" \/>\n<meta name=\"robots\" content=\"index, follow, max-snippet:-1, max-image-preview:large, max-video-preview:-1\" \/>\n<link rel=\"canonical\" href=\"https:\/\/hysolv.eu\/de\/kontakt\" \/>\n<meta property=\"og:locale\" content=\"de_DE\" \/>\n<meta property=\"og:type\" content=\"article\" \/>\n<meta property=\"og:title\" content=\"Kontakt Hysolv | Tiergesundheit &amp; Biosicherheitsl\u00f6sungen\" \/>\n<meta property=\"og:description\" content=\"Kontaktieren Sie Hysolv f\u00fcr professionelle Tiergesundheitsprodukte, Stallhygiene und Biosicherheitsl\u00f6sungen f\u00fcr die Nutztierhaltung und Landwirtschaft.\" \/>\n<meta property=\"og:url\" content=\"https:\/\/hysolv.eu\/de\/kontakt\" \/>\n<meta property=\"og:site_name\" content=\"Hysolv\" \/>\n<meta property=\"article:publisher\" content=\"https:\/\/www.facebook.com\/HysolvLtd\" \/>\n<meta property=\"article:modified_time\" content=\"2026-04-24T08:36:30+00:00\" \/>\n<meta name=\"twitter:card\" content=\"summary_large_image\" \/>\n<meta name=\"twitter:label1\" content=\"Gesch\u00e4tzte Lesezeit\" \/>\n\t<meta name=\"twitter:data1\" content=\"2\u00a0Minuten\" \/>\n<script type=\"application\/ld+json\" class=\"yoast-schema-graph\">{\"@context\":\"https:\\\/\\\/schema.org\",\"@graph\":[{\"@type\":\"WebPage\",\"@id\":\"https:\\\/\\\/hysolv.eu\\\/de\\\/kontakt\",\"url\":\"https:\\\/\\\/hysolv.eu\\\/de\\\/kontakt\",\"name\":\"Kontakt Hysolv | Tiergesundheit & Biosicherheitsl\u00f6sungen\",\"isPartOf\":{\"@id\":\"https:\\\/\\\/hysolv.eu\\\/de#website\"},\"datePublished\":\"2021-10-08T09:07:50+00:00\",\"dateModified\":\"2026-04-24T08:36:30+00:00\",\"description\":\"Kontaktieren Sie Hysolv f\u00fcr professionelle Tiergesundheitsprodukte, Stallhygiene und Biosicherheitsl\u00f6sungen f\u00fcr die Nutztierhaltung und Landwirtschaft.\",\"breadcrumb\":{\"@id\":\"https:\\\/\\\/hysolv.eu\\\/de\\\/kontakt#breadcrumb\"},\"inLanguage\":\"de\",\"potentialAction\":[{\"@type\":\"ReadAction\",\"target\":[\"https:\\\/\\\/hysolv.eu\\\/de\\\/kontakt\"]}]},{\"@type\":\"BreadcrumbList\",\"@id\":\"https:\\\/\\\/hysolv.eu\\\/de\\\/kontakt#breadcrumb\",\"itemListElement\":[{\"@type\":\"ListItem\",\"position\":1,\"name\":\"Home\",\"item\":\"https:\\\/\\\/hysolv.eu\\\/de\"},{\"@type\":\"ListItem\",\"position\":2,\"name\":\"Kontakt\"}]},{\"@type\":\"WebSite\",\"@id\":\"https:\\\/\\\/hysolv.eu\\\/de#website\",\"url\":\"https:\\\/\\\/hysolv.eu\\\/de\",\"name\":\"Hysolv\",\"description\":\"Supporting Animal Health &amp; Biosecurity\",\"publisher\":{\"@id\":\"https:\\\/\\\/hysolv.eu\\\/de#organization\"},\"potentialAction\":[{\"@type\":\"SearchAction\",\"target\":{\"@type\":\"EntryPoint\",\"urlTemplate\":\"https:\\\/\\\/hysolv.eu\\\/de?s={search_term_string}\"},\"query-input\":{\"@type\":\"PropertyValueSpecification\",\"valueRequired\":true,\"valueName\":\"search_term_string\"}}],\"inLanguage\":\"de\"},{\"@type\":\"Organization\",\"@id\":\"https:\\\/\\\/hysolv.eu\\\/de#organization\",\"name\":\"Hysolv GmbH\",\"url\":\"https:\\\/\\\/hysolv.eu\\\/de\",\"logo\":{\"@type\":\"ImageObject\",\"inLanguage\":\"de\",\"@id\":\"https:\\\/\\\/hysolv.eu\\\/de#\\\/schema\\\/logo\\\/image\\\/\",\"url\":\"https:\\\/\\\/hysolv.eu\\\/wp-content\\\/uploads\\\/LoginLogo-1.png\",\"contentUrl\":\"https:\\\/\\\/hysolv.eu\\\/wp-content\\\/uploads\\\/LoginLogo-1.png\",\"width\":480,\"height\":229,\"caption\":\"Hysolv GmbH\"},\"image\":{\"@id\":\"https:\\\/\\\/hysolv.eu\\\/de#\\\/schema\\\/logo\\\/image\\\/\"},\"sameAs\":[\"https:\\\/\\\/www.facebook.com\\\/HysolvLtd\",\"https:\\\/\\\/www.instagram.com\\\/hysolvlimited\\\/\",\"https:\\\/\\\/www.linkedin.com\\\/company\\\/hysolv-limited\\\/about\\\/\"]}]}<\/script>\n<!-- \/ Yoast SEO plugin. -->","yoast_head_json":{"title":"Kontakt Hysolv | Tiergesundheit & Biosicherheitsl\u00f6sungen","description":"Kontaktieren Sie Hysolv f\u00fcr professionelle Tiergesundheitsprodukte, Stallhygiene und Biosicherheitsl\u00f6sungen f\u00fcr die Nutztierhaltung und Landwirtschaft.","robots":{"index":"index","follow":"follow","max-snippet":"max-snippet:-1","max-image-preview":"max-image-preview:large","max-video-preview":"max-video-preview:-1"},"canonical":"https:\/\/hysolv.eu\/de\/kontakt","og_locale":"de_DE","og_type":"article","og_title":"Kontakt Hysolv | Tiergesundheit & Biosicherheitsl\u00f6sungen","og_description":"Kontaktieren Sie Hysolv f\u00fcr professionelle Tiergesundheitsprodukte, Stallhygiene und Biosicherheitsl\u00f6sungen f\u00fcr die Nutztierhaltung und Landwirtschaft.","og_url":"https:\/\/hysolv.eu\/de\/kontakt","og_site_name":"Hysolv","article_publisher":"https:\/\/www.facebook.com\/HysolvLtd","article_modified_time":"2026-04-24T08:36:30+00:00","twitter_card":"summary_large_image","twitter_misc":{"Gesch\u00e4tzte Lesezeit":"2\u00a0Minuten"},"schema":{"@context":"https:\/\/schema.org","@graph":[{"@type":"WebPage","@id":"https:\/\/hysolv.eu\/de\/kontakt","url":"https:\/\/hysolv.eu\/de\/kontakt","name":"Kontakt Hysolv | Tiergesundheit & Biosicherheitsl\u00f6sungen","isPartOf":{"@id":"https:\/\/hysolv.eu\/de#website"},"datePublished":"2021-10-08T09:07:50+00:00","dateModified":"2026-04-24T08:36:30+00:00","description":"Kontaktieren Sie Hysolv f\u00fcr professionelle Tiergesundheitsprodukte, Stallhygiene und Biosicherheitsl\u00f6sungen f\u00fcr die Nutztierhaltung und Landwirtschaft.","breadcrumb":{"@id":"https:\/\/hysolv.eu\/de\/kontakt#breadcrumb"},"inLanguage":"de","potentialAction":[{"@type":"ReadAction","target":["https:\/\/hysolv.eu\/de\/kontakt"]}]},{"@type":"BreadcrumbList","@id":"https:\/\/hysolv.eu\/de\/kontakt#breadcrumb","itemListElement":[{"@type":"ListItem","position":1,"name":"Home","item":"https:\/\/hysolv.eu\/de"},{"@type":"ListItem","position":2,"name":"Kontakt"}]},{"@type":"WebSite","@id":"https:\/\/hysolv.eu\/de#website","url":"https:\/\/hysolv.eu\/de","name":"Hysolv","description":"Supporting Animal Health &amp; Biosecurity","publisher":{"@id":"https:\/\/hysolv.eu\/de#organization"},"potentialAction":[{"@type":"SearchAction","target":{"@type":"EntryPoint","urlTemplate":"https:\/\/hysolv.eu\/de?s={search_term_string}"},"query-input":{"@type":"PropertyValueSpecification","valueRequired":true,"valueName":"search_term_string"}}],"inLanguage":"de"},{"@type":"Organization","@id":"https:\/\/hysolv.eu\/de#organization","name":"Hysolv GmbH","url":"https:\/\/hysolv.eu\/de","logo":{"@type":"ImageObject","inLanguage":"de","@id":"https:\/\/hysolv.eu\/de#\/schema\/logo\/image\/","url":"https:\/\/hysolv.eu\/wp-content\/uploads\/LoginLogo-1.png","contentUrl":"https:\/\/hysolv.eu\/wp-content\/uploads\/LoginLogo-1.png","width":480,"height":229,"caption":"Hysolv GmbH"},"image":{"@id":"https:\/\/hysolv.eu\/de#\/schema\/logo\/image\/"},"sameAs":["https:\/\/www.facebook.com\/HysolvLtd","https:\/\/www.instagram.com\/hysolvlimited\/","https:\/\/www.linkedin.com\/company\/hysolv-limited\/about\/"]}]}},"_links":{"self":[{"href":"https:\/\/hysolv.eu\/de\/wp-json\/wp\/v2\/pages\/2203","targetHints":{"allow":["GET"]}}],"collection":[{"href":"https:\/\/hysolv.eu\/de\/wp-json\/wp\/v2\/pages"}],"about":[{"href":"https:\/\/hysolv.eu\/de\/wp-json\/wp\/v2\/types\/page"}],"author":[{"embeddable":true,"href":"https:\/\/hysolv.eu\/de\/wp-json\/wp\/v2\/users\/8"}],"replies":[{"embeddable":true,"href":"https:\/\/hysolv.eu\/de\/wp-json\/wp\/v2\/comments?post=2203"}],"version-history":[{"count":2,"href":"https:\/\/hysolv.eu\/de\/wp-json\/wp\/v2\/pages\/2203\/revisions"}],"predecessor-version":[{"id":7013,"href":"https:\/\/hysolv.eu\/de\/wp-json\/wp\/v2\/pages\/2203\/revisions\/7013"}],"wp:attachment":[{"href":"https:\/\/hysolv.eu\/de\/wp-json\/wp\/v2\/media?parent=2203"}],"curies":[{"name":"wp","href":"https:\/\/api.w.org\/{rel}","templated":true}]}}