{"id":2209,"date":"2021-10-08T12:11:41","date_gmt":"2021-10-08T11:11:41","guid":{"rendered":"https:\/\/hysolv.eu\/links"},"modified":"2026-04-24T09:31:25","modified_gmt":"2026-04-24T08:31:25","slug":"links","status":"publish","type":"page","link":"https:\/\/hysolv.eu\/de\/links","title":{"rendered":"Links"},"content":{"rendered":"<div id=\"cs-content\" class=\"cs-content\"><\/div>\n","protected":false},"excerpt":{"rendered":"<p>Links Die folgenden Links f\u00fchren zu offiziellen Beh\u00f6rden und anerkannten Fachorganisationen, die Desinfektions- und Hygieneprodukte f\u00fcr den professionellen Einsatz in der Tiermedizin, Landwirtschaft und Lebensmittelverarbeitung unabh\u00e4ngig pr\u00fcfen, bewerten und in entsprechenden Verzeichnissen f\u00fchren. Die Aufnahme in diese Verzeichnisse bietet eine transparente und \u00f6ffentlich zug\u00e4ngliche Best\u00e4tigung von Wirksamkeit, Sicherheit und Einhaltung gesetzlicher Anforderungen.Sie erm\u00f6glicht es Kunden, Tier\u00e4rzten und Beh\u00f6rden, Produktzulassungen sowie &#8230; <\/p>\n<div><a href=\"https:\/\/hysolv.eu\/de\/links\" class=\"more-link\">Read More<\/a><\/div>\n","protected":false},"author":8,"featured_media":0,"parent":0,"menu_order":300,"comment_status":"closed","ping_status":"closed","template":"template-blank-4.php","meta":{"rs_blank_template":"","rs_page_bg_color":"","slide_template_v7":"","footnotes":""},"class_list":["post-2209","page","type-page","status-publish","hentry","no-post-thumbnail"],"yoast_head":"<!-- This site is optimized with the Yoast SEO plugin v27.5 - https:\/\/yoast.com\/product\/yoast-seo-wordpress\/ -->\n<title>Branchenlinks &amp; Ressourcen f\u00fcr Tiergesundheit &amp; Biosicherheit | Hysolv<\/title>\n<meta name=\"description\" content=\"Entdecken Sie vertrauensw\u00fcrdige Branchenlinks und Ressourcen rund um Tiergesundheit, Stallhygiene und Biosicherheit in der Nutztierhaltung und Landwirtschaft.\" \/>\n<meta name=\"robots\" content=\"index, follow, max-snippet:-1, max-image-preview:large, max-video-preview:-1\" \/>\n<link rel=\"canonical\" href=\"https:\/\/hysolv.eu\/de\/links\" \/>\n<meta property=\"og:locale\" content=\"de_DE\" \/>\n<meta property=\"og:type\" content=\"article\" \/>\n<meta property=\"og:title\" content=\"Branchenlinks &amp; Ressourcen f\u00fcr Tiergesundheit &amp; Biosicherheit | Hysolv\" \/>\n<meta property=\"og:description\" content=\"Entdecken Sie vertrauensw\u00fcrdige Branchenlinks und Ressourcen rund um Tiergesundheit, Stallhygiene und Biosicherheit in der Nutztierhaltung und Landwirtschaft.\" \/>\n<meta property=\"og:url\" content=\"https:\/\/hysolv.eu\/de\/links\" \/>\n<meta property=\"og:site_name\" content=\"Hysolv\" \/>\n<meta property=\"article:publisher\" content=\"https:\/\/www.facebook.com\/HysolvLtd\" \/>\n<meta property=\"article:modified_time\" content=\"2026-04-24T08:31:25+00:00\" \/>\n<meta name=\"twitter:card\" content=\"summary_large_image\" \/>\n<meta name=\"twitter:label1\" content=\"Gesch\u00e4tzte Lesezeit\" \/>\n\t<meta name=\"twitter:data1\" content=\"3\u00a0Minuten\" \/>\n<script type=\"application\/ld+json\" class=\"yoast-schema-graph\">{\"@context\":\"https:\\\/\\\/schema.org\",\"@graph\":[{\"@type\":\"WebPage\",\"@id\":\"https:\\\/\\\/hysolv.eu\\\/de\\\/links\",\"url\":\"https:\\\/\\\/hysolv.eu\\\/de\\\/links\",\"name\":\"Branchenlinks & Ressourcen f\u00fcr Tiergesundheit & Biosicherheit | Hysolv\",\"isPartOf\":{\"@id\":\"https:\\\/\\\/hysolv.eu\\\/de#website\"},\"datePublished\":\"2021-10-08T11:11:41+00:00\",\"dateModified\":\"2026-04-24T08:31:25+00:00\",\"description\":\"Entdecken Sie vertrauensw\u00fcrdige Branchenlinks und Ressourcen rund um Tiergesundheit, Stallhygiene und Biosicherheit in der Nutztierhaltung und Landwirtschaft.\",\"breadcrumb\":{\"@id\":\"https:\\\/\\\/hysolv.eu\\\/de\\\/links#breadcrumb\"},\"inLanguage\":\"de\",\"potentialAction\":[{\"@type\":\"ReadAction\",\"target\":[\"https:\\\/\\\/hysolv.eu\\\/de\\\/links\"]}]},{\"@type\":\"BreadcrumbList\",\"@id\":\"https:\\\/\\\/hysolv.eu\\\/de\\\/links#breadcrumb\",\"itemListElement\":[{\"@type\":\"ListItem\",\"position\":1,\"name\":\"Home\",\"item\":\"https:\\\/\\\/hysolv.eu\\\/de\"},{\"@type\":\"ListItem\",\"position\":2,\"name\":\"Links\"}]},{\"@type\":\"WebSite\",\"@id\":\"https:\\\/\\\/hysolv.eu\\\/de#website\",\"url\":\"https:\\\/\\\/hysolv.eu\\\/de\",\"name\":\"Hysolv\",\"description\":\"Supporting Animal Health &amp; Biosecurity\",\"publisher\":{\"@id\":\"https:\\\/\\\/hysolv.eu\\\/de#organization\"},\"potentialAction\":[{\"@type\":\"SearchAction\",\"target\":{\"@type\":\"EntryPoint\",\"urlTemplate\":\"https:\\\/\\\/hysolv.eu\\\/de?s={search_term_string}\"},\"query-input\":{\"@type\":\"PropertyValueSpecification\",\"valueRequired\":true,\"valueName\":\"search_term_string\"}}],\"inLanguage\":\"de\"},{\"@type\":\"Organization\",\"@id\":\"https:\\\/\\\/hysolv.eu\\\/de#organization\",\"name\":\"Hysolv GmbH\",\"url\":\"https:\\\/\\\/hysolv.eu\\\/de\",\"logo\":{\"@type\":\"ImageObject\",\"inLanguage\":\"de\",\"@id\":\"https:\\\/\\\/hysolv.eu\\\/de#\\\/schema\\\/logo\\\/image\\\/\",\"url\":\"https:\\\/\\\/hysolv.eu\\\/wp-content\\\/uploads\\\/LoginLogo-1.png\",\"contentUrl\":\"https:\\\/\\\/hysolv.eu\\\/wp-content\\\/uploads\\\/LoginLogo-1.png\",\"width\":480,\"height\":229,\"caption\":\"Hysolv GmbH\"},\"image\":{\"@id\":\"https:\\\/\\\/hysolv.eu\\\/de#\\\/schema\\\/logo\\\/image\\\/\"},\"sameAs\":[\"https:\\\/\\\/www.facebook.com\\\/HysolvLtd\",\"https:\\\/\\\/www.instagram.com\\\/hysolvlimited\\\/\",\"https:\\\/\\\/www.linkedin.com\\\/company\\\/hysolv-limited\\\/about\\\/\"]}]}<\/script>\n<!-- \/ Yoast SEO plugin. -->","yoast_head_json":{"title":"Branchenlinks & Ressourcen f\u00fcr Tiergesundheit & Biosicherheit | Hysolv","description":"Entdecken Sie vertrauensw\u00fcrdige Branchenlinks und Ressourcen rund um Tiergesundheit, Stallhygiene und Biosicherheit in der Nutztierhaltung und Landwirtschaft.","robots":{"index":"index","follow":"follow","max-snippet":"max-snippet:-1","max-image-preview":"max-image-preview:large","max-video-preview":"max-video-preview:-1"},"canonical":"https:\/\/hysolv.eu\/de\/links","og_locale":"de_DE","og_type":"article","og_title":"Branchenlinks & Ressourcen f\u00fcr Tiergesundheit & Biosicherheit | Hysolv","og_description":"Entdecken Sie vertrauensw\u00fcrdige Branchenlinks und Ressourcen rund um Tiergesundheit, Stallhygiene und Biosicherheit in der Nutztierhaltung und Landwirtschaft.","og_url":"https:\/\/hysolv.eu\/de\/links","og_site_name":"Hysolv","article_publisher":"https:\/\/www.facebook.com\/HysolvLtd","article_modified_time":"2026-04-24T08:31:25+00:00","twitter_card":"summary_large_image","twitter_misc":{"Gesch\u00e4tzte Lesezeit":"3\u00a0Minuten"},"schema":{"@context":"https:\/\/schema.org","@graph":[{"@type":"WebPage","@id":"https:\/\/hysolv.eu\/de\/links","url":"https:\/\/hysolv.eu\/de\/links","name":"Branchenlinks & Ressourcen f\u00fcr Tiergesundheit & Biosicherheit | Hysolv","isPartOf":{"@id":"https:\/\/hysolv.eu\/de#website"},"datePublished":"2021-10-08T11:11:41+00:00","dateModified":"2026-04-24T08:31:25+00:00","description":"Entdecken Sie vertrauensw\u00fcrdige Branchenlinks und Ressourcen rund um Tiergesundheit, Stallhygiene und Biosicherheit in der Nutztierhaltung und Landwirtschaft.","breadcrumb":{"@id":"https:\/\/hysolv.eu\/de\/links#breadcrumb"},"inLanguage":"de","potentialAction":[{"@type":"ReadAction","target":["https:\/\/hysolv.eu\/de\/links"]}]},{"@type":"BreadcrumbList","@id":"https:\/\/hysolv.eu\/de\/links#breadcrumb","itemListElement":[{"@type":"ListItem","position":1,"name":"Home","item":"https:\/\/hysolv.eu\/de"},{"@type":"ListItem","position":2,"name":"Links"}]},{"@type":"WebSite","@id":"https:\/\/hysolv.eu\/de#website","url":"https:\/\/hysolv.eu\/de","name":"Hysolv","description":"Supporting Animal Health &amp; Biosecurity","publisher":{"@id":"https:\/\/hysolv.eu\/de#organization"},"potentialAction":[{"@type":"SearchAction","target":{"@type":"EntryPoint","urlTemplate":"https:\/\/hysolv.eu\/de?s={search_term_string}"},"query-input":{"@type":"PropertyValueSpecification","valueRequired":true,"valueName":"search_term_string"}}],"inLanguage":"de"},{"@type":"Organization","@id":"https:\/\/hysolv.eu\/de#organization","name":"Hysolv GmbH","url":"https:\/\/hysolv.eu\/de","logo":{"@type":"ImageObject","inLanguage":"de","@id":"https:\/\/hysolv.eu\/de#\/schema\/logo\/image\/","url":"https:\/\/hysolv.eu\/wp-content\/uploads\/LoginLogo-1.png","contentUrl":"https:\/\/hysolv.eu\/wp-content\/uploads\/LoginLogo-1.png","width":480,"height":229,"caption":"Hysolv GmbH"},"image":{"@id":"https:\/\/hysolv.eu\/de#\/schema\/logo\/image\/"},"sameAs":["https:\/\/www.facebook.com\/HysolvLtd","https:\/\/www.instagram.com\/hysolvlimited\/","https:\/\/www.linkedin.com\/company\/hysolv-limited\/about\/"]}]}},"_links":{"self":[{"href":"https:\/\/hysolv.eu\/de\/wp-json\/wp\/v2\/pages\/2209","targetHints":{"allow":["GET"]}}],"collection":[{"href":"https:\/\/hysolv.eu\/de\/wp-json\/wp\/v2\/pages"}],"about":[{"href":"https:\/\/hysolv.eu\/de\/wp-json\/wp\/v2\/types\/page"}],"author":[{"embeddable":true,"href":"https:\/\/hysolv.eu\/de\/wp-json\/wp\/v2\/users\/8"}],"replies":[{"embeddable":true,"href":"https:\/\/hysolv.eu\/de\/wp-json\/wp\/v2\/comments?post=2209"}],"version-history":[{"count":3,"href":"https:\/\/hysolv.eu\/de\/wp-json\/wp\/v2\/pages\/2209\/revisions"}],"predecessor-version":[{"id":6998,"href":"https:\/\/hysolv.eu\/de\/wp-json\/wp\/v2\/pages\/2209\/revisions\/6998"}],"wp:attachment":[{"href":"https:\/\/hysolv.eu\/de\/wp-json\/wp\/v2\/media?parent=2209"}],"curies":[{"name":"wp","href":"https:\/\/api.w.org\/{rel}","templated":true}]}}