{"id":2225,"date":"2021-10-08T10:09:51","date_gmt":"2021-10-08T09:09:51","guid":{"rendered":"https:\/\/hysolv.eu\/geschaeftsbedingungen"},"modified":"2023-11-30T11:11:41","modified_gmt":"2023-11-30T10:11:41","slug":"geschaeftsbedingungen","status":"publish","type":"page","link":"https:\/\/hysolv.eu\/de\/geschaeftsbedingungen","title":{"rendered":"Gesch\u00e4ftsbedingungen"},"content":{"rendered":"<div id=\"cs-content\" class=\"cs-content\"><\/div>\n","protected":false},"excerpt":{"rendered":"<p>gesch\u00e4ftsbedingungen Allgemeine Gesch\u00e4ftsbedingungen f\u00fcr Kunden GESCH\u00c4FTSBEDINGUNGEN DER HYSOLV GmbH (im Folgenden \u201eUnternehmen\u201c oder \u201eHysolv GmbH\u201c genannt) 1)&nbsp;Einf\u00fchrung a) Diese Allgemeinen Gesch\u00e4ftsbedingungen stellen die gesamte Vereinbarung zwischen dem Unternehmen und dem K\u00e4ufer dar. Das Unternehmen kann diese Gesch\u00e4ftsbedingungen von Zeit zu Zeit durch schriftliche Mitteilung an den K\u00e4ufer \u00e4ndern. b) Mit dem Eingang einer Bestellung (auch \u201eBestellung\u201c genannt) des K\u00e4ufers akzeptiert &#8230; <\/p>\n<div><a href=\"https:\/\/hysolv.eu\/de\/geschaeftsbedingungen\" class=\"more-link\">Read More<\/a><\/div>\n","protected":false},"author":8,"featured_media":0,"parent":0,"menu_order":1010,"comment_status":"closed","ping_status":"closed","template":"template-blank-4.php","meta":{"rs_blank_template":"","rs_page_bg_color":"","slide_template_v7":"","footnotes":""},"class_list":["post-2225","page","type-page","status-publish","hentry","no-post-thumbnail"],"yoast_head":"<!-- This site is optimized with the Yoast SEO plugin v27.5 - https:\/\/yoast.com\/product\/yoast-seo-wordpress\/ -->\n<title>Gesch\u00e4ftsbedingungen | Hysolv<\/title>\n<meta name=\"robots\" content=\"noindex, nofollow\" \/>\n<meta property=\"og:locale\" content=\"de_DE\" \/>\n<meta property=\"og:type\" content=\"article\" \/>\n<meta property=\"og:title\" content=\"Gesch\u00e4ftsbedingungen | Hysolv\" \/>\n<meta property=\"og:description\" content=\"gesch\u00e4ftsbedingungen Allgemeine Gesch\u00e4ftsbedingungen f\u00fcr Kunden GESCH\u00c4FTSBEDINGUNGEN DER HYSOLV GmbH (im Folgenden \u201eUnternehmen\u201c oder \u201eHysolv GmbH\u201c genannt) 1)&nbsp;Einf\u00fchrung a) Diese Allgemeinen Gesch\u00e4ftsbedingungen stellen die gesamte Vereinbarung zwischen dem Unternehmen und dem K\u00e4ufer dar. Das Unternehmen kann diese Gesch\u00e4ftsbedingungen von Zeit zu Zeit durch schriftliche Mitteilung an den K\u00e4ufer \u00e4ndern. b) Mit dem Eingang einer Bestellung (auch \u201eBestellung\u201c genannt) des K\u00e4ufers akzeptiert ... Read More\" \/>\n<meta property=\"og:url\" content=\"https:\/\/hysolv.eu\/de\/geschaeftsbedingungen\" \/>\n<meta property=\"og:site_name\" content=\"Hysolv\" \/>\n<meta property=\"article:publisher\" content=\"https:\/\/www.facebook.com\/HysolvLtd\" \/>\n<meta property=\"article:modified_time\" content=\"2023-11-30T10:11:41+00:00\" \/>\n<meta name=\"twitter:card\" content=\"summary_large_image\" \/>\n<meta name=\"twitter:label1\" content=\"Gesch\u00e4tzte Lesezeit\" \/>\n\t<meta name=\"twitter:data1\" content=\"16\u00a0Minuten\" \/>\n<script type=\"application\/ld+json\" class=\"yoast-schema-graph\">{\"@context\":\"https:\\\/\\\/schema.org\",\"@graph\":[{\"@type\":\"WebPage\",\"@id\":\"https:\\\/\\\/hysolv.eu\\\/de\\\/geschaeftsbedingungen\",\"url\":\"https:\\\/\\\/hysolv.eu\\\/de\\\/geschaeftsbedingungen\",\"name\":\"Gesch\u00e4ftsbedingungen | Hysolv\",\"isPartOf\":{\"@id\":\"https:\\\/\\\/hysolv.eu\\\/de#website\"},\"datePublished\":\"2021-10-08T09:09:51+00:00\",\"dateModified\":\"2023-11-30T10:11:41+00:00\",\"breadcrumb\":{\"@id\":\"https:\\\/\\\/hysolv.eu\\\/de\\\/geschaeftsbedingungen#breadcrumb\"},\"inLanguage\":\"de\",\"potentialAction\":[{\"@type\":\"ReadAction\",\"target\":[\"https:\\\/\\\/hysolv.eu\\\/de\\\/geschaeftsbedingungen\"]}]},{\"@type\":\"BreadcrumbList\",\"@id\":\"https:\\\/\\\/hysolv.eu\\\/de\\\/geschaeftsbedingungen#breadcrumb\",\"itemListElement\":[{\"@type\":\"ListItem\",\"position\":1,\"name\":\"Home\",\"item\":\"https:\\\/\\\/hysolv.eu\\\/de\"},{\"@type\":\"ListItem\",\"position\":2,\"name\":\"Gesch\u00e4ftsbedingungen\"}]},{\"@type\":\"WebSite\",\"@id\":\"https:\\\/\\\/hysolv.eu\\\/de#website\",\"url\":\"https:\\\/\\\/hysolv.eu\\\/de\",\"name\":\"Hysolv\",\"description\":\"Supporting Animal Health &amp; Biosecurity\",\"publisher\":{\"@id\":\"https:\\\/\\\/hysolv.eu\\\/de#organization\"},\"potentialAction\":[{\"@type\":\"SearchAction\",\"target\":{\"@type\":\"EntryPoint\",\"urlTemplate\":\"https:\\\/\\\/hysolv.eu\\\/de?s={search_term_string}\"},\"query-input\":{\"@type\":\"PropertyValueSpecification\",\"valueRequired\":true,\"valueName\":\"search_term_string\"}}],\"inLanguage\":\"de\"},{\"@type\":\"Organization\",\"@id\":\"https:\\\/\\\/hysolv.eu\\\/de#organization\",\"name\":\"Hysolv GmbH\",\"url\":\"https:\\\/\\\/hysolv.eu\\\/de\",\"logo\":{\"@type\":\"ImageObject\",\"inLanguage\":\"de\",\"@id\":\"https:\\\/\\\/hysolv.eu\\\/de#\\\/schema\\\/logo\\\/image\\\/\",\"url\":\"https:\\\/\\\/hysolv.eu\\\/wp-content\\\/uploads\\\/LoginLogo-1.png\",\"contentUrl\":\"https:\\\/\\\/hysolv.eu\\\/wp-content\\\/uploads\\\/LoginLogo-1.png\",\"width\":480,\"height\":229,\"caption\":\"Hysolv GmbH\"},\"image\":{\"@id\":\"https:\\\/\\\/hysolv.eu\\\/de#\\\/schema\\\/logo\\\/image\\\/\"},\"sameAs\":[\"https:\\\/\\\/www.facebook.com\\\/HysolvLtd\",\"https:\\\/\\\/www.instagram.com\\\/hysolvlimited\\\/\",\"https:\\\/\\\/www.linkedin.com\\\/company\\\/hysolv-limited\\\/about\\\/\"]}]}<\/script>\n<!-- \/ Yoast SEO plugin. -->","yoast_head_json":{"title":"Gesch\u00e4ftsbedingungen | Hysolv","robots":{"index":"noindex","follow":"nofollow"},"og_locale":"de_DE","og_type":"article","og_title":"Gesch\u00e4ftsbedingungen | Hysolv","og_description":"gesch\u00e4ftsbedingungen Allgemeine Gesch\u00e4ftsbedingungen f\u00fcr Kunden GESCH\u00c4FTSBEDINGUNGEN DER HYSOLV GmbH (im Folgenden \u201eUnternehmen\u201c oder \u201eHysolv GmbH\u201c genannt) 1)&nbsp;Einf\u00fchrung a) Diese Allgemeinen Gesch\u00e4ftsbedingungen stellen die gesamte Vereinbarung zwischen dem Unternehmen und dem K\u00e4ufer dar. Das Unternehmen kann diese Gesch\u00e4ftsbedingungen von Zeit zu Zeit durch schriftliche Mitteilung an den K\u00e4ufer \u00e4ndern. b) Mit dem Eingang einer Bestellung (auch \u201eBestellung\u201c genannt) des K\u00e4ufers akzeptiert ... Read More","og_url":"https:\/\/hysolv.eu\/de\/geschaeftsbedingungen","og_site_name":"Hysolv","article_publisher":"https:\/\/www.facebook.com\/HysolvLtd","article_modified_time":"2023-11-30T10:11:41+00:00","twitter_card":"summary_large_image","twitter_misc":{"Gesch\u00e4tzte Lesezeit":"16\u00a0Minuten"},"schema":{"@context":"https:\/\/schema.org","@graph":[{"@type":"WebPage","@id":"https:\/\/hysolv.eu\/de\/geschaeftsbedingungen","url":"https:\/\/hysolv.eu\/de\/geschaeftsbedingungen","name":"Gesch\u00e4ftsbedingungen | Hysolv","isPartOf":{"@id":"https:\/\/hysolv.eu\/de#website"},"datePublished":"2021-10-08T09:09:51+00:00","dateModified":"2023-11-30T10:11:41+00:00","breadcrumb":{"@id":"https:\/\/hysolv.eu\/de\/geschaeftsbedingungen#breadcrumb"},"inLanguage":"de","potentialAction":[{"@type":"ReadAction","target":["https:\/\/hysolv.eu\/de\/geschaeftsbedingungen"]}]},{"@type":"BreadcrumbList","@id":"https:\/\/hysolv.eu\/de\/geschaeftsbedingungen#breadcrumb","itemListElement":[{"@type":"ListItem","position":1,"name":"Home","item":"https:\/\/hysolv.eu\/de"},{"@type":"ListItem","position":2,"name":"Gesch\u00e4ftsbedingungen"}]},{"@type":"WebSite","@id":"https:\/\/hysolv.eu\/de#website","url":"https:\/\/hysolv.eu\/de","name":"Hysolv","description":"Supporting Animal Health &amp; Biosecurity","publisher":{"@id":"https:\/\/hysolv.eu\/de#organization"},"potentialAction":[{"@type":"SearchAction","target":{"@type":"EntryPoint","urlTemplate":"https:\/\/hysolv.eu\/de?s={search_term_string}"},"query-input":{"@type":"PropertyValueSpecification","valueRequired":true,"valueName":"search_term_string"}}],"inLanguage":"de"},{"@type":"Organization","@id":"https:\/\/hysolv.eu\/de#organization","name":"Hysolv GmbH","url":"https:\/\/hysolv.eu\/de","logo":{"@type":"ImageObject","inLanguage":"de","@id":"https:\/\/hysolv.eu\/de#\/schema\/logo\/image\/","url":"https:\/\/hysolv.eu\/wp-content\/uploads\/LoginLogo-1.png","contentUrl":"https:\/\/hysolv.eu\/wp-content\/uploads\/LoginLogo-1.png","width":480,"height":229,"caption":"Hysolv GmbH"},"image":{"@id":"https:\/\/hysolv.eu\/de#\/schema\/logo\/image\/"},"sameAs":["https:\/\/www.facebook.com\/HysolvLtd","https:\/\/www.instagram.com\/hysolvlimited\/","https:\/\/www.linkedin.com\/company\/hysolv-limited\/about\/"]}]}},"_links":{"self":[{"href":"https:\/\/hysolv.eu\/de\/wp-json\/wp\/v2\/pages\/2225","targetHints":{"allow":["GET"]}}],"collection":[{"href":"https:\/\/hysolv.eu\/de\/wp-json\/wp\/v2\/pages"}],"about":[{"href":"https:\/\/hysolv.eu\/de\/wp-json\/wp\/v2\/types\/page"}],"author":[{"embeddable":true,"href":"https:\/\/hysolv.eu\/de\/wp-json\/wp\/v2\/users\/8"}],"replies":[{"embeddable":true,"href":"https:\/\/hysolv.eu\/de\/wp-json\/wp\/v2\/comments?post=2225"}],"version-history":[{"count":0,"href":"https:\/\/hysolv.eu\/de\/wp-json\/wp\/v2\/pages\/2225\/revisions"}],"wp:attachment":[{"href":"https:\/\/hysolv.eu\/de\/wp-json\/wp\/v2\/media?parent=2225"}],"curies":[{"name":"wp","href":"https:\/\/api.w.org\/{rel}","templated":true}]}}