{"id":3812,"date":"2026-01-16T03:42:49","date_gmt":"2026-01-16T02:42:49","guid":{"rendered":"https:\/\/hysolv.eu\/?page_id=3812"},"modified":"2026-04-06T06:18:22","modified_gmt":"2026-04-06T05:18:22","slug":"produkte","status":"publish","type":"page","link":"https:\/\/hysolv.eu\/de\/produkte","title":{"rendered":"Produkte"},"content":{"rendered":"<div id=\"cs-content\" class=\"cs-content\"><\/div>\n","protected":false},"excerpt":{"rendered":"<p>Leistungsstarke L\u00f6sungen F\u00fcr Tiergesundheit, Hygiene Und BiosicherheitHysolv bietet professionelle L\u00f6sungen f\u00fcr die Tiergesundheit, die darauf ausgerichtet sind, die Hygiene in landwirtschaftlichen Betrieben zu st\u00e4rken, den Erregerdruck zu reduzieren und eine sichere sowie effiziente Produktion in Tierhaltungssystemen und hygienesensiblen Umgebungen zu unterst\u00fctzen. Unser Portfolio vereint L\u00f6sungen f\u00fcr die Tierhygiene mit wissenschaftlich gepr\u00fcften Produkten in den Bereichen Desinfektion, Reinigung, Sch\u00e4dlingsbek\u00e4mpfung, Futtermittelhygiene und &#8230; <\/p>\n<div><a href=\"https:\/\/hysolv.eu\/de\/produkte\" class=\"more-link\">Read More<\/a><\/div>\n","protected":false},"author":9,"featured_media":0,"parent":0,"menu_order":100,"comment_status":"closed","ping_status":"closed","template":"template-blank-4.php","meta":{"footnotes":""},"class_list":["post-3812","page","type-page","status-publish","hentry","no-post-thumbnail"],"yoast_head":"<!-- This site is optimized with the Yoast SEO plugin v27.3 - https:\/\/yoast.com\/product\/yoast-seo-wordpress\/ -->\n<title>Tiergesundheitsprodukte f\u00fcr Stallhygiene &amp; Biosicherheit | Hysolv<\/title>\n<meta name=\"description\" content=\"Hochleistungs-Tiergesundheitsprodukte f\u00fcr Stallhygiene und Biosicherheit. L\u00f6sungen f\u00fcr Desinfektion, Reinigung, Sch\u00e4dlingsbek\u00e4mpfung, Futterhygiene und Lebensmittelsicherheit.\" \/>\n<meta name=\"robots\" content=\"index, follow, max-snippet:-1, max-image-preview:large, max-video-preview:-1\" \/>\n<link rel=\"canonical\" href=\"https:\/\/hysolv.eu\/de\/produkte\" \/>\n<meta property=\"og:locale\" content=\"de_DE\" \/>\n<meta property=\"og:type\" content=\"article\" \/>\n<meta property=\"og:title\" content=\"Tiergesundheitsprodukte f\u00fcr Stallhygiene &amp; Biosicherheit | Hysolv\" \/>\n<meta property=\"og:description\" content=\"Hochleistungs-Tiergesundheitsprodukte f\u00fcr Stallhygiene und Biosicherheit. L\u00f6sungen f\u00fcr Desinfektion, Reinigung, Sch\u00e4dlingsbek\u00e4mpfung, Futterhygiene und Lebensmittelsicherheit.\" \/>\n<meta property=\"og:url\" content=\"https:\/\/hysolv.eu\/de\/produkte\" \/>\n<meta property=\"og:site_name\" content=\"Hysolv\" \/>\n<meta property=\"article:publisher\" content=\"https:\/\/www.facebook.com\/HysolvLtd\" \/>\n<meta property=\"article:modified_time\" content=\"2026-04-06T05:18:22+00:00\" \/>\n<meta name=\"twitter:card\" content=\"summary_large_image\" \/>\n<meta name=\"twitter:label1\" content=\"Gesch\u00e4tzte Lesezeit\" \/>\n\t<meta name=\"twitter:data1\" content=\"7\u00a0Minuten\" \/>\n<script type=\"application\/ld+json\" class=\"yoast-schema-graph\">{\"@context\":\"https:\\\/\\\/schema.org\",\"@graph\":[{\"@type\":\"WebPage\",\"@id\":\"https:\\\/\\\/hysolv.eu\\\/de\\\/produkte\",\"url\":\"https:\\\/\\\/hysolv.eu\\\/de\\\/produkte\",\"name\":\"Tiergesundheitsprodukte f\u00fcr Stallhygiene & Biosicherheit | Hysolv\",\"isPartOf\":{\"@id\":\"https:\\\/\\\/hysolv.eu\\\/de#website\"},\"datePublished\":\"2026-01-16T02:42:49+00:00\",\"dateModified\":\"2026-04-06T05:18:22+00:00\",\"description\":\"Hochleistungs-Tiergesundheitsprodukte f\u00fcr Stallhygiene und Biosicherheit. L\u00f6sungen f\u00fcr Desinfektion, Reinigung, Sch\u00e4dlingsbek\u00e4mpfung, Futterhygiene und Lebensmittelsicherheit.\",\"breadcrumb\":{\"@id\":\"https:\\\/\\\/hysolv.eu\\\/de\\\/produkte#breadcrumb\"},\"inLanguage\":\"de\",\"potentialAction\":[{\"@type\":\"ReadAction\",\"target\":[\"https:\\\/\\\/hysolv.eu\\\/de\\\/produkte\"]}]},{\"@type\":\"BreadcrumbList\",\"@id\":\"https:\\\/\\\/hysolv.eu\\\/de\\\/produkte#breadcrumb\",\"itemListElement\":[{\"@type\":\"ListItem\",\"position\":1,\"name\":\"Home\",\"item\":\"https:\\\/\\\/hysolv.eu\\\/de\\\/home-2\"},{\"@type\":\"ListItem\",\"position\":2,\"name\":\"Produkte\"}]},{\"@type\":\"WebSite\",\"@id\":\"https:\\\/\\\/hysolv.eu\\\/de#website\",\"url\":\"https:\\\/\\\/hysolv.eu\\\/de\",\"name\":\"Hysolv\",\"description\":\"Supporting Animal Health &amp; Biosecurity\",\"publisher\":{\"@id\":\"https:\\\/\\\/hysolv.eu\\\/de#organization\"},\"potentialAction\":[{\"@type\":\"SearchAction\",\"target\":{\"@type\":\"EntryPoint\",\"urlTemplate\":\"https:\\\/\\\/hysolv.eu\\\/de?s={search_term_string}\"},\"query-input\":{\"@type\":\"PropertyValueSpecification\",\"valueRequired\":true,\"valueName\":\"search_term_string\"}}],\"inLanguage\":\"de\"},{\"@type\":\"Organization\",\"@id\":\"https:\\\/\\\/hysolv.eu\\\/de#organization\",\"name\":\"Hysolv GmbH\",\"url\":\"https:\\\/\\\/hysolv.eu\\\/de\",\"logo\":{\"@type\":\"ImageObject\",\"inLanguage\":\"de\",\"@id\":\"https:\\\/\\\/hysolv.eu\\\/de#\\\/schema\\\/logo\\\/image\\\/\",\"url\":\"https:\\\/\\\/hysolv.eu\\\/wp-content\\\/uploads\\\/LoginLogo-1.png\",\"contentUrl\":\"https:\\\/\\\/hysolv.eu\\\/wp-content\\\/uploads\\\/LoginLogo-1.png\",\"width\":480,\"height\":229,\"caption\":\"Hysolv GmbH\"},\"image\":{\"@id\":\"https:\\\/\\\/hysolv.eu\\\/de#\\\/schema\\\/logo\\\/image\\\/\"},\"sameAs\":[\"https:\\\/\\\/www.facebook.com\\\/HysolvLtd\",\"https:\\\/\\\/www.instagram.com\\\/hysolvlimited\\\/\",\"https:\\\/\\\/www.linkedin.com\\\/company\\\/hysolv-limited\\\/about\\\/\"]}]}<\/script>\n<!-- \/ Yoast SEO plugin. -->","yoast_head_json":{"title":"Tiergesundheitsprodukte f\u00fcr Stallhygiene & Biosicherheit | Hysolv","description":"Hochleistungs-Tiergesundheitsprodukte f\u00fcr Stallhygiene und Biosicherheit. L\u00f6sungen f\u00fcr Desinfektion, Reinigung, Sch\u00e4dlingsbek\u00e4mpfung, Futterhygiene und Lebensmittelsicherheit.","robots":{"index":"index","follow":"follow","max-snippet":"max-snippet:-1","max-image-preview":"max-image-preview:large","max-video-preview":"max-video-preview:-1"},"canonical":"https:\/\/hysolv.eu\/de\/produkte","og_locale":"de_DE","og_type":"article","og_title":"Tiergesundheitsprodukte f\u00fcr Stallhygiene & Biosicherheit | Hysolv","og_description":"Hochleistungs-Tiergesundheitsprodukte f\u00fcr Stallhygiene und Biosicherheit. L\u00f6sungen f\u00fcr Desinfektion, Reinigung, Sch\u00e4dlingsbek\u00e4mpfung, Futterhygiene und Lebensmittelsicherheit.","og_url":"https:\/\/hysolv.eu\/de\/produkte","og_site_name":"Hysolv","article_publisher":"https:\/\/www.facebook.com\/HysolvLtd","article_modified_time":"2026-04-06T05:18:22+00:00","twitter_card":"summary_large_image","twitter_misc":{"Gesch\u00e4tzte Lesezeit":"7\u00a0Minuten"},"schema":{"@context":"https:\/\/schema.org","@graph":[{"@type":"WebPage","@id":"https:\/\/hysolv.eu\/de\/produkte","url":"https:\/\/hysolv.eu\/de\/produkte","name":"Tiergesundheitsprodukte f\u00fcr Stallhygiene & Biosicherheit | Hysolv","isPartOf":{"@id":"https:\/\/hysolv.eu\/de#website"},"datePublished":"2026-01-16T02:42:49+00:00","dateModified":"2026-04-06T05:18:22+00:00","description":"Hochleistungs-Tiergesundheitsprodukte f\u00fcr Stallhygiene und Biosicherheit. L\u00f6sungen f\u00fcr Desinfektion, Reinigung, Sch\u00e4dlingsbek\u00e4mpfung, Futterhygiene und Lebensmittelsicherheit.","breadcrumb":{"@id":"https:\/\/hysolv.eu\/de\/produkte#breadcrumb"},"inLanguage":"de","potentialAction":[{"@type":"ReadAction","target":["https:\/\/hysolv.eu\/de\/produkte"]}]},{"@type":"BreadcrumbList","@id":"https:\/\/hysolv.eu\/de\/produkte#breadcrumb","itemListElement":[{"@type":"ListItem","position":1,"name":"Home","item":"https:\/\/hysolv.eu\/de\/home-2"},{"@type":"ListItem","position":2,"name":"Produkte"}]},{"@type":"WebSite","@id":"https:\/\/hysolv.eu\/de#website","url":"https:\/\/hysolv.eu\/de","name":"Hysolv","description":"Supporting Animal Health &amp; Biosecurity","publisher":{"@id":"https:\/\/hysolv.eu\/de#organization"},"potentialAction":[{"@type":"SearchAction","target":{"@type":"EntryPoint","urlTemplate":"https:\/\/hysolv.eu\/de?s={search_term_string}"},"query-input":{"@type":"PropertyValueSpecification","valueRequired":true,"valueName":"search_term_string"}}],"inLanguage":"de"},{"@type":"Organization","@id":"https:\/\/hysolv.eu\/de#organization","name":"Hysolv GmbH","url":"https:\/\/hysolv.eu\/de","logo":{"@type":"ImageObject","inLanguage":"de","@id":"https:\/\/hysolv.eu\/de#\/schema\/logo\/image\/","url":"https:\/\/hysolv.eu\/wp-content\/uploads\/LoginLogo-1.png","contentUrl":"https:\/\/hysolv.eu\/wp-content\/uploads\/LoginLogo-1.png","width":480,"height":229,"caption":"Hysolv GmbH"},"image":{"@id":"https:\/\/hysolv.eu\/de#\/schema\/logo\/image\/"},"sameAs":["https:\/\/www.facebook.com\/HysolvLtd","https:\/\/www.instagram.com\/hysolvlimited\/","https:\/\/www.linkedin.com\/company\/hysolv-limited\/about\/"]}]}},"_links":{"self":[{"href":"https:\/\/hysolv.eu\/de\/wp-json\/wp\/v2\/pages\/3812","targetHints":{"allow":["GET"]}}],"collection":[{"href":"https:\/\/hysolv.eu\/de\/wp-json\/wp\/v2\/pages"}],"about":[{"href":"https:\/\/hysolv.eu\/de\/wp-json\/wp\/v2\/types\/page"}],"author":[{"embeddable":true,"href":"https:\/\/hysolv.eu\/de\/wp-json\/wp\/v2\/users\/9"}],"replies":[{"embeddable":true,"href":"https:\/\/hysolv.eu\/de\/wp-json\/wp\/v2\/comments?post=3812"}],"version-history":[{"count":0,"href":"https:\/\/hysolv.eu\/de\/wp-json\/wp\/v2\/pages\/3812\/revisions"}],"wp:attachment":[{"href":"https:\/\/hysolv.eu\/de\/wp-json\/wp\/v2\/media?parent=3812"}],"curies":[{"name":"wp","href":"https:\/\/api.w.org\/{rel}","templated":true}]}}