{"id":4108,"date":"2026-02-06T06:52:28","date_gmt":"2026-02-06T05:52:28","guid":{"rendered":"https:\/\/hysolv.eu\/?page_id=4108"},"modified":"2026-04-07T15:17:16","modified_gmt":"2026-04-07T14:17:16","slug":"desinfektion","status":"publish","type":"page","link":"https:\/\/hysolv.eu\/de\/produkte\/desinfektion","title":{"rendered":"Desinfektion"},"content":{"rendered":"<div id=\"cs-content\" class=\"cs-content\"><\/div>\n","protected":false},"excerpt":{"rendered":"<p>Professionelle Desinfektions\u00admittel f\u00fcr zuverl\u00e4ssige Biosicherheit in der TierhaltungEine wirksame Desinfektion bildet die Grundlage einer robusten Biosicherheit in der Tierhaltung und verhindert die Ausbreitung von Krankheitserregern in Stallungen, Wassersystemen und Produktionsumgebungen. Hysolv bietet leistungsstarke, veterin\u00e4rmedizinische Desinfektionsl\u00f6sungen, die ein sicheres und wissenschaftlich fundiertes Hygienemanagement in modernen landwirtschaftlichen und tiermedizinischen Betrieben unterst\u00fctzen. Unsere Desinfektionsmittel wurden speziell f\u00fcr die komplexen Anforderungen der Tierhaltung entwickelt &#8230; <\/p>\n<div><a href=\"https:\/\/hysolv.eu\/de\/produkt\/interask\" class=\"more-link\">Read More<\/a><\/div>\n","protected":false},"author":9,"featured_media":0,"parent":3812,"menu_order":111,"comment_status":"closed","ping_status":"closed","template":"template-blank-4.php","meta":{"footnotes":""},"class_list":["post-4108","page","type-page","status-publish","hentry","no-post-thumbnail"],"yoast_head":"<!-- This site is optimized with the Yoast SEO plugin v27.4 - https:\/\/yoast.com\/product\/yoast-seo-wordpress\/ -->\n<title>Veterin\u00e4rdesinfektionsmittel f\u00fcr landwirtschaftliche Biosicherheit | Hysolv%<\/title>\n<meta name=\"description\" content=\"Professionelle Veterin\u00e4rdesinfektionsmittel f\u00fcr Tierst\u00e4lle, Wassersysteme, Ger\u00e4te und Bereiche mit hohem Biosicherheitsrisiko. Bew\u00e4hrte Desinfektionsl\u00f6sungen f\u00fcr eine zuverl\u00e4ssige Krankheitspr\u00e4vention in der Landwirtschaft.\" \/>\n<meta name=\"robots\" content=\"index, follow, max-snippet:-1, max-image-preview:large, max-video-preview:-1\" \/>\n<link rel=\"canonical\" href=\"https:\/\/hysolv.eu\/de\/produkte\/desinfektion\" \/>\n<meta property=\"og:locale\" content=\"de_DE\" \/>\n<meta property=\"og:type\" content=\"article\" \/>\n<meta property=\"og:title\" content=\"Veterin\u00e4rdesinfektionsmittel f\u00fcr landwirtschaftliche Biosicherheit | Hysolv%\" \/>\n<meta property=\"og:description\" content=\"Professionelle Veterin\u00e4rdesinfektionsmittel f\u00fcr Tierst\u00e4lle, Wassersysteme, Ger\u00e4te und Bereiche mit hohem Biosicherheitsrisiko. Bew\u00e4hrte Desinfektionsl\u00f6sungen f\u00fcr eine zuverl\u00e4ssige Krankheitspr\u00e4vention in der Landwirtschaft.\" \/>\n<meta property=\"og:url\" content=\"https:\/\/hysolv.eu\/de\/produkte\/desinfektion\" \/>\n<meta property=\"og:site_name\" content=\"Hysolv\" \/>\n<meta property=\"article:publisher\" content=\"https:\/\/www.facebook.com\/HysolvLtd\" \/>\n<meta property=\"article:modified_time\" content=\"2026-04-07T14:17:16+00:00\" \/>\n<meta name=\"twitter:card\" content=\"summary_large_image\" \/>\n<meta name=\"twitter:label1\" content=\"Gesch\u00e4tzte Lesezeit\" \/>\n\t<meta name=\"twitter:data1\" content=\"5\u00a0Minuten\" \/>\n<script type=\"application\/ld+json\" class=\"yoast-schema-graph\">{\"@context\":\"https:\\\/\\\/schema.org\",\"@graph\":[{\"@type\":\"WebPage\",\"@id\":\"https:\\\/\\\/hysolv.eu\\\/de\\\/produkte\\\/desinfektion\",\"url\":\"https:\\\/\\\/hysolv.eu\\\/de\\\/produkte\\\/desinfektion\",\"name\":\"Veterin\u00e4rdesinfektionsmittel f\u00fcr landwirtschaftliche Biosicherheit | Hysolv%\",\"isPartOf\":{\"@id\":\"https:\\\/\\\/hysolv.eu\\\/de#website\"},\"datePublished\":\"2026-02-06T05:52:28+00:00\",\"dateModified\":\"2026-04-07T14:17:16+00:00\",\"description\":\"Professionelle Veterin\u00e4rdesinfektionsmittel f\u00fcr Tierst\u00e4lle, Wassersysteme, Ger\u00e4te und Bereiche mit hohem Biosicherheitsrisiko. Bew\u00e4hrte Desinfektionsl\u00f6sungen f\u00fcr eine zuverl\u00e4ssige Krankheitspr\u00e4vention in der Landwirtschaft.\",\"breadcrumb\":{\"@id\":\"https:\\\/\\\/hysolv.eu\\\/de\\\/produkte\\\/desinfektion#breadcrumb\"},\"inLanguage\":\"de\",\"potentialAction\":[{\"@type\":\"ReadAction\",\"target\":[\"https:\\\/\\\/hysolv.eu\\\/de\\\/produkte\\\/desinfektion\"]}]},{\"@type\":\"BreadcrumbList\",\"@id\":\"https:\\\/\\\/hysolv.eu\\\/de\\\/produkte\\\/desinfektion#breadcrumb\",\"itemListElement\":[{\"@type\":\"ListItem\",\"position\":1,\"name\":\"Home\",\"item\":\"https:\\\/\\\/hysolv.eu\\\/de\"},{\"@type\":\"ListItem\",\"position\":2,\"name\":\"Produkte\",\"item\":\"https:\\\/\\\/hysolv.eu\\\/de\\\/produkte\"},{\"@type\":\"ListItem\",\"position\":3,\"name\":\"Desinfektion\"}]},{\"@type\":\"WebSite\",\"@id\":\"https:\\\/\\\/hysolv.eu\\\/de#website\",\"url\":\"https:\\\/\\\/hysolv.eu\\\/de\",\"name\":\"Hysolv\",\"description\":\"Supporting Animal Health &amp; Biosecurity\",\"publisher\":{\"@id\":\"https:\\\/\\\/hysolv.eu\\\/de#organization\"},\"potentialAction\":[{\"@type\":\"SearchAction\",\"target\":{\"@type\":\"EntryPoint\",\"urlTemplate\":\"https:\\\/\\\/hysolv.eu\\\/de?s={search_term_string}\"},\"query-input\":{\"@type\":\"PropertyValueSpecification\",\"valueRequired\":true,\"valueName\":\"search_term_string\"}}],\"inLanguage\":\"de\"},{\"@type\":\"Organization\",\"@id\":\"https:\\\/\\\/hysolv.eu\\\/de#organization\",\"name\":\"Hysolv GmbH\",\"url\":\"https:\\\/\\\/hysolv.eu\\\/de\",\"logo\":{\"@type\":\"ImageObject\",\"inLanguage\":\"de\",\"@id\":\"https:\\\/\\\/hysolv.eu\\\/de#\\\/schema\\\/logo\\\/image\\\/\",\"url\":\"https:\\\/\\\/hysolv.eu\\\/wp-content\\\/uploads\\\/LoginLogo-1.png\",\"contentUrl\":\"https:\\\/\\\/hysolv.eu\\\/wp-content\\\/uploads\\\/LoginLogo-1.png\",\"width\":480,\"height\":229,\"caption\":\"Hysolv GmbH\"},\"image\":{\"@id\":\"https:\\\/\\\/hysolv.eu\\\/de#\\\/schema\\\/logo\\\/image\\\/\"},\"sameAs\":[\"https:\\\/\\\/www.facebook.com\\\/HysolvLtd\",\"https:\\\/\\\/www.instagram.com\\\/hysolvlimited\\\/\",\"https:\\\/\\\/www.linkedin.com\\\/company\\\/hysolv-limited\\\/about\\\/\"]}]}<\/script>\n<!-- \/ Yoast SEO plugin. -->","yoast_head_json":{"title":"Veterin\u00e4rdesinfektionsmittel f\u00fcr landwirtschaftliche Biosicherheit | Hysolv%","description":"Professionelle Veterin\u00e4rdesinfektionsmittel f\u00fcr Tierst\u00e4lle, Wassersysteme, Ger\u00e4te und Bereiche mit hohem Biosicherheitsrisiko. Bew\u00e4hrte Desinfektionsl\u00f6sungen f\u00fcr eine zuverl\u00e4ssige Krankheitspr\u00e4vention in der Landwirtschaft.","robots":{"index":"index","follow":"follow","max-snippet":"max-snippet:-1","max-image-preview":"max-image-preview:large","max-video-preview":"max-video-preview:-1"},"canonical":"https:\/\/hysolv.eu\/de\/produkte\/desinfektion","og_locale":"de_DE","og_type":"article","og_title":"Veterin\u00e4rdesinfektionsmittel f\u00fcr landwirtschaftliche Biosicherheit | Hysolv%","og_description":"Professionelle Veterin\u00e4rdesinfektionsmittel f\u00fcr Tierst\u00e4lle, Wassersysteme, Ger\u00e4te und Bereiche mit hohem Biosicherheitsrisiko. Bew\u00e4hrte Desinfektionsl\u00f6sungen f\u00fcr eine zuverl\u00e4ssige Krankheitspr\u00e4vention in der Landwirtschaft.","og_url":"https:\/\/hysolv.eu\/de\/produkte\/desinfektion","og_site_name":"Hysolv","article_publisher":"https:\/\/www.facebook.com\/HysolvLtd","article_modified_time":"2026-04-07T14:17:16+00:00","twitter_card":"summary_large_image","twitter_misc":{"Gesch\u00e4tzte Lesezeit":"5\u00a0Minuten"},"schema":{"@context":"https:\/\/schema.org","@graph":[{"@type":"WebPage","@id":"https:\/\/hysolv.eu\/de\/produkte\/desinfektion","url":"https:\/\/hysolv.eu\/de\/produkte\/desinfektion","name":"Veterin\u00e4rdesinfektionsmittel f\u00fcr landwirtschaftliche Biosicherheit | Hysolv%","isPartOf":{"@id":"https:\/\/hysolv.eu\/de#website"},"datePublished":"2026-02-06T05:52:28+00:00","dateModified":"2026-04-07T14:17:16+00:00","description":"Professionelle Veterin\u00e4rdesinfektionsmittel f\u00fcr Tierst\u00e4lle, Wassersysteme, Ger\u00e4te und Bereiche mit hohem Biosicherheitsrisiko. Bew\u00e4hrte Desinfektionsl\u00f6sungen f\u00fcr eine zuverl\u00e4ssige Krankheitspr\u00e4vention in der Landwirtschaft.","breadcrumb":{"@id":"https:\/\/hysolv.eu\/de\/produkte\/desinfektion#breadcrumb"},"inLanguage":"de","potentialAction":[{"@type":"ReadAction","target":["https:\/\/hysolv.eu\/de\/produkte\/desinfektion"]}]},{"@type":"BreadcrumbList","@id":"https:\/\/hysolv.eu\/de\/produkte\/desinfektion#breadcrumb","itemListElement":[{"@type":"ListItem","position":1,"name":"Home","item":"https:\/\/hysolv.eu\/de"},{"@type":"ListItem","position":2,"name":"Produkte","item":"https:\/\/hysolv.eu\/de\/produkte"},{"@type":"ListItem","position":3,"name":"Desinfektion"}]},{"@type":"WebSite","@id":"https:\/\/hysolv.eu\/de#website","url":"https:\/\/hysolv.eu\/de","name":"Hysolv","description":"Supporting Animal Health &amp; Biosecurity","publisher":{"@id":"https:\/\/hysolv.eu\/de#organization"},"potentialAction":[{"@type":"SearchAction","target":{"@type":"EntryPoint","urlTemplate":"https:\/\/hysolv.eu\/de?s={search_term_string}"},"query-input":{"@type":"PropertyValueSpecification","valueRequired":true,"valueName":"search_term_string"}}],"inLanguage":"de"},{"@type":"Organization","@id":"https:\/\/hysolv.eu\/de#organization","name":"Hysolv GmbH","url":"https:\/\/hysolv.eu\/de","logo":{"@type":"ImageObject","inLanguage":"de","@id":"https:\/\/hysolv.eu\/de#\/schema\/logo\/image\/","url":"https:\/\/hysolv.eu\/wp-content\/uploads\/LoginLogo-1.png","contentUrl":"https:\/\/hysolv.eu\/wp-content\/uploads\/LoginLogo-1.png","width":480,"height":229,"caption":"Hysolv GmbH"},"image":{"@id":"https:\/\/hysolv.eu\/de#\/schema\/logo\/image\/"},"sameAs":["https:\/\/www.facebook.com\/HysolvLtd","https:\/\/www.instagram.com\/hysolvlimited\/","https:\/\/www.linkedin.com\/company\/hysolv-limited\/about\/"]}]}},"_links":{"self":[{"href":"https:\/\/hysolv.eu\/de\/wp-json\/wp\/v2\/pages\/4108","targetHints":{"allow":["GET"]}}],"collection":[{"href":"https:\/\/hysolv.eu\/de\/wp-json\/wp\/v2\/pages"}],"about":[{"href":"https:\/\/hysolv.eu\/de\/wp-json\/wp\/v2\/types\/page"}],"author":[{"embeddable":true,"href":"https:\/\/hysolv.eu\/de\/wp-json\/wp\/v2\/users\/9"}],"replies":[{"embeddable":true,"href":"https:\/\/hysolv.eu\/de\/wp-json\/wp\/v2\/comments?post=4108"}],"version-history":[{"count":5,"href":"https:\/\/hysolv.eu\/de\/wp-json\/wp\/v2\/pages\/4108\/revisions"}],"predecessor-version":[{"id":5728,"href":"https:\/\/hysolv.eu\/de\/wp-json\/wp\/v2\/pages\/4108\/revisions\/5728"}],"up":[{"embeddable":true,"href":"https:\/\/hysolv.eu\/de\/wp-json\/wp\/v2\/pages\/3812"}],"wp:attachment":[{"href":"https:\/\/hysolv.eu\/de\/wp-json\/wp\/v2\/media?parent=4108"}],"curies":[{"name":"wp","href":"https:\/\/api.w.org\/{rel}","templated":true}]}}