{"id":4134,"date":"2026-02-06T06:47:40","date_gmt":"2026-02-06T05:47:40","guid":{"rendered":"https:\/\/hysolv.eu\/?page_id=4134"},"modified":"2026-04-24T07:51:49","modified_gmt":"2026-04-24T06:51:49","slug":"produktkategorien","status":"publish","type":"page","link":"https:\/\/hysolv.eu\/de\/produktkategorien","title":{"rendered":"Nach Kategorie"},"content":{"rendered":"<div id=\"cs-content\" class=\"cs-content\"><\/div>\n","protected":false},"excerpt":{"rendered":"<p>Biosicherheits\u00adkate\u00adgorien in land\u00ad\u00adwirtschaft\u00ad\u00adlichen Betrieben f\u00fcr professionelle Tier\u00ad\u00adgesund\u00adheit und -sicherheit Effektive Biosicherheit in landwirtschaftlichen Betrieben ist unerl\u00e4sslich, um die Gesundheit des Viehbestands zu sch\u00fctzen, Krankheitsrisiken zu verringern und eine nachhaltige landwirtschaftliche Produktion zu gew\u00e4hrleisten. Hysolv bietet ein umfassendes Portfolio an L\u00f6sungen f\u00fcr Hygiene, Desinfektion, Sch\u00e4dlingsbek\u00e4mpfung, Futtermittelhygiene und Lebensmittelverarbeitung, die \u00fcbersichtlich nach Kategorien geordnet sind, um landwirtschaftlichen Betrieben und Unternehmen die Auswahl &#8230; <\/p>\n<div><a href=\"https:\/\/hysolv.eu\/de\/produktkategorien\" class=\"more-link\">Read More<\/a><\/div>\n","protected":false},"author":9,"featured_media":0,"parent":0,"menu_order":110,"comment_status":"closed","ping_status":"closed","template":"template-blank-4.php","meta":{"rs_blank_template":"","rs_page_bg_color":"","slide_template_v7":"","footnotes":""},"class_list":["post-4134","page","type-page","status-publish","hentry","no-post-thumbnail"],"yoast_head":"<!-- This site is optimized with the Yoast SEO plugin v27.5 - https:\/\/yoast.com\/product\/yoast-seo-wordpress\/ -->\n<title>Biosicherheitskategorien in der Landwirtschaft | Hygiene &amp; Krankheitsvorbeugung | Hysolv<\/title>\n<meta name=\"description\" content=\"Entdecken Sie die Biosicherheitskategorien von Hysolv, darunter Desinfektion, Reinigung, Sch\u00e4dlingsbek\u00e4mpfung, Futtermittelhygiene und Hygiene in der Lebensmittelverarbeitung. Strukturierte L\u00f6sungen f\u00fcr ein professionelles Tiergesundheits- und Hygienemanagement.\" \/>\n<meta name=\"robots\" content=\"index, follow, max-snippet:-1, max-image-preview:large, max-video-preview:-1\" \/>\n<link rel=\"canonical\" href=\"https:\/\/hysolv.eu\/de\/produktkategorien\" \/>\n<meta property=\"og:locale\" content=\"de_DE\" \/>\n<meta property=\"og:type\" content=\"article\" \/>\n<meta property=\"og:title\" content=\"Biosicherheitskategorien in der Landwirtschaft | Hygiene &amp; Krankheitsvorbeugung | Hysolv\" \/>\n<meta property=\"og:description\" content=\"Entdecken Sie die Biosicherheitskategorien von Hysolv, darunter Desinfektion, Reinigung, Sch\u00e4dlingsbek\u00e4mpfung, Futtermittelhygiene und Hygiene in der Lebensmittelverarbeitung. Strukturierte L\u00f6sungen f\u00fcr ein professionelles Tiergesundheits- und Hygienemanagement.\" \/>\n<meta property=\"og:url\" content=\"https:\/\/hysolv.eu\/de\/produktkategorien\" \/>\n<meta property=\"og:site_name\" content=\"Hysolv\" \/>\n<meta property=\"article:publisher\" content=\"https:\/\/www.facebook.com\/HysolvLtd\" \/>\n<meta property=\"article:modified_time\" content=\"2026-04-24T06:51:49+00:00\" \/>\n<meta name=\"twitter:card\" content=\"summary_large_image\" \/>\n<meta name=\"twitter:label1\" content=\"Gesch\u00e4tzte Lesezeit\" \/>\n\t<meta name=\"twitter:data1\" content=\"5\u00a0Minuten\" \/>\n<script type=\"application\/ld+json\" class=\"yoast-schema-graph\">{\"@context\":\"https:\\\/\\\/schema.org\",\"@graph\":[{\"@type\":\"WebPage\",\"@id\":\"https:\\\/\\\/hysolv.eu\\\/de\\\/produktkategorien\",\"url\":\"https:\\\/\\\/hysolv.eu\\\/de\\\/produktkategorien\",\"name\":\"Biosicherheitskategorien in der Landwirtschaft | Hygiene & Krankheitsvorbeugung | Hysolv\",\"isPartOf\":{\"@id\":\"https:\\\/\\\/hysolv.eu\\\/de#website\"},\"datePublished\":\"2026-02-06T05:47:40+00:00\",\"dateModified\":\"2026-04-24T06:51:49+00:00\",\"description\":\"Entdecken Sie die Biosicherheitskategorien von Hysolv, darunter Desinfektion, Reinigung, Sch\u00e4dlingsbek\u00e4mpfung, Futtermittelhygiene und Hygiene in der Lebensmittelverarbeitung. Strukturierte L\u00f6sungen f\u00fcr ein professionelles Tiergesundheits- und Hygienemanagement.\",\"breadcrumb\":{\"@id\":\"https:\\\/\\\/hysolv.eu\\\/de\\\/produktkategorien#breadcrumb\"},\"inLanguage\":\"de\",\"potentialAction\":[{\"@type\":\"ReadAction\",\"target\":[\"https:\\\/\\\/hysolv.eu\\\/de\\\/produktkategorien\"]}]},{\"@type\":\"BreadcrumbList\",\"@id\":\"https:\\\/\\\/hysolv.eu\\\/de\\\/produktkategorien#breadcrumb\",\"itemListElement\":[{\"@type\":\"ListItem\",\"position\":1,\"name\":\"Home\",\"item\":\"https:\\\/\\\/hysolv.eu\\\/de\"},{\"@type\":\"ListItem\",\"position\":2,\"name\":\"Nach Kategorie\"}]},{\"@type\":\"WebSite\",\"@id\":\"https:\\\/\\\/hysolv.eu\\\/de#website\",\"url\":\"https:\\\/\\\/hysolv.eu\\\/de\",\"name\":\"Hysolv\",\"description\":\"Supporting Animal Health &amp; Biosecurity\",\"publisher\":{\"@id\":\"https:\\\/\\\/hysolv.eu\\\/de#organization\"},\"potentialAction\":[{\"@type\":\"SearchAction\",\"target\":{\"@type\":\"EntryPoint\",\"urlTemplate\":\"https:\\\/\\\/hysolv.eu\\\/de?s={search_term_string}\"},\"query-input\":{\"@type\":\"PropertyValueSpecification\",\"valueRequired\":true,\"valueName\":\"search_term_string\"}}],\"inLanguage\":\"de\"},{\"@type\":\"Organization\",\"@id\":\"https:\\\/\\\/hysolv.eu\\\/de#organization\",\"name\":\"Hysolv GmbH\",\"url\":\"https:\\\/\\\/hysolv.eu\\\/de\",\"logo\":{\"@type\":\"ImageObject\",\"inLanguage\":\"de\",\"@id\":\"https:\\\/\\\/hysolv.eu\\\/de#\\\/schema\\\/logo\\\/image\\\/\",\"url\":\"https:\\\/\\\/hysolv.eu\\\/wp-content\\\/uploads\\\/LoginLogo-1.png\",\"contentUrl\":\"https:\\\/\\\/hysolv.eu\\\/wp-content\\\/uploads\\\/LoginLogo-1.png\",\"width\":480,\"height\":229,\"caption\":\"Hysolv GmbH\"},\"image\":{\"@id\":\"https:\\\/\\\/hysolv.eu\\\/de#\\\/schema\\\/logo\\\/image\\\/\"},\"sameAs\":[\"https:\\\/\\\/www.facebook.com\\\/HysolvLtd\",\"https:\\\/\\\/www.instagram.com\\\/hysolvlimited\\\/\",\"https:\\\/\\\/www.linkedin.com\\\/company\\\/hysolv-limited\\\/about\\\/\"]}]}<\/script>\n<!-- \/ Yoast SEO plugin. -->","yoast_head_json":{"title":"Biosicherheitskategorien in der Landwirtschaft | Hygiene & Krankheitsvorbeugung | Hysolv","description":"Entdecken Sie die Biosicherheitskategorien von Hysolv, darunter Desinfektion, Reinigung, Sch\u00e4dlingsbek\u00e4mpfung, Futtermittelhygiene und Hygiene in der Lebensmittelverarbeitung. Strukturierte L\u00f6sungen f\u00fcr ein professionelles Tiergesundheits- und Hygienemanagement.","robots":{"index":"index","follow":"follow","max-snippet":"max-snippet:-1","max-image-preview":"max-image-preview:large","max-video-preview":"max-video-preview:-1"},"canonical":"https:\/\/hysolv.eu\/de\/produktkategorien","og_locale":"de_DE","og_type":"article","og_title":"Biosicherheitskategorien in der Landwirtschaft | Hygiene & Krankheitsvorbeugung | Hysolv","og_description":"Entdecken Sie die Biosicherheitskategorien von Hysolv, darunter Desinfektion, Reinigung, Sch\u00e4dlingsbek\u00e4mpfung, Futtermittelhygiene und Hygiene in der Lebensmittelverarbeitung. Strukturierte L\u00f6sungen f\u00fcr ein professionelles Tiergesundheits- und Hygienemanagement.","og_url":"https:\/\/hysolv.eu\/de\/produktkategorien","og_site_name":"Hysolv","article_publisher":"https:\/\/www.facebook.com\/HysolvLtd","article_modified_time":"2026-04-24T06:51:49+00:00","twitter_card":"summary_large_image","twitter_misc":{"Gesch\u00e4tzte Lesezeit":"5\u00a0Minuten"},"schema":{"@context":"https:\/\/schema.org","@graph":[{"@type":"WebPage","@id":"https:\/\/hysolv.eu\/de\/produktkategorien","url":"https:\/\/hysolv.eu\/de\/produktkategorien","name":"Biosicherheitskategorien in der Landwirtschaft | Hygiene & Krankheitsvorbeugung | Hysolv","isPartOf":{"@id":"https:\/\/hysolv.eu\/de#website"},"datePublished":"2026-02-06T05:47:40+00:00","dateModified":"2026-04-24T06:51:49+00:00","description":"Entdecken Sie die Biosicherheitskategorien von Hysolv, darunter Desinfektion, Reinigung, Sch\u00e4dlingsbek\u00e4mpfung, Futtermittelhygiene und Hygiene in der Lebensmittelverarbeitung. Strukturierte L\u00f6sungen f\u00fcr ein professionelles Tiergesundheits- und Hygienemanagement.","breadcrumb":{"@id":"https:\/\/hysolv.eu\/de\/produktkategorien#breadcrumb"},"inLanguage":"de","potentialAction":[{"@type":"ReadAction","target":["https:\/\/hysolv.eu\/de\/produktkategorien"]}]},{"@type":"BreadcrumbList","@id":"https:\/\/hysolv.eu\/de\/produktkategorien#breadcrumb","itemListElement":[{"@type":"ListItem","position":1,"name":"Home","item":"https:\/\/hysolv.eu\/de"},{"@type":"ListItem","position":2,"name":"Nach Kategorie"}]},{"@type":"WebSite","@id":"https:\/\/hysolv.eu\/de#website","url":"https:\/\/hysolv.eu\/de","name":"Hysolv","description":"Supporting Animal Health &amp; Biosecurity","publisher":{"@id":"https:\/\/hysolv.eu\/de#organization"},"potentialAction":[{"@type":"SearchAction","target":{"@type":"EntryPoint","urlTemplate":"https:\/\/hysolv.eu\/de?s={search_term_string}"},"query-input":{"@type":"PropertyValueSpecification","valueRequired":true,"valueName":"search_term_string"}}],"inLanguage":"de"},{"@type":"Organization","@id":"https:\/\/hysolv.eu\/de#organization","name":"Hysolv GmbH","url":"https:\/\/hysolv.eu\/de","logo":{"@type":"ImageObject","inLanguage":"de","@id":"https:\/\/hysolv.eu\/de#\/schema\/logo\/image\/","url":"https:\/\/hysolv.eu\/wp-content\/uploads\/LoginLogo-1.png","contentUrl":"https:\/\/hysolv.eu\/wp-content\/uploads\/LoginLogo-1.png","width":480,"height":229,"caption":"Hysolv GmbH"},"image":{"@id":"https:\/\/hysolv.eu\/de#\/schema\/logo\/image\/"},"sameAs":["https:\/\/www.facebook.com\/HysolvLtd","https:\/\/www.instagram.com\/hysolvlimited\/","https:\/\/www.linkedin.com\/company\/hysolv-limited\/about\/"]}]}},"_links":{"self":[{"href":"https:\/\/hysolv.eu\/de\/wp-json\/wp\/v2\/pages\/4134","targetHints":{"allow":["GET"]}}],"collection":[{"href":"https:\/\/hysolv.eu\/de\/wp-json\/wp\/v2\/pages"}],"about":[{"href":"https:\/\/hysolv.eu\/de\/wp-json\/wp\/v2\/types\/page"}],"author":[{"embeddable":true,"href":"https:\/\/hysolv.eu\/de\/wp-json\/wp\/v2\/users\/9"}],"replies":[{"embeddable":true,"href":"https:\/\/hysolv.eu\/de\/wp-json\/wp\/v2\/comments?post=4134"}],"version-history":[{"count":1,"href":"https:\/\/hysolv.eu\/de\/wp-json\/wp\/v2\/pages\/4134\/revisions"}],"predecessor-version":[{"id":6913,"href":"https:\/\/hysolv.eu\/de\/wp-json\/wp\/v2\/pages\/4134\/revisions\/6913"}],"wp:attachment":[{"href":"https:\/\/hysolv.eu\/de\/wp-json\/wp\/v2\/media?parent=4134"}],"curies":[{"name":"wp","href":"https:\/\/api.w.org\/{rel}","templated":true}]}}