{"id":4197,"date":"2026-02-06T06:55:54","date_gmt":"2026-02-06T05:55:54","guid":{"rendered":"https:\/\/hysolv.eu\/?page_id=4197"},"modified":"2026-04-24T08:55:28","modified_gmt":"2026-04-24T07:55:28","slug":"futtermittel","status":"publish","type":"page","link":"https:\/\/hysolv.eu\/de\/produkte\/futtermittel","title":{"rendered":"Futtermittel\u00adhygiene &amp; Zusatzstoffe"},"content":{"rendered":"<div id=\"cs-content\" class=\"cs-content\"><\/div>\n","protected":false},"excerpt":{"rendered":"<p>L\u00f6sungen f\u00fcr die Futtermittelhygiene f\u00fcr ein sicheres, sauberes und hochwertiges Tierfutter Eine wirksame Futtermittelhygiene ist eine zentrale Voraussetzung f\u00fcr Tiergesundheit, betriebliche Leistungsf\u00e4higkeit und eine stabile Biosicherheit.Sauberes und kontrolliert eingesetztes Futter reduziert mikrobielle Risiken, unterst\u00fctzt die Darmgesundheit und tr\u00e4gt zu einer konstanten Produktionsleistung in modernen Tierhaltungssystemen bei. Hysolv bietet professionelle Futtermittelhygienel\u00f6sungen, die darauf ausgelegt sind, die Futterqualit\u00e4t zu sichern, Kontaminationsrisiken zu &#8230; <\/p>\n<div><a href=\"https:\/\/hysolv.eu\/de\/produkt\/alquernat-zycox\" class=\"more-link\">Read More<\/a><\/div>\n","protected":false},"author":9,"featured_media":0,"parent":3812,"menu_order":114,"comment_status":"closed","ping_status":"closed","template":"template-blank-4.php","meta":{"rs_blank_template":"","rs_page_bg_color":"","slide_template_v7":"","footnotes":""},"class_list":["post-4197","page","type-page","status-publish","hentry","no-post-thumbnail"],"yoast_head":"<!-- This site is optimized with the Yoast SEO plugin v27.5 - https:\/\/yoast.com\/product\/yoast-seo-wordpress\/ -->\n<title>Futtermittelhygiene &amp; Zusatzstoffe f\u00fcr die Tiergesundheit | Hysolv<\/title>\n<meta name=\"description\" content=\"Professionelle L\u00f6sungen f\u00fcr Futtermittelhygiene und Zusatzstoffe zur Unterst\u00fctzung der Darmgesundheit, sicheren Tierern\u00e4hrung und Biosicherheit in modernen Nutztierbetrieben.\" \/>\n<meta name=\"robots\" content=\"index, follow, max-snippet:-1, max-image-preview:large, max-video-preview:-1\" \/>\n<link rel=\"canonical\" href=\"https:\/\/hysolv.eu\/de\/produkte\/futtermittel\" \/>\n<meta property=\"og:locale\" content=\"de_DE\" \/>\n<meta property=\"og:type\" content=\"article\" \/>\n<meta property=\"og:title\" content=\"Futtermittelhygiene &amp; Zusatzstoffe f\u00fcr die Tiergesundheit | Hysolv\" \/>\n<meta property=\"og:description\" content=\"Professionelle L\u00f6sungen f\u00fcr Futtermittelhygiene und Zusatzstoffe zur Unterst\u00fctzung der Darmgesundheit, sicheren Tierern\u00e4hrung und Biosicherheit in modernen Nutztierbetrieben.\" \/>\n<meta property=\"og:url\" content=\"https:\/\/hysolv.eu\/de\/produkte\/futtermittel\" \/>\n<meta property=\"og:site_name\" content=\"Hysolv\" \/>\n<meta property=\"article:publisher\" content=\"https:\/\/www.facebook.com\/HysolvLtd\" \/>\n<meta property=\"article:modified_time\" content=\"2026-04-24T07:55:28+00:00\" \/>\n<meta name=\"twitter:card\" content=\"summary_large_image\" \/>\n<meta name=\"twitter:label1\" content=\"Gesch\u00e4tzte Lesezeit\" \/>\n\t<meta name=\"twitter:data1\" content=\"5\u00a0Minuten\" \/>\n<script type=\"application\/ld+json\" class=\"yoast-schema-graph\">{\"@context\":\"https:\\\/\\\/schema.org\",\"@graph\":[{\"@type\":\"WebPage\",\"@id\":\"https:\\\/\\\/hysolv.eu\\\/de\\\/produkte\\\/futtermittel\",\"url\":\"https:\\\/\\\/hysolv.eu\\\/de\\\/produkte\\\/futtermittel\",\"name\":\"Futtermittelhygiene & Zusatzstoffe f\u00fcr die Tiergesundheit | Hysolv\",\"isPartOf\":{\"@id\":\"https:\\\/\\\/hysolv.eu\\\/de#website\"},\"datePublished\":\"2026-02-06T05:55:54+00:00\",\"dateModified\":\"2026-04-24T07:55:28+00:00\",\"description\":\"Professionelle L\u00f6sungen f\u00fcr Futtermittelhygiene und Zusatzstoffe zur Unterst\u00fctzung der Darmgesundheit, sicheren Tierern\u00e4hrung und Biosicherheit in modernen Nutztierbetrieben.\",\"breadcrumb\":{\"@id\":\"https:\\\/\\\/hysolv.eu\\\/de\\\/produkte\\\/futtermittel#breadcrumb\"},\"inLanguage\":\"de\",\"potentialAction\":[{\"@type\":\"ReadAction\",\"target\":[\"https:\\\/\\\/hysolv.eu\\\/de\\\/produkte\\\/futtermittel\"]}]},{\"@type\":\"BreadcrumbList\",\"@id\":\"https:\\\/\\\/hysolv.eu\\\/de\\\/produkte\\\/futtermittel#breadcrumb\",\"itemListElement\":[{\"@type\":\"ListItem\",\"position\":1,\"name\":\"Home\",\"item\":\"https:\\\/\\\/hysolv.eu\\\/de\"},{\"@type\":\"ListItem\",\"position\":2,\"name\":\"Produkte\",\"item\":\"https:\\\/\\\/hysolv.eu\\\/de\\\/produkte\"},{\"@type\":\"ListItem\",\"position\":3,\"name\":\"Futtermittel\u00adhygiene &amp; Zusatzstoffe\"}]},{\"@type\":\"WebSite\",\"@id\":\"https:\\\/\\\/hysolv.eu\\\/de#website\",\"url\":\"https:\\\/\\\/hysolv.eu\\\/de\",\"name\":\"Hysolv\",\"description\":\"Supporting Animal Health &amp; Biosecurity\",\"publisher\":{\"@id\":\"https:\\\/\\\/hysolv.eu\\\/de#organization\"},\"potentialAction\":[{\"@type\":\"SearchAction\",\"target\":{\"@type\":\"EntryPoint\",\"urlTemplate\":\"https:\\\/\\\/hysolv.eu\\\/de?s={search_term_string}\"},\"query-input\":{\"@type\":\"PropertyValueSpecification\",\"valueRequired\":true,\"valueName\":\"search_term_string\"}}],\"inLanguage\":\"de\"},{\"@type\":\"Organization\",\"@id\":\"https:\\\/\\\/hysolv.eu\\\/de#organization\",\"name\":\"Hysolv GmbH\",\"url\":\"https:\\\/\\\/hysolv.eu\\\/de\",\"logo\":{\"@type\":\"ImageObject\",\"inLanguage\":\"de\",\"@id\":\"https:\\\/\\\/hysolv.eu\\\/de#\\\/schema\\\/logo\\\/image\\\/\",\"url\":\"https:\\\/\\\/hysolv.eu\\\/wp-content\\\/uploads\\\/LoginLogo-1.png\",\"contentUrl\":\"https:\\\/\\\/hysolv.eu\\\/wp-content\\\/uploads\\\/LoginLogo-1.png\",\"width\":480,\"height\":229,\"caption\":\"Hysolv GmbH\"},\"image\":{\"@id\":\"https:\\\/\\\/hysolv.eu\\\/de#\\\/schema\\\/logo\\\/image\\\/\"},\"sameAs\":[\"https:\\\/\\\/www.facebook.com\\\/HysolvLtd\",\"https:\\\/\\\/www.instagram.com\\\/hysolvlimited\\\/\",\"https:\\\/\\\/www.linkedin.com\\\/company\\\/hysolv-limited\\\/about\\\/\"]}]}<\/script>\n<!-- \/ Yoast SEO plugin. -->","yoast_head_json":{"title":"Futtermittelhygiene & Zusatzstoffe f\u00fcr die Tiergesundheit | Hysolv","description":"Professionelle L\u00f6sungen f\u00fcr Futtermittelhygiene und Zusatzstoffe zur Unterst\u00fctzung der Darmgesundheit, sicheren Tierern\u00e4hrung und Biosicherheit in modernen Nutztierbetrieben.","robots":{"index":"index","follow":"follow","max-snippet":"max-snippet:-1","max-image-preview":"max-image-preview:large","max-video-preview":"max-video-preview:-1"},"canonical":"https:\/\/hysolv.eu\/de\/produkte\/futtermittel","og_locale":"de_DE","og_type":"article","og_title":"Futtermittelhygiene & Zusatzstoffe f\u00fcr die Tiergesundheit | Hysolv","og_description":"Professionelle L\u00f6sungen f\u00fcr Futtermittelhygiene und Zusatzstoffe zur Unterst\u00fctzung der Darmgesundheit, sicheren Tierern\u00e4hrung und Biosicherheit in modernen Nutztierbetrieben.","og_url":"https:\/\/hysolv.eu\/de\/produkte\/futtermittel","og_site_name":"Hysolv","article_publisher":"https:\/\/www.facebook.com\/HysolvLtd","article_modified_time":"2026-04-24T07:55:28+00:00","twitter_card":"summary_large_image","twitter_misc":{"Gesch\u00e4tzte Lesezeit":"5\u00a0Minuten"},"schema":{"@context":"https:\/\/schema.org","@graph":[{"@type":"WebPage","@id":"https:\/\/hysolv.eu\/de\/produkte\/futtermittel","url":"https:\/\/hysolv.eu\/de\/produkte\/futtermittel","name":"Futtermittelhygiene & Zusatzstoffe f\u00fcr die Tiergesundheit | Hysolv","isPartOf":{"@id":"https:\/\/hysolv.eu\/de#website"},"datePublished":"2026-02-06T05:55:54+00:00","dateModified":"2026-04-24T07:55:28+00:00","description":"Professionelle L\u00f6sungen f\u00fcr Futtermittelhygiene und Zusatzstoffe zur Unterst\u00fctzung der Darmgesundheit, sicheren Tierern\u00e4hrung und Biosicherheit in modernen Nutztierbetrieben.","breadcrumb":{"@id":"https:\/\/hysolv.eu\/de\/produkte\/futtermittel#breadcrumb"},"inLanguage":"de","potentialAction":[{"@type":"ReadAction","target":["https:\/\/hysolv.eu\/de\/produkte\/futtermittel"]}]},{"@type":"BreadcrumbList","@id":"https:\/\/hysolv.eu\/de\/produkte\/futtermittel#breadcrumb","itemListElement":[{"@type":"ListItem","position":1,"name":"Home","item":"https:\/\/hysolv.eu\/de"},{"@type":"ListItem","position":2,"name":"Produkte","item":"https:\/\/hysolv.eu\/de\/produkte"},{"@type":"ListItem","position":3,"name":"Futtermittel\u00adhygiene &amp; Zusatzstoffe"}]},{"@type":"WebSite","@id":"https:\/\/hysolv.eu\/de#website","url":"https:\/\/hysolv.eu\/de","name":"Hysolv","description":"Supporting Animal Health &amp; Biosecurity","publisher":{"@id":"https:\/\/hysolv.eu\/de#organization"},"potentialAction":[{"@type":"SearchAction","target":{"@type":"EntryPoint","urlTemplate":"https:\/\/hysolv.eu\/de?s={search_term_string}"},"query-input":{"@type":"PropertyValueSpecification","valueRequired":true,"valueName":"search_term_string"}}],"inLanguage":"de"},{"@type":"Organization","@id":"https:\/\/hysolv.eu\/de#organization","name":"Hysolv GmbH","url":"https:\/\/hysolv.eu\/de","logo":{"@type":"ImageObject","inLanguage":"de","@id":"https:\/\/hysolv.eu\/de#\/schema\/logo\/image\/","url":"https:\/\/hysolv.eu\/wp-content\/uploads\/LoginLogo-1.png","contentUrl":"https:\/\/hysolv.eu\/wp-content\/uploads\/LoginLogo-1.png","width":480,"height":229,"caption":"Hysolv GmbH"},"image":{"@id":"https:\/\/hysolv.eu\/de#\/schema\/logo\/image\/"},"sameAs":["https:\/\/www.facebook.com\/HysolvLtd","https:\/\/www.instagram.com\/hysolvlimited\/","https:\/\/www.linkedin.com\/company\/hysolv-limited\/about\/"]}]}},"_links":{"self":[{"href":"https:\/\/hysolv.eu\/de\/wp-json\/wp\/v2\/pages\/4197","targetHints":{"allow":["GET"]}}],"collection":[{"href":"https:\/\/hysolv.eu\/de\/wp-json\/wp\/v2\/pages"}],"about":[{"href":"https:\/\/hysolv.eu\/de\/wp-json\/wp\/v2\/types\/page"}],"author":[{"embeddable":true,"href":"https:\/\/hysolv.eu\/de\/wp-json\/wp\/v2\/users\/9"}],"replies":[{"embeddable":true,"href":"https:\/\/hysolv.eu\/de\/wp-json\/wp\/v2\/comments?post=4197"}],"version-history":[{"count":1,"href":"https:\/\/hysolv.eu\/de\/wp-json\/wp\/v2\/pages\/4197\/revisions"}],"predecessor-version":[{"id":6962,"href":"https:\/\/hysolv.eu\/de\/wp-json\/wp\/v2\/pages\/4197\/revisions\/6962"}],"up":[{"embeddable":true,"href":"https:\/\/hysolv.eu\/de\/wp-json\/wp\/v2\/pages\/3812"}],"wp:attachment":[{"href":"https:\/\/hysolv.eu\/de\/wp-json\/wp\/v2\/media?parent=4197"}],"curies":[{"name":"wp","href":"https:\/\/api.w.org\/{rel}","templated":true}]}}