{"id":4219,"date":"2026-02-06T06:54:46","date_gmt":"2026-02-06T05:54:46","guid":{"rendered":"https:\/\/hysolv.eu\/?page_id=4219"},"modified":"2026-03-31T14:24:16","modified_gmt":"2026-03-31T13:24:16","slug":"schaedlingsbekaempfung","status":"publish","type":"page","link":"https:\/\/hysolv.eu\/de\/produkte\/schaedlingsbekaempfung","title":{"rendered":"Sch\u00e4dlingsbek\u00e4mpfung"},"content":{"rendered":"<div id=\"cs-content\" class=\"cs-content\"><\/div>\n","protected":false},"excerpt":{"rendered":"<p>Professionelle Sch\u00e4dlingsbek\u00e4mpfungsmittel f\u00fcr Biosicherheit und TiergesundheitEine wirksame Sch\u00e4dlingsbek\u00e4mpfung ist ein zentraler Bestandteil moderner landwirtschaftlicher Praxis. Sie sch\u00fctzt die Tiergesundheit, sichert die Produktivit\u00e4t und tr\u00e4gt wesentlich zu einer stabilen Biosicherheit bei.Sch\u00e4dlinge und Parasiten k\u00f6nnen Krankheitserreger \u00fcbertragen, Stress verursachen und die Hygienestandards in Tierhaltungs- und Gefl\u00fcgelbetrieben erheblich beeintr\u00e4chtigen. Hysolv bietet professionelle Sch\u00e4dlingsbek\u00e4mpfungsl\u00f6sungen, die speziell f\u00fcr landwirtschaftliche Umgebungen entwickelt wurden. Sie unterst\u00fctzen die &#8230; <\/p>\n<div><a href=\"https:\/\/hysolv.eu\/de\/produkt\/interkokask\" class=\"more-link\">Read More<\/a><\/div>\n","protected":false},"author":9,"featured_media":0,"parent":3812,"menu_order":113,"comment_status":"closed","ping_status":"closed","template":"template-blank-4.php","meta":{"footnotes":""},"class_list":["post-4219","page","type-page","status-publish","hentry","no-post-thumbnail"],"yoast_head":"<!-- This site is optimized with the Yoast SEO plugin v27.3 - https:\/\/yoast.com\/product\/yoast-seo-wordpress\/ -->\n<title>Professionelle Sch\u00e4dlingsbek\u00e4mpfung f\u00fcr die Landwirtschaft | Hysolv%<\/title>\n<meta name=\"description\" content=\"Professionelle L\u00f6sungen zur Sch\u00e4dlingsbek\u00e4mpfung in der Landwirtschaft f\u00fcr Gefl\u00fcgel-, Rinder- und Nutztierbetriebe. Effektive Kontrolle von roten Milben, Fliegen, Parasiten und Nagetieren zur Unterst\u00fctzung von Biosicherheit und Tiergesundheit.\" \/>\n<meta name=\"robots\" content=\"index, follow, max-snippet:-1, max-image-preview:large, max-video-preview:-1\" \/>\n<link rel=\"canonical\" href=\"https:\/\/hysolv.eu\/de\/produkte\/schaedlingsbekaempfung\" \/>\n<meta property=\"og:locale\" content=\"de_DE\" \/>\n<meta property=\"og:type\" content=\"article\" \/>\n<meta property=\"og:title\" content=\"Professionelle Sch\u00e4dlingsbek\u00e4mpfung f\u00fcr die Landwirtschaft | Hysolv%\" \/>\n<meta property=\"og:description\" content=\"Professionelle L\u00f6sungen zur Sch\u00e4dlingsbek\u00e4mpfung in der Landwirtschaft f\u00fcr Gefl\u00fcgel-, Rinder- und Nutztierbetriebe. Effektive Kontrolle von roten Milben, Fliegen, Parasiten und Nagetieren zur Unterst\u00fctzung von Biosicherheit und Tiergesundheit.\" \/>\n<meta property=\"og:url\" content=\"https:\/\/hysolv.eu\/de\/produkte\/schaedlingsbekaempfung\" \/>\n<meta property=\"og:site_name\" content=\"Hysolv\" \/>\n<meta property=\"article:publisher\" content=\"https:\/\/www.facebook.com\/HysolvLtd\" \/>\n<meta property=\"article:modified_time\" content=\"2026-03-31T13:24:16+00:00\" \/>\n<meta name=\"twitter:card\" content=\"summary_large_image\" \/>\n<meta name=\"twitter:label1\" content=\"Gesch\u00e4tzte Lesezeit\" \/>\n\t<meta name=\"twitter:data1\" content=\"5\u00a0Minuten\" \/>\n<script type=\"application\/ld+json\" class=\"yoast-schema-graph\">{\"@context\":\"https:\\\/\\\/schema.org\",\"@graph\":[{\"@type\":\"WebPage\",\"@id\":\"https:\\\/\\\/hysolv.eu\\\/de\\\/produkte\\\/schaedlingsbekaempfung\",\"url\":\"https:\\\/\\\/hysolv.eu\\\/de\\\/produkte\\\/schaedlingsbekaempfung\",\"name\":\"Professionelle Sch\u00e4dlingsbek\u00e4mpfung f\u00fcr die Landwirtschaft | Hysolv%\",\"isPartOf\":{\"@id\":\"https:\\\/\\\/hysolv.eu\\\/de#website\"},\"datePublished\":\"2026-02-06T05:54:46+00:00\",\"dateModified\":\"2026-03-31T13:24:16+00:00\",\"description\":\"Professionelle L\u00f6sungen zur Sch\u00e4dlingsbek\u00e4mpfung in der Landwirtschaft f\u00fcr Gefl\u00fcgel-, Rinder- und Nutztierbetriebe. Effektive Kontrolle von roten Milben, Fliegen, Parasiten und Nagetieren zur Unterst\u00fctzung von Biosicherheit und Tiergesundheit.\",\"breadcrumb\":{\"@id\":\"https:\\\/\\\/hysolv.eu\\\/de\\\/produkte\\\/schaedlingsbekaempfung#breadcrumb\"},\"inLanguage\":\"de\",\"potentialAction\":[{\"@type\":\"ReadAction\",\"target\":[\"https:\\\/\\\/hysolv.eu\\\/de\\\/produkte\\\/schaedlingsbekaempfung\"]}]},{\"@type\":\"BreadcrumbList\",\"@id\":\"https:\\\/\\\/hysolv.eu\\\/de\\\/produkte\\\/schaedlingsbekaempfung#breadcrumb\",\"itemListElement\":[{\"@type\":\"ListItem\",\"position\":1,\"name\":\"Home\",\"item\":\"https:\\\/\\\/hysolv.eu\\\/de\\\/home-2\"},{\"@type\":\"ListItem\",\"position\":2,\"name\":\"Produkte\",\"item\":\"https:\\\/\\\/hysolv.eu\\\/de\\\/produkte\"},{\"@type\":\"ListItem\",\"position\":3,\"name\":\"Sch\u00e4dlingsbek\u00e4mpfung\"}]},{\"@type\":\"WebSite\",\"@id\":\"https:\\\/\\\/hysolv.eu\\\/de#website\",\"url\":\"https:\\\/\\\/hysolv.eu\\\/de\",\"name\":\"Hysolv\",\"description\":\"Supporting Animal Health &amp; Biosecurity\",\"publisher\":{\"@id\":\"https:\\\/\\\/hysolv.eu\\\/de#organization\"},\"potentialAction\":[{\"@type\":\"SearchAction\",\"target\":{\"@type\":\"EntryPoint\",\"urlTemplate\":\"https:\\\/\\\/hysolv.eu\\\/de?s={search_term_string}\"},\"query-input\":{\"@type\":\"PropertyValueSpecification\",\"valueRequired\":true,\"valueName\":\"search_term_string\"}}],\"inLanguage\":\"de\"},{\"@type\":\"Organization\",\"@id\":\"https:\\\/\\\/hysolv.eu\\\/de#organization\",\"name\":\"Hysolv GmbH\",\"url\":\"https:\\\/\\\/hysolv.eu\\\/de\",\"logo\":{\"@type\":\"ImageObject\",\"inLanguage\":\"de\",\"@id\":\"https:\\\/\\\/hysolv.eu\\\/de#\\\/schema\\\/logo\\\/image\\\/\",\"url\":\"https:\\\/\\\/hysolv.eu\\\/wp-content\\\/uploads\\\/LoginLogo-1.png\",\"contentUrl\":\"https:\\\/\\\/hysolv.eu\\\/wp-content\\\/uploads\\\/LoginLogo-1.png\",\"width\":480,\"height\":229,\"caption\":\"Hysolv GmbH\"},\"image\":{\"@id\":\"https:\\\/\\\/hysolv.eu\\\/de#\\\/schema\\\/logo\\\/image\\\/\"},\"sameAs\":[\"https:\\\/\\\/www.facebook.com\\\/HysolvLtd\",\"https:\\\/\\\/www.instagram.com\\\/hysolvlimited\\\/\",\"https:\\\/\\\/www.linkedin.com\\\/company\\\/hysolv-limited\\\/about\\\/\"]}]}<\/script>\n<!-- \/ Yoast SEO plugin. -->","yoast_head_json":{"title":"Professionelle Sch\u00e4dlingsbek\u00e4mpfung f\u00fcr die Landwirtschaft | Hysolv%","description":"Professionelle L\u00f6sungen zur Sch\u00e4dlingsbek\u00e4mpfung in der Landwirtschaft f\u00fcr Gefl\u00fcgel-, Rinder- und Nutztierbetriebe. Effektive Kontrolle von roten Milben, Fliegen, Parasiten und Nagetieren zur Unterst\u00fctzung von Biosicherheit und Tiergesundheit.","robots":{"index":"index","follow":"follow","max-snippet":"max-snippet:-1","max-image-preview":"max-image-preview:large","max-video-preview":"max-video-preview:-1"},"canonical":"https:\/\/hysolv.eu\/de\/produkte\/schaedlingsbekaempfung","og_locale":"de_DE","og_type":"article","og_title":"Professionelle Sch\u00e4dlingsbek\u00e4mpfung f\u00fcr die Landwirtschaft | Hysolv%","og_description":"Professionelle L\u00f6sungen zur Sch\u00e4dlingsbek\u00e4mpfung in der Landwirtschaft f\u00fcr Gefl\u00fcgel-, Rinder- und Nutztierbetriebe. Effektive Kontrolle von roten Milben, Fliegen, Parasiten und Nagetieren zur Unterst\u00fctzung von Biosicherheit und Tiergesundheit.","og_url":"https:\/\/hysolv.eu\/de\/produkte\/schaedlingsbekaempfung","og_site_name":"Hysolv","article_publisher":"https:\/\/www.facebook.com\/HysolvLtd","article_modified_time":"2026-03-31T13:24:16+00:00","twitter_card":"summary_large_image","twitter_misc":{"Gesch\u00e4tzte Lesezeit":"5\u00a0Minuten"},"schema":{"@context":"https:\/\/schema.org","@graph":[{"@type":"WebPage","@id":"https:\/\/hysolv.eu\/de\/produkte\/schaedlingsbekaempfung","url":"https:\/\/hysolv.eu\/de\/produkte\/schaedlingsbekaempfung","name":"Professionelle Sch\u00e4dlingsbek\u00e4mpfung f\u00fcr die Landwirtschaft | Hysolv%","isPartOf":{"@id":"https:\/\/hysolv.eu\/de#website"},"datePublished":"2026-02-06T05:54:46+00:00","dateModified":"2026-03-31T13:24:16+00:00","description":"Professionelle L\u00f6sungen zur Sch\u00e4dlingsbek\u00e4mpfung in der Landwirtschaft f\u00fcr Gefl\u00fcgel-, Rinder- und Nutztierbetriebe. Effektive Kontrolle von roten Milben, Fliegen, Parasiten und Nagetieren zur Unterst\u00fctzung von Biosicherheit und Tiergesundheit.","breadcrumb":{"@id":"https:\/\/hysolv.eu\/de\/produkte\/schaedlingsbekaempfung#breadcrumb"},"inLanguage":"de","potentialAction":[{"@type":"ReadAction","target":["https:\/\/hysolv.eu\/de\/produkte\/schaedlingsbekaempfung"]}]},{"@type":"BreadcrumbList","@id":"https:\/\/hysolv.eu\/de\/produkte\/schaedlingsbekaempfung#breadcrumb","itemListElement":[{"@type":"ListItem","position":1,"name":"Home","item":"https:\/\/hysolv.eu\/de\/home-2"},{"@type":"ListItem","position":2,"name":"Produkte","item":"https:\/\/hysolv.eu\/de\/produkte"},{"@type":"ListItem","position":3,"name":"Sch\u00e4dlingsbek\u00e4mpfung"}]},{"@type":"WebSite","@id":"https:\/\/hysolv.eu\/de#website","url":"https:\/\/hysolv.eu\/de","name":"Hysolv","description":"Supporting Animal Health &amp; Biosecurity","publisher":{"@id":"https:\/\/hysolv.eu\/de#organization"},"potentialAction":[{"@type":"SearchAction","target":{"@type":"EntryPoint","urlTemplate":"https:\/\/hysolv.eu\/de?s={search_term_string}"},"query-input":{"@type":"PropertyValueSpecification","valueRequired":true,"valueName":"search_term_string"}}],"inLanguage":"de"},{"@type":"Organization","@id":"https:\/\/hysolv.eu\/de#organization","name":"Hysolv GmbH","url":"https:\/\/hysolv.eu\/de","logo":{"@type":"ImageObject","inLanguage":"de","@id":"https:\/\/hysolv.eu\/de#\/schema\/logo\/image\/","url":"https:\/\/hysolv.eu\/wp-content\/uploads\/LoginLogo-1.png","contentUrl":"https:\/\/hysolv.eu\/wp-content\/uploads\/LoginLogo-1.png","width":480,"height":229,"caption":"Hysolv GmbH"},"image":{"@id":"https:\/\/hysolv.eu\/de#\/schema\/logo\/image\/"},"sameAs":["https:\/\/www.facebook.com\/HysolvLtd","https:\/\/www.instagram.com\/hysolvlimited\/","https:\/\/www.linkedin.com\/company\/hysolv-limited\/about\/"]}]}},"_links":{"self":[{"href":"https:\/\/hysolv.eu\/de\/wp-json\/wp\/v2\/pages\/4219","targetHints":{"allow":["GET"]}}],"collection":[{"href":"https:\/\/hysolv.eu\/de\/wp-json\/wp\/v2\/pages"}],"about":[{"href":"https:\/\/hysolv.eu\/de\/wp-json\/wp\/v2\/types\/page"}],"author":[{"embeddable":true,"href":"https:\/\/hysolv.eu\/de\/wp-json\/wp\/v2\/users\/9"}],"replies":[{"embeddable":true,"href":"https:\/\/hysolv.eu\/de\/wp-json\/wp\/v2\/comments?post=4219"}],"version-history":[{"count":0,"href":"https:\/\/hysolv.eu\/de\/wp-json\/wp\/v2\/pages\/4219\/revisions"}],"up":[{"embeddable":true,"href":"https:\/\/hysolv.eu\/de\/wp-json\/wp\/v2\/pages\/3812"}],"wp:attachment":[{"href":"https:\/\/hysolv.eu\/de\/wp-json\/wp\/v2\/media?parent=4219"}],"curies":[{"name":"wp","href":"https:\/\/api.w.org\/{rel}","templated":true}]}}