{"id":4267,"date":"2026-02-06T07:52:18","date_gmt":"2026-02-06T06:52:18","guid":{"rendered":"https:\/\/hysolv.eu\/?page_id=4267"},"modified":"2026-04-01T10:14:11","modified_gmt":"2026-04-01T09:14:11","slug":"tiere","status":"publish","type":"page","link":"https:\/\/hysolv.eu\/de\/tiere","title":{"rendered":"Nach Tierarten"},"content":{"rendered":"<div id=\"cs-content\" class=\"cs-content\"><\/div>\n","protected":false},"excerpt":{"rendered":"<p>Produkte f\u00fcr die Biosicherheit in der Tierhaltung nach TierartenBiosicherheitsprogramme in der Tierhaltung sind dann am effektivsten, wenn Hygienema\u00dfnahmen gezielt auf die Biologie, Haltungsbedingungen und spezifischen Krankheitsrisiken der jeweiligen Tierart abgestimmt sind.Hysolv bietet strukturierte Biosicherheitsl\u00f6sungen nach Tierarten und unterst\u00fctzt damit Tiergesundheit und Hygiene in Gefl\u00fcgel-, Schweine-, Wiederk\u00e4uer-, Aquakultur- und Heimtierhaltungen. Unser Ansatz kombiniert hochwertige Tierhygieneprodukte mit gezielten Pr\u00e4ventionsstrategien. So helfen wir &#8230; <\/p>\n<div><a href=\"https:\/\/hysolv.eu\/de\/tiere\" class=\"more-link\">Read More<\/a><\/div>\n","protected":false},"author":9,"featured_media":0,"parent":0,"menu_order":120,"comment_status":"closed","ping_status":"closed","template":"template-blank-4.php","meta":{"footnotes":""},"class_list":["post-4267","page","type-page","status-publish","hentry","no-post-thumbnail"],"yoast_head":"<!-- This site is optimized with the Yoast SEO plugin v27.4 - https:\/\/yoast.com\/product\/yoast-seo-wordpress\/ -->\n<title>Biosicherheitsl\u00f6sungen f\u00fcr die Nutztierhaltung nach Tierarten | Hysolv<\/title>\n<meta name=\"description\" content=\"Artspezifische Biosicherheitsl\u00f6sungen f\u00fcr Gefl\u00fcgel, Schweine, Wiederk\u00e4uer, Aquakultur und Haustiere. Professionelle Hygienekonzepte zur Unterst\u00fctzung von Tiergesundheit und landwirtschaftlicher Biosicherheit.\" \/>\n<meta name=\"robots\" content=\"index, follow, max-snippet:-1, max-image-preview:large, max-video-preview:-1\" \/>\n<link rel=\"canonical\" href=\"https:\/\/hysolv.eu\/de\/tiere\" \/>\n<meta property=\"og:locale\" content=\"de_DE\" \/>\n<meta property=\"og:type\" content=\"article\" \/>\n<meta property=\"og:title\" content=\"Biosicherheitsl\u00f6sungen f\u00fcr die Nutztierhaltung nach Tierarten | Hysolv\" \/>\n<meta property=\"og:description\" content=\"Artspezifische Biosicherheitsl\u00f6sungen f\u00fcr Gefl\u00fcgel, Schweine, Wiederk\u00e4uer, Aquakultur und Haustiere. Professionelle Hygienekonzepte zur Unterst\u00fctzung von Tiergesundheit und landwirtschaftlicher Biosicherheit.\" \/>\n<meta property=\"og:url\" content=\"https:\/\/hysolv.eu\/de\/tiere\" \/>\n<meta property=\"og:site_name\" content=\"Hysolv\" \/>\n<meta property=\"article:publisher\" content=\"https:\/\/www.facebook.com\/HysolvLtd\" \/>\n<meta property=\"article:modified_time\" content=\"2026-04-01T09:14:11+00:00\" \/>\n<meta name=\"twitter:card\" content=\"summary_large_image\" \/>\n<meta name=\"twitter:label1\" content=\"Gesch\u00e4tzte Lesezeit\" \/>\n\t<meta name=\"twitter:data1\" content=\"6\u00a0Minuten\" \/>\n<script type=\"application\/ld+json\" class=\"yoast-schema-graph\">{\"@context\":\"https:\\\/\\\/schema.org\",\"@graph\":[{\"@type\":\"WebPage\",\"@id\":\"https:\\\/\\\/hysolv.eu\\\/de\\\/tiere\",\"url\":\"https:\\\/\\\/hysolv.eu\\\/de\\\/tiere\",\"name\":\"Biosicherheitsl\u00f6sungen f\u00fcr die Nutztierhaltung nach Tierarten | Hysolv\",\"isPartOf\":{\"@id\":\"https:\\\/\\\/hysolv.eu\\\/de#website\"},\"datePublished\":\"2026-02-06T06:52:18+00:00\",\"dateModified\":\"2026-04-01T09:14:11+00:00\",\"description\":\"Artspezifische Biosicherheitsl\u00f6sungen f\u00fcr Gefl\u00fcgel, Schweine, Wiederk\u00e4uer, Aquakultur und Haustiere. Professionelle Hygienekonzepte zur Unterst\u00fctzung von Tiergesundheit und landwirtschaftlicher Biosicherheit.\",\"breadcrumb\":{\"@id\":\"https:\\\/\\\/hysolv.eu\\\/de\\\/tiere#breadcrumb\"},\"inLanguage\":\"de\",\"potentialAction\":[{\"@type\":\"ReadAction\",\"target\":[\"https:\\\/\\\/hysolv.eu\\\/de\\\/tiere\"]}]},{\"@type\":\"BreadcrumbList\",\"@id\":\"https:\\\/\\\/hysolv.eu\\\/de\\\/tiere#breadcrumb\",\"itemListElement\":[{\"@type\":\"ListItem\",\"position\":1,\"name\":\"Home\",\"item\":\"https:\\\/\\\/hysolv.eu\\\/de\\\/home-2\"},{\"@type\":\"ListItem\",\"position\":2,\"name\":\"Nach Tierarten\"}]},{\"@type\":\"WebSite\",\"@id\":\"https:\\\/\\\/hysolv.eu\\\/de#website\",\"url\":\"https:\\\/\\\/hysolv.eu\\\/de\",\"name\":\"Hysolv\",\"description\":\"Supporting Animal Health &amp; Biosecurity\",\"publisher\":{\"@id\":\"https:\\\/\\\/hysolv.eu\\\/de#organization\"},\"potentialAction\":[{\"@type\":\"SearchAction\",\"target\":{\"@type\":\"EntryPoint\",\"urlTemplate\":\"https:\\\/\\\/hysolv.eu\\\/de?s={search_term_string}\"},\"query-input\":{\"@type\":\"PropertyValueSpecification\",\"valueRequired\":true,\"valueName\":\"search_term_string\"}}],\"inLanguage\":\"de\"},{\"@type\":\"Organization\",\"@id\":\"https:\\\/\\\/hysolv.eu\\\/de#organization\",\"name\":\"Hysolv GmbH\",\"url\":\"https:\\\/\\\/hysolv.eu\\\/de\",\"logo\":{\"@type\":\"ImageObject\",\"inLanguage\":\"de\",\"@id\":\"https:\\\/\\\/hysolv.eu\\\/de#\\\/schema\\\/logo\\\/image\\\/\",\"url\":\"https:\\\/\\\/hysolv.eu\\\/wp-content\\\/uploads\\\/LoginLogo-1.png\",\"contentUrl\":\"https:\\\/\\\/hysolv.eu\\\/wp-content\\\/uploads\\\/LoginLogo-1.png\",\"width\":480,\"height\":229,\"caption\":\"Hysolv GmbH\"},\"image\":{\"@id\":\"https:\\\/\\\/hysolv.eu\\\/de#\\\/schema\\\/logo\\\/image\\\/\"},\"sameAs\":[\"https:\\\/\\\/www.facebook.com\\\/HysolvLtd\",\"https:\\\/\\\/www.instagram.com\\\/hysolvlimited\\\/\",\"https:\\\/\\\/www.linkedin.com\\\/company\\\/hysolv-limited\\\/about\\\/\"]}]}<\/script>\n<!-- \/ Yoast SEO plugin. -->","yoast_head_json":{"title":"Biosicherheitsl\u00f6sungen f\u00fcr die Nutztierhaltung nach Tierarten | Hysolv","description":"Artspezifische Biosicherheitsl\u00f6sungen f\u00fcr Gefl\u00fcgel, Schweine, Wiederk\u00e4uer, Aquakultur und Haustiere. Professionelle Hygienekonzepte zur Unterst\u00fctzung von Tiergesundheit und landwirtschaftlicher Biosicherheit.","robots":{"index":"index","follow":"follow","max-snippet":"max-snippet:-1","max-image-preview":"max-image-preview:large","max-video-preview":"max-video-preview:-1"},"canonical":"https:\/\/hysolv.eu\/de\/tiere","og_locale":"de_DE","og_type":"article","og_title":"Biosicherheitsl\u00f6sungen f\u00fcr die Nutztierhaltung nach Tierarten | Hysolv","og_description":"Artspezifische Biosicherheitsl\u00f6sungen f\u00fcr Gefl\u00fcgel, Schweine, Wiederk\u00e4uer, Aquakultur und Haustiere. Professionelle Hygienekonzepte zur Unterst\u00fctzung von Tiergesundheit und landwirtschaftlicher Biosicherheit.","og_url":"https:\/\/hysolv.eu\/de\/tiere","og_site_name":"Hysolv","article_publisher":"https:\/\/www.facebook.com\/HysolvLtd","article_modified_time":"2026-04-01T09:14:11+00:00","twitter_card":"summary_large_image","twitter_misc":{"Gesch\u00e4tzte Lesezeit":"6\u00a0Minuten"},"schema":{"@context":"https:\/\/schema.org","@graph":[{"@type":"WebPage","@id":"https:\/\/hysolv.eu\/de\/tiere","url":"https:\/\/hysolv.eu\/de\/tiere","name":"Biosicherheitsl\u00f6sungen f\u00fcr die Nutztierhaltung nach Tierarten | Hysolv","isPartOf":{"@id":"https:\/\/hysolv.eu\/de#website"},"datePublished":"2026-02-06T06:52:18+00:00","dateModified":"2026-04-01T09:14:11+00:00","description":"Artspezifische Biosicherheitsl\u00f6sungen f\u00fcr Gefl\u00fcgel, Schweine, Wiederk\u00e4uer, Aquakultur und Haustiere. Professionelle Hygienekonzepte zur Unterst\u00fctzung von Tiergesundheit und landwirtschaftlicher Biosicherheit.","breadcrumb":{"@id":"https:\/\/hysolv.eu\/de\/tiere#breadcrumb"},"inLanguage":"de","potentialAction":[{"@type":"ReadAction","target":["https:\/\/hysolv.eu\/de\/tiere"]}]},{"@type":"BreadcrumbList","@id":"https:\/\/hysolv.eu\/de\/tiere#breadcrumb","itemListElement":[{"@type":"ListItem","position":1,"name":"Home","item":"https:\/\/hysolv.eu\/de\/home-2"},{"@type":"ListItem","position":2,"name":"Nach Tierarten"}]},{"@type":"WebSite","@id":"https:\/\/hysolv.eu\/de#website","url":"https:\/\/hysolv.eu\/de","name":"Hysolv","description":"Supporting Animal Health &amp; Biosecurity","publisher":{"@id":"https:\/\/hysolv.eu\/de#organization"},"potentialAction":[{"@type":"SearchAction","target":{"@type":"EntryPoint","urlTemplate":"https:\/\/hysolv.eu\/de?s={search_term_string}"},"query-input":{"@type":"PropertyValueSpecification","valueRequired":true,"valueName":"search_term_string"}}],"inLanguage":"de"},{"@type":"Organization","@id":"https:\/\/hysolv.eu\/de#organization","name":"Hysolv GmbH","url":"https:\/\/hysolv.eu\/de","logo":{"@type":"ImageObject","inLanguage":"de","@id":"https:\/\/hysolv.eu\/de#\/schema\/logo\/image\/","url":"https:\/\/hysolv.eu\/wp-content\/uploads\/LoginLogo-1.png","contentUrl":"https:\/\/hysolv.eu\/wp-content\/uploads\/LoginLogo-1.png","width":480,"height":229,"caption":"Hysolv GmbH"},"image":{"@id":"https:\/\/hysolv.eu\/de#\/schema\/logo\/image\/"},"sameAs":["https:\/\/www.facebook.com\/HysolvLtd","https:\/\/www.instagram.com\/hysolvlimited\/","https:\/\/www.linkedin.com\/company\/hysolv-limited\/about\/"]}]}},"_links":{"self":[{"href":"https:\/\/hysolv.eu\/de\/wp-json\/wp\/v2\/pages\/4267","targetHints":{"allow":["GET"]}}],"collection":[{"href":"https:\/\/hysolv.eu\/de\/wp-json\/wp\/v2\/pages"}],"about":[{"href":"https:\/\/hysolv.eu\/de\/wp-json\/wp\/v2\/types\/page"}],"author":[{"embeddable":true,"href":"https:\/\/hysolv.eu\/de\/wp-json\/wp\/v2\/users\/9"}],"replies":[{"embeddable":true,"href":"https:\/\/hysolv.eu\/de\/wp-json\/wp\/v2\/comments?post=4267"}],"version-history":[{"count":0,"href":"https:\/\/hysolv.eu\/de\/wp-json\/wp\/v2\/pages\/4267\/revisions"}],"wp:attachment":[{"href":"https:\/\/hysolv.eu\/de\/wp-json\/wp\/v2\/media?parent=4267"}],"curies":[{"name":"wp","href":"https:\/\/api.w.org\/{rel}","templated":true}]}}