{"id":4288,"date":"2026-02-06T07:52:57","date_gmt":"2026-02-06T06:52:57","guid":{"rendered":"https:\/\/hysolv.eu\/?page_id=4288"},"modified":"2026-04-01T11:21:55","modified_gmt":"2026-04-01T10:21:55","slug":"gefluegel","status":"publish","type":"page","link":"https:\/\/hysolv.eu\/de\/produkte\/gefluegel","title":{"rendered":"Gefl\u00fcgel"},"content":{"rendered":"<div id=\"cs-content\" class=\"cs-content\"><\/div>\n","protected":false},"excerpt":{"rendered":"<p>Wirksame Milbenbek\u00e4mpfung und Biosicherheitsl\u00f6sungen f\u00fcr die Gefl\u00fcgelhaltungModerne Gefl\u00fcgelproduktion erfordert konsequente Hygieneroutinen, eine zuverl\u00e4ssige Bek\u00e4mpfung der roten Vogelmilbe sowie strukturierte Biosicherheitskonzepte, um Tiergesundheit und Leistungsf\u00e4higkeit nachhaltig zu sichern.Parasiten, Krankheitserreger und Hygienem\u00e4ngel wirken sich direkt auf Tierwohl, Produktivit\u00e4t und die Stabilit\u00e4t des Bestands aus. Hysolv bietet professionelle L\u00f6sungen f\u00fcr Gefl\u00fcgelhygiene und Biosicherheit \u2013 entwickelt f\u00fcr Stallungen, Br\u00fctereien und gemischte Gefl\u00fcgelhaltungen.Unsere Konzepte helfen, &#8230; <\/p>\n<div><a href=\"https:\/\/hysolv.eu\/de\/produkt\/alkaliene\" class=\"more-link\">Read More<\/a><\/div>\n","protected":false},"author":9,"featured_media":0,"parent":3812,"menu_order":121,"comment_status":"closed","ping_status":"closed","template":"template-blank-4.php","meta":{"footnotes":""},"class_list":["post-4288","page","type-page","status-publish","hentry","no-post-thumbnail"],"yoast_head":"<!-- This site is optimized with the Yoast SEO plugin v27.3 - https:\/\/yoast.com\/product\/yoast-seo-wordpress\/ -->\n<title>Behandlung der Roten Vogelmilbe &amp; Gefl\u00fcgel-Biosicherheit |<\/title>\n<meta name=\"description\" content=\"Professionelle L\u00f6sungen zur Bek\u00e4mpfung der Roten Vogelmilbe und f\u00fcr die Biosicherheit in der Gefl\u00fcgelhaltung. F\u00fcr Mastgefl\u00fcgel, Legehennen, Zuchtbetriebe und Br\u00fctereien \u2013 f\u00fcr gesunde Best\u00e4nde und optimale Leistung.\" \/>\n<meta name=\"robots\" content=\"index, follow, max-snippet:-1, max-image-preview:large, max-video-preview:-1\" \/>\n<link rel=\"canonical\" href=\"https:\/\/hysolv.eu\/de\/produkte\/gefluegel\" \/>\n<meta property=\"og:locale\" content=\"de_DE\" \/>\n<meta property=\"og:type\" content=\"article\" \/>\n<meta property=\"og:title\" content=\"Behandlung der Roten Vogelmilbe &amp; Gefl\u00fcgel-Biosicherheit |\" \/>\n<meta property=\"og:description\" content=\"Professionelle L\u00f6sungen zur Bek\u00e4mpfung der Roten Vogelmilbe und f\u00fcr die Biosicherheit in der Gefl\u00fcgelhaltung. F\u00fcr Mastgefl\u00fcgel, Legehennen, Zuchtbetriebe und Br\u00fctereien \u2013 f\u00fcr gesunde Best\u00e4nde und optimale Leistung.\" \/>\n<meta property=\"og:url\" content=\"https:\/\/hysolv.eu\/de\/produkte\/gefluegel\" \/>\n<meta property=\"og:site_name\" content=\"Hysolv\" \/>\n<meta property=\"article:publisher\" content=\"https:\/\/www.facebook.com\/HysolvLtd\" \/>\n<meta property=\"article:modified_time\" content=\"2026-04-01T10:21:55+00:00\" \/>\n<meta name=\"twitter:card\" content=\"summary_large_image\" \/>\n<meta name=\"twitter:label1\" content=\"Gesch\u00e4tzte Lesezeit\" \/>\n\t<meta name=\"twitter:data1\" content=\"6\u00a0Minuten\" \/>\n<script type=\"application\/ld+json\" class=\"yoast-schema-graph\">{\"@context\":\"https:\\\/\\\/schema.org\",\"@graph\":[{\"@type\":\"WebPage\",\"@id\":\"https:\\\/\\\/hysolv.eu\\\/de\\\/produkte\\\/gefluegel\",\"url\":\"https:\\\/\\\/hysolv.eu\\\/de\\\/produkte\\\/gefluegel\",\"name\":\"Behandlung der Roten Vogelmilbe & Gefl\u00fcgel-Biosicherheit |\",\"isPartOf\":{\"@id\":\"https:\\\/\\\/hysolv.eu\\\/de#website\"},\"datePublished\":\"2026-02-06T06:52:57+00:00\",\"dateModified\":\"2026-04-01T10:21:55+00:00\",\"description\":\"Professionelle L\u00f6sungen zur Bek\u00e4mpfung der Roten Vogelmilbe und f\u00fcr die Biosicherheit in der Gefl\u00fcgelhaltung. F\u00fcr Mastgefl\u00fcgel, Legehennen, Zuchtbetriebe und Br\u00fctereien \u2013 f\u00fcr gesunde Best\u00e4nde und optimale Leistung.\",\"breadcrumb\":{\"@id\":\"https:\\\/\\\/hysolv.eu\\\/de\\\/produkte\\\/gefluegel#breadcrumb\"},\"inLanguage\":\"de\",\"potentialAction\":[{\"@type\":\"ReadAction\",\"target\":[\"https:\\\/\\\/hysolv.eu\\\/de\\\/produkte\\\/gefluegel\"]}]},{\"@type\":\"BreadcrumbList\",\"@id\":\"https:\\\/\\\/hysolv.eu\\\/de\\\/produkte\\\/gefluegel#breadcrumb\",\"itemListElement\":[{\"@type\":\"ListItem\",\"position\":1,\"name\":\"Home\",\"item\":\"https:\\\/\\\/hysolv.eu\\\/de\\\/home-2\"},{\"@type\":\"ListItem\",\"position\":2,\"name\":\"Produkte\",\"item\":\"https:\\\/\\\/hysolv.eu\\\/de\\\/produkte\"},{\"@type\":\"ListItem\",\"position\":3,\"name\":\"Gefl\u00fcgel\"}]},{\"@type\":\"WebSite\",\"@id\":\"https:\\\/\\\/hysolv.eu\\\/de#website\",\"url\":\"https:\\\/\\\/hysolv.eu\\\/de\",\"name\":\"Hysolv\",\"description\":\"Supporting Animal Health &amp; Biosecurity\",\"publisher\":{\"@id\":\"https:\\\/\\\/hysolv.eu\\\/de#organization\"},\"potentialAction\":[{\"@type\":\"SearchAction\",\"target\":{\"@type\":\"EntryPoint\",\"urlTemplate\":\"https:\\\/\\\/hysolv.eu\\\/de?s={search_term_string}\"},\"query-input\":{\"@type\":\"PropertyValueSpecification\",\"valueRequired\":true,\"valueName\":\"search_term_string\"}}],\"inLanguage\":\"de\"},{\"@type\":\"Organization\",\"@id\":\"https:\\\/\\\/hysolv.eu\\\/de#organization\",\"name\":\"Hysolv GmbH\",\"url\":\"https:\\\/\\\/hysolv.eu\\\/de\",\"logo\":{\"@type\":\"ImageObject\",\"inLanguage\":\"de\",\"@id\":\"https:\\\/\\\/hysolv.eu\\\/de#\\\/schema\\\/logo\\\/image\\\/\",\"url\":\"https:\\\/\\\/hysolv.eu\\\/wp-content\\\/uploads\\\/LoginLogo-1.png\",\"contentUrl\":\"https:\\\/\\\/hysolv.eu\\\/wp-content\\\/uploads\\\/LoginLogo-1.png\",\"width\":480,\"height\":229,\"caption\":\"Hysolv GmbH\"},\"image\":{\"@id\":\"https:\\\/\\\/hysolv.eu\\\/de#\\\/schema\\\/logo\\\/image\\\/\"},\"sameAs\":[\"https:\\\/\\\/www.facebook.com\\\/HysolvLtd\",\"https:\\\/\\\/www.instagram.com\\\/hysolvlimited\\\/\",\"https:\\\/\\\/www.linkedin.com\\\/company\\\/hysolv-limited\\\/about\\\/\"]}]}<\/script>\n<!-- \/ Yoast SEO plugin. -->","yoast_head_json":{"title":"Behandlung der Roten Vogelmilbe & Gefl\u00fcgel-Biosicherheit |","description":"Professionelle L\u00f6sungen zur Bek\u00e4mpfung der Roten Vogelmilbe und f\u00fcr die Biosicherheit in der Gefl\u00fcgelhaltung. F\u00fcr Mastgefl\u00fcgel, Legehennen, Zuchtbetriebe und Br\u00fctereien \u2013 f\u00fcr gesunde Best\u00e4nde und optimale Leistung.","robots":{"index":"index","follow":"follow","max-snippet":"max-snippet:-1","max-image-preview":"max-image-preview:large","max-video-preview":"max-video-preview:-1"},"canonical":"https:\/\/hysolv.eu\/de\/produkte\/gefluegel","og_locale":"de_DE","og_type":"article","og_title":"Behandlung der Roten Vogelmilbe & Gefl\u00fcgel-Biosicherheit |","og_description":"Professionelle L\u00f6sungen zur Bek\u00e4mpfung der Roten Vogelmilbe und f\u00fcr die Biosicherheit in der Gefl\u00fcgelhaltung. F\u00fcr Mastgefl\u00fcgel, Legehennen, Zuchtbetriebe und Br\u00fctereien \u2013 f\u00fcr gesunde Best\u00e4nde und optimale Leistung.","og_url":"https:\/\/hysolv.eu\/de\/produkte\/gefluegel","og_site_name":"Hysolv","article_publisher":"https:\/\/www.facebook.com\/HysolvLtd","article_modified_time":"2026-04-01T10:21:55+00:00","twitter_card":"summary_large_image","twitter_misc":{"Gesch\u00e4tzte Lesezeit":"6\u00a0Minuten"},"schema":{"@context":"https:\/\/schema.org","@graph":[{"@type":"WebPage","@id":"https:\/\/hysolv.eu\/de\/produkte\/gefluegel","url":"https:\/\/hysolv.eu\/de\/produkte\/gefluegel","name":"Behandlung der Roten Vogelmilbe & Gefl\u00fcgel-Biosicherheit |","isPartOf":{"@id":"https:\/\/hysolv.eu\/de#website"},"datePublished":"2026-02-06T06:52:57+00:00","dateModified":"2026-04-01T10:21:55+00:00","description":"Professionelle L\u00f6sungen zur Bek\u00e4mpfung der Roten Vogelmilbe und f\u00fcr die Biosicherheit in der Gefl\u00fcgelhaltung. F\u00fcr Mastgefl\u00fcgel, Legehennen, Zuchtbetriebe und Br\u00fctereien \u2013 f\u00fcr gesunde Best\u00e4nde und optimale Leistung.","breadcrumb":{"@id":"https:\/\/hysolv.eu\/de\/produkte\/gefluegel#breadcrumb"},"inLanguage":"de","potentialAction":[{"@type":"ReadAction","target":["https:\/\/hysolv.eu\/de\/produkte\/gefluegel"]}]},{"@type":"BreadcrumbList","@id":"https:\/\/hysolv.eu\/de\/produkte\/gefluegel#breadcrumb","itemListElement":[{"@type":"ListItem","position":1,"name":"Home","item":"https:\/\/hysolv.eu\/de\/home-2"},{"@type":"ListItem","position":2,"name":"Produkte","item":"https:\/\/hysolv.eu\/de\/produkte"},{"@type":"ListItem","position":3,"name":"Gefl\u00fcgel"}]},{"@type":"WebSite","@id":"https:\/\/hysolv.eu\/de#website","url":"https:\/\/hysolv.eu\/de","name":"Hysolv","description":"Supporting Animal Health &amp; Biosecurity","publisher":{"@id":"https:\/\/hysolv.eu\/de#organization"},"potentialAction":[{"@type":"SearchAction","target":{"@type":"EntryPoint","urlTemplate":"https:\/\/hysolv.eu\/de?s={search_term_string}"},"query-input":{"@type":"PropertyValueSpecification","valueRequired":true,"valueName":"search_term_string"}}],"inLanguage":"de"},{"@type":"Organization","@id":"https:\/\/hysolv.eu\/de#organization","name":"Hysolv GmbH","url":"https:\/\/hysolv.eu\/de","logo":{"@type":"ImageObject","inLanguage":"de","@id":"https:\/\/hysolv.eu\/de#\/schema\/logo\/image\/","url":"https:\/\/hysolv.eu\/wp-content\/uploads\/LoginLogo-1.png","contentUrl":"https:\/\/hysolv.eu\/wp-content\/uploads\/LoginLogo-1.png","width":480,"height":229,"caption":"Hysolv GmbH"},"image":{"@id":"https:\/\/hysolv.eu\/de#\/schema\/logo\/image\/"},"sameAs":["https:\/\/www.facebook.com\/HysolvLtd","https:\/\/www.instagram.com\/hysolvlimited\/","https:\/\/www.linkedin.com\/company\/hysolv-limited\/about\/"]}]}},"_links":{"self":[{"href":"https:\/\/hysolv.eu\/de\/wp-json\/wp\/v2\/pages\/4288","targetHints":{"allow":["GET"]}}],"collection":[{"href":"https:\/\/hysolv.eu\/de\/wp-json\/wp\/v2\/pages"}],"about":[{"href":"https:\/\/hysolv.eu\/de\/wp-json\/wp\/v2\/types\/page"}],"author":[{"embeddable":true,"href":"https:\/\/hysolv.eu\/de\/wp-json\/wp\/v2\/users\/9"}],"replies":[{"embeddable":true,"href":"https:\/\/hysolv.eu\/de\/wp-json\/wp\/v2\/comments?post=4288"}],"version-history":[{"count":0,"href":"https:\/\/hysolv.eu\/de\/wp-json\/wp\/v2\/pages\/4288\/revisions"}],"up":[{"embeddable":true,"href":"https:\/\/hysolv.eu\/de\/wp-json\/wp\/v2\/pages\/3812"}],"wp:attachment":[{"href":"https:\/\/hysolv.eu\/de\/wp-json\/wp\/v2\/media?parent=4288"}],"curies":[{"name":"wp","href":"https:\/\/api.w.org\/{rel}","templated":true}]}}