{"id":4353,"date":"2026-02-06T07:55:30","date_gmt":"2026-02-06T06:55:30","guid":{"rendered":"https:\/\/hysolv.eu\/?page_id=4353"},"modified":"2026-04-01T11:12:24","modified_gmt":"2026-04-01T10:12:24","slug":"wiederkaeuer","status":"publish","type":"page","link":"https:\/\/hysolv.eu\/de\/produkte\/wiederkaeuer","title":{"rendered":"Wiederk\u00e4uer"},"content":{"rendered":"<div id=\"cs-content\" class=\"cs-content\"><\/div>\n","protected":false},"excerpt":{"rendered":"<p>Hygiene- und Molkereiprodukte f\u00fcr die Wiederk\u00e4uerhaltungDie moderne Wiederk\u00e4uerhaltung erfordert zuverl\u00e4ssige L\u00f6sungen f\u00fcr die Milchproduktion, strukturierte Hygieneroutinen und eine wirksame Krankheitspr\u00e4vention in der Milchvieh-, Rindfleisch-, Schaf- und Ziegenhaltung.Saubere Stallungen, gesunde Tiere und stabile Hygienebedingungen sind entscheidend f\u00fcr Tierwohl, Produktqualit\u00e4t und die langfristige Leistungsf\u00e4higkeit des Betriebs. Hysolv unterst\u00fctzt professionelle Wiederk\u00e4uerbetriebe mit integrierten Produkten f\u00fcr die Milchhygiene, Desinfektion, Reinigung, Sch\u00e4dlingsbek\u00e4mpfung und ern\u00e4hrungsphysiologische Unterst\u00fctzung.Diese &#8230; <\/p>\n<div><a href=\"https:\/\/hysolv.eu\/de\/produkt\/alkaliene\" class=\"more-link\">Read More<\/a><\/div>\n","protected":false},"author":9,"featured_media":0,"parent":3812,"menu_order":123,"comment_status":"closed","ping_status":"closed","template":"template-blank-4.php","meta":{"footnotes":""},"class_list":["post-4353","page","type-page","status-publish","hentry","no-post-thumbnail"],"yoast_head":"<!-- This site is optimized with the Yoast SEO plugin v27.3 - https:\/\/yoast.com\/product\/yoast-seo-wordpress\/ -->\n<title>L\u00f6sungen f\u00fcr die Milchviehhaltung &amp; Hygienemanagement bei Wiederk\u00e4uern | Hysolv<\/title>\n<meta name=\"description\" content=\"Professionelle L\u00f6sungen f\u00fcr die Milchviehhaltung bei Wiederk\u00e4uern zur Unterst\u00fctzung von Hygienemanagement, Tiergesundheit, Milchqualit\u00e4t und nachhaltigen Produktionssystemen.\" \/>\n<meta name=\"robots\" content=\"index, follow, max-snippet:-1, max-image-preview:large, max-video-preview:-1\" \/>\n<link rel=\"canonical\" href=\"https:\/\/hysolv.eu\/de\/produkte\/wiederkaeuer\" \/>\n<meta property=\"og:locale\" content=\"de_DE\" \/>\n<meta property=\"og:type\" content=\"article\" \/>\n<meta property=\"og:title\" content=\"L\u00f6sungen f\u00fcr die Milchviehhaltung &amp; Hygienemanagement bei Wiederk\u00e4uern | Hysolv\" \/>\n<meta property=\"og:description\" content=\"Professionelle L\u00f6sungen f\u00fcr die Milchviehhaltung bei Wiederk\u00e4uern zur Unterst\u00fctzung von Hygienemanagement, Tiergesundheit, Milchqualit\u00e4t und nachhaltigen Produktionssystemen.\" \/>\n<meta property=\"og:url\" content=\"https:\/\/hysolv.eu\/de\/produkte\/wiederkaeuer\" \/>\n<meta property=\"og:site_name\" content=\"Hysolv\" \/>\n<meta property=\"article:publisher\" content=\"https:\/\/www.facebook.com\/HysolvLtd\" \/>\n<meta property=\"article:modified_time\" content=\"2026-04-01T10:12:24+00:00\" \/>\n<meta name=\"twitter:card\" content=\"summary_large_image\" \/>\n<meta name=\"twitter:label1\" content=\"Gesch\u00e4tzte Lesezeit\" \/>\n\t<meta name=\"twitter:data1\" content=\"8\u00a0Minuten\" \/>\n<script type=\"application\/ld+json\" class=\"yoast-schema-graph\">{\"@context\":\"https:\\\/\\\/schema.org\",\"@graph\":[{\"@type\":\"WebPage\",\"@id\":\"https:\\\/\\\/hysolv.eu\\\/de\\\/produkte\\\/wiederkaeuer\",\"url\":\"https:\\\/\\\/hysolv.eu\\\/de\\\/produkte\\\/wiederkaeuer\",\"name\":\"L\u00f6sungen f\u00fcr die Milchviehhaltung & Hygienemanagement bei Wiederk\u00e4uern | Hysolv\",\"isPartOf\":{\"@id\":\"https:\\\/\\\/hysolv.eu\\\/de#website\"},\"datePublished\":\"2026-02-06T06:55:30+00:00\",\"dateModified\":\"2026-04-01T10:12:24+00:00\",\"description\":\"Professionelle L\u00f6sungen f\u00fcr die Milchviehhaltung bei Wiederk\u00e4uern zur Unterst\u00fctzung von Hygienemanagement, Tiergesundheit, Milchqualit\u00e4t und nachhaltigen Produktionssystemen.\",\"breadcrumb\":{\"@id\":\"https:\\\/\\\/hysolv.eu\\\/de\\\/produkte\\\/wiederkaeuer#breadcrumb\"},\"inLanguage\":\"de\",\"potentialAction\":[{\"@type\":\"ReadAction\",\"target\":[\"https:\\\/\\\/hysolv.eu\\\/de\\\/produkte\\\/wiederkaeuer\"]}]},{\"@type\":\"BreadcrumbList\",\"@id\":\"https:\\\/\\\/hysolv.eu\\\/de\\\/produkte\\\/wiederkaeuer#breadcrumb\",\"itemListElement\":[{\"@type\":\"ListItem\",\"position\":1,\"name\":\"Home\",\"item\":\"https:\\\/\\\/hysolv.eu\\\/de\\\/home-2\"},{\"@type\":\"ListItem\",\"position\":2,\"name\":\"Produkte\",\"item\":\"https:\\\/\\\/hysolv.eu\\\/de\\\/produkte\"},{\"@type\":\"ListItem\",\"position\":3,\"name\":\"Wiederk\u00e4uer\"}]},{\"@type\":\"WebSite\",\"@id\":\"https:\\\/\\\/hysolv.eu\\\/de#website\",\"url\":\"https:\\\/\\\/hysolv.eu\\\/de\",\"name\":\"Hysolv\",\"description\":\"Supporting Animal Health &amp; Biosecurity\",\"publisher\":{\"@id\":\"https:\\\/\\\/hysolv.eu\\\/de#organization\"},\"potentialAction\":[{\"@type\":\"SearchAction\",\"target\":{\"@type\":\"EntryPoint\",\"urlTemplate\":\"https:\\\/\\\/hysolv.eu\\\/de?s={search_term_string}\"},\"query-input\":{\"@type\":\"PropertyValueSpecification\",\"valueRequired\":true,\"valueName\":\"search_term_string\"}}],\"inLanguage\":\"de\"},{\"@type\":\"Organization\",\"@id\":\"https:\\\/\\\/hysolv.eu\\\/de#organization\",\"name\":\"Hysolv GmbH\",\"url\":\"https:\\\/\\\/hysolv.eu\\\/de\",\"logo\":{\"@type\":\"ImageObject\",\"inLanguage\":\"de\",\"@id\":\"https:\\\/\\\/hysolv.eu\\\/de#\\\/schema\\\/logo\\\/image\\\/\",\"url\":\"https:\\\/\\\/hysolv.eu\\\/wp-content\\\/uploads\\\/LoginLogo-1.png\",\"contentUrl\":\"https:\\\/\\\/hysolv.eu\\\/wp-content\\\/uploads\\\/LoginLogo-1.png\",\"width\":480,\"height\":229,\"caption\":\"Hysolv GmbH\"},\"image\":{\"@id\":\"https:\\\/\\\/hysolv.eu\\\/de#\\\/schema\\\/logo\\\/image\\\/\"},\"sameAs\":[\"https:\\\/\\\/www.facebook.com\\\/HysolvLtd\",\"https:\\\/\\\/www.instagram.com\\\/hysolvlimited\\\/\",\"https:\\\/\\\/www.linkedin.com\\\/company\\\/hysolv-limited\\\/about\\\/\"]}]}<\/script>\n<!-- \/ Yoast SEO plugin. -->","yoast_head_json":{"title":"L\u00f6sungen f\u00fcr die Milchviehhaltung & Hygienemanagement bei Wiederk\u00e4uern | Hysolv","description":"Professionelle L\u00f6sungen f\u00fcr die Milchviehhaltung bei Wiederk\u00e4uern zur Unterst\u00fctzung von Hygienemanagement, Tiergesundheit, Milchqualit\u00e4t und nachhaltigen Produktionssystemen.","robots":{"index":"index","follow":"follow","max-snippet":"max-snippet:-1","max-image-preview":"max-image-preview:large","max-video-preview":"max-video-preview:-1"},"canonical":"https:\/\/hysolv.eu\/de\/produkte\/wiederkaeuer","og_locale":"de_DE","og_type":"article","og_title":"L\u00f6sungen f\u00fcr die Milchviehhaltung & Hygienemanagement bei Wiederk\u00e4uern | Hysolv","og_description":"Professionelle L\u00f6sungen f\u00fcr die Milchviehhaltung bei Wiederk\u00e4uern zur Unterst\u00fctzung von Hygienemanagement, Tiergesundheit, Milchqualit\u00e4t und nachhaltigen Produktionssystemen.","og_url":"https:\/\/hysolv.eu\/de\/produkte\/wiederkaeuer","og_site_name":"Hysolv","article_publisher":"https:\/\/www.facebook.com\/HysolvLtd","article_modified_time":"2026-04-01T10:12:24+00:00","twitter_card":"summary_large_image","twitter_misc":{"Gesch\u00e4tzte Lesezeit":"8\u00a0Minuten"},"schema":{"@context":"https:\/\/schema.org","@graph":[{"@type":"WebPage","@id":"https:\/\/hysolv.eu\/de\/produkte\/wiederkaeuer","url":"https:\/\/hysolv.eu\/de\/produkte\/wiederkaeuer","name":"L\u00f6sungen f\u00fcr die Milchviehhaltung & Hygienemanagement bei Wiederk\u00e4uern | Hysolv","isPartOf":{"@id":"https:\/\/hysolv.eu\/de#website"},"datePublished":"2026-02-06T06:55:30+00:00","dateModified":"2026-04-01T10:12:24+00:00","description":"Professionelle L\u00f6sungen f\u00fcr die Milchviehhaltung bei Wiederk\u00e4uern zur Unterst\u00fctzung von Hygienemanagement, Tiergesundheit, Milchqualit\u00e4t und nachhaltigen Produktionssystemen.","breadcrumb":{"@id":"https:\/\/hysolv.eu\/de\/produkte\/wiederkaeuer#breadcrumb"},"inLanguage":"de","potentialAction":[{"@type":"ReadAction","target":["https:\/\/hysolv.eu\/de\/produkte\/wiederkaeuer"]}]},{"@type":"BreadcrumbList","@id":"https:\/\/hysolv.eu\/de\/produkte\/wiederkaeuer#breadcrumb","itemListElement":[{"@type":"ListItem","position":1,"name":"Home","item":"https:\/\/hysolv.eu\/de\/home-2"},{"@type":"ListItem","position":2,"name":"Produkte","item":"https:\/\/hysolv.eu\/de\/produkte"},{"@type":"ListItem","position":3,"name":"Wiederk\u00e4uer"}]},{"@type":"WebSite","@id":"https:\/\/hysolv.eu\/de#website","url":"https:\/\/hysolv.eu\/de","name":"Hysolv","description":"Supporting Animal Health &amp; Biosecurity","publisher":{"@id":"https:\/\/hysolv.eu\/de#organization"},"potentialAction":[{"@type":"SearchAction","target":{"@type":"EntryPoint","urlTemplate":"https:\/\/hysolv.eu\/de?s={search_term_string}"},"query-input":{"@type":"PropertyValueSpecification","valueRequired":true,"valueName":"search_term_string"}}],"inLanguage":"de"},{"@type":"Organization","@id":"https:\/\/hysolv.eu\/de#organization","name":"Hysolv GmbH","url":"https:\/\/hysolv.eu\/de","logo":{"@type":"ImageObject","inLanguage":"de","@id":"https:\/\/hysolv.eu\/de#\/schema\/logo\/image\/","url":"https:\/\/hysolv.eu\/wp-content\/uploads\/LoginLogo-1.png","contentUrl":"https:\/\/hysolv.eu\/wp-content\/uploads\/LoginLogo-1.png","width":480,"height":229,"caption":"Hysolv GmbH"},"image":{"@id":"https:\/\/hysolv.eu\/de#\/schema\/logo\/image\/"},"sameAs":["https:\/\/www.facebook.com\/HysolvLtd","https:\/\/www.instagram.com\/hysolvlimited\/","https:\/\/www.linkedin.com\/company\/hysolv-limited\/about\/"]}]}},"_links":{"self":[{"href":"https:\/\/hysolv.eu\/de\/wp-json\/wp\/v2\/pages\/4353","targetHints":{"allow":["GET"]}}],"collection":[{"href":"https:\/\/hysolv.eu\/de\/wp-json\/wp\/v2\/pages"}],"about":[{"href":"https:\/\/hysolv.eu\/de\/wp-json\/wp\/v2\/types\/page"}],"author":[{"embeddable":true,"href":"https:\/\/hysolv.eu\/de\/wp-json\/wp\/v2\/users\/9"}],"replies":[{"embeddable":true,"href":"https:\/\/hysolv.eu\/de\/wp-json\/wp\/v2\/comments?post=4353"}],"version-history":[{"count":0,"href":"https:\/\/hysolv.eu\/de\/wp-json\/wp\/v2\/pages\/4353\/revisions"}],"up":[{"embeddable":true,"href":"https:\/\/hysolv.eu\/de\/wp-json\/wp\/v2\/pages\/3812"}],"wp:attachment":[{"href":"https:\/\/hysolv.eu\/de\/wp-json\/wp\/v2\/media?parent=4353"}],"curies":[{"name":"wp","href":"https:\/\/api.w.org\/{rel}","templated":true}]}}