{"id":4396,"date":"2026-02-06T07:56:11","date_gmt":"2026-02-06T06:56:11","guid":{"rendered":"https:\/\/hysolv.eu\/?page_id=4396"},"modified":"2026-04-01T11:21:31","modified_gmt":"2026-04-01T10:21:31","slug":"aquakultur","status":"publish","type":"page","link":"https:\/\/hysolv.eu\/de\/produkte\/aquakultur","title":{"rendered":"Aquakultur"},"content":{"rendered":"<div id=\"cs-content\" class=\"cs-content\"><\/div>\n","protected":false},"excerpt":{"rendered":"<p>Biosicherheitsl\u00f6sungen f\u00fcr die Aquakultur \u2013 f\u00fcr gesunde fische und stabile ProduktionsbedingungenEine wirksame Biosicherheit ist in der Aquakultur entscheidend, um die Wasserqualit\u00e4t zu sichern, die Fischgesundheit zu sch\u00fctzen und Krankheitsausbr\u00fcche in modernen Produktionssystemen zu verhindern.Stabile Hygienebedingungen reduzieren den Erregerdruck, f\u00f6rdern ein gleichm\u00e4\u00dfiges Wachstum und sichern die Produktionsleistung in S\u00fc\u00dfwasser- wie Meerwassersystemen. Hysolv unterst\u00fctzt professionelle Aquakulturbetriebe mit integrierten Produkten f\u00fcr die Aquakultur-Hygiene, &#8230; <\/p>\n<div><a href=\"https:\/\/hysolv.eu\/de\/produkt\/alkaliene\" class=\"more-link\">Read More<\/a><\/div>\n","protected":false},"author":9,"featured_media":0,"parent":3812,"menu_order":124,"comment_status":"closed","ping_status":"closed","template":"template-blank-4.php","meta":{"footnotes":""},"class_list":["post-4396","page","type-page","status-publish","hentry","no-post-thumbnail"],"yoast_head":"<!-- This site is optimized with the Yoast SEO plugin v27.3 - https:\/\/yoast.com\/product\/yoast-seo-wordpress\/ -->\n<title>Aquakultur-Biosicherheitsl\u00f6sungen f\u00fcr die Fischzucht | Hysolv<\/title>\n<meta name=\"description\" content=\"Professionelle Biosicherheitsl\u00f6sungen f\u00fcr die Aquakultur und Fischzucht. Hygiene, Oberfl\u00e4chendesinfektion, Wasseraufbereitung und Reinigung f\u00fcr stabile und gesunde Produktionssysteme.\" \/>\n<meta name=\"robots\" content=\"index, follow, max-snippet:-1, max-image-preview:large, max-video-preview:-1\" \/>\n<link rel=\"canonical\" href=\"https:\/\/hysolv.eu\/de\/produkte\/aquakultur\" \/>\n<meta property=\"og:locale\" content=\"de_DE\" \/>\n<meta property=\"og:type\" content=\"article\" \/>\n<meta property=\"og:title\" content=\"Aquakultur-Biosicherheitsl\u00f6sungen f\u00fcr die Fischzucht | Hysolv\" \/>\n<meta property=\"og:description\" content=\"Professionelle Biosicherheitsl\u00f6sungen f\u00fcr die Aquakultur und Fischzucht. Hygiene, Oberfl\u00e4chendesinfektion, Wasseraufbereitung und Reinigung f\u00fcr stabile und gesunde Produktionssysteme.\" \/>\n<meta property=\"og:url\" content=\"https:\/\/hysolv.eu\/de\/produkte\/aquakultur\" \/>\n<meta property=\"og:site_name\" content=\"Hysolv\" \/>\n<meta property=\"article:publisher\" content=\"https:\/\/www.facebook.com\/HysolvLtd\" \/>\n<meta property=\"article:modified_time\" content=\"2026-04-01T10:21:31+00:00\" \/>\n<meta name=\"twitter:card\" content=\"summary_large_image\" \/>\n<meta name=\"twitter:label1\" content=\"Gesch\u00e4tzte Lesezeit\" \/>\n\t<meta name=\"twitter:data1\" content=\"6\u00a0Minuten\" \/>\n<script type=\"application\/ld+json\" class=\"yoast-schema-graph\">{\"@context\":\"https:\\\/\\\/schema.org\",\"@graph\":[{\"@type\":\"WebPage\",\"@id\":\"https:\\\/\\\/hysolv.eu\\\/de\\\/produkte\\\/aquakultur\",\"url\":\"https:\\\/\\\/hysolv.eu\\\/de\\\/produkte\\\/aquakultur\",\"name\":\"Aquakultur-Biosicherheitsl\u00f6sungen f\u00fcr die Fischzucht | Hysolv\",\"isPartOf\":{\"@id\":\"https:\\\/\\\/hysolv.eu\\\/de#website\"},\"datePublished\":\"2026-02-06T06:56:11+00:00\",\"dateModified\":\"2026-04-01T10:21:31+00:00\",\"description\":\"Professionelle Biosicherheitsl\u00f6sungen f\u00fcr die Aquakultur und Fischzucht. Hygiene, Oberfl\u00e4chendesinfektion, Wasseraufbereitung und Reinigung f\u00fcr stabile und gesunde Produktionssysteme.\",\"breadcrumb\":{\"@id\":\"https:\\\/\\\/hysolv.eu\\\/de\\\/produkte\\\/aquakultur#breadcrumb\"},\"inLanguage\":\"de\",\"potentialAction\":[{\"@type\":\"ReadAction\",\"target\":[\"https:\\\/\\\/hysolv.eu\\\/de\\\/produkte\\\/aquakultur\"]}]},{\"@type\":\"BreadcrumbList\",\"@id\":\"https:\\\/\\\/hysolv.eu\\\/de\\\/produkte\\\/aquakultur#breadcrumb\",\"itemListElement\":[{\"@type\":\"ListItem\",\"position\":1,\"name\":\"Home\",\"item\":\"https:\\\/\\\/hysolv.eu\\\/de\\\/home-2\"},{\"@type\":\"ListItem\",\"position\":2,\"name\":\"Produkte\",\"item\":\"https:\\\/\\\/hysolv.eu\\\/de\\\/produkte\"},{\"@type\":\"ListItem\",\"position\":3,\"name\":\"Aquakultur\"}]},{\"@type\":\"WebSite\",\"@id\":\"https:\\\/\\\/hysolv.eu\\\/de#website\",\"url\":\"https:\\\/\\\/hysolv.eu\\\/de\",\"name\":\"Hysolv\",\"description\":\"Supporting Animal Health &amp; Biosecurity\",\"publisher\":{\"@id\":\"https:\\\/\\\/hysolv.eu\\\/de#organization\"},\"potentialAction\":[{\"@type\":\"SearchAction\",\"target\":{\"@type\":\"EntryPoint\",\"urlTemplate\":\"https:\\\/\\\/hysolv.eu\\\/de?s={search_term_string}\"},\"query-input\":{\"@type\":\"PropertyValueSpecification\",\"valueRequired\":true,\"valueName\":\"search_term_string\"}}],\"inLanguage\":\"de\"},{\"@type\":\"Organization\",\"@id\":\"https:\\\/\\\/hysolv.eu\\\/de#organization\",\"name\":\"Hysolv GmbH\",\"url\":\"https:\\\/\\\/hysolv.eu\\\/de\",\"logo\":{\"@type\":\"ImageObject\",\"inLanguage\":\"de\",\"@id\":\"https:\\\/\\\/hysolv.eu\\\/de#\\\/schema\\\/logo\\\/image\\\/\",\"url\":\"https:\\\/\\\/hysolv.eu\\\/wp-content\\\/uploads\\\/LoginLogo-1.png\",\"contentUrl\":\"https:\\\/\\\/hysolv.eu\\\/wp-content\\\/uploads\\\/LoginLogo-1.png\",\"width\":480,\"height\":229,\"caption\":\"Hysolv GmbH\"},\"image\":{\"@id\":\"https:\\\/\\\/hysolv.eu\\\/de#\\\/schema\\\/logo\\\/image\\\/\"},\"sameAs\":[\"https:\\\/\\\/www.facebook.com\\\/HysolvLtd\",\"https:\\\/\\\/www.instagram.com\\\/hysolvlimited\\\/\",\"https:\\\/\\\/www.linkedin.com\\\/company\\\/hysolv-limited\\\/about\\\/\"]}]}<\/script>\n<!-- \/ Yoast SEO plugin. -->","yoast_head_json":{"title":"Aquakultur-Biosicherheitsl\u00f6sungen f\u00fcr die Fischzucht | Hysolv","description":"Professionelle Biosicherheitsl\u00f6sungen f\u00fcr die Aquakultur und Fischzucht. Hygiene, Oberfl\u00e4chendesinfektion, Wasseraufbereitung und Reinigung f\u00fcr stabile und gesunde Produktionssysteme.","robots":{"index":"index","follow":"follow","max-snippet":"max-snippet:-1","max-image-preview":"max-image-preview:large","max-video-preview":"max-video-preview:-1"},"canonical":"https:\/\/hysolv.eu\/de\/produkte\/aquakultur","og_locale":"de_DE","og_type":"article","og_title":"Aquakultur-Biosicherheitsl\u00f6sungen f\u00fcr die Fischzucht | Hysolv","og_description":"Professionelle Biosicherheitsl\u00f6sungen f\u00fcr die Aquakultur und Fischzucht. Hygiene, Oberfl\u00e4chendesinfektion, Wasseraufbereitung und Reinigung f\u00fcr stabile und gesunde Produktionssysteme.","og_url":"https:\/\/hysolv.eu\/de\/produkte\/aquakultur","og_site_name":"Hysolv","article_publisher":"https:\/\/www.facebook.com\/HysolvLtd","article_modified_time":"2026-04-01T10:21:31+00:00","twitter_card":"summary_large_image","twitter_misc":{"Gesch\u00e4tzte Lesezeit":"6\u00a0Minuten"},"schema":{"@context":"https:\/\/schema.org","@graph":[{"@type":"WebPage","@id":"https:\/\/hysolv.eu\/de\/produkte\/aquakultur","url":"https:\/\/hysolv.eu\/de\/produkte\/aquakultur","name":"Aquakultur-Biosicherheitsl\u00f6sungen f\u00fcr die Fischzucht | Hysolv","isPartOf":{"@id":"https:\/\/hysolv.eu\/de#website"},"datePublished":"2026-02-06T06:56:11+00:00","dateModified":"2026-04-01T10:21:31+00:00","description":"Professionelle Biosicherheitsl\u00f6sungen f\u00fcr die Aquakultur und Fischzucht. Hygiene, Oberfl\u00e4chendesinfektion, Wasseraufbereitung und Reinigung f\u00fcr stabile und gesunde Produktionssysteme.","breadcrumb":{"@id":"https:\/\/hysolv.eu\/de\/produkte\/aquakultur#breadcrumb"},"inLanguage":"de","potentialAction":[{"@type":"ReadAction","target":["https:\/\/hysolv.eu\/de\/produkte\/aquakultur"]}]},{"@type":"BreadcrumbList","@id":"https:\/\/hysolv.eu\/de\/produkte\/aquakultur#breadcrumb","itemListElement":[{"@type":"ListItem","position":1,"name":"Home","item":"https:\/\/hysolv.eu\/de\/home-2"},{"@type":"ListItem","position":2,"name":"Produkte","item":"https:\/\/hysolv.eu\/de\/produkte"},{"@type":"ListItem","position":3,"name":"Aquakultur"}]},{"@type":"WebSite","@id":"https:\/\/hysolv.eu\/de#website","url":"https:\/\/hysolv.eu\/de","name":"Hysolv","description":"Supporting Animal Health &amp; Biosecurity","publisher":{"@id":"https:\/\/hysolv.eu\/de#organization"},"potentialAction":[{"@type":"SearchAction","target":{"@type":"EntryPoint","urlTemplate":"https:\/\/hysolv.eu\/de?s={search_term_string}"},"query-input":{"@type":"PropertyValueSpecification","valueRequired":true,"valueName":"search_term_string"}}],"inLanguage":"de"},{"@type":"Organization","@id":"https:\/\/hysolv.eu\/de#organization","name":"Hysolv GmbH","url":"https:\/\/hysolv.eu\/de","logo":{"@type":"ImageObject","inLanguage":"de","@id":"https:\/\/hysolv.eu\/de#\/schema\/logo\/image\/","url":"https:\/\/hysolv.eu\/wp-content\/uploads\/LoginLogo-1.png","contentUrl":"https:\/\/hysolv.eu\/wp-content\/uploads\/LoginLogo-1.png","width":480,"height":229,"caption":"Hysolv GmbH"},"image":{"@id":"https:\/\/hysolv.eu\/de#\/schema\/logo\/image\/"},"sameAs":["https:\/\/www.facebook.com\/HysolvLtd","https:\/\/www.instagram.com\/hysolvlimited\/","https:\/\/www.linkedin.com\/company\/hysolv-limited\/about\/"]}]}},"_links":{"self":[{"href":"https:\/\/hysolv.eu\/de\/wp-json\/wp\/v2\/pages\/4396","targetHints":{"allow":["GET"]}}],"collection":[{"href":"https:\/\/hysolv.eu\/de\/wp-json\/wp\/v2\/pages"}],"about":[{"href":"https:\/\/hysolv.eu\/de\/wp-json\/wp\/v2\/types\/page"}],"author":[{"embeddable":true,"href":"https:\/\/hysolv.eu\/de\/wp-json\/wp\/v2\/users\/9"}],"replies":[{"embeddable":true,"href":"https:\/\/hysolv.eu\/de\/wp-json\/wp\/v2\/comments?post=4396"}],"version-history":[{"count":0,"href":"https:\/\/hysolv.eu\/de\/wp-json\/wp\/v2\/pages\/4396\/revisions"}],"up":[{"embeddable":true,"href":"https:\/\/hysolv.eu\/de\/wp-json\/wp\/v2\/pages\/3812"}],"wp:attachment":[{"href":"https:\/\/hysolv.eu\/de\/wp-json\/wp\/v2\/media?parent=4396"}],"curies":[{"name":"wp","href":"https:\/\/api.w.org\/{rel}","templated":true}]}}