{"id":2241,"date":"2021-11-15T14:49:32","date_gmt":"2021-11-15T13:49:32","guid":{"rendered":"https:\/\/hysolv.eu\/product\/interask"},"modified":"2026-04-07T14:49:13","modified_gmt":"2026-04-07T13:49:13","slug":"interask","status":"publish","type":"product","link":"https:\/\/hysolv.eu\/de\/produkt\/interask","title":{"rendered":"Interask"},"content":{"rendered":"<p>Interask ist ein hochkonzentriertes Spezialdesinfektionsmittel mit ausgepr\u00e4gter Wirksamkeit gegen Spulwurmeier, Kokzidien-Oozysten, Bakterien, Pilze und Viren.<br \/>Die Wirksamkeit wurde unabh\u00e4ngig gem\u00e4\u00df europ\u00e4ischen veterin\u00e4rmedizinischen Standards best\u00e4tigt; das Produkt ist sowohl bei der DVG als auch beim IHO gelistet.<br \/>Interask ist speziell f\u00fcr anspruchsvolle Hygieneanforderungen konzipiert, insbesondere bei Parasiten und widerstandsf\u00e4higen Krankheitserregern.  <\/p>\n<p>&nbsp;<\/p>\n","protected":false},"excerpt":{"rendered":"<p>Hochkonzentriertes Desinfektionsmittel, wirksam gegen Spulwurmeier, Kokzidien, Bakterien, Pilze und Viren f\u00fcr anspruchsvolle Hygieneanwendungen.<\/p>\n<p>&nbsp;<\/p>\n","protected":false},"featured_media":4572,"template":"","meta":[],"product_brand":[],"product_cat":[455,456,1005],"product_tag":[],"class_list":{"0":"post-2241","1":"product","2":"type-product","3":"status-publish","4":"has-post-thumbnail","6":"product_cat-desinfektionsmittel","7":"product_cat-haustiere","8":"product_cat-schweine","11":"first","12":"instock","13":"shipping-taxable","14":"product-type-simple"},"yoast_head":"<!-- This site is optimized with the Yoast SEO plugin v27.4 - https:\/\/yoast.com\/product\/yoast-seo-wordpress\/ -->\n<title>Interask | Hysolv<\/title>\n<meta name=\"description\" content=\"Hochkonzentriertes Spezial-Desinfektionsmittel f\u00fcr die Tierhaltung. Wirksam gegen Spulwurmeier, Kokzidien, Bakterien, Pilze und Viren \u2013 f\u00fcr zuverl\u00e4ssige Stallhygiene.\" \/>\n<meta name=\"robots\" content=\"index, follow, max-snippet:-1, max-image-preview:large, max-video-preview:-1\" \/>\n<link rel=\"canonical\" href=\"https:\/\/hysolv.eu\/de\/produkt\/interask\" \/>\n<meta property=\"og:locale\" content=\"de_DE\" \/>\n<meta property=\"og:type\" content=\"article\" \/>\n<meta property=\"og:title\" content=\"Interask | Hysolv\" \/>\n<meta property=\"og:description\" content=\"Hochkonzentriertes Spezial-Desinfektionsmittel f\u00fcr die Tierhaltung. Wirksam gegen Spulwurmeier, Kokzidien, Bakterien, Pilze und Viren \u2013 f\u00fcr zuverl\u00e4ssige Stallhygiene.\" \/>\n<meta property=\"og:url\" content=\"https:\/\/hysolv.eu\/de\/produkt\/interask\" \/>\n<meta property=\"og:site_name\" content=\"Hysolv\" \/>\n<meta property=\"article:publisher\" content=\"https:\/\/www.facebook.com\/HysolvLtd\" \/>\n<meta property=\"article:modified_time\" content=\"2026-04-07T13:49:13+00:00\" \/>\n<meta property=\"og:image\" content=\"https:\/\/hysolv.eu\/wp-content\/uploads\/2021\/09\/Interask.jpg\" \/>\n\t<meta property=\"og:image:width\" content=\"1071\" \/>\n\t<meta property=\"og:image:height\" content=\"714\" \/>\n\t<meta property=\"og:image:type\" content=\"image\/jpeg\" \/>\n<meta name=\"twitter:card\" content=\"summary_large_image\" \/>\n<script type=\"application\/ld+json\" class=\"yoast-schema-graph\">{\"@context\":\"https:\\\/\\\/schema.org\",\"@graph\":[{\"@type\":\"WebPage\",\"@id\":\"https:\\\/\\\/hysolv.eu\\\/de\\\/produkt\\\/interask\",\"url\":\"https:\\\/\\\/hysolv.eu\\\/de\\\/produkt\\\/interask\",\"name\":\"Interask | Hysolv\",\"isPartOf\":{\"@id\":\"https:\\\/\\\/hysolv.eu\\\/de#website\"},\"primaryImageOfPage\":{\"@id\":\"https:\\\/\\\/hysolv.eu\\\/de\\\/produkt\\\/interask#primaryimage\"},\"image\":{\"@id\":\"https:\\\/\\\/hysolv.eu\\\/de\\\/produkt\\\/interask#primaryimage\"},\"thumbnailUrl\":\"https:\\\/\\\/hysolv.eu\\\/wp-content\\\/uploads\\\/2021\\\/09\\\/Interask.jpg\",\"datePublished\":\"2021-11-15T13:49:32+00:00\",\"dateModified\":\"2026-04-07T13:49:13+00:00\",\"description\":\"Hochkonzentriertes Spezial-Desinfektionsmittel f\u00fcr die Tierhaltung. Wirksam gegen Spulwurmeier, Kokzidien, Bakterien, Pilze und Viren \u2013 f\u00fcr zuverl\u00e4ssige Stallhygiene.\",\"breadcrumb\":{\"@id\":\"https:\\\/\\\/hysolv.eu\\\/de\\\/produkt\\\/interask#breadcrumb\"},\"inLanguage\":\"de\",\"potentialAction\":[{\"@type\":\"ReadAction\",\"target\":[\"https:\\\/\\\/hysolv.eu\\\/de\\\/produkt\\\/interask\"]}]},{\"@type\":\"ImageObject\",\"inLanguage\":\"de\",\"@id\":\"https:\\\/\\\/hysolv.eu\\\/de\\\/produkt\\\/interask#primaryimage\",\"url\":\"https:\\\/\\\/hysolv.eu\\\/wp-content\\\/uploads\\\/2021\\\/09\\\/Interask.jpg\",\"contentUrl\":\"https:\\\/\\\/hysolv.eu\\\/wp-content\\\/uploads\\\/2021\\\/09\\\/Interask.jpg\",\"width\":1071,\"height\":714,\"caption\":\"Interask livestock housing disinfectant in blue container, effective against bacteria, viruses, fungi, parasites, and red mite in animal housing\"},{\"@type\":\"BreadcrumbList\",\"@id\":\"https:\\\/\\\/hysolv.eu\\\/de\\\/produkt\\\/interask#breadcrumb\",\"itemListElement\":[{\"@type\":\"ListItem\",\"position\":1,\"name\":\"Home\",\"item\":\"https:\\\/\\\/hysolv.eu\\\/de\"},{\"@type\":\"ListItem\",\"position\":2,\"name\":\"Shop\",\"item\":\"https:\\\/\\\/hysolv.eu\\\/de\\\/shop\"},{\"@type\":\"ListItem\",\"position\":3,\"name\":\"Interask\"}]},{\"@type\":\"WebSite\",\"@id\":\"https:\\\/\\\/hysolv.eu\\\/de#website\",\"url\":\"https:\\\/\\\/hysolv.eu\\\/de\",\"name\":\"Hysolv\",\"description\":\"Supporting Animal Health &amp; Biosecurity\",\"publisher\":{\"@id\":\"https:\\\/\\\/hysolv.eu\\\/de#organization\"},\"potentialAction\":[{\"@type\":\"SearchAction\",\"target\":{\"@type\":\"EntryPoint\",\"urlTemplate\":\"https:\\\/\\\/hysolv.eu\\\/de?s={search_term_string}\"},\"query-input\":{\"@type\":\"PropertyValueSpecification\",\"valueRequired\":true,\"valueName\":\"search_term_string\"}}],\"inLanguage\":\"de\"},{\"@type\":\"Organization\",\"@id\":\"https:\\\/\\\/hysolv.eu\\\/de#organization\",\"name\":\"Hysolv GmbH\",\"url\":\"https:\\\/\\\/hysolv.eu\\\/de\",\"logo\":{\"@type\":\"ImageObject\",\"inLanguage\":\"de\",\"@id\":\"https:\\\/\\\/hysolv.eu\\\/de#\\\/schema\\\/logo\\\/image\\\/\",\"url\":\"https:\\\/\\\/hysolv.eu\\\/wp-content\\\/uploads\\\/LoginLogo-1.png\",\"contentUrl\":\"https:\\\/\\\/hysolv.eu\\\/wp-content\\\/uploads\\\/LoginLogo-1.png\",\"width\":480,\"height\":229,\"caption\":\"Hysolv GmbH\"},\"image\":{\"@id\":\"https:\\\/\\\/hysolv.eu\\\/de#\\\/schema\\\/logo\\\/image\\\/\"},\"sameAs\":[\"https:\\\/\\\/www.facebook.com\\\/HysolvLtd\",\"https:\\\/\\\/www.instagram.com\\\/hysolvlimited\\\/\",\"https:\\\/\\\/www.linkedin.com\\\/company\\\/hysolv-limited\\\/about\\\/\"]}]}<\/script>\n<!-- \/ Yoast SEO plugin. -->","yoast_head_json":{"title":"Interask | Hysolv","description":"Hochkonzentriertes Spezial-Desinfektionsmittel f\u00fcr die Tierhaltung. Wirksam gegen Spulwurmeier, Kokzidien, Bakterien, Pilze und Viren \u2013 f\u00fcr zuverl\u00e4ssige Stallhygiene.","robots":{"index":"index","follow":"follow","max-snippet":"max-snippet:-1","max-image-preview":"max-image-preview:large","max-video-preview":"max-video-preview:-1"},"canonical":"https:\/\/hysolv.eu\/de\/produkt\/interask","og_locale":"de_DE","og_type":"article","og_title":"Interask | Hysolv","og_description":"Hochkonzentriertes Spezial-Desinfektionsmittel f\u00fcr die Tierhaltung. Wirksam gegen Spulwurmeier, Kokzidien, Bakterien, Pilze und Viren \u2013 f\u00fcr zuverl\u00e4ssige Stallhygiene.","og_url":"https:\/\/hysolv.eu\/de\/produkt\/interask","og_site_name":"Hysolv","article_publisher":"https:\/\/www.facebook.com\/HysolvLtd","article_modified_time":"2026-04-07T13:49:13+00:00","og_image":[{"width":1071,"height":714,"url":"https:\/\/hysolv.eu\/wp-content\/uploads\/2021\/09\/Interask.jpg","type":"image\/jpeg"}],"twitter_card":"summary_large_image","schema":{"@context":"https:\/\/schema.org","@graph":[{"@type":"WebPage","@id":"https:\/\/hysolv.eu\/de\/produkt\/interask","url":"https:\/\/hysolv.eu\/de\/produkt\/interask","name":"Interask | Hysolv","isPartOf":{"@id":"https:\/\/hysolv.eu\/de#website"},"primaryImageOfPage":{"@id":"https:\/\/hysolv.eu\/de\/produkt\/interask#primaryimage"},"image":{"@id":"https:\/\/hysolv.eu\/de\/produkt\/interask#primaryimage"},"thumbnailUrl":"https:\/\/hysolv.eu\/wp-content\/uploads\/2021\/09\/Interask.jpg","datePublished":"2021-11-15T13:49:32+00:00","dateModified":"2026-04-07T13:49:13+00:00","description":"Hochkonzentriertes Spezial-Desinfektionsmittel f\u00fcr die Tierhaltung. Wirksam gegen Spulwurmeier, Kokzidien, Bakterien, Pilze und Viren \u2013 f\u00fcr zuverl\u00e4ssige Stallhygiene.","breadcrumb":{"@id":"https:\/\/hysolv.eu\/de\/produkt\/interask#breadcrumb"},"inLanguage":"de","potentialAction":[{"@type":"ReadAction","target":["https:\/\/hysolv.eu\/de\/produkt\/interask"]}]},{"@type":"ImageObject","inLanguage":"de","@id":"https:\/\/hysolv.eu\/de\/produkt\/interask#primaryimage","url":"https:\/\/hysolv.eu\/wp-content\/uploads\/2021\/09\/Interask.jpg","contentUrl":"https:\/\/hysolv.eu\/wp-content\/uploads\/2021\/09\/Interask.jpg","width":1071,"height":714,"caption":"Interask livestock housing disinfectant in blue container, effective against bacteria, viruses, fungi, parasites, and red mite in animal housing"},{"@type":"BreadcrumbList","@id":"https:\/\/hysolv.eu\/de\/produkt\/interask#breadcrumb","itemListElement":[{"@type":"ListItem","position":1,"name":"Home","item":"https:\/\/hysolv.eu\/de"},{"@type":"ListItem","position":2,"name":"Shop","item":"https:\/\/hysolv.eu\/de\/shop"},{"@type":"ListItem","position":3,"name":"Interask"}]},{"@type":"WebSite","@id":"https:\/\/hysolv.eu\/de#website","url":"https:\/\/hysolv.eu\/de","name":"Hysolv","description":"Supporting Animal Health &amp; Biosecurity","publisher":{"@id":"https:\/\/hysolv.eu\/de#organization"},"potentialAction":[{"@type":"SearchAction","target":{"@type":"EntryPoint","urlTemplate":"https:\/\/hysolv.eu\/de?s={search_term_string}"},"query-input":{"@type":"PropertyValueSpecification","valueRequired":true,"valueName":"search_term_string"}}],"inLanguage":"de"},{"@type":"Organization","@id":"https:\/\/hysolv.eu\/de#organization","name":"Hysolv GmbH","url":"https:\/\/hysolv.eu\/de","logo":{"@type":"ImageObject","inLanguage":"de","@id":"https:\/\/hysolv.eu\/de#\/schema\/logo\/image\/","url":"https:\/\/hysolv.eu\/wp-content\/uploads\/LoginLogo-1.png","contentUrl":"https:\/\/hysolv.eu\/wp-content\/uploads\/LoginLogo-1.png","width":480,"height":229,"caption":"Hysolv GmbH"},"image":{"@id":"https:\/\/hysolv.eu\/de#\/schema\/logo\/image\/"},"sameAs":["https:\/\/www.facebook.com\/HysolvLtd","https:\/\/www.instagram.com\/hysolvlimited\/","https:\/\/www.linkedin.com\/company\/hysolv-limited\/about\/"]}]}},"_links":{"self":[{"href":"https:\/\/hysolv.eu\/de\/wp-json\/wp\/v2\/product\/2241","targetHints":{"allow":["GET"]}}],"collection":[{"href":"https:\/\/hysolv.eu\/de\/wp-json\/wp\/v2\/product"}],"about":[{"href":"https:\/\/hysolv.eu\/de\/wp-json\/wp\/v2\/types\/product"}],"wp:featuredmedia":[{"embeddable":true,"href":"https:\/\/hysolv.eu\/de\/wp-json\/wp\/v2\/media\/4572"}],"wp:attachment":[{"href":"https:\/\/hysolv.eu\/de\/wp-json\/wp\/v2\/media?parent=2241"}],"wp:term":[{"taxonomy":"product_brand","embeddable":true,"href":"https:\/\/hysolv.eu\/de\/wp-json\/wp\/v2\/product_brand?post=2241"},{"taxonomy":"product_cat","embeddable":true,"href":"https:\/\/hysolv.eu\/de\/wp-json\/wp\/v2\/product_cat?post=2241"},{"taxonomy":"product_tag","embeddable":true,"href":"https:\/\/hysolv.eu\/de\/wp-json\/wp\/v2\/product_tag?post=2241"}],"curies":[{"name":"wp","href":"https:\/\/api.w.org\/{rel}","templated":true}]}}