{"id":2311,"date":"2021-11-15T14:50:49","date_gmt":"2021-11-15T13:50:49","guid":{"rendered":"https:\/\/hysolv.eu\/product\/interaquades"},"modified":"2026-04-07T14:40:26","modified_gmt":"2026-04-07T13:40:26","slug":"interaquades","status":"publish","type":"product","link":"https:\/\/hysolv.eu\/de\/produkt\/interaquades","title":{"rendered":"Interaquades"},"content":{"rendered":"<p>Inter Aquades desinfiziert das Wassersystem zwischen den Herden. Inter Aquades wurde im Labor getestet und hat sich als wirksam erwiesen gegen: S.aureus, S.faecium,Salmonellen, Lactobacillus, P.aeruginosa, E.coli, Citrobacter ssp. Gr\u00fcne Algen. Candida albicans.   <\/p>\n<p>&nbsp;<\/p>\n<a  class=\"x-btn x-btn-real x-btn-rounded x-btn-mini\"  href=\"https:\/\/hysolv.eu\/wp-content\/uploads\/Inter-Aquades-2020-.pdf\" title=\"Inter Aquades 2020\" target=\"_blank\" rel=\"noopener noreferrer\"   data-options=\"thumbnail: ''\">PRODUKTINFORMATIONSBLATT<\/a>\n","protected":false},"excerpt":{"rendered":"<p>Inter Aquades desinfiziert das Wassersystem zwischen den Herden. Inter Aquades wurde im Labor getestet und hat sich als wirksam erwiesen gegen: S.aureus, S.faecium,Salmonellen, Lactobacillus, P.aeruginosa, E.coli, Citrobacter ssp. Gr\u00fcne Algen. Candida albicans.   <\/p>\n","protected":false},"featured_media":2312,"template":"","meta":{"rs_blank_template":"","rs_page_bg_color":"","slide_template_v7":""},"product_brand":[],"product_cat":[455,1004],"product_tag":[],"class_list":{"0":"post-2311","1":"product","2":"type-product","3":"status-publish","4":"has-post-thumbnail","6":"product_cat-desinfektionsmittel","7":"product_cat-gefluegel","10":"first","11":"instock","12":"shipping-taxable","13":"product-type-simple"},"yoast_head":"<!-- This site is optimized with the Yoast SEO plugin v27.5 - https:\/\/yoast.com\/product\/yoast-seo-wordpress\/ -->\n<title>Interaquades | Hysolv<\/title>\n<meta name=\"description\" content=\"Wasserhygienel\u00f6sung f\u00fcr Tr\u00e4nkesysteme. Entfernt Biofilm und Ablagerungen und wirkt effektiv gegen Bakterien und Algen \u2013 f\u00fcr sauberes Wasser in der Tierhaltung.\" \/>\n<meta name=\"robots\" content=\"index, follow, max-snippet:-1, max-image-preview:large, max-video-preview:-1\" \/>\n<link rel=\"canonical\" href=\"https:\/\/hysolv.eu\/de\/produkt\/interaquades\" \/>\n<meta property=\"og:locale\" content=\"de_DE\" \/>\n<meta property=\"og:type\" content=\"article\" \/>\n<meta property=\"og:title\" content=\"Interaquades | Hysolv\" \/>\n<meta property=\"og:description\" content=\"Wasserhygienel\u00f6sung f\u00fcr Tr\u00e4nkesysteme. Entfernt Biofilm und Ablagerungen und wirkt effektiv gegen Bakterien und Algen \u2013 f\u00fcr sauberes Wasser in der Tierhaltung.\" \/>\n<meta property=\"og:url\" content=\"https:\/\/hysolv.eu\/de\/produkt\/interaquades\" \/>\n<meta property=\"og:site_name\" content=\"Hysolv\" \/>\n<meta property=\"article:publisher\" content=\"https:\/\/www.facebook.com\/HysolvLtd\" \/>\n<meta property=\"article:modified_time\" content=\"2026-04-07T13:40:26+00:00\" \/>\n<meta property=\"og:image\" content=\"https:\/\/hysolv.eu\/wp-content\/uploads\/interaquades.jpg\" \/>\n\t<meta property=\"og:image:width\" content=\"1071\" \/>\n\t<meta property=\"og:image:height\" content=\"714\" \/>\n\t<meta property=\"og:image:type\" content=\"image\/jpeg\" \/>\n<meta name=\"twitter:card\" content=\"summary_large_image\" \/>\n<script type=\"application\/ld+json\" class=\"yoast-schema-graph\">{\"@context\":\"https:\\\/\\\/schema.org\",\"@graph\":[{\"@type\":\"WebPage\",\"@id\":\"https:\\\/\\\/hysolv.eu\\\/de\\\/produkt\\\/interaquades\",\"url\":\"https:\\\/\\\/hysolv.eu\\\/de\\\/produkt\\\/interaquades\",\"name\":\"Interaquades | Hysolv\",\"isPartOf\":{\"@id\":\"https:\\\/\\\/hysolv.eu\\\/de#website\"},\"primaryImageOfPage\":{\"@id\":\"https:\\\/\\\/hysolv.eu\\\/de\\\/produkt\\\/interaquades#primaryimage\"},\"image\":{\"@id\":\"https:\\\/\\\/hysolv.eu\\\/de\\\/produkt\\\/interaquades#primaryimage\"},\"thumbnailUrl\":\"https:\\\/\\\/hysolv.eu\\\/wp-content\\\/uploads\\\/interaquades.jpg\",\"datePublished\":\"2021-11-15T13:50:49+00:00\",\"dateModified\":\"2026-04-07T13:40:26+00:00\",\"description\":\"Wasserhygienel\u00f6sung f\u00fcr Tr\u00e4nkesysteme. Entfernt Biofilm und Ablagerungen und wirkt effektiv gegen Bakterien und Algen \u2013 f\u00fcr sauberes Wasser in der Tierhaltung.\",\"breadcrumb\":{\"@id\":\"https:\\\/\\\/hysolv.eu\\\/de\\\/produkt\\\/interaquades#breadcrumb\"},\"inLanguage\":\"de\",\"potentialAction\":[{\"@type\":\"ReadAction\",\"target\":[\"https:\\\/\\\/hysolv.eu\\\/de\\\/produkt\\\/interaquades\"]}]},{\"@type\":\"ImageObject\",\"inLanguage\":\"de\",\"@id\":\"https:\\\/\\\/hysolv.eu\\\/de\\\/produkt\\\/interaquades#primaryimage\",\"url\":\"https:\\\/\\\/hysolv.eu\\\/wp-content\\\/uploads\\\/interaquades.jpg\",\"contentUrl\":\"https:\\\/\\\/hysolv.eu\\\/wp-content\\\/uploads\\\/interaquades.jpg\",\"width\":1071,\"height\":714,\"caption\":\"Inter Aquades Wasserhygienel\u00f6sung im blauen Kanister und in wei\u00dfer Flasche\"},{\"@type\":\"BreadcrumbList\",\"@id\":\"https:\\\/\\\/hysolv.eu\\\/de\\\/produkt\\\/interaquades#breadcrumb\",\"itemListElement\":[{\"@type\":\"ListItem\",\"position\":1,\"name\":\"Home\",\"item\":\"https:\\\/\\\/hysolv.eu\\\/de\"},{\"@type\":\"ListItem\",\"position\":2,\"name\":\"Shop\",\"item\":\"https:\\\/\\\/hysolv.eu\\\/de\\\/shop\"},{\"@type\":\"ListItem\",\"position\":3,\"name\":\"Interaquades\"}]},{\"@type\":\"WebSite\",\"@id\":\"https:\\\/\\\/hysolv.eu\\\/de#website\",\"url\":\"https:\\\/\\\/hysolv.eu\\\/de\",\"name\":\"Hysolv\",\"description\":\"Supporting Animal Health &amp; Biosecurity\",\"publisher\":{\"@id\":\"https:\\\/\\\/hysolv.eu\\\/de#organization\"},\"potentialAction\":[{\"@type\":\"SearchAction\",\"target\":{\"@type\":\"EntryPoint\",\"urlTemplate\":\"https:\\\/\\\/hysolv.eu\\\/de?s={search_term_string}\"},\"query-input\":{\"@type\":\"PropertyValueSpecification\",\"valueRequired\":true,\"valueName\":\"search_term_string\"}}],\"inLanguage\":\"de\"},{\"@type\":\"Organization\",\"@id\":\"https:\\\/\\\/hysolv.eu\\\/de#organization\",\"name\":\"Hysolv GmbH\",\"url\":\"https:\\\/\\\/hysolv.eu\\\/de\",\"logo\":{\"@type\":\"ImageObject\",\"inLanguage\":\"de\",\"@id\":\"https:\\\/\\\/hysolv.eu\\\/de#\\\/schema\\\/logo\\\/image\\\/\",\"url\":\"https:\\\/\\\/hysolv.eu\\\/wp-content\\\/uploads\\\/LoginLogo-1.png\",\"contentUrl\":\"https:\\\/\\\/hysolv.eu\\\/wp-content\\\/uploads\\\/LoginLogo-1.png\",\"width\":480,\"height\":229,\"caption\":\"Hysolv GmbH\"},\"image\":{\"@id\":\"https:\\\/\\\/hysolv.eu\\\/de#\\\/schema\\\/logo\\\/image\\\/\"},\"sameAs\":[\"https:\\\/\\\/www.facebook.com\\\/HysolvLtd\",\"https:\\\/\\\/www.instagram.com\\\/hysolvlimited\\\/\",\"https:\\\/\\\/www.linkedin.com\\\/company\\\/hysolv-limited\\\/about\\\/\"]}]}<\/script>\n<!-- \/ Yoast SEO plugin. -->","yoast_head_json":{"title":"Interaquades | Hysolv","description":"Wasserhygienel\u00f6sung f\u00fcr Tr\u00e4nkesysteme. Entfernt Biofilm und Ablagerungen und wirkt effektiv gegen Bakterien und Algen \u2013 f\u00fcr sauberes Wasser in der Tierhaltung.","robots":{"index":"index","follow":"follow","max-snippet":"max-snippet:-1","max-image-preview":"max-image-preview:large","max-video-preview":"max-video-preview:-1"},"canonical":"https:\/\/hysolv.eu\/de\/produkt\/interaquades","og_locale":"de_DE","og_type":"article","og_title":"Interaquades | Hysolv","og_description":"Wasserhygienel\u00f6sung f\u00fcr Tr\u00e4nkesysteme. Entfernt Biofilm und Ablagerungen und wirkt effektiv gegen Bakterien und Algen \u2013 f\u00fcr sauberes Wasser in der Tierhaltung.","og_url":"https:\/\/hysolv.eu\/de\/produkt\/interaquades","og_site_name":"Hysolv","article_publisher":"https:\/\/www.facebook.com\/HysolvLtd","article_modified_time":"2026-04-07T13:40:26+00:00","og_image":[{"width":1071,"height":714,"url":"https:\/\/hysolv.eu\/wp-content\/uploads\/interaquades.jpg","type":"image\/jpeg"}],"twitter_card":"summary_large_image","schema":{"@context":"https:\/\/schema.org","@graph":[{"@type":"WebPage","@id":"https:\/\/hysolv.eu\/de\/produkt\/interaquades","url":"https:\/\/hysolv.eu\/de\/produkt\/interaquades","name":"Interaquades | Hysolv","isPartOf":{"@id":"https:\/\/hysolv.eu\/de#website"},"primaryImageOfPage":{"@id":"https:\/\/hysolv.eu\/de\/produkt\/interaquades#primaryimage"},"image":{"@id":"https:\/\/hysolv.eu\/de\/produkt\/interaquades#primaryimage"},"thumbnailUrl":"https:\/\/hysolv.eu\/wp-content\/uploads\/interaquades.jpg","datePublished":"2021-11-15T13:50:49+00:00","dateModified":"2026-04-07T13:40:26+00:00","description":"Wasserhygienel\u00f6sung f\u00fcr Tr\u00e4nkesysteme. Entfernt Biofilm und Ablagerungen und wirkt effektiv gegen Bakterien und Algen \u2013 f\u00fcr sauberes Wasser in der Tierhaltung.","breadcrumb":{"@id":"https:\/\/hysolv.eu\/de\/produkt\/interaquades#breadcrumb"},"inLanguage":"de","potentialAction":[{"@type":"ReadAction","target":["https:\/\/hysolv.eu\/de\/produkt\/interaquades"]}]},{"@type":"ImageObject","inLanguage":"de","@id":"https:\/\/hysolv.eu\/de\/produkt\/interaquades#primaryimage","url":"https:\/\/hysolv.eu\/wp-content\/uploads\/interaquades.jpg","contentUrl":"https:\/\/hysolv.eu\/wp-content\/uploads\/interaquades.jpg","width":1071,"height":714,"caption":"Inter Aquades Wasserhygienel\u00f6sung im blauen Kanister und in wei\u00dfer Flasche"},{"@type":"BreadcrumbList","@id":"https:\/\/hysolv.eu\/de\/produkt\/interaquades#breadcrumb","itemListElement":[{"@type":"ListItem","position":1,"name":"Home","item":"https:\/\/hysolv.eu\/de"},{"@type":"ListItem","position":2,"name":"Shop","item":"https:\/\/hysolv.eu\/de\/shop"},{"@type":"ListItem","position":3,"name":"Interaquades"}]},{"@type":"WebSite","@id":"https:\/\/hysolv.eu\/de#website","url":"https:\/\/hysolv.eu\/de","name":"Hysolv","description":"Supporting Animal Health &amp; Biosecurity","publisher":{"@id":"https:\/\/hysolv.eu\/de#organization"},"potentialAction":[{"@type":"SearchAction","target":{"@type":"EntryPoint","urlTemplate":"https:\/\/hysolv.eu\/de?s={search_term_string}"},"query-input":{"@type":"PropertyValueSpecification","valueRequired":true,"valueName":"search_term_string"}}],"inLanguage":"de"},{"@type":"Organization","@id":"https:\/\/hysolv.eu\/de#organization","name":"Hysolv GmbH","url":"https:\/\/hysolv.eu\/de","logo":{"@type":"ImageObject","inLanguage":"de","@id":"https:\/\/hysolv.eu\/de#\/schema\/logo\/image\/","url":"https:\/\/hysolv.eu\/wp-content\/uploads\/LoginLogo-1.png","contentUrl":"https:\/\/hysolv.eu\/wp-content\/uploads\/LoginLogo-1.png","width":480,"height":229,"caption":"Hysolv GmbH"},"image":{"@id":"https:\/\/hysolv.eu\/de#\/schema\/logo\/image\/"},"sameAs":["https:\/\/www.facebook.com\/HysolvLtd","https:\/\/www.instagram.com\/hysolvlimited\/","https:\/\/www.linkedin.com\/company\/hysolv-limited\/about\/"]}]}},"_links":{"self":[{"href":"https:\/\/hysolv.eu\/de\/wp-json\/wp\/v2\/product\/2311","targetHints":{"allow":["GET"]}}],"collection":[{"href":"https:\/\/hysolv.eu\/de\/wp-json\/wp\/v2\/product"}],"about":[{"href":"https:\/\/hysolv.eu\/de\/wp-json\/wp\/v2\/types\/product"}],"wp:featuredmedia":[{"embeddable":true,"href":"https:\/\/hysolv.eu\/de\/wp-json\/wp\/v2\/media\/2312"}],"wp:attachment":[{"href":"https:\/\/hysolv.eu\/de\/wp-json\/wp\/v2\/media?parent=2311"}],"wp:term":[{"taxonomy":"product_brand","embeddable":true,"href":"https:\/\/hysolv.eu\/de\/wp-json\/wp\/v2\/product_brand?post=2311"},{"taxonomy":"product_cat","embeddable":true,"href":"https:\/\/hysolv.eu\/de\/wp-json\/wp\/v2\/product_cat?post=2311"},{"taxonomy":"product_tag","embeddable":true,"href":"https:\/\/hysolv.eu\/de\/wp-json\/wp\/v2\/product_tag?post=2311"}],"curies":[{"name":"wp","href":"https:\/\/api.w.org\/{rel}","templated":true}]}}