{"id":4926,"date":"2026-03-26T07:06:52","date_gmt":"2026-03-26T06:06:52","guid":{"rendered":"https:\/\/hysolv.eu\/product\/interratox"},"modified":"2026-04-07T14:18:12","modified_gmt":"2026-04-07T13:18:12","slug":"interratox","status":"publish","type":"product","link":"https:\/\/hysolv.eu\/de\/produkt\/interratox","title":{"rendered":"Interratox"},"content":{"rendered":"<p>Interratox ist ein gebrauchsfertiges Rodentizid zur zuverl\u00e4ssigen t\u00f6dlichen Bek\u00e4mpfung von Ratten und M\u00e4usen. Seine Pelletformulierung auf Getreidebasis mit Bromadiolon bleibt selbst bei schwierigem Befall wirksam und bietet eine verbesserte Stabilit\u00e4t unter feuchten Bedingungen. Bitterstoffe reduzieren das Risiko der versehentlichen Aufnahme durch Haustiere und Vieh.  <\/p>\n<p>&nbsp;<\/p>\n","protected":false},"excerpt":{"rendered":"<div class=\"flex flex-col text-sm pb-25\">\n<article class=\"text-token-text-primary w-full focus:outline-none [--shadow-height:45px] has-data-writing-block:pointer-events-none has-data-writing-block:-mt-(--shadow-height) has-data-writing-block:pt-(--shadow-height) [&amp;:has([data-writing-block])&gt;*]:pointer-events-auto scroll-mt-[calc(var(--header-height)+min(200px,max(70px,20svh)))]\" dir=\"auto\" tabindex=\"-1\" data-turn-id=\"05ebb37e-eef1-4f61-9374-c8f289c3a83d\" data-testid=\"conversation-turn-266\" data-scroll-anchor=\"true\" data-turn=\"assistant\">\n<div class=\"text-base my-auto mx-auto pb-10 [--thread-content-margin:--spacing(4)] @w-sm\/main:[--thread-content-margin:--spacing(6)] @w-lg\/main:[--thread-content-margin:--spacing(16)] px-(--thread-content-margin)\">\n<div class=\"[--thread-content-max-width:40rem] @w-lg\/main:[--thread-content-max-width:48rem] mx-auto max-w-(--thread-content-max-width) flex-1 group\/turn-messages focus-visible:outline-hidden relative flex w-full min-w-0 flex-col agent-turn\" tabindex=\"-1\">\n<div class=\"flex max-w-full flex-col grow\">\n<div class=\"min-h-8 text-message relative flex w-full flex-col items-end gap-2 text-start break-words whitespace-normal [.text-message+&amp;]:mt-1\" dir=\"auto\" data-message-author-role=\"assistant\" data-message-id=\"92326bd8-8aef-4c61-9520-e9862e4c4f6b\" data-message-model-slug=\"gpt-5-2\">\n<div class=\"flex w-full flex-col gap-1 empty:hidden first:pt-[1px]\">Interratox ist ein gebrauchsfertiges Rodentizid-Pellet zur zuverl\u00e4ssigen Bek\u00e4mpfung von Ratten und M\u00e4usen in landwirtschaftlichen und industriellen Umgebungen.<\/div>\n<\/div>\n<\/div>\n<\/div>\n<\/div>\n<\/article>\n<\/div>\n<p>&nbsp;<\/p>\n","protected":false},"featured_media":4054,"template":"","meta":[],"product_brand":[],"product_cat":[1007,1004,456,453,1005,1006],"product_tag":[],"class_list":{"0":"post-4926","1":"product","2":"type-product","3":"status-publish","4":"has-post-thumbnail","6":"product_cat-aquakultur","7":"product_cat-gefluegel","8":"product_cat-haustiere","9":"product_cat-schaedlingsbekaempfung","10":"product_cat-schweine","11":"product_cat-wiederkaeuer","14":"first","15":"instock","16":"shipping-taxable","17":"product-type-simple"},"yoast_head":"<!-- This site is optimized with the Yoast SEO plugin v27.3 - https:\/\/yoast.com\/product\/yoast-seo-wordpress\/ -->\n<title>Interratox | Hysolv<\/title>\n<meta name=\"description\" content=\"Interratox ist ein gebrauchsfertiges Rodentizid in Pelletform zur effektiven Bek\u00e4mpfung von Ratten und M\u00e4usen in landwirtschaftlichen Umgebungen.\" \/>\n<meta name=\"robots\" content=\"index, follow, max-snippet:-1, max-image-preview:large, max-video-preview:-1\" \/>\n<link rel=\"canonical\" href=\"https:\/\/hysolv.eu\/de\/produkt\/interratox\" \/>\n<meta property=\"og:locale\" content=\"de_DE\" \/>\n<meta property=\"og:type\" content=\"article\" \/>\n<meta property=\"og:title\" content=\"Interratox | Hysolv\" \/>\n<meta property=\"og:description\" content=\"Interratox ist ein gebrauchsfertiges Rodentizid in Pelletform zur effektiven Bek\u00e4mpfung von Ratten und M\u00e4usen in landwirtschaftlichen Umgebungen.\" \/>\n<meta property=\"og:url\" content=\"https:\/\/hysolv.eu\/de\/produkt\/interratox\" \/>\n<meta property=\"og:site_name\" content=\"Hysolv\" \/>\n<meta property=\"article:publisher\" content=\"https:\/\/www.facebook.com\/HysolvLtd\" \/>\n<meta property=\"article:modified_time\" content=\"2026-04-07T13:18:12+00:00\" \/>\n<meta property=\"og:image\" content=\"https:\/\/hysolv.eu\/wp-content\/uploads\/interratox.jpg\" \/>\n\t<meta property=\"og:image:width\" content=\"780\" \/>\n\t<meta property=\"og:image:height\" content=\"463\" \/>\n\t<meta property=\"og:image:type\" content=\"image\/jpeg\" \/>\n<meta name=\"twitter:card\" content=\"summary_large_image\" \/>\n<script type=\"application\/ld+json\" class=\"yoast-schema-graph\">{\"@context\":\"https:\\\/\\\/schema.org\",\"@graph\":[{\"@type\":\"WebPage\",\"@id\":\"https:\\\/\\\/hysolv.eu\\\/de\\\/produkt\\\/interratox\",\"url\":\"https:\\\/\\\/hysolv.eu\\\/de\\\/produkt\\\/interratox\",\"name\":\"Interratox | Hysolv\",\"isPartOf\":{\"@id\":\"https:\\\/\\\/hysolv.eu\\\/de#website\"},\"primaryImageOfPage\":{\"@id\":\"https:\\\/\\\/hysolv.eu\\\/de\\\/produkt\\\/interratox#primaryimage\"},\"image\":{\"@id\":\"https:\\\/\\\/hysolv.eu\\\/de\\\/produkt\\\/interratox#primaryimage\"},\"thumbnailUrl\":\"https:\\\/\\\/hysolv.eu\\\/wp-content\\\/uploads\\\/interratox.jpg\",\"datePublished\":\"2026-03-26T06:06:52+00:00\",\"dateModified\":\"2026-04-07T13:18:12+00:00\",\"description\":\"Interratox ist ein gebrauchsfertiges Rodentizid in Pelletform zur effektiven Bek\u00e4mpfung von Ratten und M\u00e4usen in landwirtschaftlichen Umgebungen.\",\"breadcrumb\":{\"@id\":\"https:\\\/\\\/hysolv.eu\\\/de\\\/produkt\\\/interratox#breadcrumb\"},\"inLanguage\":\"de\",\"potentialAction\":[{\"@type\":\"ReadAction\",\"target\":[\"https:\\\/\\\/hysolv.eu\\\/de\\\/produkt\\\/interratox\"]}]},{\"@type\":\"ImageObject\",\"inLanguage\":\"de\",\"@id\":\"https:\\\/\\\/hysolv.eu\\\/de\\\/produkt\\\/interratox#primaryimage\",\"url\":\"https:\\\/\\\/hysolv.eu\\\/wp-content\\\/uploads\\\/interratox.jpg\",\"contentUrl\":\"https:\\\/\\\/hysolv.eu\\\/wp-content\\\/uploads\\\/interratox.jpg\",\"width\":780,\"height\":463,\"caption\":\"Interratox Rodentizid-Pellets zur Bek\u00e4mpfung von Ratten und M\u00e4usen in landwirtschaftlichen Geb\u00e4uden\"},{\"@type\":\"BreadcrumbList\",\"@id\":\"https:\\\/\\\/hysolv.eu\\\/de\\\/produkt\\\/interratox#breadcrumb\",\"itemListElement\":[{\"@type\":\"ListItem\",\"position\":1,\"name\":\"Home\",\"item\":\"https:\\\/\\\/hysolv.eu\\\/de\\\/home-2\"},{\"@type\":\"ListItem\",\"position\":2,\"name\":\"Shop\",\"item\":\"https:\\\/\\\/hysolv.eu\\\/de\\\/shop\"},{\"@type\":\"ListItem\",\"position\":3,\"name\":\"Interratox\"}]},{\"@type\":\"WebSite\",\"@id\":\"https:\\\/\\\/hysolv.eu\\\/de#website\",\"url\":\"https:\\\/\\\/hysolv.eu\\\/de\",\"name\":\"Hysolv\",\"description\":\"Supporting Animal Health &amp; Biosecurity\",\"publisher\":{\"@id\":\"https:\\\/\\\/hysolv.eu\\\/de#organization\"},\"potentialAction\":[{\"@type\":\"SearchAction\",\"target\":{\"@type\":\"EntryPoint\",\"urlTemplate\":\"https:\\\/\\\/hysolv.eu\\\/de?s={search_term_string}\"},\"query-input\":{\"@type\":\"PropertyValueSpecification\",\"valueRequired\":true,\"valueName\":\"search_term_string\"}}],\"inLanguage\":\"de\"},{\"@type\":\"Organization\",\"@id\":\"https:\\\/\\\/hysolv.eu\\\/de#organization\",\"name\":\"Hysolv GmbH\",\"url\":\"https:\\\/\\\/hysolv.eu\\\/de\",\"logo\":{\"@type\":\"ImageObject\",\"inLanguage\":\"de\",\"@id\":\"https:\\\/\\\/hysolv.eu\\\/de#\\\/schema\\\/logo\\\/image\\\/\",\"url\":\"https:\\\/\\\/hysolv.eu\\\/wp-content\\\/uploads\\\/LoginLogo-1.png\",\"contentUrl\":\"https:\\\/\\\/hysolv.eu\\\/wp-content\\\/uploads\\\/LoginLogo-1.png\",\"width\":480,\"height\":229,\"caption\":\"Hysolv GmbH\"},\"image\":{\"@id\":\"https:\\\/\\\/hysolv.eu\\\/de#\\\/schema\\\/logo\\\/image\\\/\"},\"sameAs\":[\"https:\\\/\\\/www.facebook.com\\\/HysolvLtd\",\"https:\\\/\\\/www.instagram.com\\\/hysolvlimited\\\/\",\"https:\\\/\\\/www.linkedin.com\\\/company\\\/hysolv-limited\\\/about\\\/\"]}]}<\/script>\n<!-- \/ Yoast SEO plugin. -->","yoast_head_json":{"title":"Interratox | Hysolv","description":"Interratox ist ein gebrauchsfertiges Rodentizid in Pelletform zur effektiven Bek\u00e4mpfung von Ratten und M\u00e4usen in landwirtschaftlichen Umgebungen.","robots":{"index":"index","follow":"follow","max-snippet":"max-snippet:-1","max-image-preview":"max-image-preview:large","max-video-preview":"max-video-preview:-1"},"canonical":"https:\/\/hysolv.eu\/de\/produkt\/interratox","og_locale":"de_DE","og_type":"article","og_title":"Interratox | Hysolv","og_description":"Interratox ist ein gebrauchsfertiges Rodentizid in Pelletform zur effektiven Bek\u00e4mpfung von Ratten und M\u00e4usen in landwirtschaftlichen Umgebungen.","og_url":"https:\/\/hysolv.eu\/de\/produkt\/interratox","og_site_name":"Hysolv","article_publisher":"https:\/\/www.facebook.com\/HysolvLtd","article_modified_time":"2026-04-07T13:18:12+00:00","og_image":[{"width":780,"height":463,"url":"https:\/\/hysolv.eu\/wp-content\/uploads\/interratox.jpg","type":"image\/jpeg"}],"twitter_card":"summary_large_image","schema":{"@context":"https:\/\/schema.org","@graph":[{"@type":"WebPage","@id":"https:\/\/hysolv.eu\/de\/produkt\/interratox","url":"https:\/\/hysolv.eu\/de\/produkt\/interratox","name":"Interratox | Hysolv","isPartOf":{"@id":"https:\/\/hysolv.eu\/de#website"},"primaryImageOfPage":{"@id":"https:\/\/hysolv.eu\/de\/produkt\/interratox#primaryimage"},"image":{"@id":"https:\/\/hysolv.eu\/de\/produkt\/interratox#primaryimage"},"thumbnailUrl":"https:\/\/hysolv.eu\/wp-content\/uploads\/interratox.jpg","datePublished":"2026-03-26T06:06:52+00:00","dateModified":"2026-04-07T13:18:12+00:00","description":"Interratox ist ein gebrauchsfertiges Rodentizid in Pelletform zur effektiven Bek\u00e4mpfung von Ratten und M\u00e4usen in landwirtschaftlichen Umgebungen.","breadcrumb":{"@id":"https:\/\/hysolv.eu\/de\/produkt\/interratox#breadcrumb"},"inLanguage":"de","potentialAction":[{"@type":"ReadAction","target":["https:\/\/hysolv.eu\/de\/produkt\/interratox"]}]},{"@type":"ImageObject","inLanguage":"de","@id":"https:\/\/hysolv.eu\/de\/produkt\/interratox#primaryimage","url":"https:\/\/hysolv.eu\/wp-content\/uploads\/interratox.jpg","contentUrl":"https:\/\/hysolv.eu\/wp-content\/uploads\/interratox.jpg","width":780,"height":463,"caption":"Interratox Rodentizid-Pellets zur Bek\u00e4mpfung von Ratten und M\u00e4usen in landwirtschaftlichen Geb\u00e4uden"},{"@type":"BreadcrumbList","@id":"https:\/\/hysolv.eu\/de\/produkt\/interratox#breadcrumb","itemListElement":[{"@type":"ListItem","position":1,"name":"Home","item":"https:\/\/hysolv.eu\/de\/home-2"},{"@type":"ListItem","position":2,"name":"Shop","item":"https:\/\/hysolv.eu\/de\/shop"},{"@type":"ListItem","position":3,"name":"Interratox"}]},{"@type":"WebSite","@id":"https:\/\/hysolv.eu\/de#website","url":"https:\/\/hysolv.eu\/de","name":"Hysolv","description":"Supporting Animal Health &amp; Biosecurity","publisher":{"@id":"https:\/\/hysolv.eu\/de#organization"},"potentialAction":[{"@type":"SearchAction","target":{"@type":"EntryPoint","urlTemplate":"https:\/\/hysolv.eu\/de?s={search_term_string}"},"query-input":{"@type":"PropertyValueSpecification","valueRequired":true,"valueName":"search_term_string"}}],"inLanguage":"de"},{"@type":"Organization","@id":"https:\/\/hysolv.eu\/de#organization","name":"Hysolv GmbH","url":"https:\/\/hysolv.eu\/de","logo":{"@type":"ImageObject","inLanguage":"de","@id":"https:\/\/hysolv.eu\/de#\/schema\/logo\/image\/","url":"https:\/\/hysolv.eu\/wp-content\/uploads\/LoginLogo-1.png","contentUrl":"https:\/\/hysolv.eu\/wp-content\/uploads\/LoginLogo-1.png","width":480,"height":229,"caption":"Hysolv GmbH"},"image":{"@id":"https:\/\/hysolv.eu\/de#\/schema\/logo\/image\/"},"sameAs":["https:\/\/www.facebook.com\/HysolvLtd","https:\/\/www.instagram.com\/hysolvlimited\/","https:\/\/www.linkedin.com\/company\/hysolv-limited\/about\/"]}]}},"_links":{"self":[{"href":"https:\/\/hysolv.eu\/de\/wp-json\/wp\/v2\/product\/4926","targetHints":{"allow":["GET"]}}],"collection":[{"href":"https:\/\/hysolv.eu\/de\/wp-json\/wp\/v2\/product"}],"about":[{"href":"https:\/\/hysolv.eu\/de\/wp-json\/wp\/v2\/types\/product"}],"wp:featuredmedia":[{"embeddable":true,"href":"https:\/\/hysolv.eu\/de\/wp-json\/wp\/v2\/media\/4054"}],"wp:attachment":[{"href":"https:\/\/hysolv.eu\/de\/wp-json\/wp\/v2\/media?parent=4926"}],"wp:term":[{"taxonomy":"product_brand","embeddable":true,"href":"https:\/\/hysolv.eu\/de\/wp-json\/wp\/v2\/product_brand?post=4926"},{"taxonomy":"product_cat","embeddable":true,"href":"https:\/\/hysolv.eu\/de\/wp-json\/wp\/v2\/product_cat?post=4926"},{"taxonomy":"product_tag","embeddable":true,"href":"https:\/\/hysolv.eu\/de\/wp-json\/wp\/v2\/product_tag?post=4926"}],"curies":[{"name":"wp","href":"https:\/\/api.w.org\/{rel}","templated":true}]}}