{"id":4932,"date":"2026-03-26T07:25:46","date_gmt":"2026-03-26T06:25:46","guid":{"rendered":"https:\/\/hysolv.eu\/product\/interdor-parfuem"},"modified":"2026-04-07T14:34:29","modified_gmt":"2026-04-07T13:34:29","slug":"interdor-parfuem","status":"publish","type":"product","link":"https:\/\/hysolv.eu\/de\/produkt\/interdor-parfuem","title":{"rendered":"Interdor Parf\u00fcm"},"content":{"rendered":"<p>Interdor Perfume ist ein Maskierungsparf\u00fcm, das entwickelt wurde, um Stress und aggressives Verhalten bei Tieren zu reduzieren. Indem es den nat\u00fcrlichen Geruch der verschiedenen Tiergruppen verschleiert, hilft es, Rangordnungsk\u00e4mpfe zu verhindern, insbesondere bei Schweinen. Dies f\u00f6rdert eine ruhigere Integration und ein besseres Wohlergehen der Tiere.  <\/p>\n","protected":false},"excerpt":{"rendered":"<div class=\"flex flex-col text-sm pb-25\">\n<article class=\"text-token-text-primary w-full focus:outline-none [--shadow-height:45px] has-data-writing-block:pointer-events-none has-data-writing-block:-mt-(--shadow-height) has-data-writing-block:pt-(--shadow-height) [&amp;:has([data-writing-block])&gt;*]:pointer-events-auto scroll-mt-[calc(var(--header-height)+min(200px,max(70px,20svh)))]\" dir=\"auto\" tabindex=\"-1\" data-turn-id=\"05ebb37e-eef1-4f61-9374-c8f289c3a83d\" data-testid=\"conversation-turn-266\" data-scroll-anchor=\"true\" data-turn=\"assistant\">\n<div class=\"text-base my-auto mx-auto pb-10 [--thread-content-margin:--spacing(4)] @w-sm\/main:[--thread-content-margin:--spacing(6)] @w-lg\/main:[--thread-content-margin:--spacing(16)] px-(--thread-content-margin)\">\n<div class=\"[--thread-content-max-width:40rem] @w-lg\/main:[--thread-content-max-width:48rem] mx-auto max-w-(--thread-content-max-width) flex-1 group\/turn-messages focus-visible:outline-hidden relative flex w-full min-w-0 flex-col agent-turn\" tabindex=\"-1\">\n<div class=\"flex max-w-full flex-col grow\">\n<div class=\"min-h-8 text-message relative flex w-full flex-col items-end gap-2 text-start break-words whitespace-normal [.text-message+&amp;]:mt-1\" dir=\"auto\" data-message-author-role=\"assistant\" data-message-id=\"92326bd8-8aef-4c61-9520-e9862e4c4f6b\" data-message-model-slug=\"gpt-5-2\">\n<div class=\"flex w-full flex-col gap-1 empty:hidden first:pt-[1px]\">Interdor Perfume ist ein Maskierungsparf\u00fcm, das Stress, Aggression und Rangordnungsk\u00e4mpfe bei Tieren, insbesondere bei Schweinen, reduziert, indem es gruppenspezifische Ger\u00fcche w\u00e4hrend des Mischens und des Transports verschleiert.<\/div>\n<\/div>\n<\/div>\n<\/div>\n<\/div>\n<\/article>\n<\/div>\n","protected":false},"featured_media":3998,"template":"","meta":[],"product_brand":[],"product_cat":[438,1005],"product_tag":[],"class_list":{"0":"post-4932","1":"product","2":"type-product","3":"status-publish","4":"has-post-thumbnail","6":"product_cat-reinigung","7":"product_cat-schweine","10":"first","11":"instock","12":"shipping-taxable","13":"product-type-simple"},"yoast_head":"<!-- This site is optimized with the Yoast SEO plugin v27.4 - https:\/\/yoast.com\/product\/yoast-seo-wordpress\/ -->\n<title>Interdor Parf\u00fcm | Hysolv<\/title>\n<meta name=\"description\" content=\"Interdor Perfume ist ein Maskierungsduft zur Reduzierung von Stress, Bissverletzungen und Rangk\u00e4mpfen bei Tieren \u2013 besonders bei Schweinen w\u00e4hrend der Umstallung.\" \/>\n<meta name=\"robots\" content=\"index, follow, max-snippet:-1, max-image-preview:large, max-video-preview:-1\" \/>\n<link rel=\"canonical\" href=\"https:\/\/hysolv.eu\/de\/produkt\/interdor-parfuem\" \/>\n<meta property=\"og:locale\" content=\"de_DE\" \/>\n<meta property=\"og:type\" content=\"article\" \/>\n<meta property=\"og:title\" content=\"Interdor Parf\u00fcm | Hysolv\" \/>\n<meta property=\"og:description\" content=\"Interdor Perfume ist ein Maskierungsduft zur Reduzierung von Stress, Bissverletzungen und Rangk\u00e4mpfen bei Tieren \u2013 besonders bei Schweinen w\u00e4hrend der Umstallung.\" \/>\n<meta property=\"og:url\" content=\"https:\/\/hysolv.eu\/de\/produkt\/interdor-parfuem\" \/>\n<meta property=\"og:site_name\" content=\"Hysolv\" \/>\n<meta property=\"article:publisher\" content=\"https:\/\/www.facebook.com\/HysolvLtd\" \/>\n<meta property=\"article:modified_time\" content=\"2026-04-07T13:34:29+00:00\" \/>\n<meta property=\"og:image\" content=\"https:\/\/hysolv.eu\/wp-content\/uploads\/interdor-perfume.jpg\" \/>\n\t<meta property=\"og:image:width\" content=\"612\" \/>\n\t<meta property=\"og:image:height\" content=\"1200\" \/>\n\t<meta property=\"og:image:type\" content=\"image\/jpeg\" \/>\n<meta name=\"twitter:card\" content=\"summary_large_image\" \/>\n<script type=\"application\/ld+json\" class=\"yoast-schema-graph\">{\"@context\":\"https:\\\/\\\/schema.org\",\"@graph\":[{\"@type\":\"WebPage\",\"@id\":\"https:\\\/\\\/hysolv.eu\\\/de\\\/produkt\\\/interdor-parfuem\",\"url\":\"https:\\\/\\\/hysolv.eu\\\/de\\\/produkt\\\/interdor-parfuem\",\"name\":\"Interdor Parf\u00fcm | Hysolv\",\"isPartOf\":{\"@id\":\"https:\\\/\\\/hysolv.eu\\\/de#website\"},\"primaryImageOfPage\":{\"@id\":\"https:\\\/\\\/hysolv.eu\\\/de\\\/produkt\\\/interdor-parfuem#primaryimage\"},\"image\":{\"@id\":\"https:\\\/\\\/hysolv.eu\\\/de\\\/produkt\\\/interdor-parfuem#primaryimage\"},\"thumbnailUrl\":\"https:\\\/\\\/hysolv.eu\\\/wp-content\\\/uploads\\\/interdor-perfume.jpg\",\"datePublished\":\"2026-03-26T06:25:46+00:00\",\"dateModified\":\"2026-04-07T13:34:29+00:00\",\"description\":\"Interdor Perfume ist ein Maskierungsduft zur Reduzierung von Stress, Bissverletzungen und Rangk\u00e4mpfen bei Tieren \u2013 besonders bei Schweinen w\u00e4hrend der Umstallung.\",\"breadcrumb\":{\"@id\":\"https:\\\/\\\/hysolv.eu\\\/de\\\/produkt\\\/interdor-parfuem#breadcrumb\"},\"inLanguage\":\"de\",\"potentialAction\":[{\"@type\":\"ReadAction\",\"target\":[\"https:\\\/\\\/hysolv.eu\\\/de\\\/produkt\\\/interdor-parfuem\"]}]},{\"@type\":\"ImageObject\",\"inLanguage\":\"de\",\"@id\":\"https:\\\/\\\/hysolv.eu\\\/de\\\/produkt\\\/interdor-parfuem#primaryimage\",\"url\":\"https:\\\/\\\/hysolv.eu\\\/wp-content\\\/uploads\\\/interdor-perfume.jpg\",\"contentUrl\":\"https:\\\/\\\/hysolv.eu\\\/wp-content\\\/uploads\\\/interdor-perfume.jpg\",\"width\":612,\"height\":1200,\"caption\":\"Interdor Perfume ist ein Maskierungsduft zur Reduzierung von Stress und aggressivem Verhalten bei Tieren. Durch das \u00dcberdecken des Eigengeruchs verschiedener Tiergruppen hilft es, Rangk\u00e4mpfe \u2013 insbesondere bei Schweinen \u2013 zu vermeiden und unterst\u00fctzt eine ruhigere Integration sowie mehr Tierwohl.\"},{\"@type\":\"BreadcrumbList\",\"@id\":\"https:\\\/\\\/hysolv.eu\\\/de\\\/produkt\\\/interdor-parfuem#breadcrumb\",\"itemListElement\":[{\"@type\":\"ListItem\",\"position\":1,\"name\":\"Home\",\"item\":\"https:\\\/\\\/hysolv.eu\\\/de\\\/home-2\"},{\"@type\":\"ListItem\",\"position\":2,\"name\":\"Shop\",\"item\":\"https:\\\/\\\/hysolv.eu\\\/de\\\/shop\"},{\"@type\":\"ListItem\",\"position\":3,\"name\":\"Interdor Parf\u00fcm\"}]},{\"@type\":\"WebSite\",\"@id\":\"https:\\\/\\\/hysolv.eu\\\/de#website\",\"url\":\"https:\\\/\\\/hysolv.eu\\\/de\",\"name\":\"Hysolv\",\"description\":\"Supporting Animal Health &amp; Biosecurity\",\"publisher\":{\"@id\":\"https:\\\/\\\/hysolv.eu\\\/de#organization\"},\"potentialAction\":[{\"@type\":\"SearchAction\",\"target\":{\"@type\":\"EntryPoint\",\"urlTemplate\":\"https:\\\/\\\/hysolv.eu\\\/de?s={search_term_string}\"},\"query-input\":{\"@type\":\"PropertyValueSpecification\",\"valueRequired\":true,\"valueName\":\"search_term_string\"}}],\"inLanguage\":\"de\"},{\"@type\":\"Organization\",\"@id\":\"https:\\\/\\\/hysolv.eu\\\/de#organization\",\"name\":\"Hysolv GmbH\",\"url\":\"https:\\\/\\\/hysolv.eu\\\/de\",\"logo\":{\"@type\":\"ImageObject\",\"inLanguage\":\"de\",\"@id\":\"https:\\\/\\\/hysolv.eu\\\/de#\\\/schema\\\/logo\\\/image\\\/\",\"url\":\"https:\\\/\\\/hysolv.eu\\\/wp-content\\\/uploads\\\/LoginLogo-1.png\",\"contentUrl\":\"https:\\\/\\\/hysolv.eu\\\/wp-content\\\/uploads\\\/LoginLogo-1.png\",\"width\":480,\"height\":229,\"caption\":\"Hysolv GmbH\"},\"image\":{\"@id\":\"https:\\\/\\\/hysolv.eu\\\/de#\\\/schema\\\/logo\\\/image\\\/\"},\"sameAs\":[\"https:\\\/\\\/www.facebook.com\\\/HysolvLtd\",\"https:\\\/\\\/www.instagram.com\\\/hysolvlimited\\\/\",\"https:\\\/\\\/www.linkedin.com\\\/company\\\/hysolv-limited\\\/about\\\/\"]}]}<\/script>\n<!-- \/ Yoast SEO plugin. -->","yoast_head_json":{"title":"Interdor Parf\u00fcm | Hysolv","description":"Interdor Perfume ist ein Maskierungsduft zur Reduzierung von Stress, Bissverletzungen und Rangk\u00e4mpfen bei Tieren \u2013 besonders bei Schweinen w\u00e4hrend der Umstallung.","robots":{"index":"index","follow":"follow","max-snippet":"max-snippet:-1","max-image-preview":"max-image-preview:large","max-video-preview":"max-video-preview:-1"},"canonical":"https:\/\/hysolv.eu\/de\/produkt\/interdor-parfuem","og_locale":"de_DE","og_type":"article","og_title":"Interdor Parf\u00fcm | Hysolv","og_description":"Interdor Perfume ist ein Maskierungsduft zur Reduzierung von Stress, Bissverletzungen und Rangk\u00e4mpfen bei Tieren \u2013 besonders bei Schweinen w\u00e4hrend der Umstallung.","og_url":"https:\/\/hysolv.eu\/de\/produkt\/interdor-parfuem","og_site_name":"Hysolv","article_publisher":"https:\/\/www.facebook.com\/HysolvLtd","article_modified_time":"2026-04-07T13:34:29+00:00","og_image":[{"width":612,"height":1200,"url":"https:\/\/hysolv.eu\/wp-content\/uploads\/interdor-perfume.jpg","type":"image\/jpeg"}],"twitter_card":"summary_large_image","schema":{"@context":"https:\/\/schema.org","@graph":[{"@type":"WebPage","@id":"https:\/\/hysolv.eu\/de\/produkt\/interdor-parfuem","url":"https:\/\/hysolv.eu\/de\/produkt\/interdor-parfuem","name":"Interdor Parf\u00fcm | Hysolv","isPartOf":{"@id":"https:\/\/hysolv.eu\/de#website"},"primaryImageOfPage":{"@id":"https:\/\/hysolv.eu\/de\/produkt\/interdor-parfuem#primaryimage"},"image":{"@id":"https:\/\/hysolv.eu\/de\/produkt\/interdor-parfuem#primaryimage"},"thumbnailUrl":"https:\/\/hysolv.eu\/wp-content\/uploads\/interdor-perfume.jpg","datePublished":"2026-03-26T06:25:46+00:00","dateModified":"2026-04-07T13:34:29+00:00","description":"Interdor Perfume ist ein Maskierungsduft zur Reduzierung von Stress, Bissverletzungen und Rangk\u00e4mpfen bei Tieren \u2013 besonders bei Schweinen w\u00e4hrend der Umstallung.","breadcrumb":{"@id":"https:\/\/hysolv.eu\/de\/produkt\/interdor-parfuem#breadcrumb"},"inLanguage":"de","potentialAction":[{"@type":"ReadAction","target":["https:\/\/hysolv.eu\/de\/produkt\/interdor-parfuem"]}]},{"@type":"ImageObject","inLanguage":"de","@id":"https:\/\/hysolv.eu\/de\/produkt\/interdor-parfuem#primaryimage","url":"https:\/\/hysolv.eu\/wp-content\/uploads\/interdor-perfume.jpg","contentUrl":"https:\/\/hysolv.eu\/wp-content\/uploads\/interdor-perfume.jpg","width":612,"height":1200,"caption":"Interdor Perfume ist ein Maskierungsduft zur Reduzierung von Stress und aggressivem Verhalten bei Tieren. Durch das \u00dcberdecken des Eigengeruchs verschiedener Tiergruppen hilft es, Rangk\u00e4mpfe \u2013 insbesondere bei Schweinen \u2013 zu vermeiden und unterst\u00fctzt eine ruhigere Integration sowie mehr Tierwohl."},{"@type":"BreadcrumbList","@id":"https:\/\/hysolv.eu\/de\/produkt\/interdor-parfuem#breadcrumb","itemListElement":[{"@type":"ListItem","position":1,"name":"Home","item":"https:\/\/hysolv.eu\/de\/home-2"},{"@type":"ListItem","position":2,"name":"Shop","item":"https:\/\/hysolv.eu\/de\/shop"},{"@type":"ListItem","position":3,"name":"Interdor Parf\u00fcm"}]},{"@type":"WebSite","@id":"https:\/\/hysolv.eu\/de#website","url":"https:\/\/hysolv.eu\/de","name":"Hysolv","description":"Supporting Animal Health &amp; Biosecurity","publisher":{"@id":"https:\/\/hysolv.eu\/de#organization"},"potentialAction":[{"@type":"SearchAction","target":{"@type":"EntryPoint","urlTemplate":"https:\/\/hysolv.eu\/de?s={search_term_string}"},"query-input":{"@type":"PropertyValueSpecification","valueRequired":true,"valueName":"search_term_string"}}],"inLanguage":"de"},{"@type":"Organization","@id":"https:\/\/hysolv.eu\/de#organization","name":"Hysolv GmbH","url":"https:\/\/hysolv.eu\/de","logo":{"@type":"ImageObject","inLanguage":"de","@id":"https:\/\/hysolv.eu\/de#\/schema\/logo\/image\/","url":"https:\/\/hysolv.eu\/wp-content\/uploads\/LoginLogo-1.png","contentUrl":"https:\/\/hysolv.eu\/wp-content\/uploads\/LoginLogo-1.png","width":480,"height":229,"caption":"Hysolv GmbH"},"image":{"@id":"https:\/\/hysolv.eu\/de#\/schema\/logo\/image\/"},"sameAs":["https:\/\/www.facebook.com\/HysolvLtd","https:\/\/www.instagram.com\/hysolvlimited\/","https:\/\/www.linkedin.com\/company\/hysolv-limited\/about\/"]}]}},"_links":{"self":[{"href":"https:\/\/hysolv.eu\/de\/wp-json\/wp\/v2\/product\/4932","targetHints":{"allow":["GET"]}}],"collection":[{"href":"https:\/\/hysolv.eu\/de\/wp-json\/wp\/v2\/product"}],"about":[{"href":"https:\/\/hysolv.eu\/de\/wp-json\/wp\/v2\/types\/product"}],"wp:featuredmedia":[{"embeddable":true,"href":"https:\/\/hysolv.eu\/de\/wp-json\/wp\/v2\/media\/3998"}],"wp:attachment":[{"href":"https:\/\/hysolv.eu\/de\/wp-json\/wp\/v2\/media?parent=4932"}],"wp:term":[{"taxonomy":"product_brand","embeddable":true,"href":"https:\/\/hysolv.eu\/de\/wp-json\/wp\/v2\/product_brand?post=4932"},{"taxonomy":"product_cat","embeddable":true,"href":"https:\/\/hysolv.eu\/de\/wp-json\/wp\/v2\/product_cat?post=4932"},{"taxonomy":"product_tag","embeddable":true,"href":"https:\/\/hysolv.eu\/de\/wp-json\/wp\/v2\/product_tag?post=4932"}],"curies":[{"name":"wp","href":"https:\/\/api.w.org\/{rel}","templated":true}]}}