{"id":4942,"date":"2026-03-26T08:01:17","date_gmt":"2026-03-26T07:01:17","guid":{"rendered":"https:\/\/hysolv.eu\/product\/alquernat-zycox"},"modified":"2026-04-07T14:29:45","modified_gmt":"2026-04-07T13:29:45","slug":"alquernat-zycox","status":"publish","type":"product","link":"https:\/\/hysolv.eu\/de\/produkt\/alquernat-zycox","title":{"rendered":"Alquernat Zycox"},"content":{"rendered":"<p>Alquernat ZYCOX ist ein auf N\u00e4hrstoffen basierender Darmoptimierer, der die Kokzidiose durch Aktivierung des lokalen Immunsystems im Darm bek\u00e4mpft. Es unterbricht den Lebenszyklus von Kokzidien, ohne Resistenzen oder chemische R\u00fcckst\u00e4nde zu erzeugen oder eine Wartezeit zu erfordern. Es kann w\u00e4hrend des gesamten Produktionszyklus und parallel zu Impfprogrammen eingesetzt werden.  <\/p>\n<p>&nbsp;<\/p>\n","protected":false},"excerpt":{"rendered":"<p>Darmoptimierer auf Pron\u00e4hrstoffbasis zur Unterst\u00fctzung der Kokzidiosebek\u00e4mpfung durch Aktivierung der lokalen Darmimmunit\u00e4t ohne Resistenzen, R\u00fcckst\u00e4nde oder Wartezeiten.<\/p>\n<p>&nbsp;<\/p>\n","protected":false},"featured_media":3888,"template":"","meta":[],"product_brand":[],"product_cat":[1007,1012,1004,456,1005,1006],"product_tag":[],"class_list":{"0":"post-4942","1":"product","2":"type-product","3":"status-publish","4":"has-post-thumbnail","6":"product_cat-aquakultur","7":"product_cat-futtermittelhygiene-zusatzstoffe","8":"product_cat-gefluegel","9":"product_cat-haustiere","10":"product_cat-schweine","11":"product_cat-wiederkaeuer","14":"first","15":"instock","16":"shipping-taxable","17":"product-type-simple"},"yoast_head":"<!-- This site is optimized with the Yoast SEO plugin v27.3 - https:\/\/yoast.com\/product\/yoast-seo-wordpress\/ -->\n<title>Alquernat Zycox | Hysolv<\/title>\n<meta name=\"description\" content=\"Pronutrienten-basierter Darmoptimierer zur Unterst\u00fctzung der Darmgesundheit und zur Kontrolle von Kokzidiose \u2013 ohne Resistenzbildung, R\u00fcckst\u00e4nde oder Wartezeit.\" \/>\n<meta name=\"robots\" content=\"index, follow, max-snippet:-1, max-image-preview:large, max-video-preview:-1\" \/>\n<link rel=\"canonical\" href=\"https:\/\/hysolv.eu\/de\/produkt\/alquernat-zycox\" \/>\n<meta property=\"og:locale\" content=\"de_DE\" \/>\n<meta property=\"og:type\" content=\"article\" \/>\n<meta property=\"og:title\" content=\"Alquernat Zycox | Hysolv\" \/>\n<meta property=\"og:description\" content=\"Pronutrienten-basierter Darmoptimierer zur Unterst\u00fctzung der Darmgesundheit und zur Kontrolle von Kokzidiose \u2013 ohne Resistenzbildung, R\u00fcckst\u00e4nde oder Wartezeit.\" \/>\n<meta property=\"og:url\" content=\"https:\/\/hysolv.eu\/de\/produkt\/alquernat-zycox\" \/>\n<meta property=\"og:site_name\" content=\"Hysolv\" \/>\n<meta property=\"article:publisher\" content=\"https:\/\/www.facebook.com\/HysolvLtd\" \/>\n<meta property=\"article:modified_time\" content=\"2026-04-07T13:29:45+00:00\" \/>\n<meta property=\"og:image\" content=\"https:\/\/hysolv.eu\/wp-content\/uploads\/alquernat-zycox.jpg\" \/>\n\t<meta property=\"og:image:width\" content=\"956\" \/>\n\t<meta property=\"og:image:height\" content=\"948\" \/>\n\t<meta property=\"og:image:type\" content=\"image\/jpeg\" \/>\n<meta name=\"twitter:card\" content=\"summary_large_image\" \/>\n<script type=\"application\/ld+json\" class=\"yoast-schema-graph\">{\"@context\":\"https:\\\/\\\/schema.org\",\"@graph\":[{\"@type\":\"WebPage\",\"@id\":\"https:\\\/\\\/hysolv.eu\\\/de\\\/produkt\\\/alquernat-zycox\",\"url\":\"https:\\\/\\\/hysolv.eu\\\/de\\\/produkt\\\/alquernat-zycox\",\"name\":\"Alquernat Zycox | Hysolv\",\"isPartOf\":{\"@id\":\"https:\\\/\\\/hysolv.eu\\\/de#website\"},\"primaryImageOfPage\":{\"@id\":\"https:\\\/\\\/hysolv.eu\\\/de\\\/produkt\\\/alquernat-zycox#primaryimage\"},\"image\":{\"@id\":\"https:\\\/\\\/hysolv.eu\\\/de\\\/produkt\\\/alquernat-zycox#primaryimage\"},\"thumbnailUrl\":\"https:\\\/\\\/hysolv.eu\\\/wp-content\\\/uploads\\\/alquernat-zycox.jpg\",\"datePublished\":\"2026-03-26T07:01:17+00:00\",\"dateModified\":\"2026-04-07T13:29:45+00:00\",\"description\":\"Pronutrienten-basierter Darmoptimierer zur Unterst\u00fctzung der Darmgesundheit und zur Kontrolle von Kokzidiose \u2013 ohne Resistenzbildung, R\u00fcckst\u00e4nde oder Wartezeit.\",\"breadcrumb\":{\"@id\":\"https:\\\/\\\/hysolv.eu\\\/de\\\/produkt\\\/alquernat-zycox#breadcrumb\"},\"inLanguage\":\"de\",\"potentialAction\":[{\"@type\":\"ReadAction\",\"target\":[\"https:\\\/\\\/hysolv.eu\\\/de\\\/produkt\\\/alquernat-zycox\"]}]},{\"@type\":\"ImageObject\",\"inLanguage\":\"de\",\"@id\":\"https:\\\/\\\/hysolv.eu\\\/de\\\/produkt\\\/alquernat-zycox#primaryimage\",\"url\":\"https:\\\/\\\/hysolv.eu\\\/wp-content\\\/uploads\\\/alquernat-zycox.jpg\",\"contentUrl\":\"https:\\\/\\\/hysolv.eu\\\/wp-content\\\/uploads\\\/alquernat-zycox.jpg\",\"width\":956,\"height\":948,\"caption\":\"Alquernat ZYCOX \u2013 Pronutrienten-basierter Darmoptimierer zur Kontrolle von Kokzidiose\"},{\"@type\":\"BreadcrumbList\",\"@id\":\"https:\\\/\\\/hysolv.eu\\\/de\\\/produkt\\\/alquernat-zycox#breadcrumb\",\"itemListElement\":[{\"@type\":\"ListItem\",\"position\":1,\"name\":\"Home\",\"item\":\"https:\\\/\\\/hysolv.eu\\\/de\\\/home-2\"},{\"@type\":\"ListItem\",\"position\":2,\"name\":\"Shop\",\"item\":\"https:\\\/\\\/hysolv.eu\\\/de\\\/shop\"},{\"@type\":\"ListItem\",\"position\":3,\"name\":\"Alquernat Zycox\"}]},{\"@type\":\"WebSite\",\"@id\":\"https:\\\/\\\/hysolv.eu\\\/de#website\",\"url\":\"https:\\\/\\\/hysolv.eu\\\/de\",\"name\":\"Hysolv\",\"description\":\"Supporting Animal Health &amp; Biosecurity\",\"publisher\":{\"@id\":\"https:\\\/\\\/hysolv.eu\\\/de#organization\"},\"potentialAction\":[{\"@type\":\"SearchAction\",\"target\":{\"@type\":\"EntryPoint\",\"urlTemplate\":\"https:\\\/\\\/hysolv.eu\\\/de?s={search_term_string}\"},\"query-input\":{\"@type\":\"PropertyValueSpecification\",\"valueRequired\":true,\"valueName\":\"search_term_string\"}}],\"inLanguage\":\"de\"},{\"@type\":\"Organization\",\"@id\":\"https:\\\/\\\/hysolv.eu\\\/de#organization\",\"name\":\"Hysolv GmbH\",\"url\":\"https:\\\/\\\/hysolv.eu\\\/de\",\"logo\":{\"@type\":\"ImageObject\",\"inLanguage\":\"de\",\"@id\":\"https:\\\/\\\/hysolv.eu\\\/de#\\\/schema\\\/logo\\\/image\\\/\",\"url\":\"https:\\\/\\\/hysolv.eu\\\/wp-content\\\/uploads\\\/LoginLogo-1.png\",\"contentUrl\":\"https:\\\/\\\/hysolv.eu\\\/wp-content\\\/uploads\\\/LoginLogo-1.png\",\"width\":480,\"height\":229,\"caption\":\"Hysolv GmbH\"},\"image\":{\"@id\":\"https:\\\/\\\/hysolv.eu\\\/de#\\\/schema\\\/logo\\\/image\\\/\"},\"sameAs\":[\"https:\\\/\\\/www.facebook.com\\\/HysolvLtd\",\"https:\\\/\\\/www.instagram.com\\\/hysolvlimited\\\/\",\"https:\\\/\\\/www.linkedin.com\\\/company\\\/hysolv-limited\\\/about\\\/\"]}]}<\/script>\n<!-- \/ Yoast SEO plugin. -->","yoast_head_json":{"title":"Alquernat Zycox | Hysolv","description":"Pronutrienten-basierter Darmoptimierer zur Unterst\u00fctzung der Darmgesundheit und zur Kontrolle von Kokzidiose \u2013 ohne Resistenzbildung, R\u00fcckst\u00e4nde oder Wartezeit.","robots":{"index":"index","follow":"follow","max-snippet":"max-snippet:-1","max-image-preview":"max-image-preview:large","max-video-preview":"max-video-preview:-1"},"canonical":"https:\/\/hysolv.eu\/de\/produkt\/alquernat-zycox","og_locale":"de_DE","og_type":"article","og_title":"Alquernat Zycox | Hysolv","og_description":"Pronutrienten-basierter Darmoptimierer zur Unterst\u00fctzung der Darmgesundheit und zur Kontrolle von Kokzidiose \u2013 ohne Resistenzbildung, R\u00fcckst\u00e4nde oder Wartezeit.","og_url":"https:\/\/hysolv.eu\/de\/produkt\/alquernat-zycox","og_site_name":"Hysolv","article_publisher":"https:\/\/www.facebook.com\/HysolvLtd","article_modified_time":"2026-04-07T13:29:45+00:00","og_image":[{"width":956,"height":948,"url":"https:\/\/hysolv.eu\/wp-content\/uploads\/alquernat-zycox.jpg","type":"image\/jpeg"}],"twitter_card":"summary_large_image","schema":{"@context":"https:\/\/schema.org","@graph":[{"@type":"WebPage","@id":"https:\/\/hysolv.eu\/de\/produkt\/alquernat-zycox","url":"https:\/\/hysolv.eu\/de\/produkt\/alquernat-zycox","name":"Alquernat Zycox | Hysolv","isPartOf":{"@id":"https:\/\/hysolv.eu\/de#website"},"primaryImageOfPage":{"@id":"https:\/\/hysolv.eu\/de\/produkt\/alquernat-zycox#primaryimage"},"image":{"@id":"https:\/\/hysolv.eu\/de\/produkt\/alquernat-zycox#primaryimage"},"thumbnailUrl":"https:\/\/hysolv.eu\/wp-content\/uploads\/alquernat-zycox.jpg","datePublished":"2026-03-26T07:01:17+00:00","dateModified":"2026-04-07T13:29:45+00:00","description":"Pronutrienten-basierter Darmoptimierer zur Unterst\u00fctzung der Darmgesundheit und zur Kontrolle von Kokzidiose \u2013 ohne Resistenzbildung, R\u00fcckst\u00e4nde oder Wartezeit.","breadcrumb":{"@id":"https:\/\/hysolv.eu\/de\/produkt\/alquernat-zycox#breadcrumb"},"inLanguage":"de","potentialAction":[{"@type":"ReadAction","target":["https:\/\/hysolv.eu\/de\/produkt\/alquernat-zycox"]}]},{"@type":"ImageObject","inLanguage":"de","@id":"https:\/\/hysolv.eu\/de\/produkt\/alquernat-zycox#primaryimage","url":"https:\/\/hysolv.eu\/wp-content\/uploads\/alquernat-zycox.jpg","contentUrl":"https:\/\/hysolv.eu\/wp-content\/uploads\/alquernat-zycox.jpg","width":956,"height":948,"caption":"Alquernat ZYCOX \u2013 Pronutrienten-basierter Darmoptimierer zur Kontrolle von Kokzidiose"},{"@type":"BreadcrumbList","@id":"https:\/\/hysolv.eu\/de\/produkt\/alquernat-zycox#breadcrumb","itemListElement":[{"@type":"ListItem","position":1,"name":"Home","item":"https:\/\/hysolv.eu\/de\/home-2"},{"@type":"ListItem","position":2,"name":"Shop","item":"https:\/\/hysolv.eu\/de\/shop"},{"@type":"ListItem","position":3,"name":"Alquernat Zycox"}]},{"@type":"WebSite","@id":"https:\/\/hysolv.eu\/de#website","url":"https:\/\/hysolv.eu\/de","name":"Hysolv","description":"Supporting Animal Health &amp; Biosecurity","publisher":{"@id":"https:\/\/hysolv.eu\/de#organization"},"potentialAction":[{"@type":"SearchAction","target":{"@type":"EntryPoint","urlTemplate":"https:\/\/hysolv.eu\/de?s={search_term_string}"},"query-input":{"@type":"PropertyValueSpecification","valueRequired":true,"valueName":"search_term_string"}}],"inLanguage":"de"},{"@type":"Organization","@id":"https:\/\/hysolv.eu\/de#organization","name":"Hysolv GmbH","url":"https:\/\/hysolv.eu\/de","logo":{"@type":"ImageObject","inLanguage":"de","@id":"https:\/\/hysolv.eu\/de#\/schema\/logo\/image\/","url":"https:\/\/hysolv.eu\/wp-content\/uploads\/LoginLogo-1.png","contentUrl":"https:\/\/hysolv.eu\/wp-content\/uploads\/LoginLogo-1.png","width":480,"height":229,"caption":"Hysolv GmbH"},"image":{"@id":"https:\/\/hysolv.eu\/de#\/schema\/logo\/image\/"},"sameAs":["https:\/\/www.facebook.com\/HysolvLtd","https:\/\/www.instagram.com\/hysolvlimited\/","https:\/\/www.linkedin.com\/company\/hysolv-limited\/about\/"]}]}},"_links":{"self":[{"href":"https:\/\/hysolv.eu\/de\/wp-json\/wp\/v2\/product\/4942","targetHints":{"allow":["GET"]}}],"collection":[{"href":"https:\/\/hysolv.eu\/de\/wp-json\/wp\/v2\/product"}],"about":[{"href":"https:\/\/hysolv.eu\/de\/wp-json\/wp\/v2\/types\/product"}],"wp:featuredmedia":[{"embeddable":true,"href":"https:\/\/hysolv.eu\/de\/wp-json\/wp\/v2\/media\/3888"}],"wp:attachment":[{"href":"https:\/\/hysolv.eu\/de\/wp-json\/wp\/v2\/media?parent=4942"}],"wp:term":[{"taxonomy":"product_brand","embeddable":true,"href":"https:\/\/hysolv.eu\/de\/wp-json\/wp\/v2\/product_brand?post=4942"},{"taxonomy":"product_cat","embeddable":true,"href":"https:\/\/hysolv.eu\/de\/wp-json\/wp\/v2\/product_cat?post=4942"},{"taxonomy":"product_tag","embeddable":true,"href":"https:\/\/hysolv.eu\/de\/wp-json\/wp\/v2\/product_tag?post=4942"}],"curies":[{"name":"wp","href":"https:\/\/api.w.org\/{rel}","templated":true}]}}