{"id":5094,"date":"2026-03-26T07:47:24","date_gmt":"2026-03-26T06:47:24","guid":{"rendered":"https:\/\/hysolv.eu\/product\/inter-formaldehyd"},"modified":"2026-04-07T14:32:23","modified_gmt":"2026-04-07T13:32:23","slug":"inter-formaldehyd","status":"publish","type":"product","link":"https:\/\/hysolv.eu\/de\/produkt\/inter-formaldehyd","title":{"rendered":"Inter Formaldehyd"},"content":{"rendered":"<p>Inter Formaldehyd ist ein hochwirksames Desinfektionsmittel zur effektiven Bek\u00e4mpfung von Krankheitserregern in Tierhaltungsr\u00e4umen. Es ist f\u00fcr die Desinfektion von Hufen, Oberfl\u00e4chen und Ausr\u00fcstung durch Spr\u00fchen, Vernebeln oder Hufb\u00e4der bestimmt. Das Produkt bietet eine nachgewiesene Wirksamkeit gegen Bakterien, Viren und Pilze, wenn es in der empfohlenen Verd\u00fcnnung verwendet wird.  <\/p>\n<p>&nbsp;<\/p>\n<a  class=\"x-btn x-btn-real x-btn-rounded x-btn-mini\"  href=\"https:\/\/hysolv.eu\/wp-content\/uploads\/inter-formaldehyde-product-information-sheet.pdf\" title=\"Inter Formaldehyd Produktinformationsblatt\" target=\"_blank\" rel=\"\"   data-options=\"thumbnail: ''\">PRODUKTINFORMATIONSBLATT<\/a>\n<p>&nbsp;<\/p>\n","protected":false},"excerpt":{"rendered":"<div class=\"flex flex-col text-sm pb-25\">\n<article class=\"text-token-text-primary w-full focus:outline-none [--shadow-height:45px] has-data-writing-block:pointer-events-none has-data-writing-block:-mt-(--shadow-height) has-data-writing-block:pt-(--shadow-height) [&amp;:has([data-writing-block])&gt;*]:pointer-events-auto scroll-mt-[calc(var(--header-height)+min(200px,max(70px,20svh)))]\" dir=\"auto\" tabindex=\"-1\" data-turn-id=\"05ebb37e-eef1-4f61-9374-c8f289c3a83d\" data-testid=\"conversation-turn-266\" data-scroll-anchor=\"true\" data-turn=\"assistant\">\n<div class=\"text-base my-auto mx-auto pb-10 [--thread-content-margin:--spacing(4)] @w-sm\/main:[--thread-content-margin:--spacing(6)] @w-lg\/main:[--thread-content-margin:--spacing(16)] px-(--thread-content-margin)\">\n<div class=\"[--thread-content-max-width:40rem] @w-lg\/main:[--thread-content-max-width:48rem] mx-auto max-w-(--thread-content-max-width) flex-1 group\/turn-messages focus-visible:outline-hidden relative flex w-full min-w-0 flex-col agent-turn\" tabindex=\"-1\">\n<div class=\"flex max-w-full flex-col grow\">\n<div class=\"min-h-8 text-message relative flex w-full flex-col items-end gap-2 text-start break-words whitespace-normal [.text-message+&amp;]:mt-1\" dir=\"auto\" data-message-author-role=\"assistant\" data-message-id=\"92326bd8-8aef-4c61-9520-e9862e4c4f6b\" data-message-model-slug=\"gpt-5-2\">\n<div class=\"flex w-full flex-col gap-1 empty:hidden first:pt-[1px]\">Hochwirksames Desinfektionsmittel auf Formaldehydbasis f\u00fcr Hufe, Oberfl\u00e4chen und Ausr\u00fcstung in Tierhaltungsr\u00e4umen.<\/div>\n<\/div>\n<\/div>\n<\/div>\n<\/div>\n<\/article>\n<\/div>\n<p>&nbsp;<\/p>\n","protected":false},"featured_media":3943,"template":"","meta":[],"product_brand":[],"product_cat":[455,1006],"product_tag":[],"class_list":{"0":"post-5094","1":"product","2":"type-product","3":"status-publish","4":"has-post-thumbnail","6":"product_cat-desinfektionsmittel","7":"product_cat-wiederkaeuer","10":"first","11":"instock","12":"shipping-taxable","13":"product-type-simple"},"yoast_head":"<!-- This site is optimized with the Yoast SEO plugin v27.3 - https:\/\/yoast.com\/product\/yoast-seo-wordpress\/ -->\n<title>Inter Formaldehyd | Hysolv<\/title>\n<meta name=\"description\" content=\"Formaldehyd-basiertes Desinfektionsmittel f\u00fcr Klauen, Oberfl\u00e4chen und Ger\u00e4te in der Tierhaltung. Wirksam gegen Bakterien, Viren und Pilze.\" \/>\n<meta name=\"robots\" content=\"index, follow, max-snippet:-1, max-image-preview:large, max-video-preview:-1\" \/>\n<link rel=\"canonical\" href=\"https:\/\/hysolv.eu\/de\/produkt\/inter-formaldehyd\" \/>\n<meta property=\"og:locale\" content=\"de_DE\" \/>\n<meta property=\"og:type\" content=\"article\" \/>\n<meta property=\"og:title\" content=\"Inter Formaldehyd | Hysolv\" \/>\n<meta property=\"og:description\" content=\"Formaldehyd-basiertes Desinfektionsmittel f\u00fcr Klauen, Oberfl\u00e4chen und Ger\u00e4te in der Tierhaltung. Wirksam gegen Bakterien, Viren und Pilze.\" \/>\n<meta property=\"og:url\" content=\"https:\/\/hysolv.eu\/de\/produkt\/inter-formaldehyd\" \/>\n<meta property=\"og:site_name\" content=\"Hysolv\" \/>\n<meta property=\"article:publisher\" content=\"https:\/\/www.facebook.com\/HysolvLtd\" \/>\n<meta property=\"article:modified_time\" content=\"2026-04-07T13:32:23+00:00\" \/>\n<meta property=\"og:image\" content=\"https:\/\/hysolv.eu\/wp-content\/uploads\/inter-formaldehyde.jpg\" \/>\n\t<meta property=\"og:image:width\" content=\"1020\" \/>\n\t<meta property=\"og:image:height\" content=\"681\" \/>\n\t<meta property=\"og:image:type\" content=\"image\/jpeg\" \/>\n<meta name=\"twitter:card\" content=\"summary_large_image\" \/>\n<script type=\"application\/ld+json\" class=\"yoast-schema-graph\">{\"@context\":\"https:\\\/\\\/schema.org\",\"@graph\":[{\"@type\":\"WebPage\",\"@id\":\"https:\\\/\\\/hysolv.eu\\\/de\\\/produkt\\\/inter-formaldehyd\",\"url\":\"https:\\\/\\\/hysolv.eu\\\/de\\\/produkt\\\/inter-formaldehyd\",\"name\":\"Inter Formaldehyd | Hysolv\",\"isPartOf\":{\"@id\":\"https:\\\/\\\/hysolv.eu\\\/de#website\"},\"primaryImageOfPage\":{\"@id\":\"https:\\\/\\\/hysolv.eu\\\/de\\\/produkt\\\/inter-formaldehyd#primaryimage\"},\"image\":{\"@id\":\"https:\\\/\\\/hysolv.eu\\\/de\\\/produkt\\\/inter-formaldehyd#primaryimage\"},\"thumbnailUrl\":\"https:\\\/\\\/hysolv.eu\\\/wp-content\\\/uploads\\\/inter-formaldehyde.jpg\",\"datePublished\":\"2026-03-26T06:47:24+00:00\",\"dateModified\":\"2026-04-07T13:32:23+00:00\",\"description\":\"Formaldehyd-basiertes Desinfektionsmittel f\u00fcr Klauen, Oberfl\u00e4chen und Ger\u00e4te in der Tierhaltung. Wirksam gegen Bakterien, Viren und Pilze.\",\"breadcrumb\":{\"@id\":\"https:\\\/\\\/hysolv.eu\\\/de\\\/produkt\\\/inter-formaldehyd#breadcrumb\"},\"inLanguage\":\"de\",\"potentialAction\":[{\"@type\":\"ReadAction\",\"target\":[\"https:\\\/\\\/hysolv.eu\\\/de\\\/produkt\\\/inter-formaldehyd\"]}]},{\"@type\":\"ImageObject\",\"inLanguage\":\"de\",\"@id\":\"https:\\\/\\\/hysolv.eu\\\/de\\\/produkt\\\/inter-formaldehyd#primaryimage\",\"url\":\"https:\\\/\\\/hysolv.eu\\\/wp-content\\\/uploads\\\/inter-formaldehyde.jpg\",\"contentUrl\":\"https:\\\/\\\/hysolv.eu\\\/wp-content\\\/uploads\\\/inter-formaldehyde.jpg\",\"width\":1020,\"height\":681,\"caption\":\"Blauer Kanister Inter Formaldehyde Desinfektionsmittel f\u00fcr den Einsatz in der Tierhaltung\"},{\"@type\":\"BreadcrumbList\",\"@id\":\"https:\\\/\\\/hysolv.eu\\\/de\\\/produkt\\\/inter-formaldehyd#breadcrumb\",\"itemListElement\":[{\"@type\":\"ListItem\",\"position\":1,\"name\":\"Home\",\"item\":\"https:\\\/\\\/hysolv.eu\\\/de\\\/home-2\"},{\"@type\":\"ListItem\",\"position\":2,\"name\":\"Shop\",\"item\":\"https:\\\/\\\/hysolv.eu\\\/de\\\/shop\"},{\"@type\":\"ListItem\",\"position\":3,\"name\":\"Inter Formaldehyd\"}]},{\"@type\":\"WebSite\",\"@id\":\"https:\\\/\\\/hysolv.eu\\\/de#website\",\"url\":\"https:\\\/\\\/hysolv.eu\\\/de\",\"name\":\"Hysolv\",\"description\":\"Supporting Animal Health &amp; Biosecurity\",\"publisher\":{\"@id\":\"https:\\\/\\\/hysolv.eu\\\/de#organization\"},\"potentialAction\":[{\"@type\":\"SearchAction\",\"target\":{\"@type\":\"EntryPoint\",\"urlTemplate\":\"https:\\\/\\\/hysolv.eu\\\/de?s={search_term_string}\"},\"query-input\":{\"@type\":\"PropertyValueSpecification\",\"valueRequired\":true,\"valueName\":\"search_term_string\"}}],\"inLanguage\":\"de\"},{\"@type\":\"Organization\",\"@id\":\"https:\\\/\\\/hysolv.eu\\\/de#organization\",\"name\":\"Hysolv GmbH\",\"url\":\"https:\\\/\\\/hysolv.eu\\\/de\",\"logo\":{\"@type\":\"ImageObject\",\"inLanguage\":\"de\",\"@id\":\"https:\\\/\\\/hysolv.eu\\\/de#\\\/schema\\\/logo\\\/image\\\/\",\"url\":\"https:\\\/\\\/hysolv.eu\\\/wp-content\\\/uploads\\\/LoginLogo-1.png\",\"contentUrl\":\"https:\\\/\\\/hysolv.eu\\\/wp-content\\\/uploads\\\/LoginLogo-1.png\",\"width\":480,\"height\":229,\"caption\":\"Hysolv GmbH\"},\"image\":{\"@id\":\"https:\\\/\\\/hysolv.eu\\\/de#\\\/schema\\\/logo\\\/image\\\/\"},\"sameAs\":[\"https:\\\/\\\/www.facebook.com\\\/HysolvLtd\",\"https:\\\/\\\/www.instagram.com\\\/hysolvlimited\\\/\",\"https:\\\/\\\/www.linkedin.com\\\/company\\\/hysolv-limited\\\/about\\\/\"]}]}<\/script>\n<!-- \/ Yoast SEO plugin. -->","yoast_head_json":{"title":"Inter Formaldehyd | Hysolv","description":"Formaldehyd-basiertes Desinfektionsmittel f\u00fcr Klauen, Oberfl\u00e4chen und Ger\u00e4te in der Tierhaltung. Wirksam gegen Bakterien, Viren und Pilze.","robots":{"index":"index","follow":"follow","max-snippet":"max-snippet:-1","max-image-preview":"max-image-preview:large","max-video-preview":"max-video-preview:-1"},"canonical":"https:\/\/hysolv.eu\/de\/produkt\/inter-formaldehyd","og_locale":"de_DE","og_type":"article","og_title":"Inter Formaldehyd | Hysolv","og_description":"Formaldehyd-basiertes Desinfektionsmittel f\u00fcr Klauen, Oberfl\u00e4chen und Ger\u00e4te in der Tierhaltung. Wirksam gegen Bakterien, Viren und Pilze.","og_url":"https:\/\/hysolv.eu\/de\/produkt\/inter-formaldehyd","og_site_name":"Hysolv","article_publisher":"https:\/\/www.facebook.com\/HysolvLtd","article_modified_time":"2026-04-07T13:32:23+00:00","og_image":[{"width":1020,"height":681,"url":"https:\/\/hysolv.eu\/wp-content\/uploads\/inter-formaldehyde.jpg","type":"image\/jpeg"}],"twitter_card":"summary_large_image","schema":{"@context":"https:\/\/schema.org","@graph":[{"@type":"WebPage","@id":"https:\/\/hysolv.eu\/de\/produkt\/inter-formaldehyd","url":"https:\/\/hysolv.eu\/de\/produkt\/inter-formaldehyd","name":"Inter Formaldehyd | Hysolv","isPartOf":{"@id":"https:\/\/hysolv.eu\/de#website"},"primaryImageOfPage":{"@id":"https:\/\/hysolv.eu\/de\/produkt\/inter-formaldehyd#primaryimage"},"image":{"@id":"https:\/\/hysolv.eu\/de\/produkt\/inter-formaldehyd#primaryimage"},"thumbnailUrl":"https:\/\/hysolv.eu\/wp-content\/uploads\/inter-formaldehyde.jpg","datePublished":"2026-03-26T06:47:24+00:00","dateModified":"2026-04-07T13:32:23+00:00","description":"Formaldehyd-basiertes Desinfektionsmittel f\u00fcr Klauen, Oberfl\u00e4chen und Ger\u00e4te in der Tierhaltung. Wirksam gegen Bakterien, Viren und Pilze.","breadcrumb":{"@id":"https:\/\/hysolv.eu\/de\/produkt\/inter-formaldehyd#breadcrumb"},"inLanguage":"de","potentialAction":[{"@type":"ReadAction","target":["https:\/\/hysolv.eu\/de\/produkt\/inter-formaldehyd"]}]},{"@type":"ImageObject","inLanguage":"de","@id":"https:\/\/hysolv.eu\/de\/produkt\/inter-formaldehyd#primaryimage","url":"https:\/\/hysolv.eu\/wp-content\/uploads\/inter-formaldehyde.jpg","contentUrl":"https:\/\/hysolv.eu\/wp-content\/uploads\/inter-formaldehyde.jpg","width":1020,"height":681,"caption":"Blauer Kanister Inter Formaldehyde Desinfektionsmittel f\u00fcr den Einsatz in der Tierhaltung"},{"@type":"BreadcrumbList","@id":"https:\/\/hysolv.eu\/de\/produkt\/inter-formaldehyd#breadcrumb","itemListElement":[{"@type":"ListItem","position":1,"name":"Home","item":"https:\/\/hysolv.eu\/de\/home-2"},{"@type":"ListItem","position":2,"name":"Shop","item":"https:\/\/hysolv.eu\/de\/shop"},{"@type":"ListItem","position":3,"name":"Inter Formaldehyd"}]},{"@type":"WebSite","@id":"https:\/\/hysolv.eu\/de#website","url":"https:\/\/hysolv.eu\/de","name":"Hysolv","description":"Supporting Animal Health &amp; Biosecurity","publisher":{"@id":"https:\/\/hysolv.eu\/de#organization"},"potentialAction":[{"@type":"SearchAction","target":{"@type":"EntryPoint","urlTemplate":"https:\/\/hysolv.eu\/de?s={search_term_string}"},"query-input":{"@type":"PropertyValueSpecification","valueRequired":true,"valueName":"search_term_string"}}],"inLanguage":"de"},{"@type":"Organization","@id":"https:\/\/hysolv.eu\/de#organization","name":"Hysolv GmbH","url":"https:\/\/hysolv.eu\/de","logo":{"@type":"ImageObject","inLanguage":"de","@id":"https:\/\/hysolv.eu\/de#\/schema\/logo\/image\/","url":"https:\/\/hysolv.eu\/wp-content\/uploads\/LoginLogo-1.png","contentUrl":"https:\/\/hysolv.eu\/wp-content\/uploads\/LoginLogo-1.png","width":480,"height":229,"caption":"Hysolv GmbH"},"image":{"@id":"https:\/\/hysolv.eu\/de#\/schema\/logo\/image\/"},"sameAs":["https:\/\/www.facebook.com\/HysolvLtd","https:\/\/www.instagram.com\/hysolvlimited\/","https:\/\/www.linkedin.com\/company\/hysolv-limited\/about\/"]}]}},"_links":{"self":[{"href":"https:\/\/hysolv.eu\/de\/wp-json\/wp\/v2\/product\/5094","targetHints":{"allow":["GET"]}}],"collection":[{"href":"https:\/\/hysolv.eu\/de\/wp-json\/wp\/v2\/product"}],"about":[{"href":"https:\/\/hysolv.eu\/de\/wp-json\/wp\/v2\/types\/product"}],"wp:featuredmedia":[{"embeddable":true,"href":"https:\/\/hysolv.eu\/de\/wp-json\/wp\/v2\/media\/3943"}],"wp:attachment":[{"href":"https:\/\/hysolv.eu\/de\/wp-json\/wp\/v2\/media?parent=5094"}],"wp:term":[{"taxonomy":"product_brand","embeddable":true,"href":"https:\/\/hysolv.eu\/de\/wp-json\/wp\/v2\/product_brand?post=5094"},{"taxonomy":"product_cat","embeddable":true,"href":"https:\/\/hysolv.eu\/de\/wp-json\/wp\/v2\/product_cat?post=5094"},{"taxonomy":"product_tag","embeddable":true,"href":"https:\/\/hysolv.eu\/de\/wp-json\/wp\/v2\/product_tag?post=5094"}],"curies":[{"name":"wp","href":"https:\/\/api.w.org\/{rel}","templated":true}]}}