{"id":2649,"date":"2021-10-08T12:11:41","date_gmt":"2021-10-08T11:11:41","guid":{"rendered":"https:\/\/hysolv.eu\/enlaces"},"modified":"2026-04-09T19:31:21","modified_gmt":"2026-04-09T18:31:21","slug":"enlaces","status":"publish","type":"page","link":"https:\/\/hysolv.eu\/es\/enlaces","title":{"rendered":"Enlaces"},"content":{"rendered":"<div id=\"cs-content\" class=\"cs-content\"><\/div>\n","protected":false},"excerpt":{"rendered":"<p>EnlacesLos siguientes enlaces conducen a organismos regulatorios y profesionales oficiales que prueban, verifican y listan de forma independiente desinfectantes y productos de higiene para uso profesional veterinario, agr\u00edcola y relacionado con alimentos. Las listas de estas organizaciones proporcionan una confirmaci\u00f3n transparente y de acceso p\u00fablico sobre la eficacia de los productos, su seguridad y el cumplimiento normativo. Permiten a clientes, &#8230; <\/p>\n<div><a href=\"https:\/\/hysolv.eu\/es\/enlaces\" class=\"more-link\">Read More<\/a><\/div>\n","protected":false},"author":8,"featured_media":0,"parent":0,"menu_order":300,"comment_status":"closed","ping_status":"closed","template":"template-blank-4.php","meta":{"footnotes":""},"class_list":["post-2649","page","type-page","status-publish","hentry","no-post-thumbnail"],"yoast_head":"<!-- This site is optimized with the Yoast SEO plugin v27.4 - https:\/\/yoast.com\/product\/yoast-seo-wordpress\/ -->\n<title>Enlaces y recursos de la industria para la sanidad animal y la bioseguridad | Hysolv<\/title>\n<meta name=\"description\" content=\"Explore enlaces y recursos fiables del sector relacionados con la salud animal, la higiene agr\u00edcola y la bioseguridad en la producci\u00f3n ganadera y agr\u00edcola.\" \/>\n<meta name=\"robots\" content=\"index, follow, max-snippet:-1, max-image-preview:large, max-video-preview:-1\" \/>\n<link rel=\"canonical\" href=\"https:\/\/hysolv.eu\/es\/enlaces\" \/>\n<meta property=\"og:locale\" content=\"es_ES\" \/>\n<meta property=\"og:type\" content=\"article\" \/>\n<meta property=\"og:title\" content=\"Enlaces y recursos de la industria para la sanidad animal y la bioseguridad | Hysolv\" \/>\n<meta property=\"og:description\" content=\"Explore enlaces y recursos fiables del sector relacionados con la salud animal, la higiene agr\u00edcola y la bioseguridad en la producci\u00f3n ganadera y agr\u00edcola.\" \/>\n<meta property=\"og:url\" content=\"https:\/\/hysolv.eu\/es\/enlaces\" \/>\n<meta property=\"og:site_name\" content=\"Hysolv\" \/>\n<meta property=\"article:publisher\" content=\"https:\/\/www.facebook.com\/HysolvLtd\" \/>\n<meta property=\"article:modified_time\" content=\"2026-04-09T18:31:21+00:00\" \/>\n<meta name=\"twitter:card\" content=\"summary_large_image\" \/>\n<meta name=\"twitter:label1\" content=\"Tiempo de lectura\" \/>\n\t<meta name=\"twitter:data1\" content=\"3 minutos\" \/>\n<script type=\"application\/ld+json\" class=\"yoast-schema-graph\">{\"@context\":\"https:\\\/\\\/schema.org\",\"@graph\":[{\"@type\":\"WebPage\",\"@id\":\"https:\\\/\\\/hysolv.eu\\\/es\\\/enlaces\",\"url\":\"https:\\\/\\\/hysolv.eu\\\/es\\\/enlaces\",\"name\":\"Enlaces y recursos de la industria para la sanidad animal y la bioseguridad | Hysolv\",\"isPartOf\":{\"@id\":\"https:\\\/\\\/hysolv.eu\\\/es#website\"},\"datePublished\":\"2021-10-08T11:11:41+00:00\",\"dateModified\":\"2026-04-09T18:31:21+00:00\",\"description\":\"Explore enlaces y recursos fiables del sector relacionados con la salud animal, la higiene agr\u00edcola y la bioseguridad en la producci\u00f3n ganadera y agr\u00edcola.\",\"breadcrumb\":{\"@id\":\"https:\\\/\\\/hysolv.eu\\\/es\\\/enlaces#breadcrumb\"},\"inLanguage\":\"es\",\"potentialAction\":[{\"@type\":\"ReadAction\",\"target\":[\"https:\\\/\\\/hysolv.eu\\\/es\\\/enlaces\"]}]},{\"@type\":\"BreadcrumbList\",\"@id\":\"https:\\\/\\\/hysolv.eu\\\/es\\\/enlaces#breadcrumb\",\"itemListElement\":[{\"@type\":\"ListItem\",\"position\":1,\"name\":\"Home\",\"item\":\"https:\\\/\\\/hysolv.eu\\\/es\\\/inicio\"},{\"@type\":\"ListItem\",\"position\":2,\"name\":\"Enlaces\"}]},{\"@type\":\"WebSite\",\"@id\":\"https:\\\/\\\/hysolv.eu\\\/es#website\",\"url\":\"https:\\\/\\\/hysolv.eu\\\/es\",\"name\":\"Hysolv\",\"description\":\"Supporting Animal Health &amp; Biosecurity\",\"publisher\":{\"@id\":\"https:\\\/\\\/hysolv.eu\\\/es#organization\"},\"potentialAction\":[{\"@type\":\"SearchAction\",\"target\":{\"@type\":\"EntryPoint\",\"urlTemplate\":\"https:\\\/\\\/hysolv.eu\\\/es?s={search_term_string}\"},\"query-input\":{\"@type\":\"PropertyValueSpecification\",\"valueRequired\":true,\"valueName\":\"search_term_string\"}}],\"inLanguage\":\"es\"},{\"@type\":\"Organization\",\"@id\":\"https:\\\/\\\/hysolv.eu\\\/es#organization\",\"name\":\"Hysolv GmbH\",\"url\":\"https:\\\/\\\/hysolv.eu\\\/es\",\"logo\":{\"@type\":\"ImageObject\",\"inLanguage\":\"es\",\"@id\":\"https:\\\/\\\/hysolv.eu\\\/es#\\\/schema\\\/logo\\\/image\\\/\",\"url\":\"https:\\\/\\\/hysolv.eu\\\/wp-content\\\/uploads\\\/LoginLogo-1.png\",\"contentUrl\":\"https:\\\/\\\/hysolv.eu\\\/wp-content\\\/uploads\\\/LoginLogo-1.png\",\"width\":480,\"height\":229,\"caption\":\"Hysolv GmbH\"},\"image\":{\"@id\":\"https:\\\/\\\/hysolv.eu\\\/es#\\\/schema\\\/logo\\\/image\\\/\"},\"sameAs\":[\"https:\\\/\\\/www.facebook.com\\\/HysolvLtd\",\"https:\\\/\\\/www.instagram.com\\\/hysolvlimited\\\/\",\"https:\\\/\\\/www.linkedin.com\\\/company\\\/hysolv-limited\\\/about\\\/\"]}]}<\/script>\n<!-- \/ Yoast SEO plugin. -->","yoast_head_json":{"title":"Enlaces y recursos de la industria para la sanidad animal y la bioseguridad | Hysolv","description":"Explore enlaces y recursos fiables del sector relacionados con la salud animal, la higiene agr\u00edcola y la bioseguridad en la producci\u00f3n ganadera y agr\u00edcola.","robots":{"index":"index","follow":"follow","max-snippet":"max-snippet:-1","max-image-preview":"max-image-preview:large","max-video-preview":"max-video-preview:-1"},"canonical":"https:\/\/hysolv.eu\/es\/enlaces","og_locale":"es_ES","og_type":"article","og_title":"Enlaces y recursos de la industria para la sanidad animal y la bioseguridad | Hysolv","og_description":"Explore enlaces y recursos fiables del sector relacionados con la salud animal, la higiene agr\u00edcola y la bioseguridad en la producci\u00f3n ganadera y agr\u00edcola.","og_url":"https:\/\/hysolv.eu\/es\/enlaces","og_site_name":"Hysolv","article_publisher":"https:\/\/www.facebook.com\/HysolvLtd","article_modified_time":"2026-04-09T18:31:21+00:00","twitter_card":"summary_large_image","twitter_misc":{"Tiempo de lectura":"3 minutos"},"schema":{"@context":"https:\/\/schema.org","@graph":[{"@type":"WebPage","@id":"https:\/\/hysolv.eu\/es\/enlaces","url":"https:\/\/hysolv.eu\/es\/enlaces","name":"Enlaces y recursos de la industria para la sanidad animal y la bioseguridad | Hysolv","isPartOf":{"@id":"https:\/\/hysolv.eu\/es#website"},"datePublished":"2021-10-08T11:11:41+00:00","dateModified":"2026-04-09T18:31:21+00:00","description":"Explore enlaces y recursos fiables del sector relacionados con la salud animal, la higiene agr\u00edcola y la bioseguridad en la producci\u00f3n ganadera y agr\u00edcola.","breadcrumb":{"@id":"https:\/\/hysolv.eu\/es\/enlaces#breadcrumb"},"inLanguage":"es","potentialAction":[{"@type":"ReadAction","target":["https:\/\/hysolv.eu\/es\/enlaces"]}]},{"@type":"BreadcrumbList","@id":"https:\/\/hysolv.eu\/es\/enlaces#breadcrumb","itemListElement":[{"@type":"ListItem","position":1,"name":"Home","item":"https:\/\/hysolv.eu\/es\/inicio"},{"@type":"ListItem","position":2,"name":"Enlaces"}]},{"@type":"WebSite","@id":"https:\/\/hysolv.eu\/es#website","url":"https:\/\/hysolv.eu\/es","name":"Hysolv","description":"Supporting Animal Health &amp; Biosecurity","publisher":{"@id":"https:\/\/hysolv.eu\/es#organization"},"potentialAction":[{"@type":"SearchAction","target":{"@type":"EntryPoint","urlTemplate":"https:\/\/hysolv.eu\/es?s={search_term_string}"},"query-input":{"@type":"PropertyValueSpecification","valueRequired":true,"valueName":"search_term_string"}}],"inLanguage":"es"},{"@type":"Organization","@id":"https:\/\/hysolv.eu\/es#organization","name":"Hysolv GmbH","url":"https:\/\/hysolv.eu\/es","logo":{"@type":"ImageObject","inLanguage":"es","@id":"https:\/\/hysolv.eu\/es#\/schema\/logo\/image\/","url":"https:\/\/hysolv.eu\/wp-content\/uploads\/LoginLogo-1.png","contentUrl":"https:\/\/hysolv.eu\/wp-content\/uploads\/LoginLogo-1.png","width":480,"height":229,"caption":"Hysolv GmbH"},"image":{"@id":"https:\/\/hysolv.eu\/es#\/schema\/logo\/image\/"},"sameAs":["https:\/\/www.facebook.com\/HysolvLtd","https:\/\/www.instagram.com\/hysolvlimited\/","https:\/\/www.linkedin.com\/company\/hysolv-limited\/about\/"]}]}},"_links":{"self":[{"href":"https:\/\/hysolv.eu\/es\/wp-json\/wp\/v2\/pages\/2649","targetHints":{"allow":["GET"]}}],"collection":[{"href":"https:\/\/hysolv.eu\/es\/wp-json\/wp\/v2\/pages"}],"about":[{"href":"https:\/\/hysolv.eu\/es\/wp-json\/wp\/v2\/types\/page"}],"author":[{"embeddable":true,"href":"https:\/\/hysolv.eu\/es\/wp-json\/wp\/v2\/users\/8"}],"replies":[{"embeddable":true,"href":"https:\/\/hysolv.eu\/es\/wp-json\/wp\/v2\/comments?post=2649"}],"version-history":[{"count":5,"href":"https:\/\/hysolv.eu\/es\/wp-json\/wp\/v2\/pages\/2649\/revisions"}],"predecessor-version":[{"id":5904,"href":"https:\/\/hysolv.eu\/es\/wp-json\/wp\/v2\/pages\/2649\/revisions\/5904"}],"wp:attachment":[{"href":"https:\/\/hysolv.eu\/es\/wp-json\/wp\/v2\/media?parent=2649"}],"curies":[{"name":"wp","href":"https:\/\/api.w.org\/{rel}","templated":true}]}}