{"id":2840,"date":"2021-10-08T10:09:51","date_gmt":"2021-10-08T09:09:51","guid":{"rendered":"https:\/\/hysolv.eu\/terminos-y-condiciones"},"modified":"2024-04-23T12:46:57","modified_gmt":"2024-04-23T11:46:57","slug":"terminos-y-condiciones","status":"publish","type":"page","link":"https:\/\/hysolv.eu\/es\/terminos-y-condiciones","title":{"rendered":"T\u00e9rminos y condiciones"},"content":{"rendered":"<div id=\"cs-content\" class=\"cs-content\"><\/div>\n","protected":false},"excerpt":{"rendered":"<p>condiciones generales condiciones para los clientes T\u00c9RMINOS Y CONDICIONES DE COMERCIO CON HYSOLV GmbH (en lo sucesivo, la \u00abEmpresa\u00bb o \u00abHysolv GmbH\u00bb) 1)&nbsp;Introducci\u00f3n a) Estas condiciones constituyen el acuerdo completo entre la Empresa y el Comprador. La Empresa podr\u00e1, mediante notificaci\u00f3n por escrito al Comprador, modificar estas condiciones de vez en cuando. b) La recepci\u00f3n de un pedido (tambi\u00e9n denominado &#8230; <\/p>\n<div><a href=\"https:\/\/hysolv.eu\/es\/terminos-y-condiciones\" class=\"more-link\">Read More<\/a><\/div>\n","protected":false},"author":8,"featured_media":0,"parent":0,"menu_order":1010,"comment_status":"closed","ping_status":"closed","template":"template-blank-4.php","meta":{"rs_blank_template":"","rs_page_bg_color":"","slide_template_v7":"","footnotes":""},"class_list":["post-2840","page","type-page","status-publish","hentry","no-post-thumbnail"],"yoast_head":"<!-- This site is optimized with the Yoast SEO plugin v27.5 - https:\/\/yoast.com\/product\/yoast-seo-wordpress\/ -->\n<title>T\u00e9rminos y condiciones | Hysolv<\/title>\n<meta name=\"robots\" content=\"noindex, nofollow\" \/>\n<meta property=\"og:locale\" content=\"es_ES\" \/>\n<meta property=\"og:type\" content=\"article\" \/>\n<meta property=\"og:title\" content=\"T\u00e9rminos y condiciones | Hysolv\" \/>\n<meta property=\"og:description\" content=\"condiciones generales condiciones para los clientes T\u00c9RMINOS Y CONDICIONES DE COMERCIO CON HYSOLV GmbH (en lo sucesivo, la &quot;Empresa&quot; o &quot;Hysolv GmbH&quot;) 1)&nbsp;Introducci\u00f3n a) Estas condiciones constituyen el acuerdo completo entre la Empresa y el Comprador. La Empresa podr\u00e1, mediante notificaci\u00f3n por escrito al Comprador, modificar estas condiciones de vez en cuando. b) La recepci\u00f3n de un pedido (tambi\u00e9n denominado ... Read More\" \/>\n<meta property=\"og:url\" content=\"https:\/\/hysolv.eu\/es\/terminos-y-condiciones\" \/>\n<meta property=\"og:site_name\" content=\"Hysolv\" \/>\n<meta property=\"article:publisher\" content=\"https:\/\/www.facebook.com\/HysolvLtd\" \/>\n<meta property=\"article:modified_time\" content=\"2024-04-23T11:46:57+00:00\" \/>\n<meta name=\"twitter:card\" content=\"summary_large_image\" \/>\n<meta name=\"twitter:label1\" content=\"Tiempo de lectura\" \/>\n\t<meta name=\"twitter:data1\" content=\"16 minutos\" \/>\n<script type=\"application\/ld+json\" class=\"yoast-schema-graph\">{\"@context\":\"https:\\\/\\\/schema.org\",\"@graph\":[{\"@type\":\"WebPage\",\"@id\":\"https:\\\/\\\/hysolv.eu\\\/es\\\/terminos-y-condiciones\",\"url\":\"https:\\\/\\\/hysolv.eu\\\/es\\\/terminos-y-condiciones\",\"name\":\"T\u00e9rminos y condiciones | Hysolv\",\"isPartOf\":{\"@id\":\"https:\\\/\\\/hysolv.eu\\\/es#website\"},\"datePublished\":\"2021-10-08T09:09:51+00:00\",\"dateModified\":\"2024-04-23T11:46:57+00:00\",\"breadcrumb\":{\"@id\":\"https:\\\/\\\/hysolv.eu\\\/es\\\/terminos-y-condiciones#breadcrumb\"},\"inLanguage\":\"es\",\"potentialAction\":[{\"@type\":\"ReadAction\",\"target\":[\"https:\\\/\\\/hysolv.eu\\\/es\\\/terminos-y-condiciones\"]}]},{\"@type\":\"BreadcrumbList\",\"@id\":\"https:\\\/\\\/hysolv.eu\\\/es\\\/terminos-y-condiciones#breadcrumb\",\"itemListElement\":[{\"@type\":\"ListItem\",\"position\":1,\"name\":\"Home\",\"item\":\"https:\\\/\\\/hysolv.eu\\\/es\"},{\"@type\":\"ListItem\",\"position\":2,\"name\":\"T\u00e9rminos y condiciones\"}]},{\"@type\":\"WebSite\",\"@id\":\"https:\\\/\\\/hysolv.eu\\\/es#website\",\"url\":\"https:\\\/\\\/hysolv.eu\\\/es\",\"name\":\"Hysolv\",\"description\":\"Supporting Animal Health &amp; Biosecurity\",\"publisher\":{\"@id\":\"https:\\\/\\\/hysolv.eu\\\/es#organization\"},\"potentialAction\":[{\"@type\":\"SearchAction\",\"target\":{\"@type\":\"EntryPoint\",\"urlTemplate\":\"https:\\\/\\\/hysolv.eu\\\/es?s={search_term_string}\"},\"query-input\":{\"@type\":\"PropertyValueSpecification\",\"valueRequired\":true,\"valueName\":\"search_term_string\"}}],\"inLanguage\":\"es\"},{\"@type\":\"Organization\",\"@id\":\"https:\\\/\\\/hysolv.eu\\\/es#organization\",\"name\":\"Hysolv GmbH\",\"url\":\"https:\\\/\\\/hysolv.eu\\\/es\",\"logo\":{\"@type\":\"ImageObject\",\"inLanguage\":\"es\",\"@id\":\"https:\\\/\\\/hysolv.eu\\\/es#\\\/schema\\\/logo\\\/image\\\/\",\"url\":\"https:\\\/\\\/hysolv.eu\\\/wp-content\\\/uploads\\\/LoginLogo-1.png\",\"contentUrl\":\"https:\\\/\\\/hysolv.eu\\\/wp-content\\\/uploads\\\/LoginLogo-1.png\",\"width\":480,\"height\":229,\"caption\":\"Hysolv GmbH\"},\"image\":{\"@id\":\"https:\\\/\\\/hysolv.eu\\\/es#\\\/schema\\\/logo\\\/image\\\/\"},\"sameAs\":[\"https:\\\/\\\/www.facebook.com\\\/HysolvLtd\",\"https:\\\/\\\/www.instagram.com\\\/hysolvlimited\\\/\",\"https:\\\/\\\/www.linkedin.com\\\/company\\\/hysolv-limited\\\/about\\\/\"]}]}<\/script>\n<!-- \/ Yoast SEO plugin. -->","yoast_head_json":{"title":"T\u00e9rminos y condiciones | Hysolv","robots":{"index":"noindex","follow":"nofollow"},"og_locale":"es_ES","og_type":"article","og_title":"T\u00e9rminos y condiciones | Hysolv","og_description":"condiciones generales condiciones para los clientes T\u00c9RMINOS Y CONDICIONES DE COMERCIO CON HYSOLV GmbH (en lo sucesivo, la \"Empresa\" o \"Hysolv GmbH\") 1)&nbsp;Introducci\u00f3n a) Estas condiciones constituyen el acuerdo completo entre la Empresa y el Comprador. La Empresa podr\u00e1, mediante notificaci\u00f3n por escrito al Comprador, modificar estas condiciones de vez en cuando. b) La recepci\u00f3n de un pedido (tambi\u00e9n denominado ... Read More","og_url":"https:\/\/hysolv.eu\/es\/terminos-y-condiciones","og_site_name":"Hysolv","article_publisher":"https:\/\/www.facebook.com\/HysolvLtd","article_modified_time":"2024-04-23T11:46:57+00:00","twitter_card":"summary_large_image","twitter_misc":{"Tiempo de lectura":"16 minutos"},"schema":{"@context":"https:\/\/schema.org","@graph":[{"@type":"WebPage","@id":"https:\/\/hysolv.eu\/es\/terminos-y-condiciones","url":"https:\/\/hysolv.eu\/es\/terminos-y-condiciones","name":"T\u00e9rminos y condiciones | Hysolv","isPartOf":{"@id":"https:\/\/hysolv.eu\/es#website"},"datePublished":"2021-10-08T09:09:51+00:00","dateModified":"2024-04-23T11:46:57+00:00","breadcrumb":{"@id":"https:\/\/hysolv.eu\/es\/terminos-y-condiciones#breadcrumb"},"inLanguage":"es","potentialAction":[{"@type":"ReadAction","target":["https:\/\/hysolv.eu\/es\/terminos-y-condiciones"]}]},{"@type":"BreadcrumbList","@id":"https:\/\/hysolv.eu\/es\/terminos-y-condiciones#breadcrumb","itemListElement":[{"@type":"ListItem","position":1,"name":"Home","item":"https:\/\/hysolv.eu\/es"},{"@type":"ListItem","position":2,"name":"T\u00e9rminos y condiciones"}]},{"@type":"WebSite","@id":"https:\/\/hysolv.eu\/es#website","url":"https:\/\/hysolv.eu\/es","name":"Hysolv","description":"Supporting Animal Health &amp; Biosecurity","publisher":{"@id":"https:\/\/hysolv.eu\/es#organization"},"potentialAction":[{"@type":"SearchAction","target":{"@type":"EntryPoint","urlTemplate":"https:\/\/hysolv.eu\/es?s={search_term_string}"},"query-input":{"@type":"PropertyValueSpecification","valueRequired":true,"valueName":"search_term_string"}}],"inLanguage":"es"},{"@type":"Organization","@id":"https:\/\/hysolv.eu\/es#organization","name":"Hysolv GmbH","url":"https:\/\/hysolv.eu\/es","logo":{"@type":"ImageObject","inLanguage":"es","@id":"https:\/\/hysolv.eu\/es#\/schema\/logo\/image\/","url":"https:\/\/hysolv.eu\/wp-content\/uploads\/LoginLogo-1.png","contentUrl":"https:\/\/hysolv.eu\/wp-content\/uploads\/LoginLogo-1.png","width":480,"height":229,"caption":"Hysolv GmbH"},"image":{"@id":"https:\/\/hysolv.eu\/es#\/schema\/logo\/image\/"},"sameAs":["https:\/\/www.facebook.com\/HysolvLtd","https:\/\/www.instagram.com\/hysolvlimited\/","https:\/\/www.linkedin.com\/company\/hysolv-limited\/about\/"]}]}},"_links":{"self":[{"href":"https:\/\/hysolv.eu\/es\/wp-json\/wp\/v2\/pages\/2840","targetHints":{"allow":["GET"]}}],"collection":[{"href":"https:\/\/hysolv.eu\/es\/wp-json\/wp\/v2\/pages"}],"about":[{"href":"https:\/\/hysolv.eu\/es\/wp-json\/wp\/v2\/types\/page"}],"author":[{"embeddable":true,"href":"https:\/\/hysolv.eu\/es\/wp-json\/wp\/v2\/users\/8"}],"replies":[{"embeddable":true,"href":"https:\/\/hysolv.eu\/es\/wp-json\/wp\/v2\/comments?post=2840"}],"version-history":[{"count":0,"href":"https:\/\/hysolv.eu\/es\/wp-json\/wp\/v2\/pages\/2840\/revisions"}],"wp:attachment":[{"href":"https:\/\/hysolv.eu\/es\/wp-json\/wp\/v2\/media?parent=2840"}],"curies":[{"name":"wp","href":"https:\/\/api.w.org\/{rel}","templated":true}]}}