{"id":3813,"date":"2026-01-16T03:42:49","date_gmt":"2026-01-16T02:42:49","guid":{"rendered":"https:\/\/hysolv.eu\/?page_id=3813"},"modified":"2026-04-08T16:52:57","modified_gmt":"2026-04-08T15:52:57","slug":"productos","status":"publish","type":"page","link":"https:\/\/hysolv.eu\/es\/productos","title":{"rendered":"Productos"},"content":{"rendered":"<div id=\"cs-content\" class=\"cs-content\"><\/div>\n","protected":false},"excerpt":{"rendered":"<p>Productos zoosanitarios de alto rendimiento para la higiene y la bioseguridad de las granjasHysolv suministra productos profesionales de salud animal dise\u00f1ados para reforzar la higiene de las explotaciones, reducir la presi\u00f3n de los pat\u00f3genos y apoyar una producci\u00f3n segura y eficaz en todos los sistemas ganaderos y entornos sensibles a la higiene. Nuestra cartera de productos combina soluciones de higiene &#8230; <\/p>\n<div><a href=\"https:\/\/hysolv.eu\/es\/productos\" class=\"more-link\">Read More<\/a><\/div>\n","protected":false},"author":9,"featured_media":0,"parent":0,"menu_order":100,"comment_status":"closed","ping_status":"closed","template":"template-blank-4.php","meta":{"footnotes":""},"class_list":["post-3813","page","type-page","status-publish","hentry","no-post-thumbnail"],"yoast_head":"<!-- This site is optimized with the Yoast SEO plugin v27.3 - https:\/\/yoast.com\/product\/yoast-seo-wordpress\/ -->\n<title>Productos zoosanitarios para la higiene y bioseguridad de las explotaciones | Hysolv%<\/title>\n<meta name=\"description\" content=\"Productos zoosanitarios de alto rendimiento para la higiene y la bioseguridad de las explotaciones. Soluciones para desinfecci\u00f3n, limpieza, control de plagas, higiene de los piensos y seguridad alimentaria.\" \/>\n<meta name=\"robots\" content=\"index, follow, max-snippet:-1, max-image-preview:large, max-video-preview:-1\" \/>\n<link rel=\"canonical\" href=\"https:\/\/hysolv.eu\/es\/productos\" \/>\n<meta property=\"og:locale\" content=\"es_ES\" \/>\n<meta property=\"og:type\" content=\"article\" \/>\n<meta property=\"og:title\" content=\"Productos zoosanitarios para la higiene y bioseguridad de las explotaciones | Hysolv%\" \/>\n<meta property=\"og:description\" content=\"Productos zoosanitarios de alto rendimiento para la higiene y la bioseguridad de las explotaciones. Soluciones para desinfecci\u00f3n, limpieza, control de plagas, higiene de los piensos y seguridad alimentaria.\" \/>\n<meta property=\"og:url\" content=\"https:\/\/hysolv.eu\/es\/productos\" \/>\n<meta property=\"og:site_name\" content=\"Hysolv\" \/>\n<meta property=\"article:publisher\" content=\"https:\/\/www.facebook.com\/HysolvLtd\" \/>\n<meta property=\"article:modified_time\" content=\"2026-04-08T15:52:57+00:00\" \/>\n<meta name=\"twitter:card\" content=\"summary_large_image\" \/>\n<meta name=\"twitter:label1\" content=\"Tiempo de lectura\" \/>\n\t<meta name=\"twitter:data1\" content=\"7 minutos\" \/>\n<script type=\"application\/ld+json\" class=\"yoast-schema-graph\">{\"@context\":\"https:\\\/\\\/schema.org\",\"@graph\":[{\"@type\":\"WebPage\",\"@id\":\"https:\\\/\\\/hysolv.eu\\\/es\\\/productos\",\"url\":\"https:\\\/\\\/hysolv.eu\\\/es\\\/productos\",\"name\":\"Productos zoosanitarios para la higiene y bioseguridad de las explotaciones | Hysolv%\",\"isPartOf\":{\"@id\":\"https:\\\/\\\/hysolv.eu\\\/es#website\"},\"datePublished\":\"2026-01-16T02:42:49+00:00\",\"dateModified\":\"2026-04-08T15:52:57+00:00\",\"description\":\"Productos zoosanitarios de alto rendimiento para la higiene y la bioseguridad de las explotaciones. Soluciones para desinfecci\u00f3n, limpieza, control de plagas, higiene de los piensos y seguridad alimentaria.\",\"breadcrumb\":{\"@id\":\"https:\\\/\\\/hysolv.eu\\\/es\\\/productos#breadcrumb\"},\"inLanguage\":\"es\",\"potentialAction\":[{\"@type\":\"ReadAction\",\"target\":[\"https:\\\/\\\/hysolv.eu\\\/es\\\/productos\"]}]},{\"@type\":\"BreadcrumbList\",\"@id\":\"https:\\\/\\\/hysolv.eu\\\/es\\\/productos#breadcrumb\",\"itemListElement\":[{\"@type\":\"ListItem\",\"position\":1,\"name\":\"Home\",\"item\":\"https:\\\/\\\/hysolv.eu\\\/es\\\/inicio\"},{\"@type\":\"ListItem\",\"position\":2,\"name\":\"Productos\"}]},{\"@type\":\"WebSite\",\"@id\":\"https:\\\/\\\/hysolv.eu\\\/es#website\",\"url\":\"https:\\\/\\\/hysolv.eu\\\/es\",\"name\":\"Hysolv\",\"description\":\"Supporting Animal Health &amp; Biosecurity\",\"publisher\":{\"@id\":\"https:\\\/\\\/hysolv.eu\\\/es#organization\"},\"potentialAction\":[{\"@type\":\"SearchAction\",\"target\":{\"@type\":\"EntryPoint\",\"urlTemplate\":\"https:\\\/\\\/hysolv.eu\\\/es?s={search_term_string}\"},\"query-input\":{\"@type\":\"PropertyValueSpecification\",\"valueRequired\":true,\"valueName\":\"search_term_string\"}}],\"inLanguage\":\"es\"},{\"@type\":\"Organization\",\"@id\":\"https:\\\/\\\/hysolv.eu\\\/es#organization\",\"name\":\"Hysolv GmbH\",\"url\":\"https:\\\/\\\/hysolv.eu\\\/es\",\"logo\":{\"@type\":\"ImageObject\",\"inLanguage\":\"es\",\"@id\":\"https:\\\/\\\/hysolv.eu\\\/es#\\\/schema\\\/logo\\\/image\\\/\",\"url\":\"https:\\\/\\\/hysolv.eu\\\/wp-content\\\/uploads\\\/LoginLogo-1.png\",\"contentUrl\":\"https:\\\/\\\/hysolv.eu\\\/wp-content\\\/uploads\\\/LoginLogo-1.png\",\"width\":480,\"height\":229,\"caption\":\"Hysolv GmbH\"},\"image\":{\"@id\":\"https:\\\/\\\/hysolv.eu\\\/es#\\\/schema\\\/logo\\\/image\\\/\"},\"sameAs\":[\"https:\\\/\\\/www.facebook.com\\\/HysolvLtd\",\"https:\\\/\\\/www.instagram.com\\\/hysolvlimited\\\/\",\"https:\\\/\\\/www.linkedin.com\\\/company\\\/hysolv-limited\\\/about\\\/\"]}]}<\/script>\n<!-- \/ Yoast SEO plugin. -->","yoast_head_json":{"title":"Productos zoosanitarios para la higiene y bioseguridad de las explotaciones | Hysolv%","description":"Productos zoosanitarios de alto rendimiento para la higiene y la bioseguridad de las explotaciones. Soluciones para desinfecci\u00f3n, limpieza, control de plagas, higiene de los piensos y seguridad alimentaria.","robots":{"index":"index","follow":"follow","max-snippet":"max-snippet:-1","max-image-preview":"max-image-preview:large","max-video-preview":"max-video-preview:-1"},"canonical":"https:\/\/hysolv.eu\/es\/productos","og_locale":"es_ES","og_type":"article","og_title":"Productos zoosanitarios para la higiene y bioseguridad de las explotaciones | Hysolv%","og_description":"Productos zoosanitarios de alto rendimiento para la higiene y la bioseguridad de las explotaciones. Soluciones para desinfecci\u00f3n, limpieza, control de plagas, higiene de los piensos y seguridad alimentaria.","og_url":"https:\/\/hysolv.eu\/es\/productos","og_site_name":"Hysolv","article_publisher":"https:\/\/www.facebook.com\/HysolvLtd","article_modified_time":"2026-04-08T15:52:57+00:00","twitter_card":"summary_large_image","twitter_misc":{"Tiempo de lectura":"7 minutos"},"schema":{"@context":"https:\/\/schema.org","@graph":[{"@type":"WebPage","@id":"https:\/\/hysolv.eu\/es\/productos","url":"https:\/\/hysolv.eu\/es\/productos","name":"Productos zoosanitarios para la higiene y bioseguridad de las explotaciones | Hysolv%","isPartOf":{"@id":"https:\/\/hysolv.eu\/es#website"},"datePublished":"2026-01-16T02:42:49+00:00","dateModified":"2026-04-08T15:52:57+00:00","description":"Productos zoosanitarios de alto rendimiento para la higiene y la bioseguridad de las explotaciones. Soluciones para desinfecci\u00f3n, limpieza, control de plagas, higiene de los piensos y seguridad alimentaria.","breadcrumb":{"@id":"https:\/\/hysolv.eu\/es\/productos#breadcrumb"},"inLanguage":"es","potentialAction":[{"@type":"ReadAction","target":["https:\/\/hysolv.eu\/es\/productos"]}]},{"@type":"BreadcrumbList","@id":"https:\/\/hysolv.eu\/es\/productos#breadcrumb","itemListElement":[{"@type":"ListItem","position":1,"name":"Home","item":"https:\/\/hysolv.eu\/es\/inicio"},{"@type":"ListItem","position":2,"name":"Productos"}]},{"@type":"WebSite","@id":"https:\/\/hysolv.eu\/es#website","url":"https:\/\/hysolv.eu\/es","name":"Hysolv","description":"Supporting Animal Health &amp; Biosecurity","publisher":{"@id":"https:\/\/hysolv.eu\/es#organization"},"potentialAction":[{"@type":"SearchAction","target":{"@type":"EntryPoint","urlTemplate":"https:\/\/hysolv.eu\/es?s={search_term_string}"},"query-input":{"@type":"PropertyValueSpecification","valueRequired":true,"valueName":"search_term_string"}}],"inLanguage":"es"},{"@type":"Organization","@id":"https:\/\/hysolv.eu\/es#organization","name":"Hysolv GmbH","url":"https:\/\/hysolv.eu\/es","logo":{"@type":"ImageObject","inLanguage":"es","@id":"https:\/\/hysolv.eu\/es#\/schema\/logo\/image\/","url":"https:\/\/hysolv.eu\/wp-content\/uploads\/LoginLogo-1.png","contentUrl":"https:\/\/hysolv.eu\/wp-content\/uploads\/LoginLogo-1.png","width":480,"height":229,"caption":"Hysolv GmbH"},"image":{"@id":"https:\/\/hysolv.eu\/es#\/schema\/logo\/image\/"},"sameAs":["https:\/\/www.facebook.com\/HysolvLtd","https:\/\/www.instagram.com\/hysolvlimited\/","https:\/\/www.linkedin.com\/company\/hysolv-limited\/about\/"]}]}},"_links":{"self":[{"href":"https:\/\/hysolv.eu\/es\/wp-json\/wp\/v2\/pages\/3813","targetHints":{"allow":["GET"]}}],"collection":[{"href":"https:\/\/hysolv.eu\/es\/wp-json\/wp\/v2\/pages"}],"about":[{"href":"https:\/\/hysolv.eu\/es\/wp-json\/wp\/v2\/types\/page"}],"author":[{"embeddable":true,"href":"https:\/\/hysolv.eu\/es\/wp-json\/wp\/v2\/users\/9"}],"replies":[{"embeddable":true,"href":"https:\/\/hysolv.eu\/es\/wp-json\/wp\/v2\/comments?post=3813"}],"version-history":[{"count":2,"href":"https:\/\/hysolv.eu\/es\/wp-json\/wp\/v2\/pages\/3813\/revisions"}],"predecessor-version":[{"id":5758,"href":"https:\/\/hysolv.eu\/es\/wp-json\/wp\/v2\/pages\/3813\/revisions\/5758"}],"wp:attachment":[{"href":"https:\/\/hysolv.eu\/es\/wp-json\/wp\/v2\/media?parent=3813"}],"curies":[{"name":"wp","href":"https:\/\/api.w.org\/{rel}","templated":true}]}}