{"id":4109,"date":"2026-02-06T06:52:28","date_gmt":"2026-02-06T05:52:28","guid":{"rendered":"https:\/\/hysolv.eu\/?page_id=4109"},"modified":"2026-04-09T05:55:37","modified_gmt":"2026-04-09T04:55:37","slug":"desinfectantes","status":"publish","type":"page","link":"https:\/\/hysolv.eu\/es\/productos\/desinfectantes","title":{"rendered":"Desinfectantes"},"content":{"rendered":"<div id=\"cs-content\" class=\"cs-content\"><\/div>\n","protected":false},"excerpt":{"rendered":"<p>Desinfectantes veterinarios profesionales para una bioseguridad agr\u00edcola fiableLa desinfecci\u00f3n eficaz es la base de una bioseguridad s\u00f3lida en la ganader\u00eda, evitando la propagaci\u00f3n de pat\u00f3genos en instalaciones de alojamiento animal, sistemas de agua y entornos de producci\u00f3n. Hysolv ofrece soluciones de desinfecci\u00f3n veterinaria de alto rendimiento dise\u00f1adas para apoyar una gesti\u00f3n higi\u00e9nica segura y basada en la ciencia en entornos &#8230; <\/p>\n<div><a href=\"https:\/\/hysolv.eu\/es\/producto\/interask\" class=\"more-link\">Read More<\/a><\/div>\n","protected":false},"author":9,"featured_media":0,"parent":3813,"menu_order":111,"comment_status":"closed","ping_status":"closed","template":"template-blank-4.php","meta":{"footnotes":""},"class_list":["post-4109","page","type-page","status-publish","hentry","no-post-thumbnail"],"yoast_head":"<!-- This site is optimized with the Yoast SEO plugin v27.3 - https:\/\/yoast.com\/product\/yoast-seo-wordpress\/ -->\n<title>Aplicaci\u00f3n de desinfectante en suelos y superficies de una nave ganadera para la bioseguridad agr\u00edcola<\/title>\n<meta name=\"description\" content=\"Desinfectantes veterinarios profesionales para instalaciones ganaderas, sistemas de agua, equipos y \u00e1reas de bioseguridad de alto riesgo. Soluciones de desinfecci\u00f3n comprobadas para una prevenci\u00f3n fiable de enfermedades.\" \/>\n<meta name=\"robots\" content=\"index, follow, max-snippet:-1, max-image-preview:large, max-video-preview:-1\" \/>\n<link rel=\"canonical\" href=\"https:\/\/hysolv.eu\/es\/productos\/desinfectantes\" \/>\n<meta property=\"og:locale\" content=\"es_ES\" \/>\n<meta property=\"og:type\" content=\"article\" \/>\n<meta property=\"og:title\" content=\"Aplicaci\u00f3n de desinfectante en suelos y superficies de una nave ganadera para la bioseguridad agr\u00edcola\" \/>\n<meta property=\"og:description\" content=\"Desinfectantes veterinarios profesionales para instalaciones ganaderas, sistemas de agua, equipos y \u00e1reas de bioseguridad de alto riesgo. Soluciones de desinfecci\u00f3n comprobadas para una prevenci\u00f3n fiable de enfermedades.\" \/>\n<meta property=\"og:url\" content=\"https:\/\/hysolv.eu\/es\/productos\/desinfectantes\" \/>\n<meta property=\"og:site_name\" content=\"Hysolv\" \/>\n<meta property=\"article:publisher\" content=\"https:\/\/www.facebook.com\/HysolvLtd\" \/>\n<meta property=\"article:modified_time\" content=\"2026-04-09T04:55:37+00:00\" \/>\n<meta name=\"twitter:card\" content=\"summary_large_image\" \/>\n<meta name=\"twitter:label1\" content=\"Tiempo de lectura\" \/>\n\t<meta name=\"twitter:data1\" content=\"5 minutos\" \/>\n<script type=\"application\/ld+json\" class=\"yoast-schema-graph\">{\"@context\":\"https:\\\/\\\/schema.org\",\"@graph\":[{\"@type\":\"WebPage\",\"@id\":\"https:\\\/\\\/hysolv.eu\\\/es\\\/productos\\\/desinfectantes\",\"url\":\"https:\\\/\\\/hysolv.eu\\\/es\\\/productos\\\/desinfectantes\",\"name\":\"Aplicaci\u00f3n de desinfectante en suelos y superficies de una nave ganadera para la bioseguridad agr\u00edcola\",\"isPartOf\":{\"@id\":\"https:\\\/\\\/hysolv.eu\\\/es#website\"},\"datePublished\":\"2026-02-06T05:52:28+00:00\",\"dateModified\":\"2026-04-09T04:55:37+00:00\",\"description\":\"Desinfectantes veterinarios profesionales para instalaciones ganaderas, sistemas de agua, equipos y \u00e1reas de bioseguridad de alto riesgo. Soluciones de desinfecci\u00f3n comprobadas para una prevenci\u00f3n fiable de enfermedades.\",\"breadcrumb\":{\"@id\":\"https:\\\/\\\/hysolv.eu\\\/es\\\/productos\\\/desinfectantes#breadcrumb\"},\"inLanguage\":\"es\",\"potentialAction\":[{\"@type\":\"ReadAction\",\"target\":[\"https:\\\/\\\/hysolv.eu\\\/es\\\/productos\\\/desinfectantes\"]}]},{\"@type\":\"BreadcrumbList\",\"@id\":\"https:\\\/\\\/hysolv.eu\\\/es\\\/productos\\\/desinfectantes#breadcrumb\",\"itemListElement\":[{\"@type\":\"ListItem\",\"position\":1,\"name\":\"Home\",\"item\":\"https:\\\/\\\/hysolv.eu\\\/es\\\/inicio\"},{\"@type\":\"ListItem\",\"position\":2,\"name\":\"Productos\",\"item\":\"https:\\\/\\\/hysolv.eu\\\/es\\\/productos\"},{\"@type\":\"ListItem\",\"position\":3,\"name\":\"Desinfectantes\"}]},{\"@type\":\"WebSite\",\"@id\":\"https:\\\/\\\/hysolv.eu\\\/es#website\",\"url\":\"https:\\\/\\\/hysolv.eu\\\/es\",\"name\":\"Hysolv\",\"description\":\"Supporting Animal Health &amp; Biosecurity\",\"publisher\":{\"@id\":\"https:\\\/\\\/hysolv.eu\\\/es#organization\"},\"potentialAction\":[{\"@type\":\"SearchAction\",\"target\":{\"@type\":\"EntryPoint\",\"urlTemplate\":\"https:\\\/\\\/hysolv.eu\\\/es?s={search_term_string}\"},\"query-input\":{\"@type\":\"PropertyValueSpecification\",\"valueRequired\":true,\"valueName\":\"search_term_string\"}}],\"inLanguage\":\"es\"},{\"@type\":\"Organization\",\"@id\":\"https:\\\/\\\/hysolv.eu\\\/es#organization\",\"name\":\"Hysolv GmbH\",\"url\":\"https:\\\/\\\/hysolv.eu\\\/es\",\"logo\":{\"@type\":\"ImageObject\",\"inLanguage\":\"es\",\"@id\":\"https:\\\/\\\/hysolv.eu\\\/es#\\\/schema\\\/logo\\\/image\\\/\",\"url\":\"https:\\\/\\\/hysolv.eu\\\/wp-content\\\/uploads\\\/LoginLogo-1.png\",\"contentUrl\":\"https:\\\/\\\/hysolv.eu\\\/wp-content\\\/uploads\\\/LoginLogo-1.png\",\"width\":480,\"height\":229,\"caption\":\"Hysolv GmbH\"},\"image\":{\"@id\":\"https:\\\/\\\/hysolv.eu\\\/es#\\\/schema\\\/logo\\\/image\\\/\"},\"sameAs\":[\"https:\\\/\\\/www.facebook.com\\\/HysolvLtd\",\"https:\\\/\\\/www.instagram.com\\\/hysolvlimited\\\/\",\"https:\\\/\\\/www.linkedin.com\\\/company\\\/hysolv-limited\\\/about\\\/\"]}]}<\/script>\n<!-- \/ Yoast SEO plugin. -->","yoast_head_json":{"title":"Aplicaci\u00f3n de desinfectante en suelos y superficies de una nave ganadera para la bioseguridad agr\u00edcola","description":"Desinfectantes veterinarios profesionales para instalaciones ganaderas, sistemas de agua, equipos y \u00e1reas de bioseguridad de alto riesgo. Soluciones de desinfecci\u00f3n comprobadas para una prevenci\u00f3n fiable de enfermedades.","robots":{"index":"index","follow":"follow","max-snippet":"max-snippet:-1","max-image-preview":"max-image-preview:large","max-video-preview":"max-video-preview:-1"},"canonical":"https:\/\/hysolv.eu\/es\/productos\/desinfectantes","og_locale":"es_ES","og_type":"article","og_title":"Aplicaci\u00f3n de desinfectante en suelos y superficies de una nave ganadera para la bioseguridad agr\u00edcola","og_description":"Desinfectantes veterinarios profesionales para instalaciones ganaderas, sistemas de agua, equipos y \u00e1reas de bioseguridad de alto riesgo. Soluciones de desinfecci\u00f3n comprobadas para una prevenci\u00f3n fiable de enfermedades.","og_url":"https:\/\/hysolv.eu\/es\/productos\/desinfectantes","og_site_name":"Hysolv","article_publisher":"https:\/\/www.facebook.com\/HysolvLtd","article_modified_time":"2026-04-09T04:55:37+00:00","twitter_card":"summary_large_image","twitter_misc":{"Tiempo de lectura":"5 minutos"},"schema":{"@context":"https:\/\/schema.org","@graph":[{"@type":"WebPage","@id":"https:\/\/hysolv.eu\/es\/productos\/desinfectantes","url":"https:\/\/hysolv.eu\/es\/productos\/desinfectantes","name":"Aplicaci\u00f3n de desinfectante en suelos y superficies de una nave ganadera para la bioseguridad agr\u00edcola","isPartOf":{"@id":"https:\/\/hysolv.eu\/es#website"},"datePublished":"2026-02-06T05:52:28+00:00","dateModified":"2026-04-09T04:55:37+00:00","description":"Desinfectantes veterinarios profesionales para instalaciones ganaderas, sistemas de agua, equipos y \u00e1reas de bioseguridad de alto riesgo. Soluciones de desinfecci\u00f3n comprobadas para una prevenci\u00f3n fiable de enfermedades.","breadcrumb":{"@id":"https:\/\/hysolv.eu\/es\/productos\/desinfectantes#breadcrumb"},"inLanguage":"es","potentialAction":[{"@type":"ReadAction","target":["https:\/\/hysolv.eu\/es\/productos\/desinfectantes"]}]},{"@type":"BreadcrumbList","@id":"https:\/\/hysolv.eu\/es\/productos\/desinfectantes#breadcrumb","itemListElement":[{"@type":"ListItem","position":1,"name":"Home","item":"https:\/\/hysolv.eu\/es\/inicio"},{"@type":"ListItem","position":2,"name":"Productos","item":"https:\/\/hysolv.eu\/es\/productos"},{"@type":"ListItem","position":3,"name":"Desinfectantes"}]},{"@type":"WebSite","@id":"https:\/\/hysolv.eu\/es#website","url":"https:\/\/hysolv.eu\/es","name":"Hysolv","description":"Supporting Animal Health &amp; Biosecurity","publisher":{"@id":"https:\/\/hysolv.eu\/es#organization"},"potentialAction":[{"@type":"SearchAction","target":{"@type":"EntryPoint","urlTemplate":"https:\/\/hysolv.eu\/es?s={search_term_string}"},"query-input":{"@type":"PropertyValueSpecification","valueRequired":true,"valueName":"search_term_string"}}],"inLanguage":"es"},{"@type":"Organization","@id":"https:\/\/hysolv.eu\/es#organization","name":"Hysolv GmbH","url":"https:\/\/hysolv.eu\/es","logo":{"@type":"ImageObject","inLanguage":"es","@id":"https:\/\/hysolv.eu\/es#\/schema\/logo\/image\/","url":"https:\/\/hysolv.eu\/wp-content\/uploads\/LoginLogo-1.png","contentUrl":"https:\/\/hysolv.eu\/wp-content\/uploads\/LoginLogo-1.png","width":480,"height":229,"caption":"Hysolv GmbH"},"image":{"@id":"https:\/\/hysolv.eu\/es#\/schema\/logo\/image\/"},"sameAs":["https:\/\/www.facebook.com\/HysolvLtd","https:\/\/www.instagram.com\/hysolvlimited\/","https:\/\/www.linkedin.com\/company\/hysolv-limited\/about\/"]}]}},"_links":{"self":[{"href":"https:\/\/hysolv.eu\/es\/wp-json\/wp\/v2\/pages\/4109","targetHints":{"allow":["GET"]}}],"collection":[{"href":"https:\/\/hysolv.eu\/es\/wp-json\/wp\/v2\/pages"}],"about":[{"href":"https:\/\/hysolv.eu\/es\/wp-json\/wp\/v2\/types\/page"}],"author":[{"embeddable":true,"href":"https:\/\/hysolv.eu\/es\/wp-json\/wp\/v2\/users\/9"}],"replies":[{"embeddable":true,"href":"https:\/\/hysolv.eu\/es\/wp-json\/wp\/v2\/comments?post=4109"}],"version-history":[{"count":5,"href":"https:\/\/hysolv.eu\/es\/wp-json\/wp\/v2\/pages\/4109\/revisions"}],"predecessor-version":[{"id":5854,"href":"https:\/\/hysolv.eu\/es\/wp-json\/wp\/v2\/pages\/4109\/revisions\/5854"}],"up":[{"embeddable":true,"href":"https:\/\/hysolv.eu\/es\/wp-json\/wp\/v2\/pages\/3813"}],"wp:attachment":[{"href":"https:\/\/hysolv.eu\/es\/wp-json\/wp\/v2\/media?parent=4109"}],"curies":[{"name":"wp","href":"https:\/\/api.w.org\/{rel}","templated":true}]}}