{"id":4173,"date":"2026-01-25T14:48:03","date_gmt":"2026-01-25T13:48:03","guid":{"rendered":"https:\/\/hysolv.eu\/?page_id=4173"},"modified":"2026-04-09T06:00:34","modified_gmt":"2026-04-09T05:00:34","slug":"limpiadores","status":"publish","type":"page","link":"https:\/\/hysolv.eu\/es\/productos\/limpiadores","title":{"rendered":"Limpiadores"},"content":{"rendered":"<div id=\"cs-content\" class=\"cs-content\"><\/div>\n","protected":false},"excerpt":{"rendered":"<p>Soluciones profesionales de limpieza agr\u00edcola para entornos seguros e higi\u00e9nicosUna limpieza constante y eficaz es la base de una higiene y bioseguridad sostenibles en la agricultura moderna. Hysolv ofrece soluciones de limpieza agr\u00edcola de alto rendimiento dise\u00f1adas para rutinas de limpieza diarias, saneamiento profundo y tareas higi\u00e9nicas especializadas en alojamientos ganaderos, instalaciones lecheras, equipos y entornos relacionados con alimentos. Al &#8230; <\/p>\n<div><a href=\"https:\/\/hysolv.eu\/es\/producto\/alcalino\" class=\"more-link\">Read More<\/a><\/div>\n","protected":false},"author":9,"featured_media":0,"parent":3813,"menu_order":112,"comment_status":"closed","ping_status":"closed","template":"template-blank-4.php","meta":{"footnotes":""},"class_list":["post-4173","page","type-page","status-publish","hentry","no-post-thumbnail"],"yoast_head":"<!-- This site is optimized with the Yoast SEO plugin v27.3 - https:\/\/yoast.com\/product\/yoast-seo-wordpress\/ -->\n<title>Soluciones de limpieza agr\u00edcola para higiene profesional | Hysolv<\/title>\n<meta name=\"description\" content=\"Soluciones profesionales de limpieza agr\u00edcola para alojamientos ganaderos, equipos y \u00e1reas relacionadas con alimentos. Limpieza de alto rendimiento para una higiene y bioseguridad fiables.\" \/>\n<meta name=\"robots\" content=\"index, follow, max-snippet:-1, max-image-preview:large, max-video-preview:-1\" \/>\n<link rel=\"canonical\" href=\"https:\/\/hysolv.eu\/es\/productos\/limpiadores\" \/>\n<meta property=\"og:locale\" content=\"es_ES\" \/>\n<meta property=\"og:type\" content=\"article\" \/>\n<meta property=\"og:title\" content=\"Soluciones de limpieza agr\u00edcola para higiene profesional | Hysolv\" \/>\n<meta property=\"og:description\" content=\"Soluciones profesionales de limpieza agr\u00edcola para alojamientos ganaderos, equipos y \u00e1reas relacionadas con alimentos. Limpieza de alto rendimiento para una higiene y bioseguridad fiables.\" \/>\n<meta property=\"og:url\" content=\"https:\/\/hysolv.eu\/es\/productos\/limpiadores\" \/>\n<meta property=\"og:site_name\" content=\"Hysolv\" \/>\n<meta property=\"article:publisher\" content=\"https:\/\/www.facebook.com\/HysolvLtd\" \/>\n<meta property=\"article:modified_time\" content=\"2026-04-09T05:00:34+00:00\" \/>\n<meta name=\"twitter:card\" content=\"summary_large_image\" \/>\n<meta name=\"twitter:label1\" content=\"Tiempo de lectura\" \/>\n\t<meta name=\"twitter:data1\" content=\"4 minutos\" \/>\n<script type=\"application\/ld+json\" class=\"yoast-schema-graph\">{\"@context\":\"https:\\\/\\\/schema.org\",\"@graph\":[{\"@type\":\"WebPage\",\"@id\":\"https:\\\/\\\/hysolv.eu\\\/es\\\/productos\\\/limpiadores\",\"url\":\"https:\\\/\\\/hysolv.eu\\\/es\\\/productos\\\/limpiadores\",\"name\":\"Soluciones de limpieza agr\u00edcola para higiene profesional | Hysolv\",\"isPartOf\":{\"@id\":\"https:\\\/\\\/hysolv.eu\\\/es#website\"},\"datePublished\":\"2026-01-25T13:48:03+00:00\",\"dateModified\":\"2026-04-09T05:00:34+00:00\",\"description\":\"Soluciones profesionales de limpieza agr\u00edcola para alojamientos ganaderos, equipos y \u00e1reas relacionadas con alimentos. Limpieza de alto rendimiento para una higiene y bioseguridad fiables.\",\"breadcrumb\":{\"@id\":\"https:\\\/\\\/hysolv.eu\\\/es\\\/productos\\\/limpiadores#breadcrumb\"},\"inLanguage\":\"es\",\"potentialAction\":[{\"@type\":\"ReadAction\",\"target\":[\"https:\\\/\\\/hysolv.eu\\\/es\\\/productos\\\/limpiadores\"]}]},{\"@type\":\"BreadcrumbList\",\"@id\":\"https:\\\/\\\/hysolv.eu\\\/es\\\/productos\\\/limpiadores#breadcrumb\",\"itemListElement\":[{\"@type\":\"ListItem\",\"position\":1,\"name\":\"Home\",\"item\":\"https:\\\/\\\/hysolv.eu\\\/es\\\/inicio\"},{\"@type\":\"ListItem\",\"position\":2,\"name\":\"Productos\",\"item\":\"https:\\\/\\\/hysolv.eu\\\/es\\\/productos\"},{\"@type\":\"ListItem\",\"position\":3,\"name\":\"Limpiadores\"}]},{\"@type\":\"WebSite\",\"@id\":\"https:\\\/\\\/hysolv.eu\\\/es#website\",\"url\":\"https:\\\/\\\/hysolv.eu\\\/es\",\"name\":\"Hysolv\",\"description\":\"Supporting Animal Health &amp; Biosecurity\",\"publisher\":{\"@id\":\"https:\\\/\\\/hysolv.eu\\\/es#organization\"},\"potentialAction\":[{\"@type\":\"SearchAction\",\"target\":{\"@type\":\"EntryPoint\",\"urlTemplate\":\"https:\\\/\\\/hysolv.eu\\\/es?s={search_term_string}\"},\"query-input\":{\"@type\":\"PropertyValueSpecification\",\"valueRequired\":true,\"valueName\":\"search_term_string\"}}],\"inLanguage\":\"es\"},{\"@type\":\"Organization\",\"@id\":\"https:\\\/\\\/hysolv.eu\\\/es#organization\",\"name\":\"Hysolv GmbH\",\"url\":\"https:\\\/\\\/hysolv.eu\\\/es\",\"logo\":{\"@type\":\"ImageObject\",\"inLanguage\":\"es\",\"@id\":\"https:\\\/\\\/hysolv.eu\\\/es#\\\/schema\\\/logo\\\/image\\\/\",\"url\":\"https:\\\/\\\/hysolv.eu\\\/wp-content\\\/uploads\\\/LoginLogo-1.png\",\"contentUrl\":\"https:\\\/\\\/hysolv.eu\\\/wp-content\\\/uploads\\\/LoginLogo-1.png\",\"width\":480,\"height\":229,\"caption\":\"Hysolv GmbH\"},\"image\":{\"@id\":\"https:\\\/\\\/hysolv.eu\\\/es#\\\/schema\\\/logo\\\/image\\\/\"},\"sameAs\":[\"https:\\\/\\\/www.facebook.com\\\/HysolvLtd\",\"https:\\\/\\\/www.instagram.com\\\/hysolvlimited\\\/\",\"https:\\\/\\\/www.linkedin.com\\\/company\\\/hysolv-limited\\\/about\\\/\"]}]}<\/script>\n<!-- \/ Yoast SEO plugin. -->","yoast_head_json":{"title":"Soluciones de limpieza agr\u00edcola para higiene profesional | Hysolv","description":"Soluciones profesionales de limpieza agr\u00edcola para alojamientos ganaderos, equipos y \u00e1reas relacionadas con alimentos. Limpieza de alto rendimiento para una higiene y bioseguridad fiables.","robots":{"index":"index","follow":"follow","max-snippet":"max-snippet:-1","max-image-preview":"max-image-preview:large","max-video-preview":"max-video-preview:-1"},"canonical":"https:\/\/hysolv.eu\/es\/productos\/limpiadores","og_locale":"es_ES","og_type":"article","og_title":"Soluciones de limpieza agr\u00edcola para higiene profesional | Hysolv","og_description":"Soluciones profesionales de limpieza agr\u00edcola para alojamientos ganaderos, equipos y \u00e1reas relacionadas con alimentos. Limpieza de alto rendimiento para una higiene y bioseguridad fiables.","og_url":"https:\/\/hysolv.eu\/es\/productos\/limpiadores","og_site_name":"Hysolv","article_publisher":"https:\/\/www.facebook.com\/HysolvLtd","article_modified_time":"2026-04-09T05:00:34+00:00","twitter_card":"summary_large_image","twitter_misc":{"Tiempo de lectura":"4 minutos"},"schema":{"@context":"https:\/\/schema.org","@graph":[{"@type":"WebPage","@id":"https:\/\/hysolv.eu\/es\/productos\/limpiadores","url":"https:\/\/hysolv.eu\/es\/productos\/limpiadores","name":"Soluciones de limpieza agr\u00edcola para higiene profesional | Hysolv","isPartOf":{"@id":"https:\/\/hysolv.eu\/es#website"},"datePublished":"2026-01-25T13:48:03+00:00","dateModified":"2026-04-09T05:00:34+00:00","description":"Soluciones profesionales de limpieza agr\u00edcola para alojamientos ganaderos, equipos y \u00e1reas relacionadas con alimentos. Limpieza de alto rendimiento para una higiene y bioseguridad fiables.","breadcrumb":{"@id":"https:\/\/hysolv.eu\/es\/productos\/limpiadores#breadcrumb"},"inLanguage":"es","potentialAction":[{"@type":"ReadAction","target":["https:\/\/hysolv.eu\/es\/productos\/limpiadores"]}]},{"@type":"BreadcrumbList","@id":"https:\/\/hysolv.eu\/es\/productos\/limpiadores#breadcrumb","itemListElement":[{"@type":"ListItem","position":1,"name":"Home","item":"https:\/\/hysolv.eu\/es\/inicio"},{"@type":"ListItem","position":2,"name":"Productos","item":"https:\/\/hysolv.eu\/es\/productos"},{"@type":"ListItem","position":3,"name":"Limpiadores"}]},{"@type":"WebSite","@id":"https:\/\/hysolv.eu\/es#website","url":"https:\/\/hysolv.eu\/es","name":"Hysolv","description":"Supporting Animal Health &amp; Biosecurity","publisher":{"@id":"https:\/\/hysolv.eu\/es#organization"},"potentialAction":[{"@type":"SearchAction","target":{"@type":"EntryPoint","urlTemplate":"https:\/\/hysolv.eu\/es?s={search_term_string}"},"query-input":{"@type":"PropertyValueSpecification","valueRequired":true,"valueName":"search_term_string"}}],"inLanguage":"es"},{"@type":"Organization","@id":"https:\/\/hysolv.eu\/es#organization","name":"Hysolv GmbH","url":"https:\/\/hysolv.eu\/es","logo":{"@type":"ImageObject","inLanguage":"es","@id":"https:\/\/hysolv.eu\/es#\/schema\/logo\/image\/","url":"https:\/\/hysolv.eu\/wp-content\/uploads\/LoginLogo-1.png","contentUrl":"https:\/\/hysolv.eu\/wp-content\/uploads\/LoginLogo-1.png","width":480,"height":229,"caption":"Hysolv GmbH"},"image":{"@id":"https:\/\/hysolv.eu\/es#\/schema\/logo\/image\/"},"sameAs":["https:\/\/www.facebook.com\/HysolvLtd","https:\/\/www.instagram.com\/hysolvlimited\/","https:\/\/www.linkedin.com\/company\/hysolv-limited\/about\/"]}]}},"_links":{"self":[{"href":"https:\/\/hysolv.eu\/es\/wp-json\/wp\/v2\/pages\/4173","targetHints":{"allow":["GET"]}}],"collection":[{"href":"https:\/\/hysolv.eu\/es\/wp-json\/wp\/v2\/pages"}],"about":[{"href":"https:\/\/hysolv.eu\/es\/wp-json\/wp\/v2\/types\/page"}],"author":[{"embeddable":true,"href":"https:\/\/hysolv.eu\/es\/wp-json\/wp\/v2\/users\/9"}],"replies":[{"embeddable":true,"href":"https:\/\/hysolv.eu\/es\/wp-json\/wp\/v2\/comments?post=4173"}],"version-history":[{"count":4,"href":"https:\/\/hysolv.eu\/es\/wp-json\/wp\/v2\/pages\/4173\/revisions"}],"predecessor-version":[{"id":5856,"href":"https:\/\/hysolv.eu\/es\/wp-json\/wp\/v2\/pages\/4173\/revisions\/5856"}],"up":[{"embeddable":true,"href":"https:\/\/hysolv.eu\/es\/wp-json\/wp\/v2\/pages\/3813"}],"wp:attachment":[{"href":"https:\/\/hysolv.eu\/es\/wp-json\/wp\/v2\/media?parent=4173"}],"curies":[{"name":"wp","href":"https:\/\/api.w.org\/{rel}","templated":true}]}}