{"id":4289,"date":"2026-02-06T07:52:57","date_gmt":"2026-02-06T06:52:57","guid":{"rendered":"https:\/\/hysolv.eu\/?page_id=4289"},"modified":"2026-04-09T06:43:51","modified_gmt":"2026-04-09T05:43:51","slug":"aves-de-corral","status":"publish","type":"page","link":"https:\/\/hysolv.eu\/es\/productos\/aves-de-corral","title":{"rendered":"Aves de corral"},"content":{"rendered":"<div id=\"cs-content\" class=\"cs-content\"><\/div>\n","protected":false},"excerpt":{"rendered":"<p>Soluciones eficaces de tratamiento contra \u00e1caros en gallinas y bioseguridad para granjas av\u00edcolasLa producci\u00f3n av\u00edcola moderna requiere rutinas de higiene s\u00f3lidas, tratamientos fiables contra \u00e1caros en gallinas y sistemas de bioseguridad estructurados para proteger la salud de las aves y mantener un rendimiento estable. Los par\u00e1sitos, los pat\u00f3genos y las deficiencias higi\u00e9nicas afectan directamente la salud, la productividad y el &#8230; <\/p>\n<div><a href=\"https:\/\/hysolv.eu\/es\/producto\/alcalino\" class=\"more-link\">Read More<\/a><\/div>\n","protected":false},"author":9,"featured_media":0,"parent":3813,"menu_order":121,"comment_status":"closed","ping_status":"closed","template":"template-blank-4.php","meta":{"footnotes":""},"class_list":["post-4289","page","type-page","status-publish","hentry","no-post-thumbnail"],"yoast_head":"<!-- This site is optimized with the Yoast SEO plugin v27.3 - https:\/\/yoast.com\/product\/yoast-seo-wordpress\/ -->\n<title>Tratamiento de \u00e1caros en gallinas y soluciones de bioseguridad av\u00edcola | Hysolv<\/title>\n<meta name=\"description\" content=\"Soluciones profesionales de tratamiento de \u00e1caros en gallinas y bioseguridad av\u00edcola para pollos de engorde, ponedoras, reproductoras e incubadoras. Conceptos de higiene fiables para proteger la salud y el rendimiento del lote.\" \/>\n<meta name=\"robots\" content=\"index, follow, max-snippet:-1, max-image-preview:large, max-video-preview:-1\" \/>\n<link rel=\"canonical\" href=\"https:\/\/hysolv.eu\/es\/productos\/aves-de-corral\" \/>\n<meta property=\"og:locale\" content=\"es_ES\" \/>\n<meta property=\"og:type\" content=\"article\" \/>\n<meta property=\"og:title\" content=\"Tratamiento de \u00e1caros en gallinas y soluciones de bioseguridad av\u00edcola | Hysolv\" \/>\n<meta property=\"og:description\" content=\"Soluciones profesionales de tratamiento de \u00e1caros en gallinas y bioseguridad av\u00edcola para pollos de engorde, ponedoras, reproductoras e incubadoras. Conceptos de higiene fiables para proteger la salud y el rendimiento del lote.\" \/>\n<meta property=\"og:url\" content=\"https:\/\/hysolv.eu\/es\/productos\/aves-de-corral\" \/>\n<meta property=\"og:site_name\" content=\"Hysolv\" \/>\n<meta property=\"article:publisher\" content=\"https:\/\/www.facebook.com\/HysolvLtd\" \/>\n<meta property=\"article:modified_time\" content=\"2026-04-09T05:43:51+00:00\" \/>\n<meta name=\"twitter:card\" content=\"summary_large_image\" \/>\n<meta name=\"twitter:label1\" content=\"Tiempo de lectura\" \/>\n\t<meta name=\"twitter:data1\" content=\"6 minutos\" \/>\n<script type=\"application\/ld+json\" class=\"yoast-schema-graph\">{\"@context\":\"https:\\\/\\\/schema.org\",\"@graph\":[{\"@type\":\"WebPage\",\"@id\":\"https:\\\/\\\/hysolv.eu\\\/es\\\/productos\\\/aves-de-corral\",\"url\":\"https:\\\/\\\/hysolv.eu\\\/es\\\/productos\\\/aves-de-corral\",\"name\":\"Tratamiento de \u00e1caros en gallinas y soluciones de bioseguridad av\u00edcola | Hysolv\",\"isPartOf\":{\"@id\":\"https:\\\/\\\/hysolv.eu\\\/es#website\"},\"datePublished\":\"2026-02-06T06:52:57+00:00\",\"dateModified\":\"2026-04-09T05:43:51+00:00\",\"description\":\"Soluciones profesionales de tratamiento de \u00e1caros en gallinas y bioseguridad av\u00edcola para pollos de engorde, ponedoras, reproductoras e incubadoras. Conceptos de higiene fiables para proteger la salud y el rendimiento del lote.\",\"breadcrumb\":{\"@id\":\"https:\\\/\\\/hysolv.eu\\\/es\\\/productos\\\/aves-de-corral#breadcrumb\"},\"inLanguage\":\"es\",\"potentialAction\":[{\"@type\":\"ReadAction\",\"target\":[\"https:\\\/\\\/hysolv.eu\\\/es\\\/productos\\\/aves-de-corral\"]}]},{\"@type\":\"BreadcrumbList\",\"@id\":\"https:\\\/\\\/hysolv.eu\\\/es\\\/productos\\\/aves-de-corral#breadcrumb\",\"itemListElement\":[{\"@type\":\"ListItem\",\"position\":1,\"name\":\"Home\",\"item\":\"https:\\\/\\\/hysolv.eu\\\/es\\\/inicio\"},{\"@type\":\"ListItem\",\"position\":2,\"name\":\"Productos\",\"item\":\"https:\\\/\\\/hysolv.eu\\\/es\\\/productos\"},{\"@type\":\"ListItem\",\"position\":3,\"name\":\"Aves de corral\"}]},{\"@type\":\"WebSite\",\"@id\":\"https:\\\/\\\/hysolv.eu\\\/es#website\",\"url\":\"https:\\\/\\\/hysolv.eu\\\/es\",\"name\":\"Hysolv\",\"description\":\"Supporting Animal Health &amp; Biosecurity\",\"publisher\":{\"@id\":\"https:\\\/\\\/hysolv.eu\\\/es#organization\"},\"potentialAction\":[{\"@type\":\"SearchAction\",\"target\":{\"@type\":\"EntryPoint\",\"urlTemplate\":\"https:\\\/\\\/hysolv.eu\\\/es?s={search_term_string}\"},\"query-input\":{\"@type\":\"PropertyValueSpecification\",\"valueRequired\":true,\"valueName\":\"search_term_string\"}}],\"inLanguage\":\"es\"},{\"@type\":\"Organization\",\"@id\":\"https:\\\/\\\/hysolv.eu\\\/es#organization\",\"name\":\"Hysolv GmbH\",\"url\":\"https:\\\/\\\/hysolv.eu\\\/es\",\"logo\":{\"@type\":\"ImageObject\",\"inLanguage\":\"es\",\"@id\":\"https:\\\/\\\/hysolv.eu\\\/es#\\\/schema\\\/logo\\\/image\\\/\",\"url\":\"https:\\\/\\\/hysolv.eu\\\/wp-content\\\/uploads\\\/LoginLogo-1.png\",\"contentUrl\":\"https:\\\/\\\/hysolv.eu\\\/wp-content\\\/uploads\\\/LoginLogo-1.png\",\"width\":480,\"height\":229,\"caption\":\"Hysolv GmbH\"},\"image\":{\"@id\":\"https:\\\/\\\/hysolv.eu\\\/es#\\\/schema\\\/logo\\\/image\\\/\"},\"sameAs\":[\"https:\\\/\\\/www.facebook.com\\\/HysolvLtd\",\"https:\\\/\\\/www.instagram.com\\\/hysolvlimited\\\/\",\"https:\\\/\\\/www.linkedin.com\\\/company\\\/hysolv-limited\\\/about\\\/\"]}]}<\/script>\n<!-- \/ Yoast SEO plugin. -->","yoast_head_json":{"title":"Tratamiento de \u00e1caros en gallinas y soluciones de bioseguridad av\u00edcola | Hysolv","description":"Soluciones profesionales de tratamiento de \u00e1caros en gallinas y bioseguridad av\u00edcola para pollos de engorde, ponedoras, reproductoras e incubadoras. Conceptos de higiene fiables para proteger la salud y el rendimiento del lote.","robots":{"index":"index","follow":"follow","max-snippet":"max-snippet:-1","max-image-preview":"max-image-preview:large","max-video-preview":"max-video-preview:-1"},"canonical":"https:\/\/hysolv.eu\/es\/productos\/aves-de-corral","og_locale":"es_ES","og_type":"article","og_title":"Tratamiento de \u00e1caros en gallinas y soluciones de bioseguridad av\u00edcola | Hysolv","og_description":"Soluciones profesionales de tratamiento de \u00e1caros en gallinas y bioseguridad av\u00edcola para pollos de engorde, ponedoras, reproductoras e incubadoras. Conceptos de higiene fiables para proteger la salud y el rendimiento del lote.","og_url":"https:\/\/hysolv.eu\/es\/productos\/aves-de-corral","og_site_name":"Hysolv","article_publisher":"https:\/\/www.facebook.com\/HysolvLtd","article_modified_time":"2026-04-09T05:43:51+00:00","twitter_card":"summary_large_image","twitter_misc":{"Tiempo de lectura":"6 minutos"},"schema":{"@context":"https:\/\/schema.org","@graph":[{"@type":"WebPage","@id":"https:\/\/hysolv.eu\/es\/productos\/aves-de-corral","url":"https:\/\/hysolv.eu\/es\/productos\/aves-de-corral","name":"Tratamiento de \u00e1caros en gallinas y soluciones de bioseguridad av\u00edcola | Hysolv","isPartOf":{"@id":"https:\/\/hysolv.eu\/es#website"},"datePublished":"2026-02-06T06:52:57+00:00","dateModified":"2026-04-09T05:43:51+00:00","description":"Soluciones profesionales de tratamiento de \u00e1caros en gallinas y bioseguridad av\u00edcola para pollos de engorde, ponedoras, reproductoras e incubadoras. Conceptos de higiene fiables para proteger la salud y el rendimiento del lote.","breadcrumb":{"@id":"https:\/\/hysolv.eu\/es\/productos\/aves-de-corral#breadcrumb"},"inLanguage":"es","potentialAction":[{"@type":"ReadAction","target":["https:\/\/hysolv.eu\/es\/productos\/aves-de-corral"]}]},{"@type":"BreadcrumbList","@id":"https:\/\/hysolv.eu\/es\/productos\/aves-de-corral#breadcrumb","itemListElement":[{"@type":"ListItem","position":1,"name":"Home","item":"https:\/\/hysolv.eu\/es\/inicio"},{"@type":"ListItem","position":2,"name":"Productos","item":"https:\/\/hysolv.eu\/es\/productos"},{"@type":"ListItem","position":3,"name":"Aves de corral"}]},{"@type":"WebSite","@id":"https:\/\/hysolv.eu\/es#website","url":"https:\/\/hysolv.eu\/es","name":"Hysolv","description":"Supporting Animal Health &amp; Biosecurity","publisher":{"@id":"https:\/\/hysolv.eu\/es#organization"},"potentialAction":[{"@type":"SearchAction","target":{"@type":"EntryPoint","urlTemplate":"https:\/\/hysolv.eu\/es?s={search_term_string}"},"query-input":{"@type":"PropertyValueSpecification","valueRequired":true,"valueName":"search_term_string"}}],"inLanguage":"es"},{"@type":"Organization","@id":"https:\/\/hysolv.eu\/es#organization","name":"Hysolv GmbH","url":"https:\/\/hysolv.eu\/es","logo":{"@type":"ImageObject","inLanguage":"es","@id":"https:\/\/hysolv.eu\/es#\/schema\/logo\/image\/","url":"https:\/\/hysolv.eu\/wp-content\/uploads\/LoginLogo-1.png","contentUrl":"https:\/\/hysolv.eu\/wp-content\/uploads\/LoginLogo-1.png","width":480,"height":229,"caption":"Hysolv GmbH"},"image":{"@id":"https:\/\/hysolv.eu\/es#\/schema\/logo\/image\/"},"sameAs":["https:\/\/www.facebook.com\/HysolvLtd","https:\/\/www.instagram.com\/hysolvlimited\/","https:\/\/www.linkedin.com\/company\/hysolv-limited\/about\/"]}]}},"_links":{"self":[{"href":"https:\/\/hysolv.eu\/es\/wp-json\/wp\/v2\/pages\/4289","targetHints":{"allow":["GET"]}}],"collection":[{"href":"https:\/\/hysolv.eu\/es\/wp-json\/wp\/v2\/pages"}],"about":[{"href":"https:\/\/hysolv.eu\/es\/wp-json\/wp\/v2\/types\/page"}],"author":[{"embeddable":true,"href":"https:\/\/hysolv.eu\/es\/wp-json\/wp\/v2\/users\/9"}],"replies":[{"embeddable":true,"href":"https:\/\/hysolv.eu\/es\/wp-json\/wp\/v2\/comments?post=4289"}],"version-history":[{"count":5,"href":"https:\/\/hysolv.eu\/es\/wp-json\/wp\/v2\/pages\/4289\/revisions"}],"predecessor-version":[{"id":5876,"href":"https:\/\/hysolv.eu\/es\/wp-json\/wp\/v2\/pages\/4289\/revisions\/5876"}],"up":[{"embeddable":true,"href":"https:\/\/hysolv.eu\/es\/wp-json\/wp\/v2\/pages\/3813"}],"wp:attachment":[{"href":"https:\/\/hysolv.eu\/es\/wp-json\/wp\/v2\/media?parent=4289"}],"curies":[{"name":"wp","href":"https:\/\/api.w.org\/{rel}","templated":true}]}}