{"id":4331,"date":"2026-02-06T07:56:53","date_gmt":"2026-02-06T06:56:53","guid":{"rendered":"https:\/\/hysolv.eu\/?page_id=4331"},"modified":"2026-04-09T07:04:06","modified_gmt":"2026-04-09T06:04:06","slug":"animales-de-compania","status":"publish","type":"page","link":"https:\/\/hysolv.eu\/es\/productos\/animales-de-compania","title":{"rendered":"Animales de compa\u00f1\u00eda"},"content":{"rendered":"<div id=\"cs-content\" class=\"cs-content\"><\/div>\n","protected":false},"excerpt":{"rendered":"<p>Desinfectante seguro para mascotas y soluciones de higiene para animales de compa\u00f1\u00edaLos entornos limpios e higi\u00e9nicos son esenciales en cualquier lugar donde se alojen, traten o cuiden animales de compa\u00f1\u00eda. La gesti\u00f3n profesional de la higiene ayuda a reducir la presi\u00f3n de pat\u00f3genos y par\u00e1sitos, garantizando al mismo tiempo la seguridad, el confort y el bienestar animal. Hysolv ofrece soluciones &#8230; <\/p>\n<div><a href=\"https:\/\/hysolv.eu\/es\/producto\/alcalino\" class=\"more-link\">Read More<\/a><\/div>\n","protected":false},"author":9,"featured_media":0,"parent":3813,"menu_order":125,"comment_status":"closed","ping_status":"closed","template":"template-blank-4.php","meta":{"footnotes":""},"class_list":["post-4331","page","type-page","status-publish","hentry","no-post-thumbnail"],"yoast_head":"<!-- This site is optimized with the Yoast SEO plugin v27.4 - https:\/\/yoast.com\/product\/yoast-seo-wordpress\/ -->\n<title>Desinfectante seguro para mascotas para animales de compa\u00f1\u00eda | Hysolv<\/title>\n<meta name=\"description\" content=\"Soluciones de desinfectantes seguros para mascotas e higiene para instalaciones de animales de compa\u00f1\u00eda. Sanitizaci\u00f3n profesional, control de par\u00e1sitos y bioseguridad para cl\u00ednicas veterinarias, perreras y refugios.\" \/>\n<meta name=\"robots\" content=\"index, follow, max-snippet:-1, max-image-preview:large, max-video-preview:-1\" \/>\n<link rel=\"canonical\" href=\"https:\/\/hysolv.eu\/es\/productos\/animales-de-compania\" \/>\n<meta property=\"og:locale\" content=\"es_ES\" \/>\n<meta property=\"og:type\" content=\"article\" \/>\n<meta property=\"og:title\" content=\"Desinfectante seguro para mascotas para animales de compa\u00f1\u00eda | Hysolv\" \/>\n<meta property=\"og:description\" content=\"Soluciones de desinfectantes seguros para mascotas e higiene para instalaciones de animales de compa\u00f1\u00eda. Sanitizaci\u00f3n profesional, control de par\u00e1sitos y bioseguridad para cl\u00ednicas veterinarias, perreras y refugios.\" \/>\n<meta property=\"og:url\" content=\"https:\/\/hysolv.eu\/es\/productos\/animales-de-compania\" \/>\n<meta property=\"og:site_name\" content=\"Hysolv\" \/>\n<meta property=\"article:publisher\" content=\"https:\/\/www.facebook.com\/HysolvLtd\" \/>\n<meta property=\"article:modified_time\" content=\"2026-04-09T06:04:06+00:00\" \/>\n<meta name=\"twitter:card\" content=\"summary_large_image\" \/>\n<meta name=\"twitter:label1\" content=\"Tiempo de lectura\" \/>\n\t<meta name=\"twitter:data1\" content=\"6 minutos\" \/>\n<script type=\"application\/ld+json\" class=\"yoast-schema-graph\">{\"@context\":\"https:\\\/\\\/schema.org\",\"@graph\":[{\"@type\":\"WebPage\",\"@id\":\"https:\\\/\\\/hysolv.eu\\\/es\\\/productos\\\/animales-de-compania\",\"url\":\"https:\\\/\\\/hysolv.eu\\\/es\\\/productos\\\/animales-de-compania\",\"name\":\"Desinfectante seguro para mascotas para animales de compa\u00f1\u00eda | Hysolv\",\"isPartOf\":{\"@id\":\"https:\\\/\\\/hysolv.eu\\\/es#website\"},\"datePublished\":\"2026-02-06T06:56:53+00:00\",\"dateModified\":\"2026-04-09T06:04:06+00:00\",\"description\":\"Soluciones de desinfectantes seguros para mascotas e higiene para instalaciones de animales de compa\u00f1\u00eda. Sanitizaci\u00f3n profesional, control de par\u00e1sitos y bioseguridad para cl\u00ednicas veterinarias, perreras y refugios.\",\"breadcrumb\":{\"@id\":\"https:\\\/\\\/hysolv.eu\\\/es\\\/productos\\\/animales-de-compania#breadcrumb\"},\"inLanguage\":\"es\",\"potentialAction\":[{\"@type\":\"ReadAction\",\"target\":[\"https:\\\/\\\/hysolv.eu\\\/es\\\/productos\\\/animales-de-compania\"]}]},{\"@type\":\"BreadcrumbList\",\"@id\":\"https:\\\/\\\/hysolv.eu\\\/es\\\/productos\\\/animales-de-compania#breadcrumb\",\"itemListElement\":[{\"@type\":\"ListItem\",\"position\":1,\"name\":\"Home\",\"item\":\"https:\\\/\\\/hysolv.eu\\\/es\\\/inicio\"},{\"@type\":\"ListItem\",\"position\":2,\"name\":\"Productos\",\"item\":\"https:\\\/\\\/hysolv.eu\\\/es\\\/productos\"},{\"@type\":\"ListItem\",\"position\":3,\"name\":\"Animales de compa\u00f1\u00eda\"}]},{\"@type\":\"WebSite\",\"@id\":\"https:\\\/\\\/hysolv.eu\\\/es#website\",\"url\":\"https:\\\/\\\/hysolv.eu\\\/es\",\"name\":\"Hysolv\",\"description\":\"Supporting Animal Health &amp; Biosecurity\",\"publisher\":{\"@id\":\"https:\\\/\\\/hysolv.eu\\\/es#organization\"},\"potentialAction\":[{\"@type\":\"SearchAction\",\"target\":{\"@type\":\"EntryPoint\",\"urlTemplate\":\"https:\\\/\\\/hysolv.eu\\\/es?s={search_term_string}\"},\"query-input\":{\"@type\":\"PropertyValueSpecification\",\"valueRequired\":true,\"valueName\":\"search_term_string\"}}],\"inLanguage\":\"es\"},{\"@type\":\"Organization\",\"@id\":\"https:\\\/\\\/hysolv.eu\\\/es#organization\",\"name\":\"Hysolv GmbH\",\"url\":\"https:\\\/\\\/hysolv.eu\\\/es\",\"logo\":{\"@type\":\"ImageObject\",\"inLanguage\":\"es\",\"@id\":\"https:\\\/\\\/hysolv.eu\\\/es#\\\/schema\\\/logo\\\/image\\\/\",\"url\":\"https:\\\/\\\/hysolv.eu\\\/wp-content\\\/uploads\\\/LoginLogo-1.png\",\"contentUrl\":\"https:\\\/\\\/hysolv.eu\\\/wp-content\\\/uploads\\\/LoginLogo-1.png\",\"width\":480,\"height\":229,\"caption\":\"Hysolv GmbH\"},\"image\":{\"@id\":\"https:\\\/\\\/hysolv.eu\\\/es#\\\/schema\\\/logo\\\/image\\\/\"},\"sameAs\":[\"https:\\\/\\\/www.facebook.com\\\/HysolvLtd\",\"https:\\\/\\\/www.instagram.com\\\/hysolvlimited\\\/\",\"https:\\\/\\\/www.linkedin.com\\\/company\\\/hysolv-limited\\\/about\\\/\"]}]}<\/script>\n<!-- \/ Yoast SEO plugin. -->","yoast_head_json":{"title":"Desinfectante seguro para mascotas para animales de compa\u00f1\u00eda | Hysolv","description":"Soluciones de desinfectantes seguros para mascotas e higiene para instalaciones de animales de compa\u00f1\u00eda. Sanitizaci\u00f3n profesional, control de par\u00e1sitos y bioseguridad para cl\u00ednicas veterinarias, perreras y refugios.","robots":{"index":"index","follow":"follow","max-snippet":"max-snippet:-1","max-image-preview":"max-image-preview:large","max-video-preview":"max-video-preview:-1"},"canonical":"https:\/\/hysolv.eu\/es\/productos\/animales-de-compania","og_locale":"es_ES","og_type":"article","og_title":"Desinfectante seguro para mascotas para animales de compa\u00f1\u00eda | Hysolv","og_description":"Soluciones de desinfectantes seguros para mascotas e higiene para instalaciones de animales de compa\u00f1\u00eda. Sanitizaci\u00f3n profesional, control de par\u00e1sitos y bioseguridad para cl\u00ednicas veterinarias, perreras y refugios.","og_url":"https:\/\/hysolv.eu\/es\/productos\/animales-de-compania","og_site_name":"Hysolv","article_publisher":"https:\/\/www.facebook.com\/HysolvLtd","article_modified_time":"2026-04-09T06:04:06+00:00","twitter_card":"summary_large_image","twitter_misc":{"Tiempo de lectura":"6 minutos"},"schema":{"@context":"https:\/\/schema.org","@graph":[{"@type":"WebPage","@id":"https:\/\/hysolv.eu\/es\/productos\/animales-de-compania","url":"https:\/\/hysolv.eu\/es\/productos\/animales-de-compania","name":"Desinfectante seguro para mascotas para animales de compa\u00f1\u00eda | Hysolv","isPartOf":{"@id":"https:\/\/hysolv.eu\/es#website"},"datePublished":"2026-02-06T06:56:53+00:00","dateModified":"2026-04-09T06:04:06+00:00","description":"Soluciones de desinfectantes seguros para mascotas e higiene para instalaciones de animales de compa\u00f1\u00eda. Sanitizaci\u00f3n profesional, control de par\u00e1sitos y bioseguridad para cl\u00ednicas veterinarias, perreras y refugios.","breadcrumb":{"@id":"https:\/\/hysolv.eu\/es\/productos\/animales-de-compania#breadcrumb"},"inLanguage":"es","potentialAction":[{"@type":"ReadAction","target":["https:\/\/hysolv.eu\/es\/productos\/animales-de-compania"]}]},{"@type":"BreadcrumbList","@id":"https:\/\/hysolv.eu\/es\/productos\/animales-de-compania#breadcrumb","itemListElement":[{"@type":"ListItem","position":1,"name":"Home","item":"https:\/\/hysolv.eu\/es\/inicio"},{"@type":"ListItem","position":2,"name":"Productos","item":"https:\/\/hysolv.eu\/es\/productos"},{"@type":"ListItem","position":3,"name":"Animales de compa\u00f1\u00eda"}]},{"@type":"WebSite","@id":"https:\/\/hysolv.eu\/es#website","url":"https:\/\/hysolv.eu\/es","name":"Hysolv","description":"Supporting Animal Health &amp; Biosecurity","publisher":{"@id":"https:\/\/hysolv.eu\/es#organization"},"potentialAction":[{"@type":"SearchAction","target":{"@type":"EntryPoint","urlTemplate":"https:\/\/hysolv.eu\/es?s={search_term_string}"},"query-input":{"@type":"PropertyValueSpecification","valueRequired":true,"valueName":"search_term_string"}}],"inLanguage":"es"},{"@type":"Organization","@id":"https:\/\/hysolv.eu\/es#organization","name":"Hysolv GmbH","url":"https:\/\/hysolv.eu\/es","logo":{"@type":"ImageObject","inLanguage":"es","@id":"https:\/\/hysolv.eu\/es#\/schema\/logo\/image\/","url":"https:\/\/hysolv.eu\/wp-content\/uploads\/LoginLogo-1.png","contentUrl":"https:\/\/hysolv.eu\/wp-content\/uploads\/LoginLogo-1.png","width":480,"height":229,"caption":"Hysolv GmbH"},"image":{"@id":"https:\/\/hysolv.eu\/es#\/schema\/logo\/image\/"},"sameAs":["https:\/\/www.facebook.com\/HysolvLtd","https:\/\/www.instagram.com\/hysolvlimited\/","https:\/\/www.linkedin.com\/company\/hysolv-limited\/about\/"]}]}},"_links":{"self":[{"href":"https:\/\/hysolv.eu\/es\/wp-json\/wp\/v2\/pages\/4331","targetHints":{"allow":["GET"]}}],"collection":[{"href":"https:\/\/hysolv.eu\/es\/wp-json\/wp\/v2\/pages"}],"about":[{"href":"https:\/\/hysolv.eu\/es\/wp-json\/wp\/v2\/types\/page"}],"author":[{"embeddable":true,"href":"https:\/\/hysolv.eu\/es\/wp-json\/wp\/v2\/users\/9"}],"replies":[{"embeddable":true,"href":"https:\/\/hysolv.eu\/es\/wp-json\/wp\/v2\/comments?post=4331"}],"version-history":[{"count":5,"href":"https:\/\/hysolv.eu\/es\/wp-json\/wp\/v2\/pages\/4331\/revisions"}],"predecessor-version":[{"id":5884,"href":"https:\/\/hysolv.eu\/es\/wp-json\/wp\/v2\/pages\/4331\/revisions\/5884"}],"up":[{"embeddable":true,"href":"https:\/\/hysolv.eu\/es\/wp-json\/wp\/v2\/pages\/3813"}],"wp:attachment":[{"href":"https:\/\/hysolv.eu\/es\/wp-json\/wp\/v2\/media?parent=4331"}],"curies":[{"name":"wp","href":"https:\/\/api.w.org\/{rel}","templated":true}]}}