{"id":2986,"date":"2021-11-15T14:49:59","date_gmt":"2021-11-15T13:49:59","guid":{"rendered":"https:\/\/hysolv.eu\/product\/interdes-f"},"modified":"2026-04-07T16:19:24","modified_gmt":"2026-04-07T15:19:24","slug":"interdes-f","status":"publish","type":"product","link":"https:\/\/hysolv.eu\/es\/producto\/interdes-f","title":{"rendered":"Interdes F"},"content":{"rendered":"<p>Desinfectante para su uso en instalaciones comerciales como almacenes de alimentos, incubadoras, c\u00e1maras frigor\u00edficas, mataderos, entornos de procesamiento y envasado de alimentos y veh\u00edculos de transporte.<\/p>\n<a  class=\"x-btn x-btn-real x-btn-rounded x-btn-mini\"  href=\"https:\/\/hysolv.eu\/wp-content\/uploads\/InterDes-F-Ltd-March-2021.pdf\" title=\"InterDes F Ltd Marzo 2021\" target=\"_blank\" rel=\"noopener noreferrer\"   data-options=\"thumbnail: ''\">FICHA DE INFORMACI\u00d3N DEL PRODUCTO<\/a>\n","protected":false},"excerpt":{"rendered":"<p>Desinfectante para uso en locales comerciales como almacenes de alimentos, criaderos, c\u00e1maras frigor\u00edficas, mataderos, procesado de alimentos, entornos de envasado de alimentos y veh\u00edculos de transporte.<\/p>\n","protected":false},"featured_media":2987,"template":"","meta":{"rs_blank_template":"","rs_page_bg_color":"","slide_template_v7":""},"product_brand":[],"product_cat":[1029,704,1026,664,1027,1025,712,1028],"product_tag":[],"class_list":{"0":"post-2986","1":"product","2":"type-product","3":"status-publish","4":"has-post-thumbnail","6":"product_cat-acuicultura","7":"product_cat-animales-de-compania","8":"product_cat-avicultura","9":"product_cat-desinfectantes","10":"product_cat-porcino","11":"product_cat-procesamiento-almacenamiento-alimentos","12":"product_cat-limpiadores","13":"product_cat-rumiantes","16":"first","17":"instock","18":"shipping-taxable","19":"product-type-simple"},"yoast_head":"<!-- This site is optimized with the Yoast SEO plugin v27.5 - https:\/\/yoast.com\/product\/yoast-seo-wordpress\/ -->\n<title>Interdes F | Hysolv<\/title>\n<meta name=\"description\" content=\"Desinfectante para uso en locales comerciales como almacenes de alimentos, criaderos, c\u00e1maras frigor\u00edficas, mataderos, procesado de alimentos, entornos de envasado de alimentos y veh\u00edculos de transporte.\" \/>\n<meta name=\"robots\" content=\"index, follow, max-snippet:-1, max-image-preview:large, max-video-preview:-1\" \/>\n<link rel=\"canonical\" href=\"https:\/\/hysolv.eu\/es\/producto\/interdes-f\" \/>\n<meta property=\"og:locale\" content=\"es_ES\" \/>\n<meta property=\"og:type\" content=\"article\" \/>\n<meta property=\"og:title\" content=\"Interdes F | Hysolv\" \/>\n<meta property=\"og:description\" content=\"Desinfectante para uso en locales comerciales como almacenes de alimentos, criaderos, c\u00e1maras frigor\u00edficas, mataderos, procesado de alimentos, entornos de envasado de alimentos y veh\u00edculos de transporte.\" \/>\n<meta property=\"og:url\" content=\"https:\/\/hysolv.eu\/es\/producto\/interdes-f\" \/>\n<meta property=\"og:site_name\" content=\"Hysolv\" \/>\n<meta property=\"article:publisher\" content=\"https:\/\/www.facebook.com\/HysolvLtd\" \/>\n<meta property=\"article:modified_time\" content=\"2026-04-07T15:19:24+00:00\" \/>\n<meta property=\"og:image\" content=\"https:\/\/hysolv.eu\/wp-content\/uploads\/interdes_f.jpg\" \/>\n\t<meta property=\"og:image:width\" content=\"1071\" \/>\n\t<meta property=\"og:image:height\" content=\"714\" \/>\n\t<meta property=\"og:image:type\" content=\"image\/jpeg\" \/>\n<meta name=\"twitter:card\" content=\"summary_large_image\" \/>\n<script type=\"application\/ld+json\" class=\"yoast-schema-graph\">{\"@context\":\"https:\\\/\\\/schema.org\",\"@graph\":[{\"@type\":\"WebPage\",\"@id\":\"https:\\\/\\\/hysolv.eu\\\/es\\\/producto\\\/interdes-f\",\"url\":\"https:\\\/\\\/hysolv.eu\\\/es\\\/producto\\\/interdes-f\",\"name\":\"Interdes F | Hysolv\",\"isPartOf\":{\"@id\":\"https:\\\/\\\/hysolv.eu\\\/es#website\"},\"primaryImageOfPage\":{\"@id\":\"https:\\\/\\\/hysolv.eu\\\/es\\\/producto\\\/interdes-f#primaryimage\"},\"image\":{\"@id\":\"https:\\\/\\\/hysolv.eu\\\/es\\\/producto\\\/interdes-f#primaryimage\"},\"thumbnailUrl\":\"https:\\\/\\\/hysolv.eu\\\/wp-content\\\/uploads\\\/interdes_f.jpg\",\"datePublished\":\"2021-11-15T13:49:59+00:00\",\"dateModified\":\"2026-04-07T15:19:24+00:00\",\"description\":\"Desinfectante para uso en locales comerciales como almacenes de alimentos, criaderos, c\u00e1maras frigor\u00edficas, mataderos, procesado de alimentos, entornos de envasado de alimentos y veh\u00edculos de transporte.\",\"breadcrumb\":{\"@id\":\"https:\\\/\\\/hysolv.eu\\\/es\\\/producto\\\/interdes-f#breadcrumb\"},\"inLanguage\":\"es\",\"potentialAction\":[{\"@type\":\"ReadAction\",\"target\":[\"https:\\\/\\\/hysolv.eu\\\/es\\\/producto\\\/interdes-f\"]}]},{\"@type\":\"ImageObject\",\"inLanguage\":\"es\",\"@id\":\"https:\\\/\\\/hysolv.eu\\\/es\\\/producto\\\/interdes-f#primaryimage\",\"url\":\"https:\\\/\\\/hysolv.eu\\\/wp-content\\\/uploads\\\/interdes_f.jpg\",\"contentUrl\":\"https:\\\/\\\/hysolv.eu\\\/wp-content\\\/uploads\\\/interdes_f.jpg\",\"width\":1071,\"height\":714,\"caption\":\"Desinfectante Interdes F en bid\u00f3n azul, envase de 10 kg\"},{\"@type\":\"BreadcrumbList\",\"@id\":\"https:\\\/\\\/hysolv.eu\\\/es\\\/producto\\\/interdes-f#breadcrumb\",\"itemListElement\":[{\"@type\":\"ListItem\",\"position\":1,\"name\":\"Home\",\"item\":\"https:\\\/\\\/hysolv.eu\\\/es\"},{\"@type\":\"ListItem\",\"position\":2,\"name\":\"Tienda\",\"item\":\"https:\\\/\\\/hysolv.eu\\\/es?page_id=2694\"},{\"@type\":\"ListItem\",\"position\":3,\"name\":\"Interdes F\"}]},{\"@type\":\"WebSite\",\"@id\":\"https:\\\/\\\/hysolv.eu\\\/es#website\",\"url\":\"https:\\\/\\\/hysolv.eu\\\/es\",\"name\":\"Hysolv\",\"description\":\"Supporting Animal Health &amp; Biosecurity\",\"publisher\":{\"@id\":\"https:\\\/\\\/hysolv.eu\\\/es#organization\"},\"potentialAction\":[{\"@type\":\"SearchAction\",\"target\":{\"@type\":\"EntryPoint\",\"urlTemplate\":\"https:\\\/\\\/hysolv.eu\\\/es?s={search_term_string}\"},\"query-input\":{\"@type\":\"PropertyValueSpecification\",\"valueRequired\":true,\"valueName\":\"search_term_string\"}}],\"inLanguage\":\"es\"},{\"@type\":\"Organization\",\"@id\":\"https:\\\/\\\/hysolv.eu\\\/es#organization\",\"name\":\"Hysolv GmbH\",\"url\":\"https:\\\/\\\/hysolv.eu\\\/es\",\"logo\":{\"@type\":\"ImageObject\",\"inLanguage\":\"es\",\"@id\":\"https:\\\/\\\/hysolv.eu\\\/es#\\\/schema\\\/logo\\\/image\\\/\",\"url\":\"https:\\\/\\\/hysolv.eu\\\/wp-content\\\/uploads\\\/LoginLogo-1.png\",\"contentUrl\":\"https:\\\/\\\/hysolv.eu\\\/wp-content\\\/uploads\\\/LoginLogo-1.png\",\"width\":480,\"height\":229,\"caption\":\"Hysolv GmbH\"},\"image\":{\"@id\":\"https:\\\/\\\/hysolv.eu\\\/es#\\\/schema\\\/logo\\\/image\\\/\"},\"sameAs\":[\"https:\\\/\\\/www.facebook.com\\\/HysolvLtd\",\"https:\\\/\\\/www.instagram.com\\\/hysolvlimited\\\/\",\"https:\\\/\\\/www.linkedin.com\\\/company\\\/hysolv-limited\\\/about\\\/\"]}]}<\/script>\n<!-- \/ Yoast SEO plugin. -->","yoast_head_json":{"title":"Interdes F | Hysolv","description":"Desinfectante para uso en locales comerciales como almacenes de alimentos, criaderos, c\u00e1maras frigor\u00edficas, mataderos, procesado de alimentos, entornos de envasado de alimentos y veh\u00edculos de transporte.","robots":{"index":"index","follow":"follow","max-snippet":"max-snippet:-1","max-image-preview":"max-image-preview:large","max-video-preview":"max-video-preview:-1"},"canonical":"https:\/\/hysolv.eu\/es\/producto\/interdes-f","og_locale":"es_ES","og_type":"article","og_title":"Interdes F | Hysolv","og_description":"Desinfectante para uso en locales comerciales como almacenes de alimentos, criaderos, c\u00e1maras frigor\u00edficas, mataderos, procesado de alimentos, entornos de envasado de alimentos y veh\u00edculos de transporte.","og_url":"https:\/\/hysolv.eu\/es\/producto\/interdes-f","og_site_name":"Hysolv","article_publisher":"https:\/\/www.facebook.com\/HysolvLtd","article_modified_time":"2026-04-07T15:19:24+00:00","og_image":[{"width":1071,"height":714,"url":"https:\/\/hysolv.eu\/wp-content\/uploads\/interdes_f.jpg","type":"image\/jpeg"}],"twitter_card":"summary_large_image","schema":{"@context":"https:\/\/schema.org","@graph":[{"@type":"WebPage","@id":"https:\/\/hysolv.eu\/es\/producto\/interdes-f","url":"https:\/\/hysolv.eu\/es\/producto\/interdes-f","name":"Interdes F | Hysolv","isPartOf":{"@id":"https:\/\/hysolv.eu\/es#website"},"primaryImageOfPage":{"@id":"https:\/\/hysolv.eu\/es\/producto\/interdes-f#primaryimage"},"image":{"@id":"https:\/\/hysolv.eu\/es\/producto\/interdes-f#primaryimage"},"thumbnailUrl":"https:\/\/hysolv.eu\/wp-content\/uploads\/interdes_f.jpg","datePublished":"2021-11-15T13:49:59+00:00","dateModified":"2026-04-07T15:19:24+00:00","description":"Desinfectante para uso en locales comerciales como almacenes de alimentos, criaderos, c\u00e1maras frigor\u00edficas, mataderos, procesado de alimentos, entornos de envasado de alimentos y veh\u00edculos de transporte.","breadcrumb":{"@id":"https:\/\/hysolv.eu\/es\/producto\/interdes-f#breadcrumb"},"inLanguage":"es","potentialAction":[{"@type":"ReadAction","target":["https:\/\/hysolv.eu\/es\/producto\/interdes-f"]}]},{"@type":"ImageObject","inLanguage":"es","@id":"https:\/\/hysolv.eu\/es\/producto\/interdes-f#primaryimage","url":"https:\/\/hysolv.eu\/wp-content\/uploads\/interdes_f.jpg","contentUrl":"https:\/\/hysolv.eu\/wp-content\/uploads\/interdes_f.jpg","width":1071,"height":714,"caption":"Desinfectante Interdes F en bid\u00f3n azul, envase de 10 kg"},{"@type":"BreadcrumbList","@id":"https:\/\/hysolv.eu\/es\/producto\/interdes-f#breadcrumb","itemListElement":[{"@type":"ListItem","position":1,"name":"Home","item":"https:\/\/hysolv.eu\/es"},{"@type":"ListItem","position":2,"name":"Tienda","item":"https:\/\/hysolv.eu\/es?page_id=2694"},{"@type":"ListItem","position":3,"name":"Interdes F"}]},{"@type":"WebSite","@id":"https:\/\/hysolv.eu\/es#website","url":"https:\/\/hysolv.eu\/es","name":"Hysolv","description":"Supporting Animal Health &amp; Biosecurity","publisher":{"@id":"https:\/\/hysolv.eu\/es#organization"},"potentialAction":[{"@type":"SearchAction","target":{"@type":"EntryPoint","urlTemplate":"https:\/\/hysolv.eu\/es?s={search_term_string}"},"query-input":{"@type":"PropertyValueSpecification","valueRequired":true,"valueName":"search_term_string"}}],"inLanguage":"es"},{"@type":"Organization","@id":"https:\/\/hysolv.eu\/es#organization","name":"Hysolv GmbH","url":"https:\/\/hysolv.eu\/es","logo":{"@type":"ImageObject","inLanguage":"es","@id":"https:\/\/hysolv.eu\/es#\/schema\/logo\/image\/","url":"https:\/\/hysolv.eu\/wp-content\/uploads\/LoginLogo-1.png","contentUrl":"https:\/\/hysolv.eu\/wp-content\/uploads\/LoginLogo-1.png","width":480,"height":229,"caption":"Hysolv GmbH"},"image":{"@id":"https:\/\/hysolv.eu\/es#\/schema\/logo\/image\/"},"sameAs":["https:\/\/www.facebook.com\/HysolvLtd","https:\/\/www.instagram.com\/hysolvlimited\/","https:\/\/www.linkedin.com\/company\/hysolv-limited\/about\/"]}]}},"_links":{"self":[{"href":"https:\/\/hysolv.eu\/es\/wp-json\/wp\/v2\/product\/2986","targetHints":{"allow":["GET"]}}],"collection":[{"href":"https:\/\/hysolv.eu\/es\/wp-json\/wp\/v2\/product"}],"about":[{"href":"https:\/\/hysolv.eu\/es\/wp-json\/wp\/v2\/types\/product"}],"wp:featuredmedia":[{"embeddable":true,"href":"https:\/\/hysolv.eu\/es\/wp-json\/wp\/v2\/media\/2987"}],"wp:attachment":[{"href":"https:\/\/hysolv.eu\/es\/wp-json\/wp\/v2\/media?parent=2986"}],"wp:term":[{"taxonomy":"product_brand","embeddable":true,"href":"https:\/\/hysolv.eu\/es\/wp-json\/wp\/v2\/product_brand?post=2986"},{"taxonomy":"product_cat","embeddable":true,"href":"https:\/\/hysolv.eu\/es\/wp-json\/wp\/v2\/product_cat?post=2986"},{"taxonomy":"product_tag","embeddable":true,"href":"https:\/\/hysolv.eu\/es\/wp-json\/wp\/v2\/product_tag?post=2986"}],"curies":[{"name":"wp","href":"https:\/\/api.w.org\/{rel}","templated":true}]}}