{"id":5733,"date":"2026-03-26T07:19:24","date_gmt":"2026-03-26T06:19:24","guid":{"rendered":"https:\/\/hysolv.eu\/product\/interdor-animal-wash"},"modified":"2026-03-26T07:19:24","modified_gmt":"2026-03-26T06:19:24","slug":"interdor-animal-wash","status":"publish","type":"product","link":"https:\/\/hysolv.eu\/es\/producto\/interdor-animal-wash","title":{"rendered":"Interdor animal wash"},"content":{"rendered":"<p>Interdor Animal Wash es una soluci\u00f3n higi\u00e9nica concentrada para el lavado del ganado y la eliminaci\u00f3n de contaminaci\u00f3n org\u00e1nica e inorg\u00e1nica. Reduce bacterias, levaduras y hongos, al mismo tiempo que desprende par\u00e1sitos como huevos de gusanos adherentes y \u00e1caros. El producto favorece la higiene animal y contribuye a mejorar el bienestar animal.  <\/p>\n<p>&nbsp;<\/p>\n<p>&nbsp;<\/p>\n","protected":false},"excerpt":{"rendered":"<div class=\"flex flex-col text-sm pb-25\">\n<article class=\"text-token-text-primary w-full focus:outline-none [--shadow-height:45px] has-data-writing-block:pointer-events-none has-data-writing-block:-mt-(--shadow-height) has-data-writing-block:pt-(--shadow-height) [&amp;:has([data-writing-block])&gt;*]:pointer-events-auto scroll-mt-[calc(var(--header-height)+min(200px,max(70px,20svh)))]\" dir=\"auto\" tabindex=\"-1\" data-turn-id=\"05ebb37e-eef1-4f61-9374-c8f289c3a83d\" data-testid=\"conversation-turn-266\" data-scroll-anchor=\"true\" data-turn=\"assistant\">\n<div class=\"text-base my-auto mx-auto pb-10 [--thread-content-margin:--spacing(4)] @w-sm\/main:[--thread-content-margin:--spacing(6)] @w-lg\/main:[--thread-content-margin:--spacing(16)] px-(--thread-content-margin)\">\n<div class=\"[--thread-content-max-width:40rem] @w-lg\/main:[--thread-content-max-width:48rem] mx-auto max-w-(--thread-content-max-width) flex-1 group\/turn-messages focus-visible:outline-hidden relative flex w-full min-w-0 flex-col agent-turn\" tabindex=\"-1\">\n<div class=\"flex max-w-full flex-col grow\">\n<div class=\"min-h-8 text-message relative flex w-full flex-col items-end gap-2 text-start break-words whitespace-normal [.text-message+&amp;]:mt-1\" dir=\"auto\" data-message-author-role=\"assistant\" data-message-id=\"92326bd8-8aef-4c61-9520-e9862e4c4f6b\" data-message-model-slug=\"gpt-5-2\">\n<div class=\"flex w-full flex-col gap-1 empty:hidden first:pt-[1px]\">Interdor Animal Wash es una soluci\u00f3n higi\u00e9nica concentrada para el lavado del ganado que reduce bacterias, levaduras y hongos, y elimina la contaminaci\u00f3n org\u00e1nica y los par\u00e1sitos.<\/div>\n<\/div>\n<\/div>\n<\/div>\n<\/div>\n<\/article>\n<\/div>\n<p>&nbsp;<\/p>\n<p>&nbsp;<\/p>\n","protected":false},"featured_media":4019,"template":"","meta":[],"product_brand":[],"product_cat":[1027,712],"product_tag":[],"class_list":{"0":"post-5733","1":"product","2":"type-product","3":"status-publish","4":"has-post-thumbnail","6":"product_cat-porcino","7":"product_cat-limpiadores","10":"first","11":"instock","12":"shipping-taxable","13":"product-type-simple"},"yoast_head":"<!-- This site is optimized with the Yoast SEO plugin v27.3 - https:\/\/yoast.com\/product\/yoast-seo-wordpress\/ -->\n<title>Interdor animal wash | Hysolv<\/title>\n<meta name=\"description\" content=\"Interdor Animal Wash es una soluci\u00f3n higi\u00e9nica concentrada para el ganado que elimina la contaminaci\u00f3n org\u00e1nica e inorg\u00e1nica. Reduce bacterias, levaduras, hongos y par\u00e1sitos, favoreciendo la higiene y el bienestar animal.\" \/>\n<meta name=\"robots\" content=\"index, follow, max-snippet:-1, max-image-preview:large, max-video-preview:-1\" \/>\n<link rel=\"canonical\" href=\"https:\/\/hysolv.eu\/es\/producto\/interdor-animal-wash\" \/>\n<meta property=\"og:locale\" content=\"es_ES\" \/>\n<meta property=\"og:type\" content=\"article\" \/>\n<meta property=\"og:title\" content=\"Interdor animal wash | Hysolv\" \/>\n<meta property=\"og:description\" content=\"Interdor Animal Wash es una soluci\u00f3n higi\u00e9nica concentrada para el ganado que elimina la contaminaci\u00f3n org\u00e1nica e inorg\u00e1nica. Reduce bacterias, levaduras, hongos y par\u00e1sitos, favoreciendo la higiene y el bienestar animal.\" \/>\n<meta property=\"og:url\" content=\"https:\/\/hysolv.eu\/es\/producto\/interdor-animal-wash\" \/>\n<meta property=\"og:site_name\" content=\"Hysolv\" \/>\n<meta property=\"article:publisher\" content=\"https:\/\/www.facebook.com\/HysolvLtd\" \/>\n<meta property=\"og:image\" content=\"https:\/\/hysolv.eu\/wp-content\/uploads\/interdor-animal-wash.jpg\" \/>\n\t<meta property=\"og:image:width\" content=\"1071\" \/>\n\t<meta property=\"og:image:height\" content=\"714\" \/>\n\t<meta property=\"og:image:type\" content=\"image\/jpeg\" \/>\n<meta name=\"twitter:card\" content=\"summary_large_image\" \/>\n<script type=\"application\/ld+json\" class=\"yoast-schema-graph\">{\"@context\":\"https:\\\/\\\/schema.org\",\"@graph\":[{\"@type\":\"WebPage\",\"@id\":\"https:\\\/\\\/hysolv.eu\\\/es\\\/producto\\\/interdor-animal-wash\",\"url\":\"https:\\\/\\\/hysolv.eu\\\/es\\\/producto\\\/interdor-animal-wash\",\"name\":\"Interdor animal wash | Hysolv\",\"isPartOf\":{\"@id\":\"https:\\\/\\\/hysolv.eu\\\/es#website\"},\"primaryImageOfPage\":{\"@id\":\"https:\\\/\\\/hysolv.eu\\\/es\\\/producto\\\/interdor-animal-wash#primaryimage\"},\"image\":{\"@id\":\"https:\\\/\\\/hysolv.eu\\\/es\\\/producto\\\/interdor-animal-wash#primaryimage\"},\"thumbnailUrl\":\"https:\\\/\\\/hysolv.eu\\\/wp-content\\\/uploads\\\/interdor-animal-wash.jpg\",\"datePublished\":\"2026-03-26T06:19:24+00:00\",\"description\":\"Interdor Animal Wash es una soluci\u00f3n higi\u00e9nica concentrada para el ganado que elimina la contaminaci\u00f3n org\u00e1nica e inorg\u00e1nica. Reduce bacterias, levaduras, hongos y par\u00e1sitos, favoreciendo la higiene y el bienestar animal.\",\"breadcrumb\":{\"@id\":\"https:\\\/\\\/hysolv.eu\\\/es\\\/producto\\\/interdor-animal-wash#breadcrumb\"},\"inLanguage\":\"es\",\"potentialAction\":[{\"@type\":\"ReadAction\",\"target\":[\"https:\\\/\\\/hysolv.eu\\\/es\\\/producto\\\/interdor-animal-wash\"]}]},{\"@type\":\"ImageObject\",\"inLanguage\":\"es\",\"@id\":\"https:\\\/\\\/hysolv.eu\\\/es\\\/producto\\\/interdor-animal-wash#primaryimage\",\"url\":\"https:\\\/\\\/hysolv.eu\\\/wp-content\\\/uploads\\\/interdor-animal-wash.jpg\",\"contentUrl\":\"https:\\\/\\\/hysolv.eu\\\/wp-content\\\/uploads\\\/interdor-animal-wash.jpg\",\"width\":713,\"height\":948,\"caption\":\"Soluci\u00f3n higi\u00e9nica Interdor Animal Wash para ganado en bid\u00f3n azul de 10 L\"},{\"@type\":\"BreadcrumbList\",\"@id\":\"https:\\\/\\\/hysolv.eu\\\/es\\\/producto\\\/interdor-animal-wash#breadcrumb\",\"itemListElement\":[{\"@type\":\"ListItem\",\"position\":1,\"name\":\"Home\",\"item\":\"https:\\\/\\\/hysolv.eu\\\/es\\\/inicio\"},{\"@type\":\"ListItem\",\"position\":2,\"name\":\"Tienda\",\"item\":\"https:\\\/\\\/hysolv.eu\\\/es?page_id=2694\"},{\"@type\":\"ListItem\",\"position\":3,\"name\":\"Interdor animal wash\"}]},{\"@type\":\"WebSite\",\"@id\":\"https:\\\/\\\/hysolv.eu\\\/es#website\",\"url\":\"https:\\\/\\\/hysolv.eu\\\/es\",\"name\":\"Hysolv\",\"description\":\"Supporting Animal Health &amp; Biosecurity\",\"publisher\":{\"@id\":\"https:\\\/\\\/hysolv.eu\\\/es#organization\"},\"potentialAction\":[{\"@type\":\"SearchAction\",\"target\":{\"@type\":\"EntryPoint\",\"urlTemplate\":\"https:\\\/\\\/hysolv.eu\\\/es?s={search_term_string}\"},\"query-input\":{\"@type\":\"PropertyValueSpecification\",\"valueRequired\":true,\"valueName\":\"search_term_string\"}}],\"inLanguage\":\"es\"},{\"@type\":\"Organization\",\"@id\":\"https:\\\/\\\/hysolv.eu\\\/es#organization\",\"name\":\"Hysolv GmbH\",\"url\":\"https:\\\/\\\/hysolv.eu\\\/es\",\"logo\":{\"@type\":\"ImageObject\",\"inLanguage\":\"es\",\"@id\":\"https:\\\/\\\/hysolv.eu\\\/es#\\\/schema\\\/logo\\\/image\\\/\",\"url\":\"https:\\\/\\\/hysolv.eu\\\/wp-content\\\/uploads\\\/LoginLogo-1.png\",\"contentUrl\":\"https:\\\/\\\/hysolv.eu\\\/wp-content\\\/uploads\\\/LoginLogo-1.png\",\"width\":480,\"height\":229,\"caption\":\"Hysolv GmbH\"},\"image\":{\"@id\":\"https:\\\/\\\/hysolv.eu\\\/es#\\\/schema\\\/logo\\\/image\\\/\"},\"sameAs\":[\"https:\\\/\\\/www.facebook.com\\\/HysolvLtd\",\"https:\\\/\\\/www.instagram.com\\\/hysolvlimited\\\/\",\"https:\\\/\\\/www.linkedin.com\\\/company\\\/hysolv-limited\\\/about\\\/\"]}]}<\/script>\n<!-- \/ Yoast SEO plugin. -->","yoast_head_json":{"title":"Interdor animal wash | Hysolv","description":"Interdor Animal Wash es una soluci\u00f3n higi\u00e9nica concentrada para el ganado que elimina la contaminaci\u00f3n org\u00e1nica e inorg\u00e1nica. Reduce bacterias, levaduras, hongos y par\u00e1sitos, favoreciendo la higiene y el bienestar animal.","robots":{"index":"index","follow":"follow","max-snippet":"max-snippet:-1","max-image-preview":"max-image-preview:large","max-video-preview":"max-video-preview:-1"},"canonical":"https:\/\/hysolv.eu\/es\/producto\/interdor-animal-wash","og_locale":"es_ES","og_type":"article","og_title":"Interdor animal wash | Hysolv","og_description":"Interdor Animal Wash es una soluci\u00f3n higi\u00e9nica concentrada para el ganado que elimina la contaminaci\u00f3n org\u00e1nica e inorg\u00e1nica. Reduce bacterias, levaduras, hongos y par\u00e1sitos, favoreciendo la higiene y el bienestar animal.","og_url":"https:\/\/hysolv.eu\/es\/producto\/interdor-animal-wash","og_site_name":"Hysolv","article_publisher":"https:\/\/www.facebook.com\/HysolvLtd","og_image":[{"width":1071,"height":714,"url":"https:\/\/hysolv.eu\/wp-content\/uploads\/interdor-animal-wash.jpg","type":"image\/jpeg"}],"twitter_card":"summary_large_image","schema":{"@context":"https:\/\/schema.org","@graph":[{"@type":"WebPage","@id":"https:\/\/hysolv.eu\/es\/producto\/interdor-animal-wash","url":"https:\/\/hysolv.eu\/es\/producto\/interdor-animal-wash","name":"Interdor animal wash | Hysolv","isPartOf":{"@id":"https:\/\/hysolv.eu\/es#website"},"primaryImageOfPage":{"@id":"https:\/\/hysolv.eu\/es\/producto\/interdor-animal-wash#primaryimage"},"image":{"@id":"https:\/\/hysolv.eu\/es\/producto\/interdor-animal-wash#primaryimage"},"thumbnailUrl":"https:\/\/hysolv.eu\/wp-content\/uploads\/interdor-animal-wash.jpg","datePublished":"2026-03-26T06:19:24+00:00","description":"Interdor Animal Wash es una soluci\u00f3n higi\u00e9nica concentrada para el ganado que elimina la contaminaci\u00f3n org\u00e1nica e inorg\u00e1nica. Reduce bacterias, levaduras, hongos y par\u00e1sitos, favoreciendo la higiene y el bienestar animal.","breadcrumb":{"@id":"https:\/\/hysolv.eu\/es\/producto\/interdor-animal-wash#breadcrumb"},"inLanguage":"es","potentialAction":[{"@type":"ReadAction","target":["https:\/\/hysolv.eu\/es\/producto\/interdor-animal-wash"]}]},{"@type":"ImageObject","inLanguage":"es","@id":"https:\/\/hysolv.eu\/es\/producto\/interdor-animal-wash#primaryimage","url":"https:\/\/hysolv.eu\/wp-content\/uploads\/interdor-animal-wash.jpg","contentUrl":"https:\/\/hysolv.eu\/wp-content\/uploads\/interdor-animal-wash.jpg","width":713,"height":948,"caption":"Soluci\u00f3n higi\u00e9nica Interdor Animal Wash para ganado en bid\u00f3n azul de 10 L"},{"@type":"BreadcrumbList","@id":"https:\/\/hysolv.eu\/es\/producto\/interdor-animal-wash#breadcrumb","itemListElement":[{"@type":"ListItem","position":1,"name":"Home","item":"https:\/\/hysolv.eu\/es\/inicio"},{"@type":"ListItem","position":2,"name":"Tienda","item":"https:\/\/hysolv.eu\/es?page_id=2694"},{"@type":"ListItem","position":3,"name":"Interdor animal wash"}]},{"@type":"WebSite","@id":"https:\/\/hysolv.eu\/es#website","url":"https:\/\/hysolv.eu\/es","name":"Hysolv","description":"Supporting Animal Health &amp; Biosecurity","publisher":{"@id":"https:\/\/hysolv.eu\/es#organization"},"potentialAction":[{"@type":"SearchAction","target":{"@type":"EntryPoint","urlTemplate":"https:\/\/hysolv.eu\/es?s={search_term_string}"},"query-input":{"@type":"PropertyValueSpecification","valueRequired":true,"valueName":"search_term_string"}}],"inLanguage":"es"},{"@type":"Organization","@id":"https:\/\/hysolv.eu\/es#organization","name":"Hysolv GmbH","url":"https:\/\/hysolv.eu\/es","logo":{"@type":"ImageObject","inLanguage":"es","@id":"https:\/\/hysolv.eu\/es#\/schema\/logo\/image\/","url":"https:\/\/hysolv.eu\/wp-content\/uploads\/LoginLogo-1.png","contentUrl":"https:\/\/hysolv.eu\/wp-content\/uploads\/LoginLogo-1.png","width":480,"height":229,"caption":"Hysolv GmbH"},"image":{"@id":"https:\/\/hysolv.eu\/es#\/schema\/logo\/image\/"},"sameAs":["https:\/\/www.facebook.com\/HysolvLtd","https:\/\/www.instagram.com\/hysolvlimited\/","https:\/\/www.linkedin.com\/company\/hysolv-limited\/about\/"]}]}},"_links":{"self":[{"href":"https:\/\/hysolv.eu\/es\/wp-json\/wp\/v2\/product\/5733","targetHints":{"allow":["GET"]}}],"collection":[{"href":"https:\/\/hysolv.eu\/es\/wp-json\/wp\/v2\/product"}],"about":[{"href":"https:\/\/hysolv.eu\/es\/wp-json\/wp\/v2\/types\/product"}],"wp:featuredmedia":[{"embeddable":true,"href":"https:\/\/hysolv.eu\/es\/wp-json\/wp\/v2\/media\/4019"}],"wp:attachment":[{"href":"https:\/\/hysolv.eu\/es\/wp-json\/wp\/v2\/media?parent=5733"}],"wp:term":[{"taxonomy":"product_brand","embeddable":true,"href":"https:\/\/hysolv.eu\/es\/wp-json\/wp\/v2\/product_brand?post=5733"},{"taxonomy":"product_cat","embeddable":true,"href":"https:\/\/hysolv.eu\/es\/wp-json\/wp\/v2\/product_cat?post=5733"},{"taxonomy":"product_tag","embeddable":true,"href":"https:\/\/hysolv.eu\/es\/wp-json\/wp\/v2\/product_tag?post=5733"}],"curies":[{"name":"wp","href":"https:\/\/api.w.org\/{rel}","templated":true}]}}