{"id":2668,"date":"2021-10-08T12:11:41","date_gmt":"2021-10-08T11:11:41","guid":{"rendered":"https:\/\/hysolv.eu\/liens"},"modified":"2026-04-24T09:30:46","modified_gmt":"2026-04-24T08:30:46","slug":"liens","status":"publish","type":"page","link":"https:\/\/hysolv.eu\/fr\/liens","title":{"rendered":"Liens"},"content":{"rendered":"<div id=\"cs-content\" class=\"cs-content\"><\/div>\n","protected":false},"excerpt":{"rendered":"<p>Liens Les liens suivants m\u00e8nent \u00e0 des organismes officiels r\u00e9glementaires et professionnels qui testent, v\u00e9rifient et r\u00e9pertorient de mani\u00e8re ind\u00e9pendante les d\u00e9sinfectants et les produits d\u2019hygi\u00e8ne destin\u00e9s \u00e0 un usage v\u00e9t\u00e9rinaire, agricole et alimentaire professionnel. Les listes publi\u00e9es par ces organisations fournissent une confirmation transparente et accessible au public de l\u2019efficacit\u00e9, de la s\u00e9curit\u00e9 et de la conformit\u00e9 r\u00e9glementaire des &#8230; <\/p>\n<div><a href=\"https:\/\/hysolv.eu\/fr\/liens\" class=\"more-link\">Read More<\/a><\/div>\n","protected":false},"author":8,"featured_media":0,"parent":0,"menu_order":300,"comment_status":"closed","ping_status":"closed","template":"template-blank-4.php","meta":{"rs_blank_template":"","rs_page_bg_color":"","slide_template_v7":"","footnotes":""},"class_list":["post-2668","page","type-page","status-publish","hentry","no-post-thumbnail"],"yoast_head":"<!-- This site is optimized with the Yoast SEO plugin v27.5 - https:\/\/yoast.com\/product\/yoast-seo-wordpress\/ -->\n<title>Liens et ressources sectoriels pour la sant\u00e9 animale et la bios\u00e9curit\u00e9 | Hysolv<\/title>\n<meta name=\"description\" content=\"D\u00e9couvrez des liens et ressources fiables du secteur li\u00e9s \u00e0 la sant\u00e9 animale, \u00e0 l\u2019hygi\u00e8ne agricole et \u00e0 la bios\u00e9curit\u00e9 dans la production animale et l\u2019agriculture.\" \/>\n<meta name=\"robots\" content=\"index, follow, max-snippet:-1, max-image-preview:large, max-video-preview:-1\" \/>\n<link rel=\"canonical\" href=\"https:\/\/hysolv.eu\/fr\/liens\" \/>\n<meta property=\"og:locale\" content=\"fr_FR\" \/>\n<meta property=\"og:type\" content=\"article\" \/>\n<meta property=\"og:title\" content=\"Liens et ressources sectoriels pour la sant\u00e9 animale et la bios\u00e9curit\u00e9 | Hysolv\" \/>\n<meta property=\"og:description\" content=\"D\u00e9couvrez des liens et ressources fiables du secteur li\u00e9s \u00e0 la sant\u00e9 animale, \u00e0 l\u2019hygi\u00e8ne agricole et \u00e0 la bios\u00e9curit\u00e9 dans la production animale et l\u2019agriculture.\" \/>\n<meta property=\"og:url\" content=\"https:\/\/hysolv.eu\/fr\/liens\" \/>\n<meta property=\"og:site_name\" content=\"Hysolv\" \/>\n<meta property=\"article:publisher\" content=\"https:\/\/www.facebook.com\/HysolvLtd\" \/>\n<meta property=\"article:modified_time\" content=\"2026-04-24T08:30:46+00:00\" \/>\n<meta name=\"twitter:card\" content=\"summary_large_image\" \/>\n<meta name=\"twitter:label1\" content=\"Dur\u00e9e de lecture estim\u00e9e\" \/>\n\t<meta name=\"twitter:data1\" content=\"3 minutes\" \/>\n<script type=\"application\/ld+json\" class=\"yoast-schema-graph\">{\"@context\":\"https:\\\/\\\/schema.org\",\"@graph\":[{\"@type\":\"WebPage\",\"@id\":\"https:\\\/\\\/hysolv.eu\\\/fr\\\/liens\",\"url\":\"https:\\\/\\\/hysolv.eu\\\/fr\\\/liens\",\"name\":\"Liens et ressources sectoriels pour la sant\u00e9 animale et la bios\u00e9curit\u00e9 | Hysolv\",\"isPartOf\":{\"@id\":\"https:\\\/\\\/hysolv.eu\\\/fr#website\"},\"datePublished\":\"2021-10-08T11:11:41+00:00\",\"dateModified\":\"2026-04-24T08:30:46+00:00\",\"description\":\"D\u00e9couvrez des liens et ressources fiables du secteur li\u00e9s \u00e0 la sant\u00e9 animale, \u00e0 l\u2019hygi\u00e8ne agricole et \u00e0 la bios\u00e9curit\u00e9 dans la production animale et l\u2019agriculture.\",\"breadcrumb\":{\"@id\":\"https:\\\/\\\/hysolv.eu\\\/fr\\\/liens#breadcrumb\"},\"inLanguage\":\"fr-FR\",\"potentialAction\":[{\"@type\":\"ReadAction\",\"target\":[\"https:\\\/\\\/hysolv.eu\\\/fr\\\/liens\"]}]},{\"@type\":\"BreadcrumbList\",\"@id\":\"https:\\\/\\\/hysolv.eu\\\/fr\\\/liens#breadcrumb\",\"itemListElement\":[{\"@type\":\"ListItem\",\"position\":1,\"name\":\"Home\",\"item\":\"https:\\\/\\\/hysolv.eu\\\/fr\"},{\"@type\":\"ListItem\",\"position\":2,\"name\":\"Liens\"}]},{\"@type\":\"WebSite\",\"@id\":\"https:\\\/\\\/hysolv.eu\\\/fr#website\",\"url\":\"https:\\\/\\\/hysolv.eu\\\/fr\",\"name\":\"Hysolv\",\"description\":\"Supporting Animal Health &amp; Biosecurity\",\"publisher\":{\"@id\":\"https:\\\/\\\/hysolv.eu\\\/fr#organization\"},\"potentialAction\":[{\"@type\":\"SearchAction\",\"target\":{\"@type\":\"EntryPoint\",\"urlTemplate\":\"https:\\\/\\\/hysolv.eu\\\/fr?s={search_term_string}\"},\"query-input\":{\"@type\":\"PropertyValueSpecification\",\"valueRequired\":true,\"valueName\":\"search_term_string\"}}],\"inLanguage\":\"fr-FR\"},{\"@type\":\"Organization\",\"@id\":\"https:\\\/\\\/hysolv.eu\\\/fr#organization\",\"name\":\"Hysolv GmbH\",\"url\":\"https:\\\/\\\/hysolv.eu\\\/fr\",\"logo\":{\"@type\":\"ImageObject\",\"inLanguage\":\"fr-FR\",\"@id\":\"https:\\\/\\\/hysolv.eu\\\/fr#\\\/schema\\\/logo\\\/image\\\/\",\"url\":\"https:\\\/\\\/hysolv.eu\\\/wp-content\\\/uploads\\\/LoginLogo-1.png\",\"contentUrl\":\"https:\\\/\\\/hysolv.eu\\\/wp-content\\\/uploads\\\/LoginLogo-1.png\",\"width\":480,\"height\":229,\"caption\":\"Hysolv GmbH\"},\"image\":{\"@id\":\"https:\\\/\\\/hysolv.eu\\\/fr#\\\/schema\\\/logo\\\/image\\\/\"},\"sameAs\":[\"https:\\\/\\\/www.facebook.com\\\/HysolvLtd\",\"https:\\\/\\\/www.instagram.com\\\/hysolvlimited\\\/\",\"https:\\\/\\\/www.linkedin.com\\\/company\\\/hysolv-limited\\\/about\\\/\"]}]}<\/script>\n<!-- \/ Yoast SEO plugin. -->","yoast_head_json":{"title":"Liens et ressources sectoriels pour la sant\u00e9 animale et la bios\u00e9curit\u00e9 | Hysolv","description":"D\u00e9couvrez des liens et ressources fiables du secteur li\u00e9s \u00e0 la sant\u00e9 animale, \u00e0 l\u2019hygi\u00e8ne agricole et \u00e0 la bios\u00e9curit\u00e9 dans la production animale et l\u2019agriculture.","robots":{"index":"index","follow":"follow","max-snippet":"max-snippet:-1","max-image-preview":"max-image-preview:large","max-video-preview":"max-video-preview:-1"},"canonical":"https:\/\/hysolv.eu\/fr\/liens","og_locale":"fr_FR","og_type":"article","og_title":"Liens et ressources sectoriels pour la sant\u00e9 animale et la bios\u00e9curit\u00e9 | Hysolv","og_description":"D\u00e9couvrez des liens et ressources fiables du secteur li\u00e9s \u00e0 la sant\u00e9 animale, \u00e0 l\u2019hygi\u00e8ne agricole et \u00e0 la bios\u00e9curit\u00e9 dans la production animale et l\u2019agriculture.","og_url":"https:\/\/hysolv.eu\/fr\/liens","og_site_name":"Hysolv","article_publisher":"https:\/\/www.facebook.com\/HysolvLtd","article_modified_time":"2026-04-24T08:30:46+00:00","twitter_card":"summary_large_image","twitter_misc":{"Dur\u00e9e de lecture estim\u00e9e":"3 minutes"},"schema":{"@context":"https:\/\/schema.org","@graph":[{"@type":"WebPage","@id":"https:\/\/hysolv.eu\/fr\/liens","url":"https:\/\/hysolv.eu\/fr\/liens","name":"Liens et ressources sectoriels pour la sant\u00e9 animale et la bios\u00e9curit\u00e9 | Hysolv","isPartOf":{"@id":"https:\/\/hysolv.eu\/fr#website"},"datePublished":"2021-10-08T11:11:41+00:00","dateModified":"2026-04-24T08:30:46+00:00","description":"D\u00e9couvrez des liens et ressources fiables du secteur li\u00e9s \u00e0 la sant\u00e9 animale, \u00e0 l\u2019hygi\u00e8ne agricole et \u00e0 la bios\u00e9curit\u00e9 dans la production animale et l\u2019agriculture.","breadcrumb":{"@id":"https:\/\/hysolv.eu\/fr\/liens#breadcrumb"},"inLanguage":"fr-FR","potentialAction":[{"@type":"ReadAction","target":["https:\/\/hysolv.eu\/fr\/liens"]}]},{"@type":"BreadcrumbList","@id":"https:\/\/hysolv.eu\/fr\/liens#breadcrumb","itemListElement":[{"@type":"ListItem","position":1,"name":"Home","item":"https:\/\/hysolv.eu\/fr"},{"@type":"ListItem","position":2,"name":"Liens"}]},{"@type":"WebSite","@id":"https:\/\/hysolv.eu\/fr#website","url":"https:\/\/hysolv.eu\/fr","name":"Hysolv","description":"Supporting Animal Health &amp; Biosecurity","publisher":{"@id":"https:\/\/hysolv.eu\/fr#organization"},"potentialAction":[{"@type":"SearchAction","target":{"@type":"EntryPoint","urlTemplate":"https:\/\/hysolv.eu\/fr?s={search_term_string}"},"query-input":{"@type":"PropertyValueSpecification","valueRequired":true,"valueName":"search_term_string"}}],"inLanguage":"fr-FR"},{"@type":"Organization","@id":"https:\/\/hysolv.eu\/fr#organization","name":"Hysolv GmbH","url":"https:\/\/hysolv.eu\/fr","logo":{"@type":"ImageObject","inLanguage":"fr-FR","@id":"https:\/\/hysolv.eu\/fr#\/schema\/logo\/image\/","url":"https:\/\/hysolv.eu\/wp-content\/uploads\/LoginLogo-1.png","contentUrl":"https:\/\/hysolv.eu\/wp-content\/uploads\/LoginLogo-1.png","width":480,"height":229,"caption":"Hysolv GmbH"},"image":{"@id":"https:\/\/hysolv.eu\/fr#\/schema\/logo\/image\/"},"sameAs":["https:\/\/www.facebook.com\/HysolvLtd","https:\/\/www.instagram.com\/hysolvlimited\/","https:\/\/www.linkedin.com\/company\/hysolv-limited\/about\/"]}]}},"_links":{"self":[{"href":"https:\/\/hysolv.eu\/fr\/wp-json\/wp\/v2\/pages\/2668","targetHints":{"allow":["GET"]}}],"collection":[{"href":"https:\/\/hysolv.eu\/fr\/wp-json\/wp\/v2\/pages"}],"about":[{"href":"https:\/\/hysolv.eu\/fr\/wp-json\/wp\/v2\/types\/page"}],"author":[{"embeddable":true,"href":"https:\/\/hysolv.eu\/fr\/wp-json\/wp\/v2\/users\/8"}],"replies":[{"embeddable":true,"href":"https:\/\/hysolv.eu\/fr\/wp-json\/wp\/v2\/comments?post=2668"}],"version-history":[{"count":2,"href":"https:\/\/hysolv.eu\/fr\/wp-json\/wp\/v2\/pages\/2668\/revisions"}],"predecessor-version":[{"id":5663,"href":"https:\/\/hysolv.eu\/fr\/wp-json\/wp\/v2\/pages\/2668\/revisions\/5663"}],"wp:attachment":[{"href":"https:\/\/hysolv.eu\/fr\/wp-json\/wp\/v2\/media?parent=2668"}],"curies":[{"name":"wp","href":"https:\/\/api.w.org\/{rel}","templated":true}]}}