{"id":2696,"date":"2021-10-08T10:07:19","date_gmt":"2021-10-08T09:07:19","guid":{"rendered":"https:\/\/hysolv.eu\/a-propos-de"},"modified":"2026-04-24T07:56:34","modified_gmt":"2026-04-24T06:56:34","slug":"a-propos-de","status":"publish","type":"page","link":"https:\/\/hysolv.eu\/fr\/a-propos-de","title":{"rendered":"A propos de"},"content":{"rendered":"<div id=\"cs-content\" class=\"cs-content\"><\/div>\n","protected":false},"excerpt":{"rendered":"<p>\u00e0 propos de hysolv Expertise pratique en bios\u00e9curit\u00e9 et hygi\u00e8ne pour la sant\u00e9 animale professionnelle Hysolv GmbH est une entreprise sp\u00e9cialis\u00e9e dans la sant\u00e9 animale et l\u2019hygi\u00e8ne, qui soutient les exploitations d\u2019\u00e9levage professionnelles, les environnements v\u00e9t\u00e9rinaires, les syst\u00e8mes aquacoles et les installations li\u00e9es \u00e0 l\u2019alimentation n\u00e9cessitant des normes d\u2019hygi\u00e8ne \u00e9lev\u00e9es dans le monde entier. Nous aidons nos clients \u00e0 maintenir &#8230; <\/p>\n<div><a href=\"https:\/\/hysolv.eu\/fr\/a-propos-de\" class=\"more-link\">Read More<\/a><\/div>\n","protected":false},"author":8,"featured_media":0,"parent":0,"menu_order":200,"comment_status":"closed","ping_status":"closed","template":"template-blank-4.php","meta":{"rs_blank_template":"","rs_page_bg_color":"","slide_template_v7":"","footnotes":""},"class_list":["post-2696","page","type-page","status-publish","hentry","no-post-thumbnail"],"yoast_head":"<!-- This site is optimized with the Yoast SEO plugin v27.5 - https:\/\/yoast.com\/product\/yoast-seo-wordpress\/ -->\n<title>A propos de Hysolv | Sant\u00e9 animale, hygi\u00e8ne agricole et experts en bios\u00e9curit\u00e9<\/title>\n<meta name=\"description\" content=\"En savoir plus sur Hysolv \u2013 votre partenaire pour les produits de sant\u00e9 animale, l\u2019hygi\u00e8ne agricole et les solutions de bios\u00e9curit\u00e9 soutenant une production animale s\u00fbre et efficace.\" \/>\n<meta name=\"robots\" content=\"index, follow, max-snippet:-1, max-image-preview:large, max-video-preview:-1\" \/>\n<link rel=\"canonical\" href=\"https:\/\/hysolv.eu\/fr\/a-propos-de\" \/>\n<meta property=\"og:locale\" content=\"fr_FR\" \/>\n<meta property=\"og:type\" content=\"article\" \/>\n<meta property=\"og:title\" content=\"A propos de Hysolv | Sant\u00e9 animale, hygi\u00e8ne agricole et experts en bios\u00e9curit\u00e9\" \/>\n<meta property=\"og:description\" content=\"En savoir plus sur Hysolv \u2013 votre partenaire pour les produits de sant\u00e9 animale, l\u2019hygi\u00e8ne agricole et les solutions de bios\u00e9curit\u00e9 soutenant une production animale s\u00fbre et efficace.\" \/>\n<meta property=\"og:url\" content=\"https:\/\/hysolv.eu\/fr\/a-propos-de\" \/>\n<meta property=\"og:site_name\" content=\"Hysolv\" \/>\n<meta property=\"article:publisher\" content=\"https:\/\/www.facebook.com\/HysolvLtd\" \/>\n<meta property=\"article:modified_time\" content=\"2026-04-24T06:56:34+00:00\" \/>\n<meta name=\"twitter:card\" content=\"summary_large_image\" \/>\n<meta name=\"twitter:label1\" content=\"Dur\u00e9e de lecture estim\u00e9e\" \/>\n\t<meta name=\"twitter:data1\" content=\"8 minutes\" \/>\n<script type=\"application\/ld+json\" class=\"yoast-schema-graph\">{\"@context\":\"https:\\\/\\\/schema.org\",\"@graph\":[{\"@type\":\"WebPage\",\"@id\":\"https:\\\/\\\/hysolv.eu\\\/fr\\\/a-propos-de\",\"url\":\"https:\\\/\\\/hysolv.eu\\\/fr\\\/a-propos-de\",\"name\":\"A propos de Hysolv | Sant\u00e9 animale, hygi\u00e8ne agricole et experts en bios\u00e9curit\u00e9\",\"isPartOf\":{\"@id\":\"https:\\\/\\\/hysolv.eu\\\/fr#website\"},\"datePublished\":\"2021-10-08T09:07:19+00:00\",\"dateModified\":\"2026-04-24T06:56:34+00:00\",\"description\":\"En savoir plus sur Hysolv \u2013 votre partenaire pour les produits de sant\u00e9 animale, l\u2019hygi\u00e8ne agricole et les solutions de bios\u00e9curit\u00e9 soutenant une production animale s\u00fbre et efficace.\",\"breadcrumb\":{\"@id\":\"https:\\\/\\\/hysolv.eu\\\/fr\\\/a-propos-de#breadcrumb\"},\"inLanguage\":\"fr-FR\",\"potentialAction\":[{\"@type\":\"ReadAction\",\"target\":[\"https:\\\/\\\/hysolv.eu\\\/fr\\\/a-propos-de\"]}]},{\"@type\":\"BreadcrumbList\",\"@id\":\"https:\\\/\\\/hysolv.eu\\\/fr\\\/a-propos-de#breadcrumb\",\"itemListElement\":[{\"@type\":\"ListItem\",\"position\":1,\"name\":\"Home\",\"item\":\"https:\\\/\\\/hysolv.eu\\\/fr\"},{\"@type\":\"ListItem\",\"position\":2,\"name\":\"A propos de\"}]},{\"@type\":\"WebSite\",\"@id\":\"https:\\\/\\\/hysolv.eu\\\/fr#website\",\"url\":\"https:\\\/\\\/hysolv.eu\\\/fr\",\"name\":\"Hysolv\",\"description\":\"Supporting Animal Health &amp; Biosecurity\",\"publisher\":{\"@id\":\"https:\\\/\\\/hysolv.eu\\\/fr#organization\"},\"potentialAction\":[{\"@type\":\"SearchAction\",\"target\":{\"@type\":\"EntryPoint\",\"urlTemplate\":\"https:\\\/\\\/hysolv.eu\\\/fr?s={search_term_string}\"},\"query-input\":{\"@type\":\"PropertyValueSpecification\",\"valueRequired\":true,\"valueName\":\"search_term_string\"}}],\"inLanguage\":\"fr-FR\"},{\"@type\":\"Organization\",\"@id\":\"https:\\\/\\\/hysolv.eu\\\/fr#organization\",\"name\":\"Hysolv GmbH\",\"url\":\"https:\\\/\\\/hysolv.eu\\\/fr\",\"logo\":{\"@type\":\"ImageObject\",\"inLanguage\":\"fr-FR\",\"@id\":\"https:\\\/\\\/hysolv.eu\\\/fr#\\\/schema\\\/logo\\\/image\\\/\",\"url\":\"https:\\\/\\\/hysolv.eu\\\/wp-content\\\/uploads\\\/LoginLogo-1.png\",\"contentUrl\":\"https:\\\/\\\/hysolv.eu\\\/wp-content\\\/uploads\\\/LoginLogo-1.png\",\"width\":480,\"height\":229,\"caption\":\"Hysolv GmbH\"},\"image\":{\"@id\":\"https:\\\/\\\/hysolv.eu\\\/fr#\\\/schema\\\/logo\\\/image\\\/\"},\"sameAs\":[\"https:\\\/\\\/www.facebook.com\\\/HysolvLtd\",\"https:\\\/\\\/www.instagram.com\\\/hysolvlimited\\\/\",\"https:\\\/\\\/www.linkedin.com\\\/company\\\/hysolv-limited\\\/about\\\/\"]}]}<\/script>\n<!-- \/ Yoast SEO plugin. -->","yoast_head_json":{"title":"A propos de Hysolv | Sant\u00e9 animale, hygi\u00e8ne agricole et experts en bios\u00e9curit\u00e9","description":"En savoir plus sur Hysolv \u2013 votre partenaire pour les produits de sant\u00e9 animale, l\u2019hygi\u00e8ne agricole et les solutions de bios\u00e9curit\u00e9 soutenant une production animale s\u00fbre et efficace.","robots":{"index":"index","follow":"follow","max-snippet":"max-snippet:-1","max-image-preview":"max-image-preview:large","max-video-preview":"max-video-preview:-1"},"canonical":"https:\/\/hysolv.eu\/fr\/a-propos-de","og_locale":"fr_FR","og_type":"article","og_title":"A propos de Hysolv | Sant\u00e9 animale, hygi\u00e8ne agricole et experts en bios\u00e9curit\u00e9","og_description":"En savoir plus sur Hysolv \u2013 votre partenaire pour les produits de sant\u00e9 animale, l\u2019hygi\u00e8ne agricole et les solutions de bios\u00e9curit\u00e9 soutenant une production animale s\u00fbre et efficace.","og_url":"https:\/\/hysolv.eu\/fr\/a-propos-de","og_site_name":"Hysolv","article_publisher":"https:\/\/www.facebook.com\/HysolvLtd","article_modified_time":"2026-04-24T06:56:34+00:00","twitter_card":"summary_large_image","twitter_misc":{"Dur\u00e9e de lecture estim\u00e9e":"8 minutes"},"schema":{"@context":"https:\/\/schema.org","@graph":[{"@type":"WebPage","@id":"https:\/\/hysolv.eu\/fr\/a-propos-de","url":"https:\/\/hysolv.eu\/fr\/a-propos-de","name":"A propos de Hysolv | Sant\u00e9 animale, hygi\u00e8ne agricole et experts en bios\u00e9curit\u00e9","isPartOf":{"@id":"https:\/\/hysolv.eu\/fr#website"},"datePublished":"2021-10-08T09:07:19+00:00","dateModified":"2026-04-24T06:56:34+00:00","description":"En savoir plus sur Hysolv \u2013 votre partenaire pour les produits de sant\u00e9 animale, l\u2019hygi\u00e8ne agricole et les solutions de bios\u00e9curit\u00e9 soutenant une production animale s\u00fbre et efficace.","breadcrumb":{"@id":"https:\/\/hysolv.eu\/fr\/a-propos-de#breadcrumb"},"inLanguage":"fr-FR","potentialAction":[{"@type":"ReadAction","target":["https:\/\/hysolv.eu\/fr\/a-propos-de"]}]},{"@type":"BreadcrumbList","@id":"https:\/\/hysolv.eu\/fr\/a-propos-de#breadcrumb","itemListElement":[{"@type":"ListItem","position":1,"name":"Home","item":"https:\/\/hysolv.eu\/fr"},{"@type":"ListItem","position":2,"name":"A propos de"}]},{"@type":"WebSite","@id":"https:\/\/hysolv.eu\/fr#website","url":"https:\/\/hysolv.eu\/fr","name":"Hysolv","description":"Supporting Animal Health &amp; Biosecurity","publisher":{"@id":"https:\/\/hysolv.eu\/fr#organization"},"potentialAction":[{"@type":"SearchAction","target":{"@type":"EntryPoint","urlTemplate":"https:\/\/hysolv.eu\/fr?s={search_term_string}"},"query-input":{"@type":"PropertyValueSpecification","valueRequired":true,"valueName":"search_term_string"}}],"inLanguage":"fr-FR"},{"@type":"Organization","@id":"https:\/\/hysolv.eu\/fr#organization","name":"Hysolv GmbH","url":"https:\/\/hysolv.eu\/fr","logo":{"@type":"ImageObject","inLanguage":"fr-FR","@id":"https:\/\/hysolv.eu\/fr#\/schema\/logo\/image\/","url":"https:\/\/hysolv.eu\/wp-content\/uploads\/LoginLogo-1.png","contentUrl":"https:\/\/hysolv.eu\/wp-content\/uploads\/LoginLogo-1.png","width":480,"height":229,"caption":"Hysolv GmbH"},"image":{"@id":"https:\/\/hysolv.eu\/fr#\/schema\/logo\/image\/"},"sameAs":["https:\/\/www.facebook.com\/HysolvLtd","https:\/\/www.instagram.com\/hysolvlimited\/","https:\/\/www.linkedin.com\/company\/hysolv-limited\/about\/"]}]}},"_links":{"self":[{"href":"https:\/\/hysolv.eu\/fr\/wp-json\/wp\/v2\/pages\/2696","targetHints":{"allow":["GET"]}}],"collection":[{"href":"https:\/\/hysolv.eu\/fr\/wp-json\/wp\/v2\/pages"}],"about":[{"href":"https:\/\/hysolv.eu\/fr\/wp-json\/wp\/v2\/types\/page"}],"author":[{"embeddable":true,"href":"https:\/\/hysolv.eu\/fr\/wp-json\/wp\/v2\/users\/8"}],"replies":[{"embeddable":true,"href":"https:\/\/hysolv.eu\/fr\/wp-json\/wp\/v2\/comments?post=2696"}],"version-history":[{"count":2,"href":"https:\/\/hysolv.eu\/fr\/wp-json\/wp\/v2\/pages\/2696\/revisions"}],"predecessor-version":[{"id":5659,"href":"https:\/\/hysolv.eu\/fr\/wp-json\/wp\/v2\/pages\/2696\/revisions\/5659"}],"wp:attachment":[{"href":"https:\/\/hysolv.eu\/fr\/wp-json\/wp\/v2\/media?parent=2696"}],"curies":[{"name":"wp","href":"https:\/\/api.w.org\/{rel}","templated":true}]}}