{"id":2713,"date":"2021-09-06T09:40:11","date_gmt":"2021-09-06T08:40:11","guid":{"rendered":"https:\/\/hysolv.eu\/accueil"},"modified":"2026-04-13T03:30:36","modified_gmt":"2026-04-13T02:30:36","slug":"accueil","status":"publish","type":"page","link":"https:\/\/hysolv.eu\/fr","title":{"rendered":"Accueil"},"content":{"rendered":"<div id=\"cs-content\" class=\"cs-content\"><\/div>\n","protected":false},"excerpt":{"rendered":"<p>Search for:Search ButtonD\u00e9sinfectants agricoles respectueuxde l&rsquo;environnementAm\u00e9liorer la sant\u00e9 animale et la bios\u00e9curit\u00e9 avec des produits efficacesD\u00e9sinfectants agricoles respectueuxde l&rsquo;environnementAm\u00e9liorer la sant\u00e9 animale et la bios\u00e9curit\u00e9 avec des produits efficacesD\u00e9sinfectants agricoles respectueuxde l&rsquo;environnementAm\u00e9liorer la sant\u00e9 animale et la bios\u00e9curit\u00e9 avec des produits efficacesD\u00e9sinfectants agricoles respectueuxde l&rsquo;environnementAm\u00e9liorer la sant\u00e9 animale et la bios\u00e9curit\u00e9 avec des produits efficacesD\u00e9sinfectants agricoles respectueuxde l&rsquo;environnementAm\u00e9liorer la sant\u00e9 &#8230; <\/p>\n<div><a href=\"https:\/\/hysolv.eu\/fr\" class=\"more-link\">Read More<\/a><\/div>\n","protected":false},"author":8,"featured_media":0,"parent":0,"menu_order":10,"comment_status":"closed","ping_status":"closed","template":"template-blank-4.php","meta":{"footnotes":""},"class_list":["post-2713","page","type-page","status-publish","hentry","no-post-thumbnail"],"yoast_head":"<!-- This site is optimized with the Yoast SEO plugin v27.3 - https:\/\/yoast.com\/product\/yoast-seo-wordpress\/ -->\n<title>Hysolv | Soutien \u00e0 la sant\u00e9 animale et \u00e0 la bios\u00e9curit\u00e9<\/title>\n<meta name=\"description\" content=\"Hysolv fournit \u00e0 l&#039;industrie de la sant\u00e9 animale une gamme de produits de haute qualit\u00e9 pour vous aider \u00e0 pr\u00e9server la sant\u00e9 et \u00e0 am\u00e9liorer les performances.\" \/>\n<meta name=\"robots\" content=\"index, follow, max-snippet:-1, max-image-preview:large, max-video-preview:-1\" \/>\n<link rel=\"canonical\" href=\"https:\/\/hysolv.eu\/fr\" \/>\n<meta property=\"og:locale\" content=\"fr_FR\" \/>\n<meta property=\"og:type\" content=\"article\" \/>\n<meta property=\"og:title\" content=\"Hysolv | Soutenir la sant\u00e9 animale et la bios\u00e9curit\u00e9\" \/>\n<meta property=\"og:description\" content=\"Hysolv fournit \u00e0 l&#039;industrie de la sant\u00e9 animale une gamme de produits de haute qualit\u00e9 pour vous aider \u00e0 pr\u00e9server la sant\u00e9 et \u00e0 am\u00e9liorer les performances.\" \/>\n<meta property=\"og:url\" content=\"https:\/\/hysolv.eu\/fr\" \/>\n<meta property=\"og:site_name\" content=\"Hysolv\" \/>\n<meta property=\"article:publisher\" content=\"https:\/\/www.facebook.com\/HysolvLtd\" \/>\n<meta property=\"article:modified_time\" content=\"2026-04-13T02:30:36+00:00\" \/>\n<meta property=\"og:image\" content=\"https:\/\/hysolv.eu\/wp-content\/uploads\/HysolvLtdHeaderLogo.png\" \/>\n<meta name=\"twitter:card\" content=\"summary_large_image\" \/>\n<meta name=\"twitter:title\" content=\"Hysolv | Soutenir la sant\u00e9 animale et la bios\u00e9curit\u00e9\" \/>\n<meta name=\"twitter:description\" content=\"Hysolv fournit \u00e0 l&#039;industrie de la sant\u00e9 animale une gamme de produits de haute qualit\u00e9 pour vous aider \u00e0 pr\u00e9server la sant\u00e9 et \u00e0 am\u00e9liorer les performances.\" \/>\n<meta name=\"twitter:image\" content=\"https:\/\/hysolv.eu\/wp-content\/uploads\/HysolvLtdHeaderLogo.png\" \/>\n<meta name=\"twitter:label1\" content=\"Dur\u00e9e de lecture estim\u00e9e\" \/>\n\t<meta name=\"twitter:data1\" content=\"11 minutes\" \/>\n<script type=\"application\/ld+json\" class=\"yoast-schema-graph\">{\"@context\":\"https:\\\/\\\/schema.org\",\"@graph\":[{\"@type\":\"WebPage\",\"@id\":\"https:\\\/\\\/hysolv.eu\\\/fr\",\"url\":\"https:\\\/\\\/hysolv.eu\\\/fr\",\"name\":\"Hysolv | Soutien \u00e0 la sant\u00e9 animale et \u00e0 la bios\u00e9curit\u00e9\",\"isPartOf\":{\"@id\":\"https:\\\/\\\/hysolv.eu\\\/fr#website\"},\"datePublished\":\"2021-09-06T08:40:11+00:00\",\"dateModified\":\"2026-04-13T02:30:36+00:00\",\"description\":\"Hysolv fournit \u00e0 l'industrie de la sant\u00e9 animale une gamme de produits de haute qualit\u00e9 pour vous aider \u00e0 pr\u00e9server la sant\u00e9 et \u00e0 am\u00e9liorer les performances.\",\"breadcrumb\":{\"@id\":\"https:\\\/\\\/hysolv.eu\\\/fr#breadcrumb\"},\"inLanguage\":\"fr-FR\",\"potentialAction\":[{\"@type\":\"ReadAction\",\"target\":[\"https:\\\/\\\/hysolv.eu\\\/fr\"]}]},{\"@type\":\"BreadcrumbList\",\"@id\":\"https:\\\/\\\/hysolv.eu\\\/fr#breadcrumb\",\"itemListElement\":[{\"@type\":\"ListItem\",\"position\":1,\"name\":\"Home\",\"item\":\"https:\\\/\\\/hysolv.eu\\\/fr\\\/accueil\"},{\"@type\":\"ListItem\",\"position\":2,\"name\":\"Accueil\"}]},{\"@type\":\"WebSite\",\"@id\":\"https:\\\/\\\/hysolv.eu\\\/fr#website\",\"url\":\"https:\\\/\\\/hysolv.eu\\\/fr\",\"name\":\"Hysolv\",\"description\":\"Supporting Animal Health &amp; Biosecurity\",\"publisher\":{\"@id\":\"https:\\\/\\\/hysolv.eu\\\/fr#organization\"},\"potentialAction\":[{\"@type\":\"SearchAction\",\"target\":{\"@type\":\"EntryPoint\",\"urlTemplate\":\"https:\\\/\\\/hysolv.eu\\\/fr?s={search_term_string}\"},\"query-input\":{\"@type\":\"PropertyValueSpecification\",\"valueRequired\":true,\"valueName\":\"search_term_string\"}}],\"inLanguage\":\"fr-FR\"},{\"@type\":\"Organization\",\"@id\":\"https:\\\/\\\/hysolv.eu\\\/fr#organization\",\"name\":\"Hysolv GmbH\",\"url\":\"https:\\\/\\\/hysolv.eu\\\/fr\",\"logo\":{\"@type\":\"ImageObject\",\"inLanguage\":\"fr-FR\",\"@id\":\"https:\\\/\\\/hysolv.eu\\\/fr#\\\/schema\\\/logo\\\/image\\\/\",\"url\":\"https:\\\/\\\/hysolv.eu\\\/wp-content\\\/uploads\\\/LoginLogo-1.png\",\"contentUrl\":\"https:\\\/\\\/hysolv.eu\\\/wp-content\\\/uploads\\\/LoginLogo-1.png\",\"width\":480,\"height\":229,\"caption\":\"Hysolv GmbH\"},\"image\":{\"@id\":\"https:\\\/\\\/hysolv.eu\\\/fr#\\\/schema\\\/logo\\\/image\\\/\"},\"sameAs\":[\"https:\\\/\\\/www.facebook.com\\\/HysolvLtd\",\"https:\\\/\\\/www.instagram.com\\\/hysolvlimited\\\/\",\"https:\\\/\\\/www.linkedin.com\\\/company\\\/hysolv-limited\\\/about\\\/\"]}]}<\/script>\n<!-- \/ Yoast SEO plugin. -->","yoast_head_json":{"title":"Hysolv | Soutien \u00e0 la sant\u00e9 animale et \u00e0 la bios\u00e9curit\u00e9","description":"Hysolv fournit \u00e0 l'industrie de la sant\u00e9 animale une gamme de produits de haute qualit\u00e9 pour vous aider \u00e0 pr\u00e9server la sant\u00e9 et \u00e0 am\u00e9liorer les performances.","robots":{"index":"index","follow":"follow","max-snippet":"max-snippet:-1","max-image-preview":"max-image-preview:large","max-video-preview":"max-video-preview:-1"},"canonical":"https:\/\/hysolv.eu\/fr","og_locale":"fr_FR","og_type":"article","og_title":"Hysolv | Soutenir la sant\u00e9 animale et la bios\u00e9curit\u00e9","og_description":"Hysolv fournit \u00e0 l'industrie de la sant\u00e9 animale une gamme de produits de haute qualit\u00e9 pour vous aider \u00e0 pr\u00e9server la sant\u00e9 et \u00e0 am\u00e9liorer les performances.","og_url":"https:\/\/hysolv.eu\/fr","og_site_name":"Hysolv","article_publisher":"https:\/\/www.facebook.com\/HysolvLtd","article_modified_time":"2026-04-13T02:30:36+00:00","og_image":[{"url":"https:\/\/hysolv.eu\/wp-content\/uploads\/HysolvLtdHeaderLogo.png","type":"","width":"","height":""}],"twitter_card":"summary_large_image","twitter_title":"Hysolv | Soutenir la sant\u00e9 animale et la bios\u00e9curit\u00e9","twitter_description":"Hysolv fournit \u00e0 l'industrie de la sant\u00e9 animale une gamme de produits de haute qualit\u00e9 pour vous aider \u00e0 pr\u00e9server la sant\u00e9 et \u00e0 am\u00e9liorer les performances.","twitter_image":"https:\/\/hysolv.eu\/wp-content\/uploads\/HysolvLtdHeaderLogo.png","twitter_misc":{"Dur\u00e9e de lecture estim\u00e9e":"11 minutes"},"schema":{"@context":"https:\/\/schema.org","@graph":[{"@type":"WebPage","@id":"https:\/\/hysolv.eu\/fr","url":"https:\/\/hysolv.eu\/fr","name":"Hysolv | Soutien \u00e0 la sant\u00e9 animale et \u00e0 la bios\u00e9curit\u00e9","isPartOf":{"@id":"https:\/\/hysolv.eu\/fr#website"},"datePublished":"2021-09-06T08:40:11+00:00","dateModified":"2026-04-13T02:30:36+00:00","description":"Hysolv fournit \u00e0 l'industrie de la sant\u00e9 animale une gamme de produits de haute qualit\u00e9 pour vous aider \u00e0 pr\u00e9server la sant\u00e9 et \u00e0 am\u00e9liorer les performances.","breadcrumb":{"@id":"https:\/\/hysolv.eu\/fr#breadcrumb"},"inLanguage":"fr-FR","potentialAction":[{"@type":"ReadAction","target":["https:\/\/hysolv.eu\/fr"]}]},{"@type":"BreadcrumbList","@id":"https:\/\/hysolv.eu\/fr#breadcrumb","itemListElement":[{"@type":"ListItem","position":1,"name":"Home","item":"https:\/\/hysolv.eu\/fr\/accueil"},{"@type":"ListItem","position":2,"name":"Accueil"}]},{"@type":"WebSite","@id":"https:\/\/hysolv.eu\/fr#website","url":"https:\/\/hysolv.eu\/fr","name":"Hysolv","description":"Supporting Animal Health &amp; Biosecurity","publisher":{"@id":"https:\/\/hysolv.eu\/fr#organization"},"potentialAction":[{"@type":"SearchAction","target":{"@type":"EntryPoint","urlTemplate":"https:\/\/hysolv.eu\/fr?s={search_term_string}"},"query-input":{"@type":"PropertyValueSpecification","valueRequired":true,"valueName":"search_term_string"}}],"inLanguage":"fr-FR"},{"@type":"Organization","@id":"https:\/\/hysolv.eu\/fr#organization","name":"Hysolv GmbH","url":"https:\/\/hysolv.eu\/fr","logo":{"@type":"ImageObject","inLanguage":"fr-FR","@id":"https:\/\/hysolv.eu\/fr#\/schema\/logo\/image\/","url":"https:\/\/hysolv.eu\/wp-content\/uploads\/LoginLogo-1.png","contentUrl":"https:\/\/hysolv.eu\/wp-content\/uploads\/LoginLogo-1.png","width":480,"height":229,"caption":"Hysolv GmbH"},"image":{"@id":"https:\/\/hysolv.eu\/fr#\/schema\/logo\/image\/"},"sameAs":["https:\/\/www.facebook.com\/HysolvLtd","https:\/\/www.instagram.com\/hysolvlimited\/","https:\/\/www.linkedin.com\/company\/hysolv-limited\/about\/"]}]}},"_links":{"self":[{"href":"https:\/\/hysolv.eu\/fr\/wp-json\/wp\/v2\/pages\/2713","targetHints":{"allow":["GET"]}}],"collection":[{"href":"https:\/\/hysolv.eu\/fr\/wp-json\/wp\/v2\/pages"}],"about":[{"href":"https:\/\/hysolv.eu\/fr\/wp-json\/wp\/v2\/types\/page"}],"author":[{"embeddable":true,"href":"https:\/\/hysolv.eu\/fr\/wp-json\/wp\/v2\/users\/8"}],"replies":[{"embeddable":true,"href":"https:\/\/hysolv.eu\/fr\/wp-json\/wp\/v2\/comments?post=2713"}],"version-history":[{"count":5,"href":"https:\/\/hysolv.eu\/fr\/wp-json\/wp\/v2\/pages\/2713\/revisions"}],"predecessor-version":[{"id":6050,"href":"https:\/\/hysolv.eu\/fr\/wp-json\/wp\/v2\/pages\/2713\/revisions\/6050"}],"wp:attachment":[{"href":"https:\/\/hysolv.eu\/fr\/wp-json\/wp\/v2\/media?parent=2713"}],"curies":[{"name":"wp","href":"https:\/\/api.w.org\/{rel}","templated":true}]}}