{"id":2817,"date":"2021-10-08T10:07:50","date_gmt":"2021-10-08T09:07:50","guid":{"rendered":"https:\/\/hysolv.eu\/contact"},"modified":"2026-04-24T09:36:30","modified_gmt":"2026-04-24T08:36:30","slug":"contact","status":"publish","type":"page","link":"https:\/\/hysolv.eu\/fr\/contact","title":{"rendered":"Contact"},"content":{"rendered":"<div id=\"cs-content\" class=\"cs-content\"><\/div>\n","protected":false},"excerpt":{"rendered":"<p>Contactez nous La gestion professionnelle de l\u2019hygi\u00e8ne commence par les bons conseils. Que vous ayez besoin de conseils sur les produits, d\u2019un accompagnement pour vos routines d\u2019hygi\u00e8ne ou d\u2019aide pour identifier la solution adapt\u00e9e \u00e0 votre syst\u00e8me de production \u2014 notre \u00e9quipe est l\u00e0 pour vous accompagner.Demandes g\u00e9n\u00e9rales Pour toute demande g\u00e9n\u00e9rale, information produit ou question technique, veuillez utiliser le &#8230; <\/p>\n<div><a href=\"https:\/\/hysolv.eu\/fr\/contact\" class=\"more-link\">Read More<\/a><\/div>\n","protected":false},"author":8,"featured_media":0,"parent":0,"menu_order":400,"comment_status":"closed","ping_status":"closed","template":"template-blank-4.php","meta":{"rs_blank_template":"","rs_page_bg_color":"","slide_template_v7":"","footnotes":""},"class_list":["post-2817","page","type-page","status-publish","hentry","no-post-thumbnail"],"yoast_head":"<!-- This site is optimized with the Yoast SEO plugin v27.5 - https:\/\/yoast.com\/product\/yoast-seo-wordpress\/ -->\n<title>Contact Hysolv | Solutions de sant\u00e9 animale et de bios\u00e9curit\u00e9<\/title>\n<meta name=\"description\" content=\"Contactez Hysolv pour des produits professionnels de sant\u00e9 animale, d\u2019hygi\u00e8ne agricole et des solutions de bios\u00e9curit\u00e9 pour l\u2019\u00e9levage et l\u2019agriculture.\" \/>\n<meta name=\"robots\" content=\"index, follow, max-snippet:-1, max-image-preview:large, max-video-preview:-1\" \/>\n<link rel=\"canonical\" href=\"https:\/\/hysolv.eu\/fr\/contact\" \/>\n<meta property=\"og:locale\" content=\"fr_FR\" \/>\n<meta property=\"og:type\" content=\"article\" \/>\n<meta property=\"og:title\" content=\"Contact Hysolv | Solutions de sant\u00e9 animale et de bios\u00e9curit\u00e9\" \/>\n<meta property=\"og:description\" content=\"Contactez Hysolv pour des produits professionnels de sant\u00e9 animale, d\u2019hygi\u00e8ne agricole et des solutions de bios\u00e9curit\u00e9 pour l\u2019\u00e9levage et l\u2019agriculture.\" \/>\n<meta property=\"og:url\" content=\"https:\/\/hysolv.eu\/fr\/contact\" \/>\n<meta property=\"og:site_name\" content=\"Hysolv\" \/>\n<meta property=\"article:publisher\" content=\"https:\/\/www.facebook.com\/HysolvLtd\" \/>\n<meta property=\"article:modified_time\" content=\"2026-04-24T08:36:30+00:00\" \/>\n<meta name=\"twitter:card\" content=\"summary_large_image\" \/>\n<meta name=\"twitter:label1\" content=\"Dur\u00e9e de lecture estim\u00e9e\" \/>\n\t<meta name=\"twitter:data1\" content=\"2 minutes\" \/>\n<script type=\"application\/ld+json\" class=\"yoast-schema-graph\">{\"@context\":\"https:\\\/\\\/schema.org\",\"@graph\":[{\"@type\":\"WebPage\",\"@id\":\"https:\\\/\\\/hysolv.eu\\\/fr\\\/contact\",\"url\":\"https:\\\/\\\/hysolv.eu\\\/fr\\\/contact\",\"name\":\"Contact Hysolv | Solutions de sant\u00e9 animale et de bios\u00e9curit\u00e9\",\"isPartOf\":{\"@id\":\"https:\\\/\\\/hysolv.eu\\\/fr#website\"},\"datePublished\":\"2021-10-08T09:07:50+00:00\",\"dateModified\":\"2026-04-24T08:36:30+00:00\",\"description\":\"Contactez Hysolv pour des produits professionnels de sant\u00e9 animale, d\u2019hygi\u00e8ne agricole et des solutions de bios\u00e9curit\u00e9 pour l\u2019\u00e9levage et l\u2019agriculture.\",\"breadcrumb\":{\"@id\":\"https:\\\/\\\/hysolv.eu\\\/fr\\\/contact#breadcrumb\"},\"inLanguage\":\"fr-FR\",\"potentialAction\":[{\"@type\":\"ReadAction\",\"target\":[\"https:\\\/\\\/hysolv.eu\\\/fr\\\/contact\"]}]},{\"@type\":\"BreadcrumbList\",\"@id\":\"https:\\\/\\\/hysolv.eu\\\/fr\\\/contact#breadcrumb\",\"itemListElement\":[{\"@type\":\"ListItem\",\"position\":1,\"name\":\"Home\",\"item\":\"https:\\\/\\\/hysolv.eu\\\/fr\"},{\"@type\":\"ListItem\",\"position\":2,\"name\":\"Contact\"}]},{\"@type\":\"WebSite\",\"@id\":\"https:\\\/\\\/hysolv.eu\\\/fr#website\",\"url\":\"https:\\\/\\\/hysolv.eu\\\/fr\",\"name\":\"Hysolv\",\"description\":\"Supporting Animal Health &amp; Biosecurity\",\"publisher\":{\"@id\":\"https:\\\/\\\/hysolv.eu\\\/fr#organization\"},\"potentialAction\":[{\"@type\":\"SearchAction\",\"target\":{\"@type\":\"EntryPoint\",\"urlTemplate\":\"https:\\\/\\\/hysolv.eu\\\/fr?s={search_term_string}\"},\"query-input\":{\"@type\":\"PropertyValueSpecification\",\"valueRequired\":true,\"valueName\":\"search_term_string\"}}],\"inLanguage\":\"fr-FR\"},{\"@type\":\"Organization\",\"@id\":\"https:\\\/\\\/hysolv.eu\\\/fr#organization\",\"name\":\"Hysolv GmbH\",\"url\":\"https:\\\/\\\/hysolv.eu\\\/fr\",\"logo\":{\"@type\":\"ImageObject\",\"inLanguage\":\"fr-FR\",\"@id\":\"https:\\\/\\\/hysolv.eu\\\/fr#\\\/schema\\\/logo\\\/image\\\/\",\"url\":\"https:\\\/\\\/hysolv.eu\\\/wp-content\\\/uploads\\\/LoginLogo-1.png\",\"contentUrl\":\"https:\\\/\\\/hysolv.eu\\\/wp-content\\\/uploads\\\/LoginLogo-1.png\",\"width\":480,\"height\":229,\"caption\":\"Hysolv GmbH\"},\"image\":{\"@id\":\"https:\\\/\\\/hysolv.eu\\\/fr#\\\/schema\\\/logo\\\/image\\\/\"},\"sameAs\":[\"https:\\\/\\\/www.facebook.com\\\/HysolvLtd\",\"https:\\\/\\\/www.instagram.com\\\/hysolvlimited\\\/\",\"https:\\\/\\\/www.linkedin.com\\\/company\\\/hysolv-limited\\\/about\\\/\"]}]}<\/script>\n<!-- \/ Yoast SEO plugin. -->","yoast_head_json":{"title":"Contact Hysolv | Solutions de sant\u00e9 animale et de bios\u00e9curit\u00e9","description":"Contactez Hysolv pour des produits professionnels de sant\u00e9 animale, d\u2019hygi\u00e8ne agricole et des solutions de bios\u00e9curit\u00e9 pour l\u2019\u00e9levage et l\u2019agriculture.","robots":{"index":"index","follow":"follow","max-snippet":"max-snippet:-1","max-image-preview":"max-image-preview:large","max-video-preview":"max-video-preview:-1"},"canonical":"https:\/\/hysolv.eu\/fr\/contact","og_locale":"fr_FR","og_type":"article","og_title":"Contact Hysolv | Solutions de sant\u00e9 animale et de bios\u00e9curit\u00e9","og_description":"Contactez Hysolv pour des produits professionnels de sant\u00e9 animale, d\u2019hygi\u00e8ne agricole et des solutions de bios\u00e9curit\u00e9 pour l\u2019\u00e9levage et l\u2019agriculture.","og_url":"https:\/\/hysolv.eu\/fr\/contact","og_site_name":"Hysolv","article_publisher":"https:\/\/www.facebook.com\/HysolvLtd","article_modified_time":"2026-04-24T08:36:30+00:00","twitter_card":"summary_large_image","twitter_misc":{"Dur\u00e9e de lecture estim\u00e9e":"2 minutes"},"schema":{"@context":"https:\/\/schema.org","@graph":[{"@type":"WebPage","@id":"https:\/\/hysolv.eu\/fr\/contact","url":"https:\/\/hysolv.eu\/fr\/contact","name":"Contact Hysolv | Solutions de sant\u00e9 animale et de bios\u00e9curit\u00e9","isPartOf":{"@id":"https:\/\/hysolv.eu\/fr#website"},"datePublished":"2021-10-08T09:07:50+00:00","dateModified":"2026-04-24T08:36:30+00:00","description":"Contactez Hysolv pour des produits professionnels de sant\u00e9 animale, d\u2019hygi\u00e8ne agricole et des solutions de bios\u00e9curit\u00e9 pour l\u2019\u00e9levage et l\u2019agriculture.","breadcrumb":{"@id":"https:\/\/hysolv.eu\/fr\/contact#breadcrumb"},"inLanguage":"fr-FR","potentialAction":[{"@type":"ReadAction","target":["https:\/\/hysolv.eu\/fr\/contact"]}]},{"@type":"BreadcrumbList","@id":"https:\/\/hysolv.eu\/fr\/contact#breadcrumb","itemListElement":[{"@type":"ListItem","position":1,"name":"Home","item":"https:\/\/hysolv.eu\/fr"},{"@type":"ListItem","position":2,"name":"Contact"}]},{"@type":"WebSite","@id":"https:\/\/hysolv.eu\/fr#website","url":"https:\/\/hysolv.eu\/fr","name":"Hysolv","description":"Supporting Animal Health &amp; Biosecurity","publisher":{"@id":"https:\/\/hysolv.eu\/fr#organization"},"potentialAction":[{"@type":"SearchAction","target":{"@type":"EntryPoint","urlTemplate":"https:\/\/hysolv.eu\/fr?s={search_term_string}"},"query-input":{"@type":"PropertyValueSpecification","valueRequired":true,"valueName":"search_term_string"}}],"inLanguage":"fr-FR"},{"@type":"Organization","@id":"https:\/\/hysolv.eu\/fr#organization","name":"Hysolv GmbH","url":"https:\/\/hysolv.eu\/fr","logo":{"@type":"ImageObject","inLanguage":"fr-FR","@id":"https:\/\/hysolv.eu\/fr#\/schema\/logo\/image\/","url":"https:\/\/hysolv.eu\/wp-content\/uploads\/LoginLogo-1.png","contentUrl":"https:\/\/hysolv.eu\/wp-content\/uploads\/LoginLogo-1.png","width":480,"height":229,"caption":"Hysolv GmbH"},"image":{"@id":"https:\/\/hysolv.eu\/fr#\/schema\/logo\/image\/"},"sameAs":["https:\/\/www.facebook.com\/HysolvLtd","https:\/\/www.instagram.com\/hysolvlimited\/","https:\/\/www.linkedin.com\/company\/hysolv-limited\/about\/"]}]}},"_links":{"self":[{"href":"https:\/\/hysolv.eu\/fr\/wp-json\/wp\/v2\/pages\/2817","targetHints":{"allow":["GET"]}}],"collection":[{"href":"https:\/\/hysolv.eu\/fr\/wp-json\/wp\/v2\/pages"}],"about":[{"href":"https:\/\/hysolv.eu\/fr\/wp-json\/wp\/v2\/types\/page"}],"author":[{"embeddable":true,"href":"https:\/\/hysolv.eu\/fr\/wp-json\/wp\/v2\/users\/8"}],"replies":[{"embeddable":true,"href":"https:\/\/hysolv.eu\/fr\/wp-json\/wp\/v2\/comments?post=2817"}],"version-history":[{"count":2,"href":"https:\/\/hysolv.eu\/fr\/wp-json\/wp\/v2\/pages\/2817\/revisions"}],"predecessor-version":[{"id":5661,"href":"https:\/\/hysolv.eu\/fr\/wp-json\/wp\/v2\/pages\/2817\/revisions\/5661"}],"wp:attachment":[{"href":"https:\/\/hysolv.eu\/fr\/wp-json\/wp\/v2\/media?parent=2817"}],"curies":[{"name":"wp","href":"https:\/\/api.w.org\/{rel}","templated":true}]}}