{"id":2851,"date":"2021-10-08T10:09:51","date_gmt":"2021-10-08T09:09:51","guid":{"rendered":"https:\/\/hysolv.eu\/conditions-generales-dutilisation"},"modified":"2026-04-07T09:40:53","modified_gmt":"2026-04-07T08:40:53","slug":"conditions-generales-dutilisation","status":"publish","type":"page","link":"https:\/\/hysolv.eu\/fr\/conditions-generales-dutilisation","title":{"rendered":"Conditions g\u00e9n\u00e9rales d&rsquo;utilisation"},"content":{"rendered":"<div id=\"cs-content\" class=\"cs-content\"><\/div>\n","protected":false},"excerpt":{"rendered":"<p>conditions g\u00e9n\u00e9rales pour les clients Conditions g\u00e9n\u00e9rales de vente de HYSOLV GmbH (ci-apr\u00e8s d\u00e9nomm\u00e9e \u00ab\u00a0la soci\u00e9t\u00e9\u00a0\u00bb ou \u00ab\u00a0Hysolv GmbH\u00a0\u00bb) 1)&nbsp;Introduction a) Les pr\u00e9sentes conditions g\u00e9n\u00e9rales constituent l&rsquo;int\u00e9gralit\u00e9 de l&rsquo;accord entre la soci\u00e9t\u00e9 et l&rsquo;acheteur. La soci\u00e9t\u00e9 peut, par notification \u00e9crite \u00e0 l&rsquo;acheteur, modifier de temps \u00e0 autre les pr\u00e9sentes conditions g\u00e9n\u00e9rales. b) La r\u00e9ception d&rsquo;une commande (\u00e9galement appel\u00e9e \u00ab\u00a0bon de &#8230; <\/p>\n<div><a href=\"https:\/\/hysolv.eu\/fr\/conditions-generales-dutilisation\" class=\"more-link\">Read More<\/a><\/div>\n","protected":false},"author":8,"featured_media":0,"parent":0,"menu_order":1010,"comment_status":"closed","ping_status":"closed","template":"template-blank-4.php","meta":{"rs_blank_template":"","rs_page_bg_color":"","slide_template_v7":"","footnotes":""},"class_list":["post-2851","page","type-page","status-publish","hentry","no-post-thumbnail"],"yoast_head":"<!-- This site is optimized with the Yoast SEO plugin v27.5 - https:\/\/yoast.com\/product\/yoast-seo-wordpress\/ -->\n<title>Conditions g\u00e9n\u00e9rales d&#039;utilisation | Hysolv<\/title>\n<meta name=\"robots\" content=\"noindex, nofollow\" \/>\n<meta property=\"og:locale\" content=\"fr_FR\" \/>\n<meta property=\"og:type\" content=\"article\" \/>\n<meta property=\"og:title\" content=\"Conditions g\u00e9n\u00e9rales d&#039;utilisation | Hysolv\" \/>\n<meta property=\"og:description\" content=\"conditions g\u00e9n\u00e9rales pour les clients Conditions g\u00e9n\u00e9rales de vente de HYSOLV GmbH (ci-apr\u00e8s d\u00e9nomm\u00e9e &quot;la soci\u00e9t\u00e9&quot; ou &quot;Hysolv GmbH&quot;) 1)&nbsp;Introduction a) Les pr\u00e9sentes conditions g\u00e9n\u00e9rales constituent l&#039;int\u00e9gralit\u00e9 de l&#039;accord entre la soci\u00e9t\u00e9 et l&#039;acheteur. La soci\u00e9t\u00e9 peut, par notification \u00e9crite \u00e0 l&#039;acheteur, modifier de temps \u00e0 autre les pr\u00e9sentes conditions g\u00e9n\u00e9rales. b) La r\u00e9ception d&#039;une commande (\u00e9galement appel\u00e9e &quot;bon de ... Read More\" \/>\n<meta property=\"og:url\" content=\"https:\/\/hysolv.eu\/fr\/conditions-generales-dutilisation\" \/>\n<meta property=\"og:site_name\" content=\"Hysolv\" \/>\n<meta property=\"article:publisher\" content=\"https:\/\/www.facebook.com\/HysolvLtd\" \/>\n<meta property=\"article:modified_time\" content=\"2026-04-07T08:40:53+00:00\" \/>\n<meta name=\"twitter:card\" content=\"summary_large_image\" \/>\n<meta name=\"twitter:label1\" content=\"Dur\u00e9e de lecture estim\u00e9e\" \/>\n\t<meta name=\"twitter:data1\" content=\"16 minutes\" \/>\n<script type=\"application\/ld+json\" class=\"yoast-schema-graph\">{\"@context\":\"https:\\\/\\\/schema.org\",\"@graph\":[{\"@type\":\"WebPage\",\"@id\":\"https:\\\/\\\/hysolv.eu\\\/fr\\\/conditions-generales-dutilisation\",\"url\":\"https:\\\/\\\/hysolv.eu\\\/fr\\\/conditions-generales-dutilisation\",\"name\":\"Conditions g\u00e9n\u00e9rales d'utilisation | Hysolv\",\"isPartOf\":{\"@id\":\"https:\\\/\\\/hysolv.eu\\\/fr#website\"},\"datePublished\":\"2021-10-08T09:09:51+00:00\",\"dateModified\":\"2026-04-07T08:40:53+00:00\",\"breadcrumb\":{\"@id\":\"https:\\\/\\\/hysolv.eu\\\/fr\\\/conditions-generales-dutilisation#breadcrumb\"},\"inLanguage\":\"fr-FR\",\"potentialAction\":[{\"@type\":\"ReadAction\",\"target\":[\"https:\\\/\\\/hysolv.eu\\\/fr\\\/conditions-generales-dutilisation\"]}]},{\"@type\":\"BreadcrumbList\",\"@id\":\"https:\\\/\\\/hysolv.eu\\\/fr\\\/conditions-generales-dutilisation#breadcrumb\",\"itemListElement\":[{\"@type\":\"ListItem\",\"position\":1,\"name\":\"Home\",\"item\":\"https:\\\/\\\/hysolv.eu\\\/fr\"},{\"@type\":\"ListItem\",\"position\":2,\"name\":\"Conditions g\u00e9n\u00e9rales d&#8217;utilisation\"}]},{\"@type\":\"WebSite\",\"@id\":\"https:\\\/\\\/hysolv.eu\\\/fr#website\",\"url\":\"https:\\\/\\\/hysolv.eu\\\/fr\",\"name\":\"Hysolv\",\"description\":\"Supporting Animal Health &amp; Biosecurity\",\"publisher\":{\"@id\":\"https:\\\/\\\/hysolv.eu\\\/fr#organization\"},\"potentialAction\":[{\"@type\":\"SearchAction\",\"target\":{\"@type\":\"EntryPoint\",\"urlTemplate\":\"https:\\\/\\\/hysolv.eu\\\/fr?s={search_term_string}\"},\"query-input\":{\"@type\":\"PropertyValueSpecification\",\"valueRequired\":true,\"valueName\":\"search_term_string\"}}],\"inLanguage\":\"fr-FR\"},{\"@type\":\"Organization\",\"@id\":\"https:\\\/\\\/hysolv.eu\\\/fr#organization\",\"name\":\"Hysolv GmbH\",\"url\":\"https:\\\/\\\/hysolv.eu\\\/fr\",\"logo\":{\"@type\":\"ImageObject\",\"inLanguage\":\"fr-FR\",\"@id\":\"https:\\\/\\\/hysolv.eu\\\/fr#\\\/schema\\\/logo\\\/image\\\/\",\"url\":\"https:\\\/\\\/hysolv.eu\\\/wp-content\\\/uploads\\\/LoginLogo-1.png\",\"contentUrl\":\"https:\\\/\\\/hysolv.eu\\\/wp-content\\\/uploads\\\/LoginLogo-1.png\",\"width\":480,\"height\":229,\"caption\":\"Hysolv GmbH\"},\"image\":{\"@id\":\"https:\\\/\\\/hysolv.eu\\\/fr#\\\/schema\\\/logo\\\/image\\\/\"},\"sameAs\":[\"https:\\\/\\\/www.facebook.com\\\/HysolvLtd\",\"https:\\\/\\\/www.instagram.com\\\/hysolvlimited\\\/\",\"https:\\\/\\\/www.linkedin.com\\\/company\\\/hysolv-limited\\\/about\\\/\"]}]}<\/script>\n<!-- \/ Yoast SEO plugin. -->","yoast_head_json":{"title":"Conditions g\u00e9n\u00e9rales d'utilisation | Hysolv","robots":{"index":"noindex","follow":"nofollow"},"og_locale":"fr_FR","og_type":"article","og_title":"Conditions g\u00e9n\u00e9rales d'utilisation | Hysolv","og_description":"conditions g\u00e9n\u00e9rales pour les clients Conditions g\u00e9n\u00e9rales de vente de HYSOLV GmbH (ci-apr\u00e8s d\u00e9nomm\u00e9e \"la soci\u00e9t\u00e9\" ou \"Hysolv GmbH\") 1)&nbsp;Introduction a) Les pr\u00e9sentes conditions g\u00e9n\u00e9rales constituent l'int\u00e9gralit\u00e9 de l'accord entre la soci\u00e9t\u00e9 et l'acheteur. La soci\u00e9t\u00e9 peut, par notification \u00e9crite \u00e0 l'acheteur, modifier de temps \u00e0 autre les pr\u00e9sentes conditions g\u00e9n\u00e9rales. b) La r\u00e9ception d'une commande (\u00e9galement appel\u00e9e \"bon de ... Read More","og_url":"https:\/\/hysolv.eu\/fr\/conditions-generales-dutilisation","og_site_name":"Hysolv","article_publisher":"https:\/\/www.facebook.com\/HysolvLtd","article_modified_time":"2026-04-07T08:40:53+00:00","twitter_card":"summary_large_image","twitter_misc":{"Dur\u00e9e de lecture estim\u00e9e":"16 minutes"},"schema":{"@context":"https:\/\/schema.org","@graph":[{"@type":"WebPage","@id":"https:\/\/hysolv.eu\/fr\/conditions-generales-dutilisation","url":"https:\/\/hysolv.eu\/fr\/conditions-generales-dutilisation","name":"Conditions g\u00e9n\u00e9rales d'utilisation | Hysolv","isPartOf":{"@id":"https:\/\/hysolv.eu\/fr#website"},"datePublished":"2021-10-08T09:09:51+00:00","dateModified":"2026-04-07T08:40:53+00:00","breadcrumb":{"@id":"https:\/\/hysolv.eu\/fr\/conditions-generales-dutilisation#breadcrumb"},"inLanguage":"fr-FR","potentialAction":[{"@type":"ReadAction","target":["https:\/\/hysolv.eu\/fr\/conditions-generales-dutilisation"]}]},{"@type":"BreadcrumbList","@id":"https:\/\/hysolv.eu\/fr\/conditions-generales-dutilisation#breadcrumb","itemListElement":[{"@type":"ListItem","position":1,"name":"Home","item":"https:\/\/hysolv.eu\/fr"},{"@type":"ListItem","position":2,"name":"Conditions g\u00e9n\u00e9rales d&#8217;utilisation"}]},{"@type":"WebSite","@id":"https:\/\/hysolv.eu\/fr#website","url":"https:\/\/hysolv.eu\/fr","name":"Hysolv","description":"Supporting Animal Health &amp; Biosecurity","publisher":{"@id":"https:\/\/hysolv.eu\/fr#organization"},"potentialAction":[{"@type":"SearchAction","target":{"@type":"EntryPoint","urlTemplate":"https:\/\/hysolv.eu\/fr?s={search_term_string}"},"query-input":{"@type":"PropertyValueSpecification","valueRequired":true,"valueName":"search_term_string"}}],"inLanguage":"fr-FR"},{"@type":"Organization","@id":"https:\/\/hysolv.eu\/fr#organization","name":"Hysolv GmbH","url":"https:\/\/hysolv.eu\/fr","logo":{"@type":"ImageObject","inLanguage":"fr-FR","@id":"https:\/\/hysolv.eu\/fr#\/schema\/logo\/image\/","url":"https:\/\/hysolv.eu\/wp-content\/uploads\/LoginLogo-1.png","contentUrl":"https:\/\/hysolv.eu\/wp-content\/uploads\/LoginLogo-1.png","width":480,"height":229,"caption":"Hysolv GmbH"},"image":{"@id":"https:\/\/hysolv.eu\/fr#\/schema\/logo\/image\/"},"sameAs":["https:\/\/www.facebook.com\/HysolvLtd","https:\/\/www.instagram.com\/hysolvlimited\/","https:\/\/www.linkedin.com\/company\/hysolv-limited\/about\/"]}]}},"_links":{"self":[{"href":"https:\/\/hysolv.eu\/fr\/wp-json\/wp\/v2\/pages\/2851","targetHints":{"allow":["GET"]}}],"collection":[{"href":"https:\/\/hysolv.eu\/fr\/wp-json\/wp\/v2\/pages"}],"about":[{"href":"https:\/\/hysolv.eu\/fr\/wp-json\/wp\/v2\/types\/page"}],"author":[{"embeddable":true,"href":"https:\/\/hysolv.eu\/fr\/wp-json\/wp\/v2\/users\/8"}],"replies":[{"embeddable":true,"href":"https:\/\/hysolv.eu\/fr\/wp-json\/wp\/v2\/comments?post=2851"}],"version-history":[{"count":3,"href":"https:\/\/hysolv.eu\/fr\/wp-json\/wp\/v2\/pages\/2851\/revisions"}],"predecessor-version":[{"id":5719,"href":"https:\/\/hysolv.eu\/fr\/wp-json\/wp\/v2\/pages\/2851\/revisions\/5719"}],"wp:attachment":[{"href":"https:\/\/hysolv.eu\/fr\/wp-json\/wp\/v2\/media?parent=2851"}],"curies":[{"name":"wp","href":"https:\/\/api.w.org\/{rel}","templated":true}]}}