{"id":3814,"date":"2026-01-16T03:42:49","date_gmt":"2026-01-16T02:42:49","guid":{"rendered":"https:\/\/hysolv.eu\/?page_id=3814"},"modified":"2026-04-07T08:25:32","modified_gmt":"2026-04-07T07:25:32","slug":"produits","status":"publish","type":"page","link":"https:\/\/hysolv.eu\/fr\/produits","title":{"rendered":"Produits"},"content":{"rendered":"<div id=\"cs-content\" class=\"cs-content\"><\/div>\n","protected":false},"excerpt":{"rendered":"<p>Produits de sant\u00e9 animale de haute performance pour l&rsquo;hygi\u00e8ne et la bios\u00e9curit\u00e9 des exploitations agricolesHysolv fournit des produits professionnels de sant\u00e9 animale con\u00e7us pour renforcer l&rsquo;hygi\u00e8ne des exploitations, r\u00e9duire la pression des agents pathog\u00e8nes et favoriser une production s\u00fbre et efficace dans les syst\u00e8mes d&rsquo;\u00e9levage et les environnements sensibles \u00e0 l&rsquo;hygi\u00e8ne. Notre portefeuille associe des solutions d&rsquo;hygi\u00e8ne animale \u00e0 une &#8230; <\/p>\n<div><a href=\"https:\/\/hysolv.eu\/fr\/produits\" class=\"more-link\">Read More<\/a><\/div>\n","protected":false},"author":9,"featured_media":0,"parent":0,"menu_order":100,"comment_status":"closed","ping_status":"closed","template":"template-blank-4.php","meta":{"footnotes":""},"class_list":["post-3814","page","type-page","status-publish","hentry","no-post-thumbnail"],"yoast_head":"<!-- This site is optimized with the Yoast SEO plugin v27.3 - https:\/\/yoast.com\/product\/yoast-seo-wordpress\/ -->\n<title>Produits de sant\u00e9 animale pour l\u2019hygi\u00e8ne agricole et la bios\u00e9curit\u00e9 | Hysolv<\/title>\n<meta name=\"description\" content=\"Produits de sant\u00e9 animale haute performance pour l\u2019hygi\u00e8ne agricole et la bios\u00e9curit\u00e9. Solutions de d\u00e9sinfection, de nettoyage, de lutte contre les nuisibles, d\u2019hygi\u00e8ne des aliments et de s\u00e9curit\u00e9 alimentaire.\" \/>\n<meta name=\"robots\" content=\"index, follow, max-snippet:-1, max-image-preview:large, max-video-preview:-1\" \/>\n<link rel=\"canonical\" href=\"https:\/\/hysolv.eu\/fr\/produits\" \/>\n<meta property=\"og:locale\" content=\"fr_FR\" \/>\n<meta property=\"og:type\" content=\"article\" \/>\n<meta property=\"og:title\" content=\"Produits de sant\u00e9 animale pour l\u2019hygi\u00e8ne agricole et la bios\u00e9curit\u00e9 | Hysolv\" \/>\n<meta property=\"og:description\" content=\"Produits de sant\u00e9 animale haute performance pour l\u2019hygi\u00e8ne agricole et la bios\u00e9curit\u00e9. Solutions de d\u00e9sinfection, de nettoyage, de lutte contre les nuisibles, d\u2019hygi\u00e8ne des aliments et de s\u00e9curit\u00e9 alimentaire.\" \/>\n<meta property=\"og:url\" content=\"https:\/\/hysolv.eu\/fr\/produits\" \/>\n<meta property=\"og:site_name\" content=\"Hysolv\" \/>\n<meta property=\"article:publisher\" content=\"https:\/\/www.facebook.com\/HysolvLtd\" \/>\n<meta property=\"article:modified_time\" content=\"2026-04-07T07:25:32+00:00\" \/>\n<meta name=\"twitter:card\" content=\"summary_large_image\" \/>\n<meta name=\"twitter:label1\" content=\"Dur\u00e9e de lecture estim\u00e9e\" \/>\n\t<meta name=\"twitter:data1\" content=\"7 minutes\" \/>\n<script type=\"application\/ld+json\" class=\"yoast-schema-graph\">{\"@context\":\"https:\\\/\\\/schema.org\",\"@graph\":[{\"@type\":\"WebPage\",\"@id\":\"https:\\\/\\\/hysolv.eu\\\/fr\\\/produits\",\"url\":\"https:\\\/\\\/hysolv.eu\\\/fr\\\/produits\",\"name\":\"Produits de sant\u00e9 animale pour l\u2019hygi\u00e8ne agricole et la bios\u00e9curit\u00e9 | Hysolv\",\"isPartOf\":{\"@id\":\"https:\\\/\\\/hysolv.eu\\\/fr#website\"},\"datePublished\":\"2026-01-16T02:42:49+00:00\",\"dateModified\":\"2026-04-07T07:25:32+00:00\",\"description\":\"Produits de sant\u00e9 animale haute performance pour l\u2019hygi\u00e8ne agricole et la bios\u00e9curit\u00e9. Solutions de d\u00e9sinfection, de nettoyage, de lutte contre les nuisibles, d\u2019hygi\u00e8ne des aliments et de s\u00e9curit\u00e9 alimentaire.\",\"breadcrumb\":{\"@id\":\"https:\\\/\\\/hysolv.eu\\\/fr\\\/produits#breadcrumb\"},\"inLanguage\":\"fr-FR\",\"potentialAction\":[{\"@type\":\"ReadAction\",\"target\":[\"https:\\\/\\\/hysolv.eu\\\/fr\\\/produits\"]}]},{\"@type\":\"BreadcrumbList\",\"@id\":\"https:\\\/\\\/hysolv.eu\\\/fr\\\/produits#breadcrumb\",\"itemListElement\":[{\"@type\":\"ListItem\",\"position\":1,\"name\":\"Home\",\"item\":\"https:\\\/\\\/hysolv.eu\\\/fr\\\/accueil\"},{\"@type\":\"ListItem\",\"position\":2,\"name\":\"Produits\"}]},{\"@type\":\"WebSite\",\"@id\":\"https:\\\/\\\/hysolv.eu\\\/fr#website\",\"url\":\"https:\\\/\\\/hysolv.eu\\\/fr\",\"name\":\"Hysolv\",\"description\":\"Supporting Animal Health &amp; Biosecurity\",\"publisher\":{\"@id\":\"https:\\\/\\\/hysolv.eu\\\/fr#organization\"},\"potentialAction\":[{\"@type\":\"SearchAction\",\"target\":{\"@type\":\"EntryPoint\",\"urlTemplate\":\"https:\\\/\\\/hysolv.eu\\\/fr?s={search_term_string}\"},\"query-input\":{\"@type\":\"PropertyValueSpecification\",\"valueRequired\":true,\"valueName\":\"search_term_string\"}}],\"inLanguage\":\"fr-FR\"},{\"@type\":\"Organization\",\"@id\":\"https:\\\/\\\/hysolv.eu\\\/fr#organization\",\"name\":\"Hysolv GmbH\",\"url\":\"https:\\\/\\\/hysolv.eu\\\/fr\",\"logo\":{\"@type\":\"ImageObject\",\"inLanguage\":\"fr-FR\",\"@id\":\"https:\\\/\\\/hysolv.eu\\\/fr#\\\/schema\\\/logo\\\/image\\\/\",\"url\":\"https:\\\/\\\/hysolv.eu\\\/wp-content\\\/uploads\\\/LoginLogo-1.png\",\"contentUrl\":\"https:\\\/\\\/hysolv.eu\\\/wp-content\\\/uploads\\\/LoginLogo-1.png\",\"width\":480,\"height\":229,\"caption\":\"Hysolv GmbH\"},\"image\":{\"@id\":\"https:\\\/\\\/hysolv.eu\\\/fr#\\\/schema\\\/logo\\\/image\\\/\"},\"sameAs\":[\"https:\\\/\\\/www.facebook.com\\\/HysolvLtd\",\"https:\\\/\\\/www.instagram.com\\\/hysolvlimited\\\/\",\"https:\\\/\\\/www.linkedin.com\\\/company\\\/hysolv-limited\\\/about\\\/\"]}]}<\/script>\n<!-- \/ Yoast SEO plugin. -->","yoast_head_json":{"title":"Produits de sant\u00e9 animale pour l\u2019hygi\u00e8ne agricole et la bios\u00e9curit\u00e9 | Hysolv","description":"Produits de sant\u00e9 animale haute performance pour l\u2019hygi\u00e8ne agricole et la bios\u00e9curit\u00e9. Solutions de d\u00e9sinfection, de nettoyage, de lutte contre les nuisibles, d\u2019hygi\u00e8ne des aliments et de s\u00e9curit\u00e9 alimentaire.","robots":{"index":"index","follow":"follow","max-snippet":"max-snippet:-1","max-image-preview":"max-image-preview:large","max-video-preview":"max-video-preview:-1"},"canonical":"https:\/\/hysolv.eu\/fr\/produits","og_locale":"fr_FR","og_type":"article","og_title":"Produits de sant\u00e9 animale pour l\u2019hygi\u00e8ne agricole et la bios\u00e9curit\u00e9 | Hysolv","og_description":"Produits de sant\u00e9 animale haute performance pour l\u2019hygi\u00e8ne agricole et la bios\u00e9curit\u00e9. Solutions de d\u00e9sinfection, de nettoyage, de lutte contre les nuisibles, d\u2019hygi\u00e8ne des aliments et de s\u00e9curit\u00e9 alimentaire.","og_url":"https:\/\/hysolv.eu\/fr\/produits","og_site_name":"Hysolv","article_publisher":"https:\/\/www.facebook.com\/HysolvLtd","article_modified_time":"2026-04-07T07:25:32+00:00","twitter_card":"summary_large_image","twitter_misc":{"Dur\u00e9e de lecture estim\u00e9e":"7 minutes"},"schema":{"@context":"https:\/\/schema.org","@graph":[{"@type":"WebPage","@id":"https:\/\/hysolv.eu\/fr\/produits","url":"https:\/\/hysolv.eu\/fr\/produits","name":"Produits de sant\u00e9 animale pour l\u2019hygi\u00e8ne agricole et la bios\u00e9curit\u00e9 | Hysolv","isPartOf":{"@id":"https:\/\/hysolv.eu\/fr#website"},"datePublished":"2026-01-16T02:42:49+00:00","dateModified":"2026-04-07T07:25:32+00:00","description":"Produits de sant\u00e9 animale haute performance pour l\u2019hygi\u00e8ne agricole et la bios\u00e9curit\u00e9. Solutions de d\u00e9sinfection, de nettoyage, de lutte contre les nuisibles, d\u2019hygi\u00e8ne des aliments et de s\u00e9curit\u00e9 alimentaire.","breadcrumb":{"@id":"https:\/\/hysolv.eu\/fr\/produits#breadcrumb"},"inLanguage":"fr-FR","potentialAction":[{"@type":"ReadAction","target":["https:\/\/hysolv.eu\/fr\/produits"]}]},{"@type":"BreadcrumbList","@id":"https:\/\/hysolv.eu\/fr\/produits#breadcrumb","itemListElement":[{"@type":"ListItem","position":1,"name":"Home","item":"https:\/\/hysolv.eu\/fr\/accueil"},{"@type":"ListItem","position":2,"name":"Produits"}]},{"@type":"WebSite","@id":"https:\/\/hysolv.eu\/fr#website","url":"https:\/\/hysolv.eu\/fr","name":"Hysolv","description":"Supporting Animal Health &amp; Biosecurity","publisher":{"@id":"https:\/\/hysolv.eu\/fr#organization"},"potentialAction":[{"@type":"SearchAction","target":{"@type":"EntryPoint","urlTemplate":"https:\/\/hysolv.eu\/fr?s={search_term_string}"},"query-input":{"@type":"PropertyValueSpecification","valueRequired":true,"valueName":"search_term_string"}}],"inLanguage":"fr-FR"},{"@type":"Organization","@id":"https:\/\/hysolv.eu\/fr#organization","name":"Hysolv GmbH","url":"https:\/\/hysolv.eu\/fr","logo":{"@type":"ImageObject","inLanguage":"fr-FR","@id":"https:\/\/hysolv.eu\/fr#\/schema\/logo\/image\/","url":"https:\/\/hysolv.eu\/wp-content\/uploads\/LoginLogo-1.png","contentUrl":"https:\/\/hysolv.eu\/wp-content\/uploads\/LoginLogo-1.png","width":480,"height":229,"caption":"Hysolv GmbH"},"image":{"@id":"https:\/\/hysolv.eu\/fr#\/schema\/logo\/image\/"},"sameAs":["https:\/\/www.facebook.com\/HysolvLtd","https:\/\/www.instagram.com\/hysolvlimited\/","https:\/\/www.linkedin.com\/company\/hysolv-limited\/about\/"]}]}},"_links":{"self":[{"href":"https:\/\/hysolv.eu\/fr\/wp-json\/wp\/v2\/pages\/3814","targetHints":{"allow":["GET"]}}],"collection":[{"href":"https:\/\/hysolv.eu\/fr\/wp-json\/wp\/v2\/pages"}],"about":[{"href":"https:\/\/hysolv.eu\/fr\/wp-json\/wp\/v2\/types\/page"}],"author":[{"embeddable":true,"href":"https:\/\/hysolv.eu\/fr\/wp-json\/wp\/v2\/users\/9"}],"replies":[{"embeddable":true,"href":"https:\/\/hysolv.eu\/fr\/wp-json\/wp\/v2\/comments?post=3814"}],"version-history":[{"count":3,"href":"https:\/\/hysolv.eu\/fr\/wp-json\/wp\/v2\/pages\/3814\/revisions"}],"predecessor-version":[{"id":5703,"href":"https:\/\/hysolv.eu\/fr\/wp-json\/wp\/v2\/pages\/3814\/revisions\/5703"}],"wp:attachment":[{"href":"https:\/\/hysolv.eu\/fr\/wp-json\/wp\/v2\/media?parent=3814"}],"curies":[{"name":"wp","href":"https:\/\/api.w.org\/{rel}","templated":true}]}}