{"id":4136,"date":"2026-02-06T06:47:40","date_gmt":"2026-02-06T05:47:40","guid":{"rendered":"https:\/\/hysolv.eu\/?page_id=4136"},"modified":"2026-04-24T07:51:50","modified_gmt":"2026-04-24T06:51:50","slug":"categories-de-produits","status":"publish","type":"page","link":"https:\/\/hysolv.eu\/fr\/categories-de-produits","title":{"rendered":"Par cat\u00e9gorie"},"content":{"rendered":"<div id=\"cs-content\" class=\"cs-content\"><\/div>\n","protected":false},"excerpt":{"rendered":"<p>Cat\u00e9gories de bios\u00e9curit\u00e9 agricole pour la sant\u00e9 et la s\u00e9curit\u00e9 animales professionnelles Une bios\u00e9curit\u00e9 agricole efficace est essentielle pour prot\u00e9ger la sant\u00e9 des animaux d\u2019\u00e9levage, r\u00e9duire les risques de maladies et garantir une production agricole durable. Hysolv propose un portefeuille complet de solutions d\u2019hygi\u00e8ne, de d\u00e9sinfection, de lutte contre les nuisibles, d\u2019hygi\u00e8ne des aliments et de transformation alimentaire, clairement organis\u00e9 &#8230; <\/p>\n<div><a href=\"https:\/\/hysolv.eu\/fr\/categories-de-produits\" class=\"more-link\">Read More<\/a><\/div>\n","protected":false},"author":9,"featured_media":0,"parent":0,"menu_order":110,"comment_status":"closed","ping_status":"closed","template":"template-blank-4.php","meta":{"rs_blank_template":"","rs_page_bg_color":"","slide_template_v7":"","footnotes":""},"class_list":["post-4136","page","type-page","status-publish","hentry","no-post-thumbnail"],"yoast_head":"<!-- This site is optimized with the Yoast SEO plugin v27.5 - https:\/\/yoast.com\/product\/yoast-seo-wordpress\/ -->\n<title>Cat\u00e9gories de bios\u00e9curit\u00e9 agricole | Hygi\u00e8ne et pr\u00e9vention des maladies | Hysolv<\/title>\n<meta name=\"description\" content=\"D\u00e9couvrez les cat\u00e9gories de bios\u00e9curit\u00e9 agricole de Hysolv, incluant la d\u00e9sinfection, le nettoyage, la lutte contre les nuisibles, l\u2019hygi\u00e8ne des aliments et l\u2019assainissement en transformation alimentaire. Des solutions structur\u00e9es pour la sant\u00e9 animale professionnelle et la gestion de l\u2019hygi\u00e8ne.\" \/>\n<meta name=\"robots\" content=\"index, follow, max-snippet:-1, max-image-preview:large, max-video-preview:-1\" \/>\n<link rel=\"canonical\" href=\"https:\/\/hysolv.eu\/fr\/categories-de-produits\" \/>\n<meta property=\"og:locale\" content=\"fr_FR\" \/>\n<meta property=\"og:type\" content=\"article\" \/>\n<meta property=\"og:title\" content=\"Cat\u00e9gories de bios\u00e9curit\u00e9 agricole | Hygi\u00e8ne et pr\u00e9vention des maladies | Hysolv\" \/>\n<meta property=\"og:description\" content=\"D\u00e9couvrez les cat\u00e9gories de bios\u00e9curit\u00e9 agricole de Hysolv, incluant la d\u00e9sinfection, le nettoyage, la lutte contre les nuisibles, l\u2019hygi\u00e8ne des aliments et l\u2019assainissement en transformation alimentaire. Des solutions structur\u00e9es pour la sant\u00e9 animale professionnelle et la gestion de l\u2019hygi\u00e8ne.\" \/>\n<meta property=\"og:url\" content=\"https:\/\/hysolv.eu\/fr\/categories-de-produits\" \/>\n<meta property=\"og:site_name\" content=\"Hysolv\" \/>\n<meta property=\"article:publisher\" content=\"https:\/\/www.facebook.com\/HysolvLtd\" \/>\n<meta property=\"article:modified_time\" content=\"2026-04-24T06:51:50+00:00\" \/>\n<meta name=\"twitter:card\" content=\"summary_large_image\" \/>\n<meta name=\"twitter:label1\" content=\"Dur\u00e9e de lecture estim\u00e9e\" \/>\n\t<meta name=\"twitter:data1\" content=\"5 minutes\" \/>\n<script type=\"application\/ld+json\" class=\"yoast-schema-graph\">{\"@context\":\"https:\\\/\\\/schema.org\",\"@graph\":[{\"@type\":\"WebPage\",\"@id\":\"https:\\\/\\\/hysolv.eu\\\/fr\\\/categories-de-produits\",\"url\":\"https:\\\/\\\/hysolv.eu\\\/fr\\\/categories-de-produits\",\"name\":\"Cat\u00e9gories de bios\u00e9curit\u00e9 agricole | Hygi\u00e8ne et pr\u00e9vention des maladies | Hysolv\",\"isPartOf\":{\"@id\":\"https:\\\/\\\/hysolv.eu\\\/fr#website\"},\"datePublished\":\"2026-02-06T05:47:40+00:00\",\"dateModified\":\"2026-04-24T06:51:50+00:00\",\"description\":\"D\u00e9couvrez les cat\u00e9gories de bios\u00e9curit\u00e9 agricole de Hysolv, incluant la d\u00e9sinfection, le nettoyage, la lutte contre les nuisibles, l\u2019hygi\u00e8ne des aliments et l\u2019assainissement en transformation alimentaire. Des solutions structur\u00e9es pour la sant\u00e9 animale professionnelle et la gestion de l\u2019hygi\u00e8ne.\",\"breadcrumb\":{\"@id\":\"https:\\\/\\\/hysolv.eu\\\/fr\\\/categories-de-produits#breadcrumb\"},\"inLanguage\":\"fr-FR\",\"potentialAction\":[{\"@type\":\"ReadAction\",\"target\":[\"https:\\\/\\\/hysolv.eu\\\/fr\\\/categories-de-produits\"]}]},{\"@type\":\"BreadcrumbList\",\"@id\":\"https:\\\/\\\/hysolv.eu\\\/fr\\\/categories-de-produits#breadcrumb\",\"itemListElement\":[{\"@type\":\"ListItem\",\"position\":1,\"name\":\"Home\",\"item\":\"https:\\\/\\\/hysolv.eu\\\/fr\"},{\"@type\":\"ListItem\",\"position\":2,\"name\":\"Par cat\u00e9gorie\"}]},{\"@type\":\"WebSite\",\"@id\":\"https:\\\/\\\/hysolv.eu\\\/fr#website\",\"url\":\"https:\\\/\\\/hysolv.eu\\\/fr\",\"name\":\"Hysolv\",\"description\":\"Supporting Animal Health &amp; Biosecurity\",\"publisher\":{\"@id\":\"https:\\\/\\\/hysolv.eu\\\/fr#organization\"},\"potentialAction\":[{\"@type\":\"SearchAction\",\"target\":{\"@type\":\"EntryPoint\",\"urlTemplate\":\"https:\\\/\\\/hysolv.eu\\\/fr?s={search_term_string}\"},\"query-input\":{\"@type\":\"PropertyValueSpecification\",\"valueRequired\":true,\"valueName\":\"search_term_string\"}}],\"inLanguage\":\"fr-FR\"},{\"@type\":\"Organization\",\"@id\":\"https:\\\/\\\/hysolv.eu\\\/fr#organization\",\"name\":\"Hysolv GmbH\",\"url\":\"https:\\\/\\\/hysolv.eu\\\/fr\",\"logo\":{\"@type\":\"ImageObject\",\"inLanguage\":\"fr-FR\",\"@id\":\"https:\\\/\\\/hysolv.eu\\\/fr#\\\/schema\\\/logo\\\/image\\\/\",\"url\":\"https:\\\/\\\/hysolv.eu\\\/wp-content\\\/uploads\\\/LoginLogo-1.png\",\"contentUrl\":\"https:\\\/\\\/hysolv.eu\\\/wp-content\\\/uploads\\\/LoginLogo-1.png\",\"width\":480,\"height\":229,\"caption\":\"Hysolv GmbH\"},\"image\":{\"@id\":\"https:\\\/\\\/hysolv.eu\\\/fr#\\\/schema\\\/logo\\\/image\\\/\"},\"sameAs\":[\"https:\\\/\\\/www.facebook.com\\\/HysolvLtd\",\"https:\\\/\\\/www.instagram.com\\\/hysolvlimited\\\/\",\"https:\\\/\\\/www.linkedin.com\\\/company\\\/hysolv-limited\\\/about\\\/\"]}]}<\/script>\n<!-- \/ Yoast SEO plugin. -->","yoast_head_json":{"title":"Cat\u00e9gories de bios\u00e9curit\u00e9 agricole | Hygi\u00e8ne et pr\u00e9vention des maladies | Hysolv","description":"D\u00e9couvrez les cat\u00e9gories de bios\u00e9curit\u00e9 agricole de Hysolv, incluant la d\u00e9sinfection, le nettoyage, la lutte contre les nuisibles, l\u2019hygi\u00e8ne des aliments et l\u2019assainissement en transformation alimentaire. Des solutions structur\u00e9es pour la sant\u00e9 animale professionnelle et la gestion de l\u2019hygi\u00e8ne.","robots":{"index":"index","follow":"follow","max-snippet":"max-snippet:-1","max-image-preview":"max-image-preview:large","max-video-preview":"max-video-preview:-1"},"canonical":"https:\/\/hysolv.eu\/fr\/categories-de-produits","og_locale":"fr_FR","og_type":"article","og_title":"Cat\u00e9gories de bios\u00e9curit\u00e9 agricole | Hygi\u00e8ne et pr\u00e9vention des maladies | Hysolv","og_description":"D\u00e9couvrez les cat\u00e9gories de bios\u00e9curit\u00e9 agricole de Hysolv, incluant la d\u00e9sinfection, le nettoyage, la lutte contre les nuisibles, l\u2019hygi\u00e8ne des aliments et l\u2019assainissement en transformation alimentaire. Des solutions structur\u00e9es pour la sant\u00e9 animale professionnelle et la gestion de l\u2019hygi\u00e8ne.","og_url":"https:\/\/hysolv.eu\/fr\/categories-de-produits","og_site_name":"Hysolv","article_publisher":"https:\/\/www.facebook.com\/HysolvLtd","article_modified_time":"2026-04-24T06:51:50+00:00","twitter_card":"summary_large_image","twitter_misc":{"Dur\u00e9e de lecture estim\u00e9e":"5 minutes"},"schema":{"@context":"https:\/\/schema.org","@graph":[{"@type":"WebPage","@id":"https:\/\/hysolv.eu\/fr\/categories-de-produits","url":"https:\/\/hysolv.eu\/fr\/categories-de-produits","name":"Cat\u00e9gories de bios\u00e9curit\u00e9 agricole | Hygi\u00e8ne et pr\u00e9vention des maladies | Hysolv","isPartOf":{"@id":"https:\/\/hysolv.eu\/fr#website"},"datePublished":"2026-02-06T05:47:40+00:00","dateModified":"2026-04-24T06:51:50+00:00","description":"D\u00e9couvrez les cat\u00e9gories de bios\u00e9curit\u00e9 agricole de Hysolv, incluant la d\u00e9sinfection, le nettoyage, la lutte contre les nuisibles, l\u2019hygi\u00e8ne des aliments et l\u2019assainissement en transformation alimentaire. Des solutions structur\u00e9es pour la sant\u00e9 animale professionnelle et la gestion de l\u2019hygi\u00e8ne.","breadcrumb":{"@id":"https:\/\/hysolv.eu\/fr\/categories-de-produits#breadcrumb"},"inLanguage":"fr-FR","potentialAction":[{"@type":"ReadAction","target":["https:\/\/hysolv.eu\/fr\/categories-de-produits"]}]},{"@type":"BreadcrumbList","@id":"https:\/\/hysolv.eu\/fr\/categories-de-produits#breadcrumb","itemListElement":[{"@type":"ListItem","position":1,"name":"Home","item":"https:\/\/hysolv.eu\/fr"},{"@type":"ListItem","position":2,"name":"Par cat\u00e9gorie"}]},{"@type":"WebSite","@id":"https:\/\/hysolv.eu\/fr#website","url":"https:\/\/hysolv.eu\/fr","name":"Hysolv","description":"Supporting Animal Health &amp; Biosecurity","publisher":{"@id":"https:\/\/hysolv.eu\/fr#organization"},"potentialAction":[{"@type":"SearchAction","target":{"@type":"EntryPoint","urlTemplate":"https:\/\/hysolv.eu\/fr?s={search_term_string}"},"query-input":{"@type":"PropertyValueSpecification","valueRequired":true,"valueName":"search_term_string"}}],"inLanguage":"fr-FR"},{"@type":"Organization","@id":"https:\/\/hysolv.eu\/fr#organization","name":"Hysolv GmbH","url":"https:\/\/hysolv.eu\/fr","logo":{"@type":"ImageObject","inLanguage":"fr-FR","@id":"https:\/\/hysolv.eu\/fr#\/schema\/logo\/image\/","url":"https:\/\/hysolv.eu\/wp-content\/uploads\/LoginLogo-1.png","contentUrl":"https:\/\/hysolv.eu\/wp-content\/uploads\/LoginLogo-1.png","width":480,"height":229,"caption":"Hysolv GmbH"},"image":{"@id":"https:\/\/hysolv.eu\/fr#\/schema\/logo\/image\/"},"sameAs":["https:\/\/www.facebook.com\/HysolvLtd","https:\/\/www.instagram.com\/hysolvlimited\/","https:\/\/www.linkedin.com\/company\/hysolv-limited\/about\/"]}]}},"_links":{"self":[{"href":"https:\/\/hysolv.eu\/fr\/wp-json\/wp\/v2\/pages\/4136","targetHints":{"allow":["GET"]}}],"collection":[{"href":"https:\/\/hysolv.eu\/fr\/wp-json\/wp\/v2\/pages"}],"about":[{"href":"https:\/\/hysolv.eu\/fr\/wp-json\/wp\/v2\/types\/page"}],"author":[{"embeddable":true,"href":"https:\/\/hysolv.eu\/fr\/wp-json\/wp\/v2\/users\/9"}],"replies":[{"embeddable":true,"href":"https:\/\/hysolv.eu\/fr\/wp-json\/wp\/v2\/comments?post=4136"}],"version-history":[{"count":2,"href":"https:\/\/hysolv.eu\/fr\/wp-json\/wp\/v2\/pages\/4136\/revisions"}],"predecessor-version":[{"id":5657,"href":"https:\/\/hysolv.eu\/fr\/wp-json\/wp\/v2\/pages\/4136\/revisions\/5657"}],"wp:attachment":[{"href":"https:\/\/hysolv.eu\/fr\/wp-json\/wp\/v2\/media?parent=4136"}],"curies":[{"name":"wp","href":"https:\/\/api.w.org\/{rel}","templated":true}]}}