{"id":4174,"date":"2026-01-25T14:48:03","date_gmt":"2026-01-25T13:48:03","guid":{"rendered":"https:\/\/hysolv.eu\/?page_id=4174"},"modified":"2026-04-24T08:52:22","modified_gmt":"2026-04-24T07:52:22","slug":"nettoyants","status":"publish","type":"page","link":"https:\/\/hysolv.eu\/fr\/produits\/nettoyants","title":{"rendered":"Nettoyants"},"content":{"rendered":"<div id=\"cs-content\" class=\"cs-content\"><\/div>\n","protected":false},"excerpt":{"rendered":"<p>Solutions de nettoyage agricole professionnelles pour des environnements s\u00fbrs et hygi\u00e9niques Un nettoyage r\u00e9gulier et efficace constitue la base d\u2019une hygi\u00e8ne durable et de la bios\u00e9curit\u00e9 dans l\u2019agriculture moderne. Hysolv propose des solutions de nettoyage agricole haute performance con\u00e7ues pour les routines de nettoyage quotidiennes, la d\u00e9sinfection en profondeur et les t\u00e2ches d\u2019hygi\u00e8ne sp\u00e9cialis\u00e9es dans les b\u00e2timents d\u2019\u00e9levage, les installations &#8230; <\/p>\n<div><a href=\"https:\/\/hysolv.eu\/fr\/produit\/alcaliene\" class=\"more-link\">Read More<\/a><\/div>\n","protected":false},"author":9,"featured_media":0,"parent":3814,"menu_order":112,"comment_status":"closed","ping_status":"closed","template":"template-blank-4.php","meta":{"rs_blank_template":"","rs_page_bg_color":"","slide_template_v7":"","footnotes":""},"class_list":["post-4174","page","type-page","status-publish","hentry","no-post-thumbnail"],"yoast_head":"<!-- This site is optimized with the Yoast SEO plugin v27.5 - https:\/\/yoast.com\/product\/yoast-seo-wordpress\/ -->\n<title>Solutions de nettoyage agricole pour une hygi\u00e8ne professionnelle | Hysolv<\/title>\n<meta name=\"description\" content=\"Solutions de nettoyage agricole professionnelles pour les b\u00e2timents d\u2019\u00e9levage, les \u00e9quipements et les zones li\u00e9es \u00e0 l\u2019alimentation. Nettoyage haute performance pour une hygi\u00e8ne et une bios\u00e9curit\u00e9 fiables.\" \/>\n<meta name=\"robots\" content=\"index, follow, max-snippet:-1, max-image-preview:large, max-video-preview:-1\" \/>\n<link rel=\"canonical\" href=\"https:\/\/hysolv.eu\/fr\/produits\/nettoyants\" \/>\n<meta property=\"og:locale\" content=\"fr_FR\" \/>\n<meta property=\"og:type\" content=\"article\" \/>\n<meta property=\"og:title\" content=\"Solutions de nettoyage agricole pour une hygi\u00e8ne professionnelle | Hysolv\" \/>\n<meta property=\"og:description\" content=\"Solutions de nettoyage agricole professionnelles pour les b\u00e2timents d\u2019\u00e9levage, les \u00e9quipements et les zones li\u00e9es \u00e0 l\u2019alimentation. Nettoyage haute performance pour une hygi\u00e8ne et une bios\u00e9curit\u00e9 fiables.\" \/>\n<meta property=\"og:url\" content=\"https:\/\/hysolv.eu\/fr\/produits\/nettoyants\" \/>\n<meta property=\"og:site_name\" content=\"Hysolv\" \/>\n<meta property=\"article:publisher\" content=\"https:\/\/www.facebook.com\/HysolvLtd\" \/>\n<meta property=\"article:modified_time\" content=\"2026-04-24T07:52:22+00:00\" \/>\n<meta name=\"twitter:card\" content=\"summary_large_image\" \/>\n<meta name=\"twitter:label1\" content=\"Dur\u00e9e de lecture estim\u00e9e\" \/>\n\t<meta name=\"twitter:data1\" content=\"4 minutes\" \/>\n<script type=\"application\/ld+json\" class=\"yoast-schema-graph\">{\"@context\":\"https:\\\/\\\/schema.org\",\"@graph\":[{\"@type\":\"WebPage\",\"@id\":\"https:\\\/\\\/hysolv.eu\\\/fr\\\/produits\\\/nettoyants\",\"url\":\"https:\\\/\\\/hysolv.eu\\\/fr\\\/produits\\\/nettoyants\",\"name\":\"Solutions de nettoyage agricole pour une hygi\u00e8ne professionnelle | Hysolv\",\"isPartOf\":{\"@id\":\"https:\\\/\\\/hysolv.eu\\\/fr#website\"},\"datePublished\":\"2026-01-25T13:48:03+00:00\",\"dateModified\":\"2026-04-24T07:52:22+00:00\",\"description\":\"Solutions de nettoyage agricole professionnelles pour les b\u00e2timents d\u2019\u00e9levage, les \u00e9quipements et les zones li\u00e9es \u00e0 l\u2019alimentation. Nettoyage haute performance pour une hygi\u00e8ne et une bios\u00e9curit\u00e9 fiables.\",\"breadcrumb\":{\"@id\":\"https:\\\/\\\/hysolv.eu\\\/fr\\\/produits\\\/nettoyants#breadcrumb\"},\"inLanguage\":\"fr-FR\",\"potentialAction\":[{\"@type\":\"ReadAction\",\"target\":[\"https:\\\/\\\/hysolv.eu\\\/fr\\\/produits\\\/nettoyants\"]}]},{\"@type\":\"BreadcrumbList\",\"@id\":\"https:\\\/\\\/hysolv.eu\\\/fr\\\/produits\\\/nettoyants#breadcrumb\",\"itemListElement\":[{\"@type\":\"ListItem\",\"position\":1,\"name\":\"Home\",\"item\":\"https:\\\/\\\/hysolv.eu\\\/fr\"},{\"@type\":\"ListItem\",\"position\":2,\"name\":\"Produits\",\"item\":\"https:\\\/\\\/hysolv.eu\\\/fr\\\/produits\"},{\"@type\":\"ListItem\",\"position\":3,\"name\":\"Nettoyants\"}]},{\"@type\":\"WebSite\",\"@id\":\"https:\\\/\\\/hysolv.eu\\\/fr#website\",\"url\":\"https:\\\/\\\/hysolv.eu\\\/fr\",\"name\":\"Hysolv\",\"description\":\"Supporting Animal Health &amp; Biosecurity\",\"publisher\":{\"@id\":\"https:\\\/\\\/hysolv.eu\\\/fr#organization\"},\"potentialAction\":[{\"@type\":\"SearchAction\",\"target\":{\"@type\":\"EntryPoint\",\"urlTemplate\":\"https:\\\/\\\/hysolv.eu\\\/fr?s={search_term_string}\"},\"query-input\":{\"@type\":\"PropertyValueSpecification\",\"valueRequired\":true,\"valueName\":\"search_term_string\"}}],\"inLanguage\":\"fr-FR\"},{\"@type\":\"Organization\",\"@id\":\"https:\\\/\\\/hysolv.eu\\\/fr#organization\",\"name\":\"Hysolv GmbH\",\"url\":\"https:\\\/\\\/hysolv.eu\\\/fr\",\"logo\":{\"@type\":\"ImageObject\",\"inLanguage\":\"fr-FR\",\"@id\":\"https:\\\/\\\/hysolv.eu\\\/fr#\\\/schema\\\/logo\\\/image\\\/\",\"url\":\"https:\\\/\\\/hysolv.eu\\\/wp-content\\\/uploads\\\/LoginLogo-1.png\",\"contentUrl\":\"https:\\\/\\\/hysolv.eu\\\/wp-content\\\/uploads\\\/LoginLogo-1.png\",\"width\":480,\"height\":229,\"caption\":\"Hysolv GmbH\"},\"image\":{\"@id\":\"https:\\\/\\\/hysolv.eu\\\/fr#\\\/schema\\\/logo\\\/image\\\/\"},\"sameAs\":[\"https:\\\/\\\/www.facebook.com\\\/HysolvLtd\",\"https:\\\/\\\/www.instagram.com\\\/hysolvlimited\\\/\",\"https:\\\/\\\/www.linkedin.com\\\/company\\\/hysolv-limited\\\/about\\\/\"]}]}<\/script>\n<!-- \/ Yoast SEO plugin. -->","yoast_head_json":{"title":"Solutions de nettoyage agricole pour une hygi\u00e8ne professionnelle | Hysolv","description":"Solutions de nettoyage agricole professionnelles pour les b\u00e2timents d\u2019\u00e9levage, les \u00e9quipements et les zones li\u00e9es \u00e0 l\u2019alimentation. Nettoyage haute performance pour une hygi\u00e8ne et une bios\u00e9curit\u00e9 fiables.","robots":{"index":"index","follow":"follow","max-snippet":"max-snippet:-1","max-image-preview":"max-image-preview:large","max-video-preview":"max-video-preview:-1"},"canonical":"https:\/\/hysolv.eu\/fr\/produits\/nettoyants","og_locale":"fr_FR","og_type":"article","og_title":"Solutions de nettoyage agricole pour une hygi\u00e8ne professionnelle | Hysolv","og_description":"Solutions de nettoyage agricole professionnelles pour les b\u00e2timents d\u2019\u00e9levage, les \u00e9quipements et les zones li\u00e9es \u00e0 l\u2019alimentation. Nettoyage haute performance pour une hygi\u00e8ne et une bios\u00e9curit\u00e9 fiables.","og_url":"https:\/\/hysolv.eu\/fr\/produits\/nettoyants","og_site_name":"Hysolv","article_publisher":"https:\/\/www.facebook.com\/HysolvLtd","article_modified_time":"2026-04-24T07:52:22+00:00","twitter_card":"summary_large_image","twitter_misc":{"Dur\u00e9e de lecture estim\u00e9e":"4 minutes"},"schema":{"@context":"https:\/\/schema.org","@graph":[{"@type":"WebPage","@id":"https:\/\/hysolv.eu\/fr\/produits\/nettoyants","url":"https:\/\/hysolv.eu\/fr\/produits\/nettoyants","name":"Solutions de nettoyage agricole pour une hygi\u00e8ne professionnelle | Hysolv","isPartOf":{"@id":"https:\/\/hysolv.eu\/fr#website"},"datePublished":"2026-01-25T13:48:03+00:00","dateModified":"2026-04-24T07:52:22+00:00","description":"Solutions de nettoyage agricole professionnelles pour les b\u00e2timents d\u2019\u00e9levage, les \u00e9quipements et les zones li\u00e9es \u00e0 l\u2019alimentation. Nettoyage haute performance pour une hygi\u00e8ne et une bios\u00e9curit\u00e9 fiables.","breadcrumb":{"@id":"https:\/\/hysolv.eu\/fr\/produits\/nettoyants#breadcrumb"},"inLanguage":"fr-FR","potentialAction":[{"@type":"ReadAction","target":["https:\/\/hysolv.eu\/fr\/produits\/nettoyants"]}]},{"@type":"BreadcrumbList","@id":"https:\/\/hysolv.eu\/fr\/produits\/nettoyants#breadcrumb","itemListElement":[{"@type":"ListItem","position":1,"name":"Home","item":"https:\/\/hysolv.eu\/fr"},{"@type":"ListItem","position":2,"name":"Produits","item":"https:\/\/hysolv.eu\/fr\/produits"},{"@type":"ListItem","position":3,"name":"Nettoyants"}]},{"@type":"WebSite","@id":"https:\/\/hysolv.eu\/fr#website","url":"https:\/\/hysolv.eu\/fr","name":"Hysolv","description":"Supporting Animal Health &amp; Biosecurity","publisher":{"@id":"https:\/\/hysolv.eu\/fr#organization"},"potentialAction":[{"@type":"SearchAction","target":{"@type":"EntryPoint","urlTemplate":"https:\/\/hysolv.eu\/fr?s={search_term_string}"},"query-input":{"@type":"PropertyValueSpecification","valueRequired":true,"valueName":"search_term_string"}}],"inLanguage":"fr-FR"},{"@type":"Organization","@id":"https:\/\/hysolv.eu\/fr#organization","name":"Hysolv GmbH","url":"https:\/\/hysolv.eu\/fr","logo":{"@type":"ImageObject","inLanguage":"fr-FR","@id":"https:\/\/hysolv.eu\/fr#\/schema\/logo\/image\/","url":"https:\/\/hysolv.eu\/wp-content\/uploads\/LoginLogo-1.png","contentUrl":"https:\/\/hysolv.eu\/wp-content\/uploads\/LoginLogo-1.png","width":480,"height":229,"caption":"Hysolv GmbH"},"image":{"@id":"https:\/\/hysolv.eu\/fr#\/schema\/logo\/image\/"},"sameAs":["https:\/\/www.facebook.com\/HysolvLtd","https:\/\/www.instagram.com\/hysolvlimited\/","https:\/\/www.linkedin.com\/company\/hysolv-limited\/about\/"]}]}},"_links":{"self":[{"href":"https:\/\/hysolv.eu\/fr\/wp-json\/wp\/v2\/pages\/4174","targetHints":{"allow":["GET"]}}],"collection":[{"href":"https:\/\/hysolv.eu\/fr\/wp-json\/wp\/v2\/pages"}],"about":[{"href":"https:\/\/hysolv.eu\/fr\/wp-json\/wp\/v2\/types\/page"}],"author":[{"embeddable":true,"href":"https:\/\/hysolv.eu\/fr\/wp-json\/wp\/v2\/users\/9"}],"replies":[{"embeddable":true,"href":"https:\/\/hysolv.eu\/fr\/wp-json\/wp\/v2\/comments?post=4174"}],"version-history":[{"count":1,"href":"https:\/\/hysolv.eu\/fr\/wp-json\/wp\/v2\/pages\/4174\/revisions"}],"predecessor-version":[{"id":5632,"href":"https:\/\/hysolv.eu\/fr\/wp-json\/wp\/v2\/pages\/4174\/revisions\/5632"}],"up":[{"embeddable":true,"href":"https:\/\/hysolv.eu\/fr\/wp-json\/wp\/v2\/pages\/3814"}],"wp:attachment":[{"href":"https:\/\/hysolv.eu\/fr\/wp-json\/wp\/v2\/media?parent=4174"}],"curies":[{"name":"wp","href":"https:\/\/api.w.org\/{rel}","templated":true}]}}