{"id":4199,"date":"2026-02-06T06:55:54","date_gmt":"2026-02-06T05:55:54","guid":{"rendered":"https:\/\/hysolv.eu\/?page_id=4199"},"modified":"2026-04-07T06:48:07","modified_gmt":"2026-04-07T05:48:07","slug":"hygiene-aliments-additifs","status":"publish","type":"page","link":"https:\/\/hysolv.eu\/fr\/produits\/hygiene-aliments-additifs","title":{"rendered":"Hygi\u00e8ne des aliments &amp; additifs"},"content":{"rendered":"<div id=\"cs-content\" class=\"cs-content\"><\/div>\n","protected":false},"excerpt":{"rendered":"<p>Solutions d\u2019hygi\u00e8ne des aliments pour animaux pour une alimentation s\u00fbre, propre et de haute qualit\u00e9Une hygi\u00e8ne efficace des aliments pour animaux est un pilier essentiel de la sant\u00e9 animale, de la productivit\u00e9 des exploitations et de la bios\u00e9curit\u00e9 globale. Des aliments propres et bien g\u00e9r\u00e9s r\u00e9duisent les risques microbiens, soutiennent la sant\u00e9 intestinale et contribuent \u00e0 maintenir des performances de &#8230; <\/p>\n<div><a href=\"https:\/\/hysolv.eu\/fr\/produit\/alquernat-zycox\" class=\"more-link\">Read More<\/a><\/div>\n","protected":false},"author":9,"featured_media":0,"parent":3814,"menu_order":114,"comment_status":"closed","ping_status":"closed","template":"template-blank-4.php","meta":{"footnotes":""},"class_list":["post-4199","page","type-page","status-publish","hentry","no-post-thumbnail"],"yoast_head":"<!-- This site is optimized with the Yoast SEO plugin v27.3 - https:\/\/yoast.com\/product\/yoast-seo-wordpress\/ -->\n<title>Solutions d\u2019hygi\u00e8ne des aliments et additifs pour la sant\u00e9 animale | Hysolv<\/title>\n<meta name=\"description\" content=\"Solutions professionnelles d\u2019hygi\u00e8ne des aliments et additifs pour soutenir la sant\u00e9 intestinale, une nutrition animale s\u00fbre et la bios\u00e9curit\u00e9 dans les syst\u00e8mes d\u2019\u00e9levage modernes.\" \/>\n<meta name=\"robots\" content=\"index, follow, max-snippet:-1, max-image-preview:large, max-video-preview:-1\" \/>\n<link rel=\"canonical\" href=\"https:\/\/hysolv.eu\/fr\/produits\/hygiene-aliments-additifs\" \/>\n<meta property=\"og:locale\" content=\"fr_FR\" \/>\n<meta property=\"og:type\" content=\"article\" \/>\n<meta property=\"og:title\" content=\"Solutions d\u2019hygi\u00e8ne des aliments et additifs pour la sant\u00e9 animale | Hysolv\" \/>\n<meta property=\"og:description\" content=\"Solutions professionnelles d\u2019hygi\u00e8ne des aliments et additifs pour soutenir la sant\u00e9 intestinale, une nutrition animale s\u00fbre et la bios\u00e9curit\u00e9 dans les syst\u00e8mes d\u2019\u00e9levage modernes.\" \/>\n<meta property=\"og:url\" content=\"https:\/\/hysolv.eu\/fr\/produits\/hygiene-aliments-additifs\" \/>\n<meta property=\"og:site_name\" content=\"Hysolv\" \/>\n<meta property=\"article:publisher\" content=\"https:\/\/www.facebook.com\/HysolvLtd\" \/>\n<meta property=\"article:modified_time\" content=\"2026-04-07T05:48:07+00:00\" \/>\n<meta name=\"twitter:card\" content=\"summary_large_image\" \/>\n<meta name=\"twitter:label1\" content=\"Dur\u00e9e de lecture estim\u00e9e\" \/>\n\t<meta name=\"twitter:data1\" content=\"5 minutes\" \/>\n<script type=\"application\/ld+json\" class=\"yoast-schema-graph\">{\"@context\":\"https:\\\/\\\/schema.org\",\"@graph\":[{\"@type\":\"WebPage\",\"@id\":\"https:\\\/\\\/hysolv.eu\\\/fr\\\/produits\\\/hygiene-aliments-additifs\",\"url\":\"https:\\\/\\\/hysolv.eu\\\/fr\\\/produits\\\/hygiene-aliments-additifs\",\"name\":\"Solutions d\u2019hygi\u00e8ne des aliments et additifs pour la sant\u00e9 animale | Hysolv\",\"isPartOf\":{\"@id\":\"https:\\\/\\\/hysolv.eu\\\/fr#website\"},\"datePublished\":\"2026-02-06T05:55:54+00:00\",\"dateModified\":\"2026-04-07T05:48:07+00:00\",\"description\":\"Solutions professionnelles d\u2019hygi\u00e8ne des aliments et additifs pour soutenir la sant\u00e9 intestinale, une nutrition animale s\u00fbre et la bios\u00e9curit\u00e9 dans les syst\u00e8mes d\u2019\u00e9levage modernes.\",\"breadcrumb\":{\"@id\":\"https:\\\/\\\/hysolv.eu\\\/fr\\\/produits\\\/hygiene-aliments-additifs#breadcrumb\"},\"inLanguage\":\"fr-FR\",\"potentialAction\":[{\"@type\":\"ReadAction\",\"target\":[\"https:\\\/\\\/hysolv.eu\\\/fr\\\/produits\\\/hygiene-aliments-additifs\"]}]},{\"@type\":\"BreadcrumbList\",\"@id\":\"https:\\\/\\\/hysolv.eu\\\/fr\\\/produits\\\/hygiene-aliments-additifs#breadcrumb\",\"itemListElement\":[{\"@type\":\"ListItem\",\"position\":1,\"name\":\"Home\",\"item\":\"https:\\\/\\\/hysolv.eu\\\/fr\\\/accueil\"},{\"@type\":\"ListItem\",\"position\":2,\"name\":\"Produits\",\"item\":\"https:\\\/\\\/hysolv.eu\\\/fr\\\/produits\"},{\"@type\":\"ListItem\",\"position\":3,\"name\":\"Hygi\u00e8ne des aliments &amp; additifs\"}]},{\"@type\":\"WebSite\",\"@id\":\"https:\\\/\\\/hysolv.eu\\\/fr#website\",\"url\":\"https:\\\/\\\/hysolv.eu\\\/fr\",\"name\":\"Hysolv\",\"description\":\"Supporting Animal Health &amp; Biosecurity\",\"publisher\":{\"@id\":\"https:\\\/\\\/hysolv.eu\\\/fr#organization\"},\"potentialAction\":[{\"@type\":\"SearchAction\",\"target\":{\"@type\":\"EntryPoint\",\"urlTemplate\":\"https:\\\/\\\/hysolv.eu\\\/fr?s={search_term_string}\"},\"query-input\":{\"@type\":\"PropertyValueSpecification\",\"valueRequired\":true,\"valueName\":\"search_term_string\"}}],\"inLanguage\":\"fr-FR\"},{\"@type\":\"Organization\",\"@id\":\"https:\\\/\\\/hysolv.eu\\\/fr#organization\",\"name\":\"Hysolv GmbH\",\"url\":\"https:\\\/\\\/hysolv.eu\\\/fr\",\"logo\":{\"@type\":\"ImageObject\",\"inLanguage\":\"fr-FR\",\"@id\":\"https:\\\/\\\/hysolv.eu\\\/fr#\\\/schema\\\/logo\\\/image\\\/\",\"url\":\"https:\\\/\\\/hysolv.eu\\\/wp-content\\\/uploads\\\/LoginLogo-1.png\",\"contentUrl\":\"https:\\\/\\\/hysolv.eu\\\/wp-content\\\/uploads\\\/LoginLogo-1.png\",\"width\":480,\"height\":229,\"caption\":\"Hysolv GmbH\"},\"image\":{\"@id\":\"https:\\\/\\\/hysolv.eu\\\/fr#\\\/schema\\\/logo\\\/image\\\/\"},\"sameAs\":[\"https:\\\/\\\/www.facebook.com\\\/HysolvLtd\",\"https:\\\/\\\/www.instagram.com\\\/hysolvlimited\\\/\",\"https:\\\/\\\/www.linkedin.com\\\/company\\\/hysolv-limited\\\/about\\\/\"]}]}<\/script>\n<!-- \/ Yoast SEO plugin. -->","yoast_head_json":{"title":"Solutions d\u2019hygi\u00e8ne des aliments et additifs pour la sant\u00e9 animale | Hysolv","description":"Solutions professionnelles d\u2019hygi\u00e8ne des aliments et additifs pour soutenir la sant\u00e9 intestinale, une nutrition animale s\u00fbre et la bios\u00e9curit\u00e9 dans les syst\u00e8mes d\u2019\u00e9levage modernes.","robots":{"index":"index","follow":"follow","max-snippet":"max-snippet:-1","max-image-preview":"max-image-preview:large","max-video-preview":"max-video-preview:-1"},"canonical":"https:\/\/hysolv.eu\/fr\/produits\/hygiene-aliments-additifs","og_locale":"fr_FR","og_type":"article","og_title":"Solutions d\u2019hygi\u00e8ne des aliments et additifs pour la sant\u00e9 animale | Hysolv","og_description":"Solutions professionnelles d\u2019hygi\u00e8ne des aliments et additifs pour soutenir la sant\u00e9 intestinale, une nutrition animale s\u00fbre et la bios\u00e9curit\u00e9 dans les syst\u00e8mes d\u2019\u00e9levage modernes.","og_url":"https:\/\/hysolv.eu\/fr\/produits\/hygiene-aliments-additifs","og_site_name":"Hysolv","article_publisher":"https:\/\/www.facebook.com\/HysolvLtd","article_modified_time":"2026-04-07T05:48:07+00:00","twitter_card":"summary_large_image","twitter_misc":{"Dur\u00e9e de lecture estim\u00e9e":"5 minutes"},"schema":{"@context":"https:\/\/schema.org","@graph":[{"@type":"WebPage","@id":"https:\/\/hysolv.eu\/fr\/produits\/hygiene-aliments-additifs","url":"https:\/\/hysolv.eu\/fr\/produits\/hygiene-aliments-additifs","name":"Solutions d\u2019hygi\u00e8ne des aliments et additifs pour la sant\u00e9 animale | Hysolv","isPartOf":{"@id":"https:\/\/hysolv.eu\/fr#website"},"datePublished":"2026-02-06T05:55:54+00:00","dateModified":"2026-04-07T05:48:07+00:00","description":"Solutions professionnelles d\u2019hygi\u00e8ne des aliments et additifs pour soutenir la sant\u00e9 intestinale, une nutrition animale s\u00fbre et la bios\u00e9curit\u00e9 dans les syst\u00e8mes d\u2019\u00e9levage modernes.","breadcrumb":{"@id":"https:\/\/hysolv.eu\/fr\/produits\/hygiene-aliments-additifs#breadcrumb"},"inLanguage":"fr-FR","potentialAction":[{"@type":"ReadAction","target":["https:\/\/hysolv.eu\/fr\/produits\/hygiene-aliments-additifs"]}]},{"@type":"BreadcrumbList","@id":"https:\/\/hysolv.eu\/fr\/produits\/hygiene-aliments-additifs#breadcrumb","itemListElement":[{"@type":"ListItem","position":1,"name":"Home","item":"https:\/\/hysolv.eu\/fr\/accueil"},{"@type":"ListItem","position":2,"name":"Produits","item":"https:\/\/hysolv.eu\/fr\/produits"},{"@type":"ListItem","position":3,"name":"Hygi\u00e8ne des aliments &amp; additifs"}]},{"@type":"WebSite","@id":"https:\/\/hysolv.eu\/fr#website","url":"https:\/\/hysolv.eu\/fr","name":"Hysolv","description":"Supporting Animal Health &amp; Biosecurity","publisher":{"@id":"https:\/\/hysolv.eu\/fr#organization"},"potentialAction":[{"@type":"SearchAction","target":{"@type":"EntryPoint","urlTemplate":"https:\/\/hysolv.eu\/fr?s={search_term_string}"},"query-input":{"@type":"PropertyValueSpecification","valueRequired":true,"valueName":"search_term_string"}}],"inLanguage":"fr-FR"},{"@type":"Organization","@id":"https:\/\/hysolv.eu\/fr#organization","name":"Hysolv GmbH","url":"https:\/\/hysolv.eu\/fr","logo":{"@type":"ImageObject","inLanguage":"fr-FR","@id":"https:\/\/hysolv.eu\/fr#\/schema\/logo\/image\/","url":"https:\/\/hysolv.eu\/wp-content\/uploads\/LoginLogo-1.png","contentUrl":"https:\/\/hysolv.eu\/wp-content\/uploads\/LoginLogo-1.png","width":480,"height":229,"caption":"Hysolv GmbH"},"image":{"@id":"https:\/\/hysolv.eu\/fr#\/schema\/logo\/image\/"},"sameAs":["https:\/\/www.facebook.com\/HysolvLtd","https:\/\/www.instagram.com\/hysolvlimited\/","https:\/\/www.linkedin.com\/company\/hysolv-limited\/about\/"]}]}},"_links":{"self":[{"href":"https:\/\/hysolv.eu\/fr\/wp-json\/wp\/v2\/pages\/4199","targetHints":{"allow":["GET"]}}],"collection":[{"href":"https:\/\/hysolv.eu\/fr\/wp-json\/wp\/v2\/pages"}],"about":[{"href":"https:\/\/hysolv.eu\/fr\/wp-json\/wp\/v2\/types\/page"}],"author":[{"embeddable":true,"href":"https:\/\/hysolv.eu\/fr\/wp-json\/wp\/v2\/users\/9"}],"replies":[{"embeddable":true,"href":"https:\/\/hysolv.eu\/fr\/wp-json\/wp\/v2\/comments?post=4199"}],"version-history":[{"count":4,"href":"https:\/\/hysolv.eu\/fr\/wp-json\/wp\/v2\/pages\/4199\/revisions"}],"predecessor-version":[{"id":5641,"href":"https:\/\/hysolv.eu\/fr\/wp-json\/wp\/v2\/pages\/4199\/revisions\/5641"}],"up":[{"embeddable":true,"href":"https:\/\/hysolv.eu\/fr\/wp-json\/wp\/v2\/pages\/3814"}],"wp:attachment":[{"href":"https:\/\/hysolv.eu\/fr\/wp-json\/wp\/v2\/media?parent=4199"}],"curies":[{"name":"wp","href":"https:\/\/api.w.org\/{rel}","templated":true}]}}