{"id":4221,"date":"2026-02-06T06:54:46","date_gmt":"2026-02-06T05:54:46","guid":{"rendered":"https:\/\/hysolv.eu\/?page_id=4221"},"modified":"2026-04-07T06:46:33","modified_gmt":"2026-04-07T05:46:33","slug":"lutte-antiparasitaire","status":"publish","type":"page","link":"https:\/\/hysolv.eu\/fr\/produits\/lutte-antiparasitaire","title":{"rendered":"Lutte antiparasitaire"},"content":{"rendered":"<div id=\"cs-content\" class=\"cs-content\"><\/div>\n","protected":false},"excerpt":{"rendered":"<p>Solutions professionnelles de lutte antiparasitaire pour la bios\u00e9curit\u00e9 agricole et la sant\u00e9 animaleUne lutte antiparasitaire efficace en agriculture est essentielle pour prot\u00e9ger la sant\u00e9 animale, maintenir la productivit\u00e9 et garantir une bios\u00e9curit\u00e9 solide dans l\u2019agriculture moderne. Les nuisibles et les parasites peuvent propager des maladies, augmenter le stress chez les animaux et compromettre les normes d\u2019hygi\u00e8ne dans les \u00e9levages de &#8230; <\/p>\n<div><a href=\"https:\/\/hysolv.eu\/fr\/produit\/interkokask\" class=\"more-link\">Read More<\/a><\/div>\n","protected":false},"author":9,"featured_media":0,"parent":3814,"menu_order":113,"comment_status":"closed","ping_status":"closed","template":"template-blank-4.php","meta":{"footnotes":""},"class_list":["post-4221","page","type-page","status-publish","hentry","no-post-thumbnail"],"yoast_head":"<!-- This site is optimized with the Yoast SEO plugin v27.3 - https:\/\/yoast.com\/product\/yoast-seo-wordpress\/ -->\n<title>Solutions de lutte antiparasitaire agricole pour la bios\u00e9curit\u00e9 | Hysolv<\/title>\n<meta name=\"description\" content=\"Solutions professionnelles de lutte antiparasitaire pour les \u00e9levages de volailles, de bovins et autres animaux. Contr\u00f4le efficace du pou rouge, des mouches, des parasites et des rongeurs pour soutenir la bios\u00e9curit\u00e9 et la sant\u00e9 animale.\" \/>\n<meta name=\"robots\" content=\"index, follow, max-snippet:-1, max-image-preview:large, max-video-preview:-1\" \/>\n<link rel=\"canonical\" href=\"https:\/\/hysolv.eu\/fr\/produits\/lutte-antiparasitaire\" \/>\n<meta property=\"og:locale\" content=\"fr_FR\" \/>\n<meta property=\"og:type\" content=\"article\" \/>\n<meta property=\"og:title\" content=\"Solutions de lutte antiparasitaire agricole pour la bios\u00e9curit\u00e9 | Hysolv\" \/>\n<meta property=\"og:description\" content=\"Solutions professionnelles de lutte antiparasitaire pour les \u00e9levages de volailles, de bovins et autres animaux. Contr\u00f4le efficace du pou rouge, des mouches, des parasites et des rongeurs pour soutenir la bios\u00e9curit\u00e9 et la sant\u00e9 animale.\" \/>\n<meta property=\"og:url\" content=\"https:\/\/hysolv.eu\/fr\/produits\/lutte-antiparasitaire\" \/>\n<meta property=\"og:site_name\" content=\"Hysolv\" \/>\n<meta property=\"article:publisher\" content=\"https:\/\/www.facebook.com\/HysolvLtd\" \/>\n<meta property=\"article:modified_time\" content=\"2026-04-07T05:46:33+00:00\" \/>\n<meta name=\"twitter:card\" content=\"summary_large_image\" \/>\n<meta name=\"twitter:label1\" content=\"Dur\u00e9e de lecture estim\u00e9e\" \/>\n\t<meta name=\"twitter:data1\" content=\"5 minutes\" \/>\n<script type=\"application\/ld+json\" class=\"yoast-schema-graph\">{\"@context\":\"https:\\\/\\\/schema.org\",\"@graph\":[{\"@type\":\"WebPage\",\"@id\":\"https:\\\/\\\/hysolv.eu\\\/fr\\\/produits\\\/lutte-antiparasitaire\",\"url\":\"https:\\\/\\\/hysolv.eu\\\/fr\\\/produits\\\/lutte-antiparasitaire\",\"name\":\"Solutions de lutte antiparasitaire agricole pour la bios\u00e9curit\u00e9 | Hysolv\",\"isPartOf\":{\"@id\":\"https:\\\/\\\/hysolv.eu\\\/fr#website\"},\"datePublished\":\"2026-02-06T05:54:46+00:00\",\"dateModified\":\"2026-04-07T05:46:33+00:00\",\"description\":\"Solutions professionnelles de lutte antiparasitaire pour les \u00e9levages de volailles, de bovins et autres animaux. Contr\u00f4le efficace du pou rouge, des mouches, des parasites et des rongeurs pour soutenir la bios\u00e9curit\u00e9 et la sant\u00e9 animale.\",\"breadcrumb\":{\"@id\":\"https:\\\/\\\/hysolv.eu\\\/fr\\\/produits\\\/lutte-antiparasitaire#breadcrumb\"},\"inLanguage\":\"fr-FR\",\"potentialAction\":[{\"@type\":\"ReadAction\",\"target\":[\"https:\\\/\\\/hysolv.eu\\\/fr\\\/produits\\\/lutte-antiparasitaire\"]}]},{\"@type\":\"BreadcrumbList\",\"@id\":\"https:\\\/\\\/hysolv.eu\\\/fr\\\/produits\\\/lutte-antiparasitaire#breadcrumb\",\"itemListElement\":[{\"@type\":\"ListItem\",\"position\":1,\"name\":\"Home\",\"item\":\"https:\\\/\\\/hysolv.eu\\\/fr\\\/accueil\"},{\"@type\":\"ListItem\",\"position\":2,\"name\":\"Produits\",\"item\":\"https:\\\/\\\/hysolv.eu\\\/fr\\\/produits\"},{\"@type\":\"ListItem\",\"position\":3,\"name\":\"Lutte antiparasitaire\"}]},{\"@type\":\"WebSite\",\"@id\":\"https:\\\/\\\/hysolv.eu\\\/fr#website\",\"url\":\"https:\\\/\\\/hysolv.eu\\\/fr\",\"name\":\"Hysolv\",\"description\":\"Supporting Animal Health &amp; Biosecurity\",\"publisher\":{\"@id\":\"https:\\\/\\\/hysolv.eu\\\/fr#organization\"},\"potentialAction\":[{\"@type\":\"SearchAction\",\"target\":{\"@type\":\"EntryPoint\",\"urlTemplate\":\"https:\\\/\\\/hysolv.eu\\\/fr?s={search_term_string}\"},\"query-input\":{\"@type\":\"PropertyValueSpecification\",\"valueRequired\":true,\"valueName\":\"search_term_string\"}}],\"inLanguage\":\"fr-FR\"},{\"@type\":\"Organization\",\"@id\":\"https:\\\/\\\/hysolv.eu\\\/fr#organization\",\"name\":\"Hysolv GmbH\",\"url\":\"https:\\\/\\\/hysolv.eu\\\/fr\",\"logo\":{\"@type\":\"ImageObject\",\"inLanguage\":\"fr-FR\",\"@id\":\"https:\\\/\\\/hysolv.eu\\\/fr#\\\/schema\\\/logo\\\/image\\\/\",\"url\":\"https:\\\/\\\/hysolv.eu\\\/wp-content\\\/uploads\\\/LoginLogo-1.png\",\"contentUrl\":\"https:\\\/\\\/hysolv.eu\\\/wp-content\\\/uploads\\\/LoginLogo-1.png\",\"width\":480,\"height\":229,\"caption\":\"Hysolv GmbH\"},\"image\":{\"@id\":\"https:\\\/\\\/hysolv.eu\\\/fr#\\\/schema\\\/logo\\\/image\\\/\"},\"sameAs\":[\"https:\\\/\\\/www.facebook.com\\\/HysolvLtd\",\"https:\\\/\\\/www.instagram.com\\\/hysolvlimited\\\/\",\"https:\\\/\\\/www.linkedin.com\\\/company\\\/hysolv-limited\\\/about\\\/\"]}]}<\/script>\n<!-- \/ Yoast SEO plugin. -->","yoast_head_json":{"title":"Solutions de lutte antiparasitaire agricole pour la bios\u00e9curit\u00e9 | Hysolv","description":"Solutions professionnelles de lutte antiparasitaire pour les \u00e9levages de volailles, de bovins et autres animaux. Contr\u00f4le efficace du pou rouge, des mouches, des parasites et des rongeurs pour soutenir la bios\u00e9curit\u00e9 et la sant\u00e9 animale.","robots":{"index":"index","follow":"follow","max-snippet":"max-snippet:-1","max-image-preview":"max-image-preview:large","max-video-preview":"max-video-preview:-1"},"canonical":"https:\/\/hysolv.eu\/fr\/produits\/lutte-antiparasitaire","og_locale":"fr_FR","og_type":"article","og_title":"Solutions de lutte antiparasitaire agricole pour la bios\u00e9curit\u00e9 | Hysolv","og_description":"Solutions professionnelles de lutte antiparasitaire pour les \u00e9levages de volailles, de bovins et autres animaux. Contr\u00f4le efficace du pou rouge, des mouches, des parasites et des rongeurs pour soutenir la bios\u00e9curit\u00e9 et la sant\u00e9 animale.","og_url":"https:\/\/hysolv.eu\/fr\/produits\/lutte-antiparasitaire","og_site_name":"Hysolv","article_publisher":"https:\/\/www.facebook.com\/HysolvLtd","article_modified_time":"2026-04-07T05:46:33+00:00","twitter_card":"summary_large_image","twitter_misc":{"Dur\u00e9e de lecture estim\u00e9e":"5 minutes"},"schema":{"@context":"https:\/\/schema.org","@graph":[{"@type":"WebPage","@id":"https:\/\/hysolv.eu\/fr\/produits\/lutte-antiparasitaire","url":"https:\/\/hysolv.eu\/fr\/produits\/lutte-antiparasitaire","name":"Solutions de lutte antiparasitaire agricole pour la bios\u00e9curit\u00e9 | Hysolv","isPartOf":{"@id":"https:\/\/hysolv.eu\/fr#website"},"datePublished":"2026-02-06T05:54:46+00:00","dateModified":"2026-04-07T05:46:33+00:00","description":"Solutions professionnelles de lutte antiparasitaire pour les \u00e9levages de volailles, de bovins et autres animaux. Contr\u00f4le efficace du pou rouge, des mouches, des parasites et des rongeurs pour soutenir la bios\u00e9curit\u00e9 et la sant\u00e9 animale.","breadcrumb":{"@id":"https:\/\/hysolv.eu\/fr\/produits\/lutte-antiparasitaire#breadcrumb"},"inLanguage":"fr-FR","potentialAction":[{"@type":"ReadAction","target":["https:\/\/hysolv.eu\/fr\/produits\/lutte-antiparasitaire"]}]},{"@type":"BreadcrumbList","@id":"https:\/\/hysolv.eu\/fr\/produits\/lutte-antiparasitaire#breadcrumb","itemListElement":[{"@type":"ListItem","position":1,"name":"Home","item":"https:\/\/hysolv.eu\/fr\/accueil"},{"@type":"ListItem","position":2,"name":"Produits","item":"https:\/\/hysolv.eu\/fr\/produits"},{"@type":"ListItem","position":3,"name":"Lutte antiparasitaire"}]},{"@type":"WebSite","@id":"https:\/\/hysolv.eu\/fr#website","url":"https:\/\/hysolv.eu\/fr","name":"Hysolv","description":"Supporting Animal Health &amp; Biosecurity","publisher":{"@id":"https:\/\/hysolv.eu\/fr#organization"},"potentialAction":[{"@type":"SearchAction","target":{"@type":"EntryPoint","urlTemplate":"https:\/\/hysolv.eu\/fr?s={search_term_string}"},"query-input":{"@type":"PropertyValueSpecification","valueRequired":true,"valueName":"search_term_string"}}],"inLanguage":"fr-FR"},{"@type":"Organization","@id":"https:\/\/hysolv.eu\/fr#organization","name":"Hysolv GmbH","url":"https:\/\/hysolv.eu\/fr","logo":{"@type":"ImageObject","inLanguage":"fr-FR","@id":"https:\/\/hysolv.eu\/fr#\/schema\/logo\/image\/","url":"https:\/\/hysolv.eu\/wp-content\/uploads\/LoginLogo-1.png","contentUrl":"https:\/\/hysolv.eu\/wp-content\/uploads\/LoginLogo-1.png","width":480,"height":229,"caption":"Hysolv GmbH"},"image":{"@id":"https:\/\/hysolv.eu\/fr#\/schema\/logo\/image\/"},"sameAs":["https:\/\/www.facebook.com\/HysolvLtd","https:\/\/www.instagram.com\/hysolvlimited\/","https:\/\/www.linkedin.com\/company\/hysolv-limited\/about\/"]}]}},"_links":{"self":[{"href":"https:\/\/hysolv.eu\/fr\/wp-json\/wp\/v2\/pages\/4221","targetHints":{"allow":["GET"]}}],"collection":[{"href":"https:\/\/hysolv.eu\/fr\/wp-json\/wp\/v2\/pages"}],"about":[{"href":"https:\/\/hysolv.eu\/fr\/wp-json\/wp\/v2\/types\/page"}],"author":[{"embeddable":true,"href":"https:\/\/hysolv.eu\/fr\/wp-json\/wp\/v2\/users\/9"}],"replies":[{"embeddable":true,"href":"https:\/\/hysolv.eu\/fr\/wp-json\/wp\/v2\/comments?post=4221"}],"version-history":[{"count":5,"href":"https:\/\/hysolv.eu\/fr\/wp-json\/wp\/v2\/pages\/4221\/revisions"}],"predecessor-version":[{"id":5638,"href":"https:\/\/hysolv.eu\/fr\/wp-json\/wp\/v2\/pages\/4221\/revisions\/5638"}],"up":[{"embeddable":true,"href":"https:\/\/hysolv.eu\/fr\/wp-json\/wp\/v2\/pages\/3814"}],"wp:attachment":[{"href":"https:\/\/hysolv.eu\/fr\/wp-json\/wp\/v2\/media?parent=4221"}],"curies":[{"name":"wp","href":"https:\/\/api.w.org\/{rel}","templated":true}]}}