{"id":4243,"date":"2026-02-06T07:49:11","date_gmt":"2026-02-06T06:49:11","guid":{"rendered":"https:\/\/hysolv.eu\/?page_id=4243"},"modified":"2026-04-24T08:58:25","modified_gmt":"2026-04-24T07:58:25","slug":"transformation-stockage-aliments","status":"publish","type":"page","link":"https:\/\/hysolv.eu\/fr\/produits\/transformation-stockage-aliments","title":{"rendered":"Transformation et stockage des aliments"},"content":{"rendered":"<div id=\"cs-content\" class=\"cs-content\"><\/div>\n","protected":false},"excerpt":{"rendered":"<p>Solutions d\u2019hygi\u00e8ne et de d\u00e9sinfection pour l\u2019industrie alimentaire L\u2019hygi\u00e8ne et la d\u00e9sinfection dans l\u2019industrie alimentaire sont essentielles pour prot\u00e9ger la qualit\u00e9 des produits, garantir la s\u00e9curit\u00e9 des consommateurs et respecter les exigences r\u00e9glementaires. Des lignes de production aux zones de stockage et de transport, chaque \u00e9tape de la cha\u00eene alimentaire n\u00e9cessite un nettoyage et une d\u00e9sinfection efficaces afin de pr\u00e9venir &#8230; <\/p>\n<div><a href=\"https:\/\/hysolv.eu\/fr\/produit\/alcaliene\" class=\"more-link\">Read More<\/a><\/div>\n","protected":false},"author":9,"featured_media":0,"parent":3814,"menu_order":115,"comment_status":"closed","ping_status":"closed","template":"template-blank-4.php","meta":{"rs_blank_template":"","rs_page_bg_color":"","slide_template_v7":"","footnotes":""},"class_list":["post-4243","page","type-page","status-publish","hentry","no-post-thumbnail"],"yoast_head":"<!-- This site is optimized with the Yoast SEO plugin v27.5 - https:\/\/yoast.com\/product\/yoast-seo-wordpress\/ -->\n<title>Solutions d\u2019hygi\u00e8ne et de d\u00e9sinfection pour l\u2019industrie alimentaire | Hysolv<\/title>\n<meta name=\"description\" content=\"Solutions professionnelles d\u2019hygi\u00e8ne et de d\u00e9sinfection pour les environnements de transformation et de stockage des aliments. Solutions fiables de nettoyage, de d\u00e9sinfection et de n\u00e9bulisation pour soutenir la s\u00e9curit\u00e9 alimentaire et la conformit\u00e9 r\u00e9glementaire.\" \/>\n<meta name=\"robots\" content=\"index, follow, max-snippet:-1, max-image-preview:large, max-video-preview:-1\" \/>\n<link rel=\"canonical\" href=\"https:\/\/hysolv.eu\/fr\/produits\/transformation-stockage-aliments\" \/>\n<meta property=\"og:locale\" content=\"fr_FR\" \/>\n<meta property=\"og:type\" content=\"article\" \/>\n<meta property=\"og:title\" content=\"Solutions d\u2019hygi\u00e8ne et de d\u00e9sinfection pour l\u2019industrie alimentaire | Hysolv\" \/>\n<meta property=\"og:description\" content=\"Solutions professionnelles d\u2019hygi\u00e8ne et de d\u00e9sinfection pour les environnements de transformation et de stockage des aliments. Solutions fiables de nettoyage, de d\u00e9sinfection et de n\u00e9bulisation pour soutenir la s\u00e9curit\u00e9 alimentaire et la conformit\u00e9 r\u00e9glementaire.\" \/>\n<meta property=\"og:url\" content=\"https:\/\/hysolv.eu\/fr\/produits\/transformation-stockage-aliments\" \/>\n<meta property=\"og:site_name\" content=\"Hysolv\" \/>\n<meta property=\"article:publisher\" content=\"https:\/\/www.facebook.com\/HysolvLtd\" \/>\n<meta property=\"article:modified_time\" content=\"2026-04-24T07:58:25+00:00\" \/>\n<meta name=\"twitter:card\" content=\"summary_large_image\" \/>\n<meta name=\"twitter:label1\" content=\"Dur\u00e9e de lecture estim\u00e9e\" \/>\n\t<meta name=\"twitter:data1\" content=\"5 minutes\" \/>\n<script type=\"application\/ld+json\" class=\"yoast-schema-graph\">{\"@context\":\"https:\\\/\\\/schema.org\",\"@graph\":[{\"@type\":\"WebPage\",\"@id\":\"https:\\\/\\\/hysolv.eu\\\/fr\\\/produits\\\/transformation-stockage-aliments\",\"url\":\"https:\\\/\\\/hysolv.eu\\\/fr\\\/produits\\\/transformation-stockage-aliments\",\"name\":\"Solutions d\u2019hygi\u00e8ne et de d\u00e9sinfection pour l\u2019industrie alimentaire | Hysolv\",\"isPartOf\":{\"@id\":\"https:\\\/\\\/hysolv.eu\\\/fr#website\"},\"datePublished\":\"2026-02-06T06:49:11+00:00\",\"dateModified\":\"2026-04-24T07:58:25+00:00\",\"description\":\"Solutions professionnelles d\u2019hygi\u00e8ne et de d\u00e9sinfection pour les environnements de transformation et de stockage des aliments. Solutions fiables de nettoyage, de d\u00e9sinfection et de n\u00e9bulisation pour soutenir la s\u00e9curit\u00e9 alimentaire et la conformit\u00e9 r\u00e9glementaire.\",\"breadcrumb\":{\"@id\":\"https:\\\/\\\/hysolv.eu\\\/fr\\\/produits\\\/transformation-stockage-aliments#breadcrumb\"},\"inLanguage\":\"fr-FR\",\"potentialAction\":[{\"@type\":\"ReadAction\",\"target\":[\"https:\\\/\\\/hysolv.eu\\\/fr\\\/produits\\\/transformation-stockage-aliments\"]}]},{\"@type\":\"BreadcrumbList\",\"@id\":\"https:\\\/\\\/hysolv.eu\\\/fr\\\/produits\\\/transformation-stockage-aliments#breadcrumb\",\"itemListElement\":[{\"@type\":\"ListItem\",\"position\":1,\"name\":\"Home\",\"item\":\"https:\\\/\\\/hysolv.eu\\\/fr\"},{\"@type\":\"ListItem\",\"position\":2,\"name\":\"Produits\",\"item\":\"https:\\\/\\\/hysolv.eu\\\/fr\\\/produits\"},{\"@type\":\"ListItem\",\"position\":3,\"name\":\"Transformation et stockage des aliments\"}]},{\"@type\":\"WebSite\",\"@id\":\"https:\\\/\\\/hysolv.eu\\\/fr#website\",\"url\":\"https:\\\/\\\/hysolv.eu\\\/fr\",\"name\":\"Hysolv\",\"description\":\"Supporting Animal Health &amp; Biosecurity\",\"publisher\":{\"@id\":\"https:\\\/\\\/hysolv.eu\\\/fr#organization\"},\"potentialAction\":[{\"@type\":\"SearchAction\",\"target\":{\"@type\":\"EntryPoint\",\"urlTemplate\":\"https:\\\/\\\/hysolv.eu\\\/fr?s={search_term_string}\"},\"query-input\":{\"@type\":\"PropertyValueSpecification\",\"valueRequired\":true,\"valueName\":\"search_term_string\"}}],\"inLanguage\":\"fr-FR\"},{\"@type\":\"Organization\",\"@id\":\"https:\\\/\\\/hysolv.eu\\\/fr#organization\",\"name\":\"Hysolv GmbH\",\"url\":\"https:\\\/\\\/hysolv.eu\\\/fr\",\"logo\":{\"@type\":\"ImageObject\",\"inLanguage\":\"fr-FR\",\"@id\":\"https:\\\/\\\/hysolv.eu\\\/fr#\\\/schema\\\/logo\\\/image\\\/\",\"url\":\"https:\\\/\\\/hysolv.eu\\\/wp-content\\\/uploads\\\/LoginLogo-1.png\",\"contentUrl\":\"https:\\\/\\\/hysolv.eu\\\/wp-content\\\/uploads\\\/LoginLogo-1.png\",\"width\":480,\"height\":229,\"caption\":\"Hysolv GmbH\"},\"image\":{\"@id\":\"https:\\\/\\\/hysolv.eu\\\/fr#\\\/schema\\\/logo\\\/image\\\/\"},\"sameAs\":[\"https:\\\/\\\/www.facebook.com\\\/HysolvLtd\",\"https:\\\/\\\/www.instagram.com\\\/hysolvlimited\\\/\",\"https:\\\/\\\/www.linkedin.com\\\/company\\\/hysolv-limited\\\/about\\\/\"]}]}<\/script>\n<!-- \/ Yoast SEO plugin. -->","yoast_head_json":{"title":"Solutions d\u2019hygi\u00e8ne et de d\u00e9sinfection pour l\u2019industrie alimentaire | Hysolv","description":"Solutions professionnelles d\u2019hygi\u00e8ne et de d\u00e9sinfection pour les environnements de transformation et de stockage des aliments. Solutions fiables de nettoyage, de d\u00e9sinfection et de n\u00e9bulisation pour soutenir la s\u00e9curit\u00e9 alimentaire et la conformit\u00e9 r\u00e9glementaire.","robots":{"index":"index","follow":"follow","max-snippet":"max-snippet:-1","max-image-preview":"max-image-preview:large","max-video-preview":"max-video-preview:-1"},"canonical":"https:\/\/hysolv.eu\/fr\/produits\/transformation-stockage-aliments","og_locale":"fr_FR","og_type":"article","og_title":"Solutions d\u2019hygi\u00e8ne et de d\u00e9sinfection pour l\u2019industrie alimentaire | Hysolv","og_description":"Solutions professionnelles d\u2019hygi\u00e8ne et de d\u00e9sinfection pour les environnements de transformation et de stockage des aliments. Solutions fiables de nettoyage, de d\u00e9sinfection et de n\u00e9bulisation pour soutenir la s\u00e9curit\u00e9 alimentaire et la conformit\u00e9 r\u00e9glementaire.","og_url":"https:\/\/hysolv.eu\/fr\/produits\/transformation-stockage-aliments","og_site_name":"Hysolv","article_publisher":"https:\/\/www.facebook.com\/HysolvLtd","article_modified_time":"2026-04-24T07:58:25+00:00","twitter_card":"summary_large_image","twitter_misc":{"Dur\u00e9e de lecture estim\u00e9e":"5 minutes"},"schema":{"@context":"https:\/\/schema.org","@graph":[{"@type":"WebPage","@id":"https:\/\/hysolv.eu\/fr\/produits\/transformation-stockage-aliments","url":"https:\/\/hysolv.eu\/fr\/produits\/transformation-stockage-aliments","name":"Solutions d\u2019hygi\u00e8ne et de d\u00e9sinfection pour l\u2019industrie alimentaire | Hysolv","isPartOf":{"@id":"https:\/\/hysolv.eu\/fr#website"},"datePublished":"2026-02-06T06:49:11+00:00","dateModified":"2026-04-24T07:58:25+00:00","description":"Solutions professionnelles d\u2019hygi\u00e8ne et de d\u00e9sinfection pour les environnements de transformation et de stockage des aliments. Solutions fiables de nettoyage, de d\u00e9sinfection et de n\u00e9bulisation pour soutenir la s\u00e9curit\u00e9 alimentaire et la conformit\u00e9 r\u00e9glementaire.","breadcrumb":{"@id":"https:\/\/hysolv.eu\/fr\/produits\/transformation-stockage-aliments#breadcrumb"},"inLanguage":"fr-FR","potentialAction":[{"@type":"ReadAction","target":["https:\/\/hysolv.eu\/fr\/produits\/transformation-stockage-aliments"]}]},{"@type":"BreadcrumbList","@id":"https:\/\/hysolv.eu\/fr\/produits\/transformation-stockage-aliments#breadcrumb","itemListElement":[{"@type":"ListItem","position":1,"name":"Home","item":"https:\/\/hysolv.eu\/fr"},{"@type":"ListItem","position":2,"name":"Produits","item":"https:\/\/hysolv.eu\/fr\/produits"},{"@type":"ListItem","position":3,"name":"Transformation et stockage des aliments"}]},{"@type":"WebSite","@id":"https:\/\/hysolv.eu\/fr#website","url":"https:\/\/hysolv.eu\/fr","name":"Hysolv","description":"Supporting Animal Health &amp; Biosecurity","publisher":{"@id":"https:\/\/hysolv.eu\/fr#organization"},"potentialAction":[{"@type":"SearchAction","target":{"@type":"EntryPoint","urlTemplate":"https:\/\/hysolv.eu\/fr?s={search_term_string}"},"query-input":{"@type":"PropertyValueSpecification","valueRequired":true,"valueName":"search_term_string"}}],"inLanguage":"fr-FR"},{"@type":"Organization","@id":"https:\/\/hysolv.eu\/fr#organization","name":"Hysolv GmbH","url":"https:\/\/hysolv.eu\/fr","logo":{"@type":"ImageObject","inLanguage":"fr-FR","@id":"https:\/\/hysolv.eu\/fr#\/schema\/logo\/image\/","url":"https:\/\/hysolv.eu\/wp-content\/uploads\/LoginLogo-1.png","contentUrl":"https:\/\/hysolv.eu\/wp-content\/uploads\/LoginLogo-1.png","width":480,"height":229,"caption":"Hysolv GmbH"},"image":{"@id":"https:\/\/hysolv.eu\/fr#\/schema\/logo\/image\/"},"sameAs":["https:\/\/www.facebook.com\/HysolvLtd","https:\/\/www.instagram.com\/hysolvlimited\/","https:\/\/www.linkedin.com\/company\/hysolv-limited\/about\/"]}]}},"_links":{"self":[{"href":"https:\/\/hysolv.eu\/fr\/wp-json\/wp\/v2\/pages\/4243","targetHints":{"allow":["GET"]}}],"collection":[{"href":"https:\/\/hysolv.eu\/fr\/wp-json\/wp\/v2\/pages"}],"about":[{"href":"https:\/\/hysolv.eu\/fr\/wp-json\/wp\/v2\/types\/page"}],"author":[{"embeddable":true,"href":"https:\/\/hysolv.eu\/fr\/wp-json\/wp\/v2\/users\/9"}],"replies":[{"embeddable":true,"href":"https:\/\/hysolv.eu\/fr\/wp-json\/wp\/v2\/comments?post=4243"}],"version-history":[{"count":2,"href":"https:\/\/hysolv.eu\/fr\/wp-json\/wp\/v2\/pages\/4243\/revisions"}],"predecessor-version":[{"id":5642,"href":"https:\/\/hysolv.eu\/fr\/wp-json\/wp\/v2\/pages\/4243\/revisions\/5642"}],"up":[{"embeddable":true,"href":"https:\/\/hysolv.eu\/fr\/wp-json\/wp\/v2\/pages\/3814"}],"wp:attachment":[{"href":"https:\/\/hysolv.eu\/fr\/wp-json\/wp\/v2\/media?parent=4243"}],"curies":[{"name":"wp","href":"https:\/\/api.w.org\/{rel}","templated":true}]}}