{"id":4290,"date":"2026-02-06T07:52:57","date_gmt":"2026-02-06T06:52:57","guid":{"rendered":"https:\/\/hysolv.eu\/?page_id=4290"},"modified":"2026-04-24T09:03:07","modified_gmt":"2026-04-24T08:03:07","slug":"volaille","status":"publish","type":"page","link":"https:\/\/hysolv.eu\/fr\/produits\/volaille","title":{"rendered":"Volaille"},"content":{"rendered":"<div id=\"cs-content\" class=\"cs-content\"><\/div>\n","protected":false},"excerpt":{"rendered":"<p>Traitement efficace des poux rouges et solutions de bios\u00e9curit\u00e9 pour les \u00e9levages avicoles La production avicole moderne n\u00e9cessite des routines d\u2019hygi\u00e8ne rigoureuses, un traitement fiable contre les poux rouges et des syst\u00e8mes de bios\u00e9curit\u00e9 structur\u00e9s pour prot\u00e9ger la sant\u00e9 des troupeaux et maintenir des performances stables. Les parasites, agents pathog\u00e8nes et d\u00e9faillances d\u2019hygi\u00e8ne affectent directement la sant\u00e9 des volailles, la &#8230; <\/p>\n<div><a href=\"https:\/\/hysolv.eu\/fr\/produit\/alcaliene\" class=\"more-link\">Read More<\/a><\/div>\n","protected":false},"author":9,"featured_media":0,"parent":3814,"menu_order":121,"comment_status":"closed","ping_status":"closed","template":"template-blank-4.php","meta":{"rs_blank_template":"","rs_page_bg_color":"","slide_template_v7":"","footnotes":""},"class_list":["post-4290","page","type-page","status-publish","hentry","no-post-thumbnail"],"yoast_head":"<!-- This site is optimized with the Yoast SEO plugin v27.5 - https:\/\/yoast.com\/product\/yoast-seo-wordpress\/ -->\n<title>Traitement des poux rouges et solutions de bios\u00e9curit\u00e9 en aviculture | Hysolv<\/title>\n<meta name=\"description\" content=\"Solutions professionnelles de traitement des poux rouges et de bios\u00e9curit\u00e9 en aviculture pour les poulets de chair, les pondeuses, les reproducteurs et les couvoirs. Concepts d\u2019hygi\u00e8ne fiables pour prot\u00e9ger la sant\u00e9 et les performances des troupeaux.\" \/>\n<meta name=\"robots\" content=\"index, follow, max-snippet:-1, max-image-preview:large, max-video-preview:-1\" \/>\n<link rel=\"canonical\" href=\"https:\/\/hysolv.eu\/fr\/produits\/volaille\" \/>\n<meta property=\"og:locale\" content=\"fr_FR\" \/>\n<meta property=\"og:type\" content=\"article\" \/>\n<meta property=\"og:title\" content=\"Traitement des poux rouges et solutions de bios\u00e9curit\u00e9 en aviculture | Hysolv\" \/>\n<meta property=\"og:description\" content=\"Solutions professionnelles de traitement des poux rouges et de bios\u00e9curit\u00e9 en aviculture pour les poulets de chair, les pondeuses, les reproducteurs et les couvoirs. Concepts d\u2019hygi\u00e8ne fiables pour prot\u00e9ger la sant\u00e9 et les performances des troupeaux.\" \/>\n<meta property=\"og:url\" content=\"https:\/\/hysolv.eu\/fr\/produits\/volaille\" \/>\n<meta property=\"og:site_name\" content=\"Hysolv\" \/>\n<meta property=\"article:publisher\" content=\"https:\/\/www.facebook.com\/HysolvLtd\" \/>\n<meta property=\"article:modified_time\" content=\"2026-04-24T08:03:07+00:00\" \/>\n<meta name=\"twitter:card\" content=\"summary_large_image\" \/>\n<meta name=\"twitter:label1\" content=\"Dur\u00e9e de lecture estim\u00e9e\" \/>\n\t<meta name=\"twitter:data1\" content=\"6 minutes\" \/>\n<script type=\"application\/ld+json\" class=\"yoast-schema-graph\">{\"@context\":\"https:\\\/\\\/schema.org\",\"@graph\":[{\"@type\":\"WebPage\",\"@id\":\"https:\\\/\\\/hysolv.eu\\\/fr\\\/produits\\\/volaille\",\"url\":\"https:\\\/\\\/hysolv.eu\\\/fr\\\/produits\\\/volaille\",\"name\":\"Traitement des poux rouges et solutions de bios\u00e9curit\u00e9 en aviculture | Hysolv\",\"isPartOf\":{\"@id\":\"https:\\\/\\\/hysolv.eu\\\/fr#website\"},\"datePublished\":\"2026-02-06T06:52:57+00:00\",\"dateModified\":\"2026-04-24T08:03:07+00:00\",\"description\":\"Solutions professionnelles de traitement des poux rouges et de bios\u00e9curit\u00e9 en aviculture pour les poulets de chair, les pondeuses, les reproducteurs et les couvoirs. Concepts d\u2019hygi\u00e8ne fiables pour prot\u00e9ger la sant\u00e9 et les performances des troupeaux.\",\"breadcrumb\":{\"@id\":\"https:\\\/\\\/hysolv.eu\\\/fr\\\/produits\\\/volaille#breadcrumb\"},\"inLanguage\":\"fr-FR\",\"potentialAction\":[{\"@type\":\"ReadAction\",\"target\":[\"https:\\\/\\\/hysolv.eu\\\/fr\\\/produits\\\/volaille\"]}]},{\"@type\":\"BreadcrumbList\",\"@id\":\"https:\\\/\\\/hysolv.eu\\\/fr\\\/produits\\\/volaille#breadcrumb\",\"itemListElement\":[{\"@type\":\"ListItem\",\"position\":1,\"name\":\"Home\",\"item\":\"https:\\\/\\\/hysolv.eu\\\/fr\"},{\"@type\":\"ListItem\",\"position\":2,\"name\":\"Produits\",\"item\":\"https:\\\/\\\/hysolv.eu\\\/fr\\\/produits\"},{\"@type\":\"ListItem\",\"position\":3,\"name\":\"Volaille\"}]},{\"@type\":\"WebSite\",\"@id\":\"https:\\\/\\\/hysolv.eu\\\/fr#website\",\"url\":\"https:\\\/\\\/hysolv.eu\\\/fr\",\"name\":\"Hysolv\",\"description\":\"Supporting Animal Health &amp; Biosecurity\",\"publisher\":{\"@id\":\"https:\\\/\\\/hysolv.eu\\\/fr#organization\"},\"potentialAction\":[{\"@type\":\"SearchAction\",\"target\":{\"@type\":\"EntryPoint\",\"urlTemplate\":\"https:\\\/\\\/hysolv.eu\\\/fr?s={search_term_string}\"},\"query-input\":{\"@type\":\"PropertyValueSpecification\",\"valueRequired\":true,\"valueName\":\"search_term_string\"}}],\"inLanguage\":\"fr-FR\"},{\"@type\":\"Organization\",\"@id\":\"https:\\\/\\\/hysolv.eu\\\/fr#organization\",\"name\":\"Hysolv GmbH\",\"url\":\"https:\\\/\\\/hysolv.eu\\\/fr\",\"logo\":{\"@type\":\"ImageObject\",\"inLanguage\":\"fr-FR\",\"@id\":\"https:\\\/\\\/hysolv.eu\\\/fr#\\\/schema\\\/logo\\\/image\\\/\",\"url\":\"https:\\\/\\\/hysolv.eu\\\/wp-content\\\/uploads\\\/LoginLogo-1.png\",\"contentUrl\":\"https:\\\/\\\/hysolv.eu\\\/wp-content\\\/uploads\\\/LoginLogo-1.png\",\"width\":480,\"height\":229,\"caption\":\"Hysolv GmbH\"},\"image\":{\"@id\":\"https:\\\/\\\/hysolv.eu\\\/fr#\\\/schema\\\/logo\\\/image\\\/\"},\"sameAs\":[\"https:\\\/\\\/www.facebook.com\\\/HysolvLtd\",\"https:\\\/\\\/www.instagram.com\\\/hysolvlimited\\\/\",\"https:\\\/\\\/www.linkedin.com\\\/company\\\/hysolv-limited\\\/about\\\/\"]}]}<\/script>\n<!-- \/ Yoast SEO plugin. -->","yoast_head_json":{"title":"Traitement des poux rouges et solutions de bios\u00e9curit\u00e9 en aviculture | Hysolv","description":"Solutions professionnelles de traitement des poux rouges et de bios\u00e9curit\u00e9 en aviculture pour les poulets de chair, les pondeuses, les reproducteurs et les couvoirs. Concepts d\u2019hygi\u00e8ne fiables pour prot\u00e9ger la sant\u00e9 et les performances des troupeaux.","robots":{"index":"index","follow":"follow","max-snippet":"max-snippet:-1","max-image-preview":"max-image-preview:large","max-video-preview":"max-video-preview:-1"},"canonical":"https:\/\/hysolv.eu\/fr\/produits\/volaille","og_locale":"fr_FR","og_type":"article","og_title":"Traitement des poux rouges et solutions de bios\u00e9curit\u00e9 en aviculture | Hysolv","og_description":"Solutions professionnelles de traitement des poux rouges et de bios\u00e9curit\u00e9 en aviculture pour les poulets de chair, les pondeuses, les reproducteurs et les couvoirs. Concepts d\u2019hygi\u00e8ne fiables pour prot\u00e9ger la sant\u00e9 et les performances des troupeaux.","og_url":"https:\/\/hysolv.eu\/fr\/produits\/volaille","og_site_name":"Hysolv","article_publisher":"https:\/\/www.facebook.com\/HysolvLtd","article_modified_time":"2026-04-24T08:03:07+00:00","twitter_card":"summary_large_image","twitter_misc":{"Dur\u00e9e de lecture estim\u00e9e":"6 minutes"},"schema":{"@context":"https:\/\/schema.org","@graph":[{"@type":"WebPage","@id":"https:\/\/hysolv.eu\/fr\/produits\/volaille","url":"https:\/\/hysolv.eu\/fr\/produits\/volaille","name":"Traitement des poux rouges et solutions de bios\u00e9curit\u00e9 en aviculture | Hysolv","isPartOf":{"@id":"https:\/\/hysolv.eu\/fr#website"},"datePublished":"2026-02-06T06:52:57+00:00","dateModified":"2026-04-24T08:03:07+00:00","description":"Solutions professionnelles de traitement des poux rouges et de bios\u00e9curit\u00e9 en aviculture pour les poulets de chair, les pondeuses, les reproducteurs et les couvoirs. Concepts d\u2019hygi\u00e8ne fiables pour prot\u00e9ger la sant\u00e9 et les performances des troupeaux.","breadcrumb":{"@id":"https:\/\/hysolv.eu\/fr\/produits\/volaille#breadcrumb"},"inLanguage":"fr-FR","potentialAction":[{"@type":"ReadAction","target":["https:\/\/hysolv.eu\/fr\/produits\/volaille"]}]},{"@type":"BreadcrumbList","@id":"https:\/\/hysolv.eu\/fr\/produits\/volaille#breadcrumb","itemListElement":[{"@type":"ListItem","position":1,"name":"Home","item":"https:\/\/hysolv.eu\/fr"},{"@type":"ListItem","position":2,"name":"Produits","item":"https:\/\/hysolv.eu\/fr\/produits"},{"@type":"ListItem","position":3,"name":"Volaille"}]},{"@type":"WebSite","@id":"https:\/\/hysolv.eu\/fr#website","url":"https:\/\/hysolv.eu\/fr","name":"Hysolv","description":"Supporting Animal Health &amp; Biosecurity","publisher":{"@id":"https:\/\/hysolv.eu\/fr#organization"},"potentialAction":[{"@type":"SearchAction","target":{"@type":"EntryPoint","urlTemplate":"https:\/\/hysolv.eu\/fr?s={search_term_string}"},"query-input":{"@type":"PropertyValueSpecification","valueRequired":true,"valueName":"search_term_string"}}],"inLanguage":"fr-FR"},{"@type":"Organization","@id":"https:\/\/hysolv.eu\/fr#organization","name":"Hysolv GmbH","url":"https:\/\/hysolv.eu\/fr","logo":{"@type":"ImageObject","inLanguage":"fr-FR","@id":"https:\/\/hysolv.eu\/fr#\/schema\/logo\/image\/","url":"https:\/\/hysolv.eu\/wp-content\/uploads\/LoginLogo-1.png","contentUrl":"https:\/\/hysolv.eu\/wp-content\/uploads\/LoginLogo-1.png","width":480,"height":229,"caption":"Hysolv GmbH"},"image":{"@id":"https:\/\/hysolv.eu\/fr#\/schema\/logo\/image\/"},"sameAs":["https:\/\/www.facebook.com\/HysolvLtd","https:\/\/www.instagram.com\/hysolvlimited\/","https:\/\/www.linkedin.com\/company\/hysolv-limited\/about\/"]}]}},"_links":{"self":[{"href":"https:\/\/hysolv.eu\/fr\/wp-json\/wp\/v2\/pages\/4290","targetHints":{"allow":["GET"]}}],"collection":[{"href":"https:\/\/hysolv.eu\/fr\/wp-json\/wp\/v2\/pages"}],"about":[{"href":"https:\/\/hysolv.eu\/fr\/wp-json\/wp\/v2\/types\/page"}],"author":[{"embeddable":true,"href":"https:\/\/hysolv.eu\/fr\/wp-json\/wp\/v2\/users\/9"}],"replies":[{"embeddable":true,"href":"https:\/\/hysolv.eu\/fr\/wp-json\/wp\/v2\/comments?post=4290"}],"version-history":[{"count":2,"href":"https:\/\/hysolv.eu\/fr\/wp-json\/wp\/v2\/pages\/4290\/revisions"}],"predecessor-version":[{"id":5646,"href":"https:\/\/hysolv.eu\/fr\/wp-json\/wp\/v2\/pages\/4290\/revisions\/5646"}],"up":[{"embeddable":true,"href":"https:\/\/hysolv.eu\/fr\/wp-json\/wp\/v2\/pages\/3814"}],"wp:attachment":[{"href":"https:\/\/hysolv.eu\/fr\/wp-json\/wp\/v2\/media?parent=4290"}],"curies":[{"name":"wp","href":"https:\/\/api.w.org\/{rel}","templated":true}]}}