{"id":4332,"date":"2026-02-06T07:56:53","date_gmt":"2026-02-06T06:56:53","guid":{"rendered":"https:\/\/hysolv.eu\/?page_id=4332"},"modified":"2026-04-24T09:24:00","modified_gmt":"2026-04-24T08:24:00","slug":"animaux-de-compagnie","status":"publish","type":"page","link":"https:\/\/hysolv.eu\/fr\/produits\/animaux-de-compagnie","title":{"rendered":"Animaux de compagnie"},"content":{"rendered":"<div id=\"cs-content\" class=\"cs-content\"><\/div>\n","protected":false},"excerpt":{"rendered":"<p>D\u00e9sinfectants sans danger pour les animaux de compagnie et solutions d\u2019hygi\u00e8ne pour les animaux de compagnie Des environnements propres et hygi\u00e9niques sont essentiels partout o\u00f9 les animaux de compagnie sont h\u00e9berg\u00e9s, trait\u00e9s ou pris en charge. Une gestion professionnelle de l\u2019hygi\u00e8ne permet de r\u00e9duire la pression des agents pathog\u00e8nes et des parasites tout en garantissant la s\u00e9curit\u00e9, le confort et &#8230; <\/p>\n<div><a href=\"https:\/\/hysolv.eu\/fr\/produit\/alcaliene\" class=\"more-link\">Read More<\/a><\/div>\n","protected":false},"author":9,"featured_media":0,"parent":3814,"menu_order":125,"comment_status":"closed","ping_status":"closed","template":"template-blank-4.php","meta":{"rs_blank_template":"","rs_page_bg_color":"","slide_template_v7":"","footnotes":""},"class_list":["post-4332","page","type-page","status-publish","hentry","no-post-thumbnail"],"yoast_head":"<!-- This site is optimized with the Yoast SEO plugin v27.5 - https:\/\/yoast.com\/product\/yoast-seo-wordpress\/ -->\n<title>D\u00e9sinfectant sans danger pour les animaux de compagnie | Hysolv<\/title>\n<meta name=\"description\" content=\"D\u00e9sinfectants s\u00fbrs pour les animaux de compagnie et solutions d\u2019hygi\u00e8ne pour les installations d\u00e9di\u00e9es aux animaux de compagnie. D\u00e9sinfection professionnelle, contr\u00f4le des parasites et bios\u00e9curit\u00e9 pour les cliniques v\u00e9t\u00e9rinaires, les chenils et les refuges.\" \/>\n<meta name=\"robots\" content=\"index, follow, max-snippet:-1, max-image-preview:large, max-video-preview:-1\" \/>\n<link rel=\"canonical\" href=\"https:\/\/hysolv.eu\/fr\/produits\/animaux-de-compagnie\" \/>\n<meta property=\"og:locale\" content=\"fr_FR\" \/>\n<meta property=\"og:type\" content=\"article\" \/>\n<meta property=\"og:title\" content=\"D\u00e9sinfectant sans danger pour les animaux de compagnie | Hysolv\" \/>\n<meta property=\"og:description\" content=\"D\u00e9sinfectants s\u00fbrs pour les animaux de compagnie et solutions d\u2019hygi\u00e8ne pour les installations d\u00e9di\u00e9es aux animaux de compagnie. D\u00e9sinfection professionnelle, contr\u00f4le des parasites et bios\u00e9curit\u00e9 pour les cliniques v\u00e9t\u00e9rinaires, les chenils et les refuges.\" \/>\n<meta property=\"og:url\" content=\"https:\/\/hysolv.eu\/fr\/produits\/animaux-de-compagnie\" \/>\n<meta property=\"og:site_name\" content=\"Hysolv\" \/>\n<meta property=\"article:publisher\" content=\"https:\/\/www.facebook.com\/HysolvLtd\" \/>\n<meta property=\"article:modified_time\" content=\"2026-04-24T08:24:00+00:00\" \/>\n<meta name=\"twitter:card\" content=\"summary_large_image\" \/>\n<meta name=\"twitter:label1\" content=\"Dur\u00e9e de lecture estim\u00e9e\" \/>\n\t<meta name=\"twitter:data1\" content=\"6 minutes\" \/>\n<script type=\"application\/ld+json\" class=\"yoast-schema-graph\">{\"@context\":\"https:\\\/\\\/schema.org\",\"@graph\":[{\"@type\":\"WebPage\",\"@id\":\"https:\\\/\\\/hysolv.eu\\\/fr\\\/produits\\\/animaux-de-compagnie\",\"url\":\"https:\\\/\\\/hysolv.eu\\\/fr\\\/produits\\\/animaux-de-compagnie\",\"name\":\"D\u00e9sinfectant sans danger pour les animaux de compagnie | Hysolv\",\"isPartOf\":{\"@id\":\"https:\\\/\\\/hysolv.eu\\\/fr#website\"},\"datePublished\":\"2026-02-06T06:56:53+00:00\",\"dateModified\":\"2026-04-24T08:24:00+00:00\",\"description\":\"D\u00e9sinfectants s\u00fbrs pour les animaux de compagnie et solutions d\u2019hygi\u00e8ne pour les installations d\u00e9di\u00e9es aux animaux de compagnie. D\u00e9sinfection professionnelle, contr\u00f4le des parasites et bios\u00e9curit\u00e9 pour les cliniques v\u00e9t\u00e9rinaires, les chenils et les refuges.\",\"breadcrumb\":{\"@id\":\"https:\\\/\\\/hysolv.eu\\\/fr\\\/produits\\\/animaux-de-compagnie#breadcrumb\"},\"inLanguage\":\"fr-FR\",\"potentialAction\":[{\"@type\":\"ReadAction\",\"target\":[\"https:\\\/\\\/hysolv.eu\\\/fr\\\/produits\\\/animaux-de-compagnie\"]}]},{\"@type\":\"BreadcrumbList\",\"@id\":\"https:\\\/\\\/hysolv.eu\\\/fr\\\/produits\\\/animaux-de-compagnie#breadcrumb\",\"itemListElement\":[{\"@type\":\"ListItem\",\"position\":1,\"name\":\"Home\",\"item\":\"https:\\\/\\\/hysolv.eu\\\/fr\"},{\"@type\":\"ListItem\",\"position\":2,\"name\":\"Produits\",\"item\":\"https:\\\/\\\/hysolv.eu\\\/fr\\\/produits\"},{\"@type\":\"ListItem\",\"position\":3,\"name\":\"Animaux de compagnie\"}]},{\"@type\":\"WebSite\",\"@id\":\"https:\\\/\\\/hysolv.eu\\\/fr#website\",\"url\":\"https:\\\/\\\/hysolv.eu\\\/fr\",\"name\":\"Hysolv\",\"description\":\"Supporting Animal Health &amp; Biosecurity\",\"publisher\":{\"@id\":\"https:\\\/\\\/hysolv.eu\\\/fr#organization\"},\"potentialAction\":[{\"@type\":\"SearchAction\",\"target\":{\"@type\":\"EntryPoint\",\"urlTemplate\":\"https:\\\/\\\/hysolv.eu\\\/fr?s={search_term_string}\"},\"query-input\":{\"@type\":\"PropertyValueSpecification\",\"valueRequired\":true,\"valueName\":\"search_term_string\"}}],\"inLanguage\":\"fr-FR\"},{\"@type\":\"Organization\",\"@id\":\"https:\\\/\\\/hysolv.eu\\\/fr#organization\",\"name\":\"Hysolv GmbH\",\"url\":\"https:\\\/\\\/hysolv.eu\\\/fr\",\"logo\":{\"@type\":\"ImageObject\",\"inLanguage\":\"fr-FR\",\"@id\":\"https:\\\/\\\/hysolv.eu\\\/fr#\\\/schema\\\/logo\\\/image\\\/\",\"url\":\"https:\\\/\\\/hysolv.eu\\\/wp-content\\\/uploads\\\/LoginLogo-1.png\",\"contentUrl\":\"https:\\\/\\\/hysolv.eu\\\/wp-content\\\/uploads\\\/LoginLogo-1.png\",\"width\":480,\"height\":229,\"caption\":\"Hysolv GmbH\"},\"image\":{\"@id\":\"https:\\\/\\\/hysolv.eu\\\/fr#\\\/schema\\\/logo\\\/image\\\/\"},\"sameAs\":[\"https:\\\/\\\/www.facebook.com\\\/HysolvLtd\",\"https:\\\/\\\/www.instagram.com\\\/hysolvlimited\\\/\",\"https:\\\/\\\/www.linkedin.com\\\/company\\\/hysolv-limited\\\/about\\\/\"]}]}<\/script>\n<!-- \/ Yoast SEO plugin. -->","yoast_head_json":{"title":"D\u00e9sinfectant sans danger pour les animaux de compagnie | Hysolv","description":"D\u00e9sinfectants s\u00fbrs pour les animaux de compagnie et solutions d\u2019hygi\u00e8ne pour les installations d\u00e9di\u00e9es aux animaux de compagnie. D\u00e9sinfection professionnelle, contr\u00f4le des parasites et bios\u00e9curit\u00e9 pour les cliniques v\u00e9t\u00e9rinaires, les chenils et les refuges.","robots":{"index":"index","follow":"follow","max-snippet":"max-snippet:-1","max-image-preview":"max-image-preview:large","max-video-preview":"max-video-preview:-1"},"canonical":"https:\/\/hysolv.eu\/fr\/produits\/animaux-de-compagnie","og_locale":"fr_FR","og_type":"article","og_title":"D\u00e9sinfectant sans danger pour les animaux de compagnie | Hysolv","og_description":"D\u00e9sinfectants s\u00fbrs pour les animaux de compagnie et solutions d\u2019hygi\u00e8ne pour les installations d\u00e9di\u00e9es aux animaux de compagnie. D\u00e9sinfection professionnelle, contr\u00f4le des parasites et bios\u00e9curit\u00e9 pour les cliniques v\u00e9t\u00e9rinaires, les chenils et les refuges.","og_url":"https:\/\/hysolv.eu\/fr\/produits\/animaux-de-compagnie","og_site_name":"Hysolv","article_publisher":"https:\/\/www.facebook.com\/HysolvLtd","article_modified_time":"2026-04-24T08:24:00+00:00","twitter_card":"summary_large_image","twitter_misc":{"Dur\u00e9e de lecture estim\u00e9e":"6 minutes"},"schema":{"@context":"https:\/\/schema.org","@graph":[{"@type":"WebPage","@id":"https:\/\/hysolv.eu\/fr\/produits\/animaux-de-compagnie","url":"https:\/\/hysolv.eu\/fr\/produits\/animaux-de-compagnie","name":"D\u00e9sinfectant sans danger pour les animaux de compagnie | Hysolv","isPartOf":{"@id":"https:\/\/hysolv.eu\/fr#website"},"datePublished":"2026-02-06T06:56:53+00:00","dateModified":"2026-04-24T08:24:00+00:00","description":"D\u00e9sinfectants s\u00fbrs pour les animaux de compagnie et solutions d\u2019hygi\u00e8ne pour les installations d\u00e9di\u00e9es aux animaux de compagnie. D\u00e9sinfection professionnelle, contr\u00f4le des parasites et bios\u00e9curit\u00e9 pour les cliniques v\u00e9t\u00e9rinaires, les chenils et les refuges.","breadcrumb":{"@id":"https:\/\/hysolv.eu\/fr\/produits\/animaux-de-compagnie#breadcrumb"},"inLanguage":"fr-FR","potentialAction":[{"@type":"ReadAction","target":["https:\/\/hysolv.eu\/fr\/produits\/animaux-de-compagnie"]}]},{"@type":"BreadcrumbList","@id":"https:\/\/hysolv.eu\/fr\/produits\/animaux-de-compagnie#breadcrumb","itemListElement":[{"@type":"ListItem","position":1,"name":"Home","item":"https:\/\/hysolv.eu\/fr"},{"@type":"ListItem","position":2,"name":"Produits","item":"https:\/\/hysolv.eu\/fr\/produits"},{"@type":"ListItem","position":3,"name":"Animaux de compagnie"}]},{"@type":"WebSite","@id":"https:\/\/hysolv.eu\/fr#website","url":"https:\/\/hysolv.eu\/fr","name":"Hysolv","description":"Supporting Animal Health &amp; Biosecurity","publisher":{"@id":"https:\/\/hysolv.eu\/fr#organization"},"potentialAction":[{"@type":"SearchAction","target":{"@type":"EntryPoint","urlTemplate":"https:\/\/hysolv.eu\/fr?s={search_term_string}"},"query-input":{"@type":"PropertyValueSpecification","valueRequired":true,"valueName":"search_term_string"}}],"inLanguage":"fr-FR"},{"@type":"Organization","@id":"https:\/\/hysolv.eu\/fr#organization","name":"Hysolv GmbH","url":"https:\/\/hysolv.eu\/fr","logo":{"@type":"ImageObject","inLanguage":"fr-FR","@id":"https:\/\/hysolv.eu\/fr#\/schema\/logo\/image\/","url":"https:\/\/hysolv.eu\/wp-content\/uploads\/LoginLogo-1.png","contentUrl":"https:\/\/hysolv.eu\/wp-content\/uploads\/LoginLogo-1.png","width":480,"height":229,"caption":"Hysolv GmbH"},"image":{"@id":"https:\/\/hysolv.eu\/fr#\/schema\/logo\/image\/"},"sameAs":["https:\/\/www.facebook.com\/HysolvLtd","https:\/\/www.instagram.com\/hysolvlimited\/","https:\/\/www.linkedin.com\/company\/hysolv-limited\/about\/"]}]}},"_links":{"self":[{"href":"https:\/\/hysolv.eu\/fr\/wp-json\/wp\/v2\/pages\/4332","targetHints":{"allow":["GET"]}}],"collection":[{"href":"https:\/\/hysolv.eu\/fr\/wp-json\/wp\/v2\/pages"}],"about":[{"href":"https:\/\/hysolv.eu\/fr\/wp-json\/wp\/v2\/types\/page"}],"author":[{"embeddable":true,"href":"https:\/\/hysolv.eu\/fr\/wp-json\/wp\/v2\/users\/9"}],"replies":[{"embeddable":true,"href":"https:\/\/hysolv.eu\/fr\/wp-json\/wp\/v2\/comments?post=4332"}],"version-history":[{"count":2,"href":"https:\/\/hysolv.eu\/fr\/wp-json\/wp\/v2\/pages\/4332\/revisions"}],"predecessor-version":[{"id":5648,"href":"https:\/\/hysolv.eu\/fr\/wp-json\/wp\/v2\/pages\/4332\/revisions\/5648"}],"up":[{"embeddable":true,"href":"https:\/\/hysolv.eu\/fr\/wp-json\/wp\/v2\/pages\/3814"}],"wp:attachment":[{"href":"https:\/\/hysolv.eu\/fr\/wp-json\/wp\/v2\/media?parent=4332"}],"curies":[{"name":"wp","href":"https:\/\/api.w.org\/{rel}","templated":true}]}}