{"id":4355,"date":"2026-02-06T07:55:30","date_gmt":"2026-02-06T06:55:30","guid":{"rendered":"https:\/\/hysolv.eu\/?page_id=4355"},"modified":"2026-04-09T17:02:02","modified_gmt":"2026-04-09T16:02:02","slug":"ruminants","status":"publish","type":"page","link":"https:\/\/hysolv.eu\/fr\/produits\/ruminants","title":{"rendered":"Ruminants"},"content":{"rendered":"<div id=\"cs-content\" class=\"cs-content\"><\/div>\n","protected":false},"excerpt":{"rendered":"<p>Solutions laiti\u00e8res et gestion de l\u2019hygi\u00e8ne pour l\u2019\u00e9levage de ruminantsL\u2019\u00e9levage moderne de ruminants n\u00e9cessite des solutions laiti\u00e8res fiables, des routines d\u2019hygi\u00e8ne structur\u00e9es et une pr\u00e9vention efficace des maladies dans les syst\u00e8mes de production laiti\u00e8re, bovine, ovine et caprine. Des installations propres, des animaux en bonne sant\u00e9 et des conditions d\u2019hygi\u00e8ne stables sont essentiels pour le bien-\u00eatre animal, la qualit\u00e9 des &#8230; <\/p>\n<div><a href=\"https:\/\/hysolv.eu\/fr\/produit\/alcaliene\" class=\"more-link\">Read More<\/a><\/div>\n","protected":false},"author":9,"featured_media":0,"parent":3814,"menu_order":123,"comment_status":"closed","ping_status":"closed","template":"template-blank-4.php","meta":{"footnotes":""},"class_list":["post-4355","page","type-page","status-publish","hentry","no-post-thumbnail"],"yoast_head":"<!-- This site is optimized with the Yoast SEO plugin v27.3 - https:\/\/yoast.com\/product\/yoast-seo-wordpress\/ -->\n<title>Solutions laiti\u00e8res pour l\u2019\u00e9levage de ruminants et la gestion de l\u2019hygi\u00e8ne | Hysolv<\/title>\n<meta name=\"description\" content=\"Solutions laiti\u00e8res professionnelles pour l\u2019\u00e9levage de ruminants, soutenant la gestion de l\u2019hygi\u00e8ne, la sant\u00e9 animale, la qualit\u00e9 du lait et des syst\u00e8mes de production durables.\" \/>\n<meta name=\"robots\" content=\"index, follow, max-snippet:-1, max-image-preview:large, max-video-preview:-1\" \/>\n<link rel=\"canonical\" href=\"https:\/\/hysolv.eu\/fr\/produits\/ruminants\" \/>\n<meta property=\"og:locale\" content=\"fr_FR\" \/>\n<meta property=\"og:type\" content=\"article\" \/>\n<meta property=\"og:title\" content=\"Solutions laiti\u00e8res pour l\u2019\u00e9levage de ruminants et la gestion de l\u2019hygi\u00e8ne | Hysolv\" \/>\n<meta property=\"og:description\" content=\"Solutions laiti\u00e8res professionnelles pour l\u2019\u00e9levage de ruminants, soutenant la gestion de l\u2019hygi\u00e8ne, la sant\u00e9 animale, la qualit\u00e9 du lait et des syst\u00e8mes de production durables.\" \/>\n<meta property=\"og:url\" content=\"https:\/\/hysolv.eu\/fr\/produits\/ruminants\" \/>\n<meta property=\"og:site_name\" content=\"Hysolv\" \/>\n<meta property=\"article:publisher\" content=\"https:\/\/www.facebook.com\/HysolvLtd\" \/>\n<meta property=\"article:modified_time\" content=\"2026-04-09T16:02:02+00:00\" \/>\n<meta name=\"twitter:card\" content=\"summary_large_image\" \/>\n<meta name=\"twitter:label1\" content=\"Dur\u00e9e de lecture estim\u00e9e\" \/>\n\t<meta name=\"twitter:data1\" content=\"8 minutes\" \/>\n<script type=\"application\/ld+json\" class=\"yoast-schema-graph\">{\"@context\":\"https:\\\/\\\/schema.org\",\"@graph\":[{\"@type\":\"WebPage\",\"@id\":\"https:\\\/\\\/hysolv.eu\\\/fr\\\/produits\\\/ruminants\",\"url\":\"https:\\\/\\\/hysolv.eu\\\/fr\\\/produits\\\/ruminants\",\"name\":\"Solutions laiti\u00e8res pour l\u2019\u00e9levage de ruminants et la gestion de l\u2019hygi\u00e8ne | Hysolv\",\"isPartOf\":{\"@id\":\"https:\\\/\\\/hysolv.eu\\\/fr#website\"},\"datePublished\":\"2026-02-06T06:55:30+00:00\",\"dateModified\":\"2026-04-09T16:02:02+00:00\",\"description\":\"Solutions laiti\u00e8res professionnelles pour l\u2019\u00e9levage de ruminants, soutenant la gestion de l\u2019hygi\u00e8ne, la sant\u00e9 animale, la qualit\u00e9 du lait et des syst\u00e8mes de production durables.\",\"breadcrumb\":{\"@id\":\"https:\\\/\\\/hysolv.eu\\\/fr\\\/produits\\\/ruminants#breadcrumb\"},\"inLanguage\":\"fr-FR\",\"potentialAction\":[{\"@type\":\"ReadAction\",\"target\":[\"https:\\\/\\\/hysolv.eu\\\/fr\\\/produits\\\/ruminants\"]}]},{\"@type\":\"BreadcrumbList\",\"@id\":\"https:\\\/\\\/hysolv.eu\\\/fr\\\/produits\\\/ruminants#breadcrumb\",\"itemListElement\":[{\"@type\":\"ListItem\",\"position\":1,\"name\":\"Home\",\"item\":\"https:\\\/\\\/hysolv.eu\\\/fr\\\/accueil\"},{\"@type\":\"ListItem\",\"position\":2,\"name\":\"Produits\",\"item\":\"https:\\\/\\\/hysolv.eu\\\/fr\\\/produits\"},{\"@type\":\"ListItem\",\"position\":3,\"name\":\"Ruminants\"}]},{\"@type\":\"WebSite\",\"@id\":\"https:\\\/\\\/hysolv.eu\\\/fr#website\",\"url\":\"https:\\\/\\\/hysolv.eu\\\/fr\",\"name\":\"Hysolv\",\"description\":\"Supporting Animal Health &amp; Biosecurity\",\"publisher\":{\"@id\":\"https:\\\/\\\/hysolv.eu\\\/fr#organization\"},\"potentialAction\":[{\"@type\":\"SearchAction\",\"target\":{\"@type\":\"EntryPoint\",\"urlTemplate\":\"https:\\\/\\\/hysolv.eu\\\/fr?s={search_term_string}\"},\"query-input\":{\"@type\":\"PropertyValueSpecification\",\"valueRequired\":true,\"valueName\":\"search_term_string\"}}],\"inLanguage\":\"fr-FR\"},{\"@type\":\"Organization\",\"@id\":\"https:\\\/\\\/hysolv.eu\\\/fr#organization\",\"name\":\"Hysolv GmbH\",\"url\":\"https:\\\/\\\/hysolv.eu\\\/fr\",\"logo\":{\"@type\":\"ImageObject\",\"inLanguage\":\"fr-FR\",\"@id\":\"https:\\\/\\\/hysolv.eu\\\/fr#\\\/schema\\\/logo\\\/image\\\/\",\"url\":\"https:\\\/\\\/hysolv.eu\\\/wp-content\\\/uploads\\\/LoginLogo-1.png\",\"contentUrl\":\"https:\\\/\\\/hysolv.eu\\\/wp-content\\\/uploads\\\/LoginLogo-1.png\",\"width\":480,\"height\":229,\"caption\":\"Hysolv GmbH\"},\"image\":{\"@id\":\"https:\\\/\\\/hysolv.eu\\\/fr#\\\/schema\\\/logo\\\/image\\\/\"},\"sameAs\":[\"https:\\\/\\\/www.facebook.com\\\/HysolvLtd\",\"https:\\\/\\\/www.instagram.com\\\/hysolvlimited\\\/\",\"https:\\\/\\\/www.linkedin.com\\\/company\\\/hysolv-limited\\\/about\\\/\"]}]}<\/script>\n<!-- \/ Yoast SEO plugin. -->","yoast_head_json":{"title":"Solutions laiti\u00e8res pour l\u2019\u00e9levage de ruminants et la gestion de l\u2019hygi\u00e8ne | Hysolv","description":"Solutions laiti\u00e8res professionnelles pour l\u2019\u00e9levage de ruminants, soutenant la gestion de l\u2019hygi\u00e8ne, la sant\u00e9 animale, la qualit\u00e9 du lait et des syst\u00e8mes de production durables.","robots":{"index":"index","follow":"follow","max-snippet":"max-snippet:-1","max-image-preview":"max-image-preview:large","max-video-preview":"max-video-preview:-1"},"canonical":"https:\/\/hysolv.eu\/fr\/produits\/ruminants","og_locale":"fr_FR","og_type":"article","og_title":"Solutions laiti\u00e8res pour l\u2019\u00e9levage de ruminants et la gestion de l\u2019hygi\u00e8ne | Hysolv","og_description":"Solutions laiti\u00e8res professionnelles pour l\u2019\u00e9levage de ruminants, soutenant la gestion de l\u2019hygi\u00e8ne, la sant\u00e9 animale, la qualit\u00e9 du lait et des syst\u00e8mes de production durables.","og_url":"https:\/\/hysolv.eu\/fr\/produits\/ruminants","og_site_name":"Hysolv","article_publisher":"https:\/\/www.facebook.com\/HysolvLtd","article_modified_time":"2026-04-09T16:02:02+00:00","twitter_card":"summary_large_image","twitter_misc":{"Dur\u00e9e de lecture estim\u00e9e":"8 minutes"},"schema":{"@context":"https:\/\/schema.org","@graph":[{"@type":"WebPage","@id":"https:\/\/hysolv.eu\/fr\/produits\/ruminants","url":"https:\/\/hysolv.eu\/fr\/produits\/ruminants","name":"Solutions laiti\u00e8res pour l\u2019\u00e9levage de ruminants et la gestion de l\u2019hygi\u00e8ne | Hysolv","isPartOf":{"@id":"https:\/\/hysolv.eu\/fr#website"},"datePublished":"2026-02-06T06:55:30+00:00","dateModified":"2026-04-09T16:02:02+00:00","description":"Solutions laiti\u00e8res professionnelles pour l\u2019\u00e9levage de ruminants, soutenant la gestion de l\u2019hygi\u00e8ne, la sant\u00e9 animale, la qualit\u00e9 du lait et des syst\u00e8mes de production durables.","breadcrumb":{"@id":"https:\/\/hysolv.eu\/fr\/produits\/ruminants#breadcrumb"},"inLanguage":"fr-FR","potentialAction":[{"@type":"ReadAction","target":["https:\/\/hysolv.eu\/fr\/produits\/ruminants"]}]},{"@type":"BreadcrumbList","@id":"https:\/\/hysolv.eu\/fr\/produits\/ruminants#breadcrumb","itemListElement":[{"@type":"ListItem","position":1,"name":"Home","item":"https:\/\/hysolv.eu\/fr\/accueil"},{"@type":"ListItem","position":2,"name":"Produits","item":"https:\/\/hysolv.eu\/fr\/produits"},{"@type":"ListItem","position":3,"name":"Ruminants"}]},{"@type":"WebSite","@id":"https:\/\/hysolv.eu\/fr#website","url":"https:\/\/hysolv.eu\/fr","name":"Hysolv","description":"Supporting Animal Health &amp; Biosecurity","publisher":{"@id":"https:\/\/hysolv.eu\/fr#organization"},"potentialAction":[{"@type":"SearchAction","target":{"@type":"EntryPoint","urlTemplate":"https:\/\/hysolv.eu\/fr?s={search_term_string}"},"query-input":{"@type":"PropertyValueSpecification","valueRequired":true,"valueName":"search_term_string"}}],"inLanguage":"fr-FR"},{"@type":"Organization","@id":"https:\/\/hysolv.eu\/fr#organization","name":"Hysolv GmbH","url":"https:\/\/hysolv.eu\/fr","logo":{"@type":"ImageObject","inLanguage":"fr-FR","@id":"https:\/\/hysolv.eu\/fr#\/schema\/logo\/image\/","url":"https:\/\/hysolv.eu\/wp-content\/uploads\/LoginLogo-1.png","contentUrl":"https:\/\/hysolv.eu\/wp-content\/uploads\/LoginLogo-1.png","width":480,"height":229,"caption":"Hysolv GmbH"},"image":{"@id":"https:\/\/hysolv.eu\/fr#\/schema\/logo\/image\/"},"sameAs":["https:\/\/www.facebook.com\/HysolvLtd","https:\/\/www.instagram.com\/hysolvlimited\/","https:\/\/www.linkedin.com\/company\/hysolv-limited\/about\/"]}]}},"_links":{"self":[{"href":"https:\/\/hysolv.eu\/fr\/wp-json\/wp\/v2\/pages\/4355","targetHints":{"allow":["GET"]}}],"collection":[{"href":"https:\/\/hysolv.eu\/fr\/wp-json\/wp\/v2\/pages"}],"about":[{"href":"https:\/\/hysolv.eu\/fr\/wp-json\/wp\/v2\/types\/page"}],"author":[{"embeddable":true,"href":"https:\/\/hysolv.eu\/fr\/wp-json\/wp\/v2\/users\/9"}],"replies":[{"embeddable":true,"href":"https:\/\/hysolv.eu\/fr\/wp-json\/wp\/v2\/comments?post=4355"}],"version-history":[{"count":2,"href":"https:\/\/hysolv.eu\/fr\/wp-json\/wp\/v2\/pages\/4355\/revisions"}],"predecessor-version":[{"id":5650,"href":"https:\/\/hysolv.eu\/fr\/wp-json\/wp\/v2\/pages\/4355\/revisions\/5650"}],"up":[{"embeddable":true,"href":"https:\/\/hysolv.eu\/fr\/wp-json\/wp\/v2\/pages\/3814"}],"wp:attachment":[{"href":"https:\/\/hysolv.eu\/fr\/wp-json\/wp\/v2\/media?parent=4355"}],"curies":[{"name":"wp","href":"https:\/\/api.w.org\/{rel}","templated":true}]}}