{"id":4398,"date":"2026-02-06T07:56:11","date_gmt":"2026-02-06T06:56:11","guid":{"rendered":"https:\/\/hysolv.eu\/?page_id=4398"},"modified":"2026-04-24T09:18:32","modified_gmt":"2026-04-24T08:18:32","slug":"aquaculture","status":"publish","type":"page","link":"https:\/\/hysolv.eu\/fr\/produits\/aquaculture","title":{"rendered":"Aquaculture"},"content":{"rendered":"<div id=\"cs-content\" class=\"cs-content\"><\/div>\n","protected":false},"excerpt":{"rendered":"<p>Solutions de bios\u00e9curit\u00e9 en aquaculture pour des poissons en bonne sant\u00e9 et une production stable Une bios\u00e9curit\u00e9 efficace en aquaculture est essentielle pour maintenir la qualit\u00e9 de l\u2019eau, prot\u00e9ger la sant\u00e9 des poissons et pr\u00e9venir les \u00e9pid\u00e9mies dans les syst\u00e8mes aquacoles modernes. Des conditions d\u2019hygi\u00e8ne stables r\u00e9duisent la pression des agents pathog\u00e8nes, favorisent une croissance constante et garantissent la performance &#8230; <\/p>\n<div><a href=\"https:\/\/hysolv.eu\/fr\/produit\/alcaliene\" class=\"more-link\">Read More<\/a><\/div>\n","protected":false},"author":9,"featured_media":0,"parent":3814,"menu_order":124,"comment_status":"closed","ping_status":"closed","template":"template-blank-4.php","meta":{"rs_blank_template":"","rs_page_bg_color":"","slide_template_v7":"","footnotes":""},"class_list":["post-4398","page","type-page","status-publish","hentry","no-post-thumbnail"],"yoast_head":"<!-- This site is optimized with the Yoast SEO plugin v27.5 - https:\/\/yoast.com\/product\/yoast-seo-wordpress\/ -->\n<title>Solutions de bios\u00e9curit\u00e9 en aquaculture pour l\u2019\u00e9levage de poissons | Hysolv<\/title>\n<meta name=\"description\" content=\"Solutions professionnelles de bios\u00e9curit\u00e9 en aquaculture pour l\u2019\u00e9levage de poissons. Hygi\u00e8ne, d\u00e9sinfection des surfaces, assainissement des syst\u00e8mes d\u2019eau et nettoyage pour une production aquacole stable et saine.\" \/>\n<meta name=\"robots\" content=\"index, follow, max-snippet:-1, max-image-preview:large, max-video-preview:-1\" \/>\n<link rel=\"canonical\" href=\"https:\/\/hysolv.eu\/fr\/produits\/aquaculture\" \/>\n<meta property=\"og:locale\" content=\"fr_FR\" \/>\n<meta property=\"og:type\" content=\"article\" \/>\n<meta property=\"og:title\" content=\"Solutions de bios\u00e9curit\u00e9 en aquaculture pour l\u2019\u00e9levage de poissons | Hysolv\" \/>\n<meta property=\"og:description\" content=\"Solutions professionnelles de bios\u00e9curit\u00e9 en aquaculture pour l\u2019\u00e9levage de poissons. Hygi\u00e8ne, d\u00e9sinfection des surfaces, assainissement des syst\u00e8mes d\u2019eau et nettoyage pour une production aquacole stable et saine.\" \/>\n<meta property=\"og:url\" content=\"https:\/\/hysolv.eu\/fr\/produits\/aquaculture\" \/>\n<meta property=\"og:site_name\" content=\"Hysolv\" \/>\n<meta property=\"article:publisher\" content=\"https:\/\/www.facebook.com\/HysolvLtd\" \/>\n<meta property=\"article:modified_time\" content=\"2026-04-24T08:18:32+00:00\" \/>\n<meta name=\"twitter:card\" content=\"summary_large_image\" \/>\n<meta name=\"twitter:label1\" content=\"Dur\u00e9e de lecture estim\u00e9e\" \/>\n\t<meta name=\"twitter:data1\" content=\"6 minutes\" \/>\n<script type=\"application\/ld+json\" class=\"yoast-schema-graph\">{\"@context\":\"https:\\\/\\\/schema.org\",\"@graph\":[{\"@type\":\"WebPage\",\"@id\":\"https:\\\/\\\/hysolv.eu\\\/fr\\\/produits\\\/aquaculture\",\"url\":\"https:\\\/\\\/hysolv.eu\\\/fr\\\/produits\\\/aquaculture\",\"name\":\"Solutions de bios\u00e9curit\u00e9 en aquaculture pour l\u2019\u00e9levage de poissons | Hysolv\",\"isPartOf\":{\"@id\":\"https:\\\/\\\/hysolv.eu\\\/fr#website\"},\"datePublished\":\"2026-02-06T06:56:11+00:00\",\"dateModified\":\"2026-04-24T08:18:32+00:00\",\"description\":\"Solutions professionnelles de bios\u00e9curit\u00e9 en aquaculture pour l\u2019\u00e9levage de poissons. Hygi\u00e8ne, d\u00e9sinfection des surfaces, assainissement des syst\u00e8mes d\u2019eau et nettoyage pour une production aquacole stable et saine.\",\"breadcrumb\":{\"@id\":\"https:\\\/\\\/hysolv.eu\\\/fr\\\/produits\\\/aquaculture#breadcrumb\"},\"inLanguage\":\"fr-FR\",\"potentialAction\":[{\"@type\":\"ReadAction\",\"target\":[\"https:\\\/\\\/hysolv.eu\\\/fr\\\/produits\\\/aquaculture\"]}]},{\"@type\":\"BreadcrumbList\",\"@id\":\"https:\\\/\\\/hysolv.eu\\\/fr\\\/produits\\\/aquaculture#breadcrumb\",\"itemListElement\":[{\"@type\":\"ListItem\",\"position\":1,\"name\":\"Home\",\"item\":\"https:\\\/\\\/hysolv.eu\\\/fr\"},{\"@type\":\"ListItem\",\"position\":2,\"name\":\"Produits\",\"item\":\"https:\\\/\\\/hysolv.eu\\\/fr\\\/produits\"},{\"@type\":\"ListItem\",\"position\":3,\"name\":\"Aquaculture\"}]},{\"@type\":\"WebSite\",\"@id\":\"https:\\\/\\\/hysolv.eu\\\/fr#website\",\"url\":\"https:\\\/\\\/hysolv.eu\\\/fr\",\"name\":\"Hysolv\",\"description\":\"Supporting Animal Health &amp; Biosecurity\",\"publisher\":{\"@id\":\"https:\\\/\\\/hysolv.eu\\\/fr#organization\"},\"potentialAction\":[{\"@type\":\"SearchAction\",\"target\":{\"@type\":\"EntryPoint\",\"urlTemplate\":\"https:\\\/\\\/hysolv.eu\\\/fr?s={search_term_string}\"},\"query-input\":{\"@type\":\"PropertyValueSpecification\",\"valueRequired\":true,\"valueName\":\"search_term_string\"}}],\"inLanguage\":\"fr-FR\"},{\"@type\":\"Organization\",\"@id\":\"https:\\\/\\\/hysolv.eu\\\/fr#organization\",\"name\":\"Hysolv GmbH\",\"url\":\"https:\\\/\\\/hysolv.eu\\\/fr\",\"logo\":{\"@type\":\"ImageObject\",\"inLanguage\":\"fr-FR\",\"@id\":\"https:\\\/\\\/hysolv.eu\\\/fr#\\\/schema\\\/logo\\\/image\\\/\",\"url\":\"https:\\\/\\\/hysolv.eu\\\/wp-content\\\/uploads\\\/LoginLogo-1.png\",\"contentUrl\":\"https:\\\/\\\/hysolv.eu\\\/wp-content\\\/uploads\\\/LoginLogo-1.png\",\"width\":480,\"height\":229,\"caption\":\"Hysolv GmbH\"},\"image\":{\"@id\":\"https:\\\/\\\/hysolv.eu\\\/fr#\\\/schema\\\/logo\\\/image\\\/\"},\"sameAs\":[\"https:\\\/\\\/www.facebook.com\\\/HysolvLtd\",\"https:\\\/\\\/www.instagram.com\\\/hysolvlimited\\\/\",\"https:\\\/\\\/www.linkedin.com\\\/company\\\/hysolv-limited\\\/about\\\/\"]}]}<\/script>\n<!-- \/ Yoast SEO plugin. -->","yoast_head_json":{"title":"Solutions de bios\u00e9curit\u00e9 en aquaculture pour l\u2019\u00e9levage de poissons | Hysolv","description":"Solutions professionnelles de bios\u00e9curit\u00e9 en aquaculture pour l\u2019\u00e9levage de poissons. Hygi\u00e8ne, d\u00e9sinfection des surfaces, assainissement des syst\u00e8mes d\u2019eau et nettoyage pour une production aquacole stable et saine.","robots":{"index":"index","follow":"follow","max-snippet":"max-snippet:-1","max-image-preview":"max-image-preview:large","max-video-preview":"max-video-preview:-1"},"canonical":"https:\/\/hysolv.eu\/fr\/produits\/aquaculture","og_locale":"fr_FR","og_type":"article","og_title":"Solutions de bios\u00e9curit\u00e9 en aquaculture pour l\u2019\u00e9levage de poissons | Hysolv","og_description":"Solutions professionnelles de bios\u00e9curit\u00e9 en aquaculture pour l\u2019\u00e9levage de poissons. Hygi\u00e8ne, d\u00e9sinfection des surfaces, assainissement des syst\u00e8mes d\u2019eau et nettoyage pour une production aquacole stable et saine.","og_url":"https:\/\/hysolv.eu\/fr\/produits\/aquaculture","og_site_name":"Hysolv","article_publisher":"https:\/\/www.facebook.com\/HysolvLtd","article_modified_time":"2026-04-24T08:18:32+00:00","twitter_card":"summary_large_image","twitter_misc":{"Dur\u00e9e de lecture estim\u00e9e":"6 minutes"},"schema":{"@context":"https:\/\/schema.org","@graph":[{"@type":"WebPage","@id":"https:\/\/hysolv.eu\/fr\/produits\/aquaculture","url":"https:\/\/hysolv.eu\/fr\/produits\/aquaculture","name":"Solutions de bios\u00e9curit\u00e9 en aquaculture pour l\u2019\u00e9levage de poissons | Hysolv","isPartOf":{"@id":"https:\/\/hysolv.eu\/fr#website"},"datePublished":"2026-02-06T06:56:11+00:00","dateModified":"2026-04-24T08:18:32+00:00","description":"Solutions professionnelles de bios\u00e9curit\u00e9 en aquaculture pour l\u2019\u00e9levage de poissons. Hygi\u00e8ne, d\u00e9sinfection des surfaces, assainissement des syst\u00e8mes d\u2019eau et nettoyage pour une production aquacole stable et saine.","breadcrumb":{"@id":"https:\/\/hysolv.eu\/fr\/produits\/aquaculture#breadcrumb"},"inLanguage":"fr-FR","potentialAction":[{"@type":"ReadAction","target":["https:\/\/hysolv.eu\/fr\/produits\/aquaculture"]}]},{"@type":"BreadcrumbList","@id":"https:\/\/hysolv.eu\/fr\/produits\/aquaculture#breadcrumb","itemListElement":[{"@type":"ListItem","position":1,"name":"Home","item":"https:\/\/hysolv.eu\/fr"},{"@type":"ListItem","position":2,"name":"Produits","item":"https:\/\/hysolv.eu\/fr\/produits"},{"@type":"ListItem","position":3,"name":"Aquaculture"}]},{"@type":"WebSite","@id":"https:\/\/hysolv.eu\/fr#website","url":"https:\/\/hysolv.eu\/fr","name":"Hysolv","description":"Supporting Animal Health &amp; Biosecurity","publisher":{"@id":"https:\/\/hysolv.eu\/fr#organization"},"potentialAction":[{"@type":"SearchAction","target":{"@type":"EntryPoint","urlTemplate":"https:\/\/hysolv.eu\/fr?s={search_term_string}"},"query-input":{"@type":"PropertyValueSpecification","valueRequired":true,"valueName":"search_term_string"}}],"inLanguage":"fr-FR"},{"@type":"Organization","@id":"https:\/\/hysolv.eu\/fr#organization","name":"Hysolv GmbH","url":"https:\/\/hysolv.eu\/fr","logo":{"@type":"ImageObject","inLanguage":"fr-FR","@id":"https:\/\/hysolv.eu\/fr#\/schema\/logo\/image\/","url":"https:\/\/hysolv.eu\/wp-content\/uploads\/LoginLogo-1.png","contentUrl":"https:\/\/hysolv.eu\/wp-content\/uploads\/LoginLogo-1.png","width":480,"height":229,"caption":"Hysolv GmbH"},"image":{"@id":"https:\/\/hysolv.eu\/fr#\/schema\/logo\/image\/"},"sameAs":["https:\/\/www.facebook.com\/HysolvLtd","https:\/\/www.instagram.com\/hysolvlimited\/","https:\/\/www.linkedin.com\/company\/hysolv-limited\/about\/"]}]}},"_links":{"self":[{"href":"https:\/\/hysolv.eu\/fr\/wp-json\/wp\/v2\/pages\/4398","targetHints":{"allow":["GET"]}}],"collection":[{"href":"https:\/\/hysolv.eu\/fr\/wp-json\/wp\/v2\/pages"}],"about":[{"href":"https:\/\/hysolv.eu\/fr\/wp-json\/wp\/v2\/types\/page"}],"author":[{"embeddable":true,"href":"https:\/\/hysolv.eu\/fr\/wp-json\/wp\/v2\/users\/9"}],"replies":[{"embeddable":true,"href":"https:\/\/hysolv.eu\/fr\/wp-json\/wp\/v2\/comments?post=4398"}],"version-history":[{"count":1,"href":"https:\/\/hysolv.eu\/fr\/wp-json\/wp\/v2\/pages\/4398\/revisions"}],"predecessor-version":[{"id":5653,"href":"https:\/\/hysolv.eu\/fr\/wp-json\/wp\/v2\/pages\/4398\/revisions\/5653"}],"up":[{"embeddable":true,"href":"https:\/\/hysolv.eu\/fr\/wp-json\/wp\/v2\/pages\/3814"}],"wp:attachment":[{"href":"https:\/\/hysolv.eu\/fr\/wp-json\/wp\/v2\/media?parent=4398"}],"curies":[{"name":"wp","href":"https:\/\/api.w.org\/{rel}","templated":true}]}}