{"id":2974,"date":"2021-11-15T14:50:29","date_gmt":"2021-11-15T13:50:29","guid":{"rendered":"https:\/\/hysolv.eu\/product\/interkokask"},"modified":"2026-04-05T16:53:07","modified_gmt":"2026-04-05T15:53:07","slug":"interkokask","status":"publish","type":"product","link":"https:\/\/hysolv.eu\/fr\/produit\/interkokask","title":{"rendered":"Interkokask"},"content":{"rendered":"<p>D\u00e9sinfectant sp\u00e9cialis\u00e9 approuv\u00e9 par toutes les normes DEFRA. Efficace contre les spores bact\u00e9riennes, les mycobact\u00e9ries, les champignons, les cryptosporidies et les oocystes de coccidies. Traverse le biofilm et est efficace contre le campylobacter.  <\/p>\n<p>&nbsp;<\/p>\n<a  class=\"x-btn x-btn-real x-btn-rounded x-btn-mini\"  href=\"https:\/\/hysolv.eu\/wp-content\/uploads\/Interkokask-Concentrate-Ltd-2021.pdf\" title=\"Concentr\u00e9 d'Interkokask Ltd 2021\" target=\"_blank\" rel=\"\"   data-options=\"thumbnail: ''\">FICHE D&rsquo;INFORMATION SUR LE PRODUIT<\/a>\n<p>&nbsp;<\/p>\n<a  class=\"x-btn x-btn-real x-btn-rounded x-btn-mini\"  href=\"https:\/\/hysolv.eu\/wp-content\/uploads\/interkokask-additional-information-coccidiosis-control-ltd-november-2020.pdf\" title=\"Informations compl\u00e9mentaires d'Interkokask Coccidiosis Control Ltd Novembre 2020\" target=\"_blank\" rel=\"\"   data-options=\"thumbnail: ''\">FICHE D&rsquo;INFORMATION COMPL\u00c9MENTAIRE<\/a>\n","protected":false},"excerpt":{"rendered":"<p>D\u00e9sinfectant sp\u00e9cialis\u00e9 approuv\u00e9 par toutes les normes DEFRA. Efficace contre les spores bact\u00e9riennes, les mycobact\u00e9ries, les champignons, les cryptosporidies et les oocystes de coccidies. Traverse le biofilm et est efficace contre le campylobacter.  <\/p>\n","protected":false},"featured_media":2975,"template":"","meta":[],"product_brand":[],"product_cat":[700,1020,660,622,708,1018,1019,1017],"product_tag":[],"class_list":{"0":"post-2974","1":"product","2":"type-product","3":"status-publish","4":"has-post-thumbnail","6":"product_cat-animaux-de-compagnie","7":"product_cat-aquaculture","8":"product_cat-desinfectants","9":"product_cat-lutte-antiparasitaire","10":"product_cat-nettoyants","11":"product_cat-porcs","12":"product_cat-ruminants","13":"product_cat-volailles","16":"first","17":"instock","18":"shipping-taxable","19":"product-type-simple"},"yoast_head":"<!-- This site is optimized with the Yoast SEO plugin v27.4 - https:\/\/yoast.com\/product\/yoast-seo-wordpress\/ -->\n<title>Interkokask | Hysolv<\/title>\n<meta name=\"description\" content=\"D\u00e9sinfectant sp\u00e9cialis\u00e9 approuv\u00e9 par toutes les normes DEFRA. Efficace contre les spores bact\u00e9riennes, les mycobact\u00e9ries, les champignons, les cryptosporidies et les oocystes de coccidies. Traverse le biofilm et est efficace contre le campylobacter.\" \/>\n<meta name=\"robots\" content=\"index, follow, max-snippet:-1, max-image-preview:large, max-video-preview:-1\" \/>\n<link rel=\"canonical\" href=\"https:\/\/hysolv.eu\/fr\/produit\/interkokask\" \/>\n<meta property=\"og:locale\" content=\"fr_FR\" \/>\n<meta property=\"og:type\" content=\"article\" \/>\n<meta property=\"og:title\" content=\"Interkokask | Hysolv\" \/>\n<meta property=\"og:description\" content=\"D\u00e9sinfectant sp\u00e9cialis\u00e9 approuv\u00e9 par toutes les normes DEFRA. Efficace contre les spores bact\u00e9riennes, les mycobact\u00e9ries, les champignons, les cryptosporidies et les oocystes de coccidies. Traverse le biofilm et est efficace contre le campylobacter.\" \/>\n<meta property=\"og:url\" content=\"https:\/\/hysolv.eu\/fr\/produit\/interkokask\" \/>\n<meta property=\"og:site_name\" content=\"Hysolv\" \/>\n<meta property=\"article:publisher\" content=\"https:\/\/www.facebook.com\/HysolvLtd\" \/>\n<meta property=\"article:modified_time\" content=\"2026-04-05T15:53:07+00:00\" \/>\n<meta property=\"og:image\" content=\"https:\/\/hysolv.eu\/wp-content\/uploads\/interkokask_concentrate.jpg\" \/>\n\t<meta property=\"og:image:width\" content=\"1071\" \/>\n\t<meta property=\"og:image:height\" content=\"714\" \/>\n\t<meta property=\"og:image:type\" content=\"image\/jpeg\" \/>\n<meta name=\"twitter:card\" content=\"summary_large_image\" \/>\n<script type=\"application\/ld+json\" class=\"yoast-schema-graph\">{\"@context\":\"https:\\\/\\\/schema.org\",\"@graph\":[{\"@type\":\"WebPage\",\"@id\":\"https:\\\/\\\/hysolv.eu\\\/fr\\\/produit\\\/interkokask\",\"url\":\"https:\\\/\\\/hysolv.eu\\\/fr\\\/produit\\\/interkokask\",\"name\":\"Interkokask | Hysolv\",\"isPartOf\":{\"@id\":\"https:\\\/\\\/hysolv.eu\\\/fr#website\"},\"primaryImageOfPage\":{\"@id\":\"https:\\\/\\\/hysolv.eu\\\/fr\\\/produit\\\/interkokask#primaryimage\"},\"image\":{\"@id\":\"https:\\\/\\\/hysolv.eu\\\/fr\\\/produit\\\/interkokask#primaryimage\"},\"thumbnailUrl\":\"https:\\\/\\\/hysolv.eu\\\/wp-content\\\/uploads\\\/interkokask_concentrate.jpg\",\"datePublished\":\"2021-11-15T13:50:29+00:00\",\"dateModified\":\"2026-04-05T15:53:07+00:00\",\"description\":\"D\u00e9sinfectant sp\u00e9cialis\u00e9 approuv\u00e9 par toutes les normes DEFRA. Efficace contre les spores bact\u00e9riennes, les mycobact\u00e9ries, les champignons, les cryptosporidies et les oocystes de coccidies. Traverse le biofilm et est efficace contre le campylobacter.\",\"breadcrumb\":{\"@id\":\"https:\\\/\\\/hysolv.eu\\\/fr\\\/produit\\\/interkokask#breadcrumb\"},\"inLanguage\":\"fr-FR\",\"potentialAction\":[{\"@type\":\"ReadAction\",\"target\":[\"https:\\\/\\\/hysolv.eu\\\/fr\\\/produit\\\/interkokask\"]}]},{\"@type\":\"ImageObject\",\"inLanguage\":\"fr-FR\",\"@id\":\"https:\\\/\\\/hysolv.eu\\\/fr\\\/produit\\\/interkokask#primaryimage\",\"url\":\"https:\\\/\\\/hysolv.eu\\\/wp-content\\\/uploads\\\/interkokask_concentrate.jpg\",\"contentUrl\":\"https:\\\/\\\/hysolv.eu\\\/wp-content\\\/uploads\\\/interkokask_concentrate.jpg\",\"width\":1071,\"height\":714,\"caption\":\"Produit Interkokask pr\u00e9sent\u00e9 sous forme de bidon bleu et de flacon blanc\"},{\"@type\":\"BreadcrumbList\",\"@id\":\"https:\\\/\\\/hysolv.eu\\\/fr\\\/produit\\\/interkokask#breadcrumb\",\"itemListElement\":[{\"@type\":\"ListItem\",\"position\":1,\"name\":\"Home\",\"item\":\"https:\\\/\\\/hysolv.eu\\\/fr\\\/accueil\"},{\"@type\":\"ListItem\",\"position\":2,\"name\":\"Boutique\",\"item\":\"https:\\\/\\\/hysolv.eu\\\/boutique\"},{\"@type\":\"ListItem\",\"position\":3,\"name\":\"Interkokask\"}]},{\"@type\":\"WebSite\",\"@id\":\"https:\\\/\\\/hysolv.eu\\\/fr#website\",\"url\":\"https:\\\/\\\/hysolv.eu\\\/fr\",\"name\":\"Hysolv\",\"description\":\"Supporting Animal Health &amp; Biosecurity\",\"publisher\":{\"@id\":\"https:\\\/\\\/hysolv.eu\\\/fr#organization\"},\"potentialAction\":[{\"@type\":\"SearchAction\",\"target\":{\"@type\":\"EntryPoint\",\"urlTemplate\":\"https:\\\/\\\/hysolv.eu\\\/fr?s={search_term_string}\"},\"query-input\":{\"@type\":\"PropertyValueSpecification\",\"valueRequired\":true,\"valueName\":\"search_term_string\"}}],\"inLanguage\":\"fr-FR\"},{\"@type\":\"Organization\",\"@id\":\"https:\\\/\\\/hysolv.eu\\\/fr#organization\",\"name\":\"Hysolv GmbH\",\"url\":\"https:\\\/\\\/hysolv.eu\\\/fr\",\"logo\":{\"@type\":\"ImageObject\",\"inLanguage\":\"fr-FR\",\"@id\":\"https:\\\/\\\/hysolv.eu\\\/fr#\\\/schema\\\/logo\\\/image\\\/\",\"url\":\"https:\\\/\\\/hysolv.eu\\\/wp-content\\\/uploads\\\/LoginLogo-1.png\",\"contentUrl\":\"https:\\\/\\\/hysolv.eu\\\/wp-content\\\/uploads\\\/LoginLogo-1.png\",\"width\":480,\"height\":229,\"caption\":\"Hysolv GmbH\"},\"image\":{\"@id\":\"https:\\\/\\\/hysolv.eu\\\/fr#\\\/schema\\\/logo\\\/image\\\/\"},\"sameAs\":[\"https:\\\/\\\/www.facebook.com\\\/HysolvLtd\",\"https:\\\/\\\/www.instagram.com\\\/hysolvlimited\\\/\",\"https:\\\/\\\/www.linkedin.com\\\/company\\\/hysolv-limited\\\/about\\\/\"]}]}<\/script>\n<!-- \/ Yoast SEO plugin. -->","yoast_head_json":{"title":"Interkokask | Hysolv","description":"D\u00e9sinfectant sp\u00e9cialis\u00e9 approuv\u00e9 par toutes les normes DEFRA. Efficace contre les spores bact\u00e9riennes, les mycobact\u00e9ries, les champignons, les cryptosporidies et les oocystes de coccidies. Traverse le biofilm et est efficace contre le campylobacter.","robots":{"index":"index","follow":"follow","max-snippet":"max-snippet:-1","max-image-preview":"max-image-preview:large","max-video-preview":"max-video-preview:-1"},"canonical":"https:\/\/hysolv.eu\/fr\/produit\/interkokask","og_locale":"fr_FR","og_type":"article","og_title":"Interkokask | Hysolv","og_description":"D\u00e9sinfectant sp\u00e9cialis\u00e9 approuv\u00e9 par toutes les normes DEFRA. Efficace contre les spores bact\u00e9riennes, les mycobact\u00e9ries, les champignons, les cryptosporidies et les oocystes de coccidies. Traverse le biofilm et est efficace contre le campylobacter.","og_url":"https:\/\/hysolv.eu\/fr\/produit\/interkokask","og_site_name":"Hysolv","article_publisher":"https:\/\/www.facebook.com\/HysolvLtd","article_modified_time":"2026-04-05T15:53:07+00:00","og_image":[{"width":1071,"height":714,"url":"https:\/\/hysolv.eu\/wp-content\/uploads\/interkokask_concentrate.jpg","type":"image\/jpeg"}],"twitter_card":"summary_large_image","schema":{"@context":"https:\/\/schema.org","@graph":[{"@type":"WebPage","@id":"https:\/\/hysolv.eu\/fr\/produit\/interkokask","url":"https:\/\/hysolv.eu\/fr\/produit\/interkokask","name":"Interkokask | Hysolv","isPartOf":{"@id":"https:\/\/hysolv.eu\/fr#website"},"primaryImageOfPage":{"@id":"https:\/\/hysolv.eu\/fr\/produit\/interkokask#primaryimage"},"image":{"@id":"https:\/\/hysolv.eu\/fr\/produit\/interkokask#primaryimage"},"thumbnailUrl":"https:\/\/hysolv.eu\/wp-content\/uploads\/interkokask_concentrate.jpg","datePublished":"2021-11-15T13:50:29+00:00","dateModified":"2026-04-05T15:53:07+00:00","description":"D\u00e9sinfectant sp\u00e9cialis\u00e9 approuv\u00e9 par toutes les normes DEFRA. Efficace contre les spores bact\u00e9riennes, les mycobact\u00e9ries, les champignons, les cryptosporidies et les oocystes de coccidies. Traverse le biofilm et est efficace contre le campylobacter.","breadcrumb":{"@id":"https:\/\/hysolv.eu\/fr\/produit\/interkokask#breadcrumb"},"inLanguage":"fr-FR","potentialAction":[{"@type":"ReadAction","target":["https:\/\/hysolv.eu\/fr\/produit\/interkokask"]}]},{"@type":"ImageObject","inLanguage":"fr-FR","@id":"https:\/\/hysolv.eu\/fr\/produit\/interkokask#primaryimage","url":"https:\/\/hysolv.eu\/wp-content\/uploads\/interkokask_concentrate.jpg","contentUrl":"https:\/\/hysolv.eu\/wp-content\/uploads\/interkokask_concentrate.jpg","width":1071,"height":714,"caption":"Produit Interkokask pr\u00e9sent\u00e9 sous forme de bidon bleu et de flacon blanc"},{"@type":"BreadcrumbList","@id":"https:\/\/hysolv.eu\/fr\/produit\/interkokask#breadcrumb","itemListElement":[{"@type":"ListItem","position":1,"name":"Home","item":"https:\/\/hysolv.eu\/fr\/accueil"},{"@type":"ListItem","position":2,"name":"Boutique","item":"https:\/\/hysolv.eu\/boutique"},{"@type":"ListItem","position":3,"name":"Interkokask"}]},{"@type":"WebSite","@id":"https:\/\/hysolv.eu\/fr#website","url":"https:\/\/hysolv.eu\/fr","name":"Hysolv","description":"Supporting Animal Health &amp; Biosecurity","publisher":{"@id":"https:\/\/hysolv.eu\/fr#organization"},"potentialAction":[{"@type":"SearchAction","target":{"@type":"EntryPoint","urlTemplate":"https:\/\/hysolv.eu\/fr?s={search_term_string}"},"query-input":{"@type":"PropertyValueSpecification","valueRequired":true,"valueName":"search_term_string"}}],"inLanguage":"fr-FR"},{"@type":"Organization","@id":"https:\/\/hysolv.eu\/fr#organization","name":"Hysolv GmbH","url":"https:\/\/hysolv.eu\/fr","logo":{"@type":"ImageObject","inLanguage":"fr-FR","@id":"https:\/\/hysolv.eu\/fr#\/schema\/logo\/image\/","url":"https:\/\/hysolv.eu\/wp-content\/uploads\/LoginLogo-1.png","contentUrl":"https:\/\/hysolv.eu\/wp-content\/uploads\/LoginLogo-1.png","width":480,"height":229,"caption":"Hysolv GmbH"},"image":{"@id":"https:\/\/hysolv.eu\/fr#\/schema\/logo\/image\/"},"sameAs":["https:\/\/www.facebook.com\/HysolvLtd","https:\/\/www.instagram.com\/hysolvlimited\/","https:\/\/www.linkedin.com\/company\/hysolv-limited\/about\/"]}]}},"_links":{"self":[{"href":"https:\/\/hysolv.eu\/fr\/wp-json\/wp\/v2\/product\/2974","targetHints":{"allow":["GET"]}}],"collection":[{"href":"https:\/\/hysolv.eu\/fr\/wp-json\/wp\/v2\/product"}],"about":[{"href":"https:\/\/hysolv.eu\/fr\/wp-json\/wp\/v2\/types\/product"}],"wp:featuredmedia":[{"embeddable":true,"href":"https:\/\/hysolv.eu\/fr\/wp-json\/wp\/v2\/media\/2975"}],"wp:attachment":[{"href":"https:\/\/hysolv.eu\/fr\/wp-json\/wp\/v2\/media?parent=2974"}],"wp:term":[{"taxonomy":"product_brand","embeddable":true,"href":"https:\/\/hysolv.eu\/fr\/wp-json\/wp\/v2\/product_brand?post=2974"},{"taxonomy":"product_cat","embeddable":true,"href":"https:\/\/hysolv.eu\/fr\/wp-json\/wp\/v2\/product_cat?post=2974"},{"taxonomy":"product_tag","embeddable":true,"href":"https:\/\/hysolv.eu\/fr\/wp-json\/wp\/v2\/product_tag?post=2974"}],"curies":[{"name":"wp","href":"https:\/\/api.w.org\/{rel}","templated":true}]}}