{"id":2982,"date":"2021-11-15T14:49:59","date_gmt":"2021-11-15T13:49:59","guid":{"rendered":"https:\/\/hysolv.eu\/product\/interdes-f"},"modified":"2026-04-05T16:50:50","modified_gmt":"2026-04-05T15:50:50","slug":"interdes-f","status":"publish","type":"product","link":"https:\/\/hysolv.eu\/fr\/produit\/interdes-f","title":{"rendered":"Interdes F"},"content":{"rendered":"<p>D\u00e9sinfectant destin\u00e9 \u00e0 une utilisation dans des locaux commerciaux tels que les entrep\u00f4ts alimentaires, les couvoirs, les chambres froides, les abattoirs, les installations de transformation des aliments, les environnements d\u2019emballage alimentaire et les v\u00e9hicules de transport.<\/p>\n<a  class=\"x-btn x-btn-real x-btn-rounded x-btn-mini\"  href=\"https:\/\/hysolv.eu\/wp-content\/uploads\/InterDes-F-Ltd-March-2021.pdf\" title=\"InterDes F Ltd Mars 2021\" target=\"_blank\" rel=\"noopener noreferrer\"   data-options=\"thumbnail: ''\">FICHE D\u2019INFORMATION SUR LE PRODUIT<\/a>\n","protected":false},"excerpt":{"rendered":"<p>D\u00e9sinfectant destin\u00e9 \u00e0 une utilisation dans des locaux commerciaux tels que les entrep\u00f4ts alimentaires, les couvoirs, les chambres froides, les abattoirs, les installations de transformation des aliments, les environnements d\u2019emballage alimentaire et les v\u00e9hicules de transport.<\/p>\n","protected":false},"featured_media":2983,"template":"","meta":{"rs_blank_template":"","rs_page_bg_color":"","slide_template_v7":""},"product_brand":[],"product_cat":[700,1020,660,708,1018,1019,1016,1017],"product_tag":[],"class_list":{"0":"post-2982","1":"product","2":"type-product","3":"status-publish","4":"has-post-thumbnail","6":"product_cat-animaux-de-compagnie","7":"product_cat-aquaculture","8":"product_cat-desinfectants","9":"product_cat-nettoyants","10":"product_cat-porcs","11":"product_cat-ruminants","12":"product_cat-transformation-stockage-aliments","13":"product_cat-volailles","16":"first","17":"instock","18":"shipping-taxable","19":"product-type-simple"},"yoast_head":"<!-- This site is optimized with the Yoast SEO plugin v27.5 - https:\/\/yoast.com\/product\/yoast-seo-wordpress\/ -->\n<title>Interdes F | Hysolv<\/title>\n<meta name=\"description\" content=\"D\u00e9sinfectant destin\u00e9 \u00e0 une utilisation dans des locaux commerciaux tels que les entrep\u00f4ts alimentaires, les couvoirs, les chambres froides, les abattoirs, les installations de transformation des aliments, les environnements d\u2019emballage alimentaire et les v\u00e9hicules de transport.\" \/>\n<meta name=\"robots\" content=\"index, follow, max-snippet:-1, max-image-preview:large, max-video-preview:-1\" \/>\n<link rel=\"canonical\" href=\"https:\/\/hysolv.eu\/fr\/produit\/interdes-f\" \/>\n<meta property=\"og:locale\" content=\"fr_FR\" \/>\n<meta property=\"og:type\" content=\"article\" \/>\n<meta property=\"og:title\" content=\"Interdes F | Hysolv\" \/>\n<meta property=\"og:description\" content=\"D\u00e9sinfectant destin\u00e9 \u00e0 une utilisation dans des locaux commerciaux tels que les entrep\u00f4ts alimentaires, les couvoirs, les chambres froides, les abattoirs, les installations de transformation des aliments, les environnements d\u2019emballage alimentaire et les v\u00e9hicules de transport.\" \/>\n<meta property=\"og:url\" content=\"https:\/\/hysolv.eu\/fr\/produit\/interdes-f\" \/>\n<meta property=\"og:site_name\" content=\"Hysolv\" \/>\n<meta property=\"article:publisher\" content=\"https:\/\/www.facebook.com\/HysolvLtd\" \/>\n<meta property=\"article:modified_time\" content=\"2026-04-05T15:50:50+00:00\" \/>\n<meta property=\"og:image\" content=\"https:\/\/hysolv.eu\/wp-content\/uploads\/interdes_f.jpg\" \/>\n\t<meta property=\"og:image:width\" content=\"1071\" \/>\n\t<meta property=\"og:image:height\" content=\"714\" \/>\n\t<meta property=\"og:image:type\" content=\"image\/jpeg\" \/>\n<meta name=\"twitter:card\" content=\"summary_large_image\" \/>\n<script type=\"application\/ld+json\" class=\"yoast-schema-graph\">{\"@context\":\"https:\\\/\\\/schema.org\",\"@graph\":[{\"@type\":\"WebPage\",\"@id\":\"https:\\\/\\\/hysolv.eu\\\/fr\\\/produit\\\/interdes-f\",\"url\":\"https:\\\/\\\/hysolv.eu\\\/fr\\\/produit\\\/interdes-f\",\"name\":\"Interdes F | Hysolv\",\"isPartOf\":{\"@id\":\"https:\\\/\\\/hysolv.eu\\\/fr#website\"},\"primaryImageOfPage\":{\"@id\":\"https:\\\/\\\/hysolv.eu\\\/fr\\\/produit\\\/interdes-f#primaryimage\"},\"image\":{\"@id\":\"https:\\\/\\\/hysolv.eu\\\/fr\\\/produit\\\/interdes-f#primaryimage\"},\"thumbnailUrl\":\"https:\\\/\\\/hysolv.eu\\\/wp-content\\\/uploads\\\/interdes_f.jpg\",\"datePublished\":\"2021-11-15T13:49:59+00:00\",\"dateModified\":\"2026-04-05T15:50:50+00:00\",\"description\":\"D\u00e9sinfectant destin\u00e9 \u00e0 une utilisation dans des locaux commerciaux tels que les entrep\u00f4ts alimentaires, les couvoirs, les chambres froides, les abattoirs, les installations de transformation des aliments, les environnements d\u2019emballage alimentaire et les v\u00e9hicules de transport.\",\"breadcrumb\":{\"@id\":\"https:\\\/\\\/hysolv.eu\\\/fr\\\/produit\\\/interdes-f#breadcrumb\"},\"inLanguage\":\"fr-FR\",\"potentialAction\":[{\"@type\":\"ReadAction\",\"target\":[\"https:\\\/\\\/hysolv.eu\\\/fr\\\/produit\\\/interdes-f\"]}]},{\"@type\":\"ImageObject\",\"inLanguage\":\"fr-FR\",\"@id\":\"https:\\\/\\\/hysolv.eu\\\/fr\\\/produit\\\/interdes-f#primaryimage\",\"url\":\"https:\\\/\\\/hysolv.eu\\\/wp-content\\\/uploads\\\/interdes_f.jpg\",\"contentUrl\":\"https:\\\/\\\/hysolv.eu\\\/wp-content\\\/uploads\\\/interdes_f.jpg\",\"width\":1071,\"height\":714,\"caption\":\"D\u00e9sinfectant Interdes F en bidon bleu, conditionnement de 10 kg\"},{\"@type\":\"BreadcrumbList\",\"@id\":\"https:\\\/\\\/hysolv.eu\\\/fr\\\/produit\\\/interdes-f#breadcrumb\",\"itemListElement\":[{\"@type\":\"ListItem\",\"position\":1,\"name\":\"Home\",\"item\":\"https:\\\/\\\/hysolv.eu\\\/fr\"},{\"@type\":\"ListItem\",\"position\":2,\"name\":\"Boutique\",\"item\":\"https:\\\/\\\/hysolv.eu\\\/boutique\"},{\"@type\":\"ListItem\",\"position\":3,\"name\":\"Interdes F\"}]},{\"@type\":\"WebSite\",\"@id\":\"https:\\\/\\\/hysolv.eu\\\/fr#website\",\"url\":\"https:\\\/\\\/hysolv.eu\\\/fr\",\"name\":\"Hysolv\",\"description\":\"Supporting Animal Health &amp; Biosecurity\",\"publisher\":{\"@id\":\"https:\\\/\\\/hysolv.eu\\\/fr#organization\"},\"potentialAction\":[{\"@type\":\"SearchAction\",\"target\":{\"@type\":\"EntryPoint\",\"urlTemplate\":\"https:\\\/\\\/hysolv.eu\\\/fr?s={search_term_string}\"},\"query-input\":{\"@type\":\"PropertyValueSpecification\",\"valueRequired\":true,\"valueName\":\"search_term_string\"}}],\"inLanguage\":\"fr-FR\"},{\"@type\":\"Organization\",\"@id\":\"https:\\\/\\\/hysolv.eu\\\/fr#organization\",\"name\":\"Hysolv GmbH\",\"url\":\"https:\\\/\\\/hysolv.eu\\\/fr\",\"logo\":{\"@type\":\"ImageObject\",\"inLanguage\":\"fr-FR\",\"@id\":\"https:\\\/\\\/hysolv.eu\\\/fr#\\\/schema\\\/logo\\\/image\\\/\",\"url\":\"https:\\\/\\\/hysolv.eu\\\/wp-content\\\/uploads\\\/LoginLogo-1.png\",\"contentUrl\":\"https:\\\/\\\/hysolv.eu\\\/wp-content\\\/uploads\\\/LoginLogo-1.png\",\"width\":480,\"height\":229,\"caption\":\"Hysolv GmbH\"},\"image\":{\"@id\":\"https:\\\/\\\/hysolv.eu\\\/fr#\\\/schema\\\/logo\\\/image\\\/\"},\"sameAs\":[\"https:\\\/\\\/www.facebook.com\\\/HysolvLtd\",\"https:\\\/\\\/www.instagram.com\\\/hysolvlimited\\\/\",\"https:\\\/\\\/www.linkedin.com\\\/company\\\/hysolv-limited\\\/about\\\/\"]}]}<\/script>\n<!-- \/ Yoast SEO plugin. -->","yoast_head_json":{"title":"Interdes F | Hysolv","description":"D\u00e9sinfectant destin\u00e9 \u00e0 une utilisation dans des locaux commerciaux tels que les entrep\u00f4ts alimentaires, les couvoirs, les chambres froides, les abattoirs, les installations de transformation des aliments, les environnements d\u2019emballage alimentaire et les v\u00e9hicules de transport.","robots":{"index":"index","follow":"follow","max-snippet":"max-snippet:-1","max-image-preview":"max-image-preview:large","max-video-preview":"max-video-preview:-1"},"canonical":"https:\/\/hysolv.eu\/fr\/produit\/interdes-f","og_locale":"fr_FR","og_type":"article","og_title":"Interdes F | Hysolv","og_description":"D\u00e9sinfectant destin\u00e9 \u00e0 une utilisation dans des locaux commerciaux tels que les entrep\u00f4ts alimentaires, les couvoirs, les chambres froides, les abattoirs, les installations de transformation des aliments, les environnements d\u2019emballage alimentaire et les v\u00e9hicules de transport.","og_url":"https:\/\/hysolv.eu\/fr\/produit\/interdes-f","og_site_name":"Hysolv","article_publisher":"https:\/\/www.facebook.com\/HysolvLtd","article_modified_time":"2026-04-05T15:50:50+00:00","og_image":[{"width":1071,"height":714,"url":"https:\/\/hysolv.eu\/wp-content\/uploads\/interdes_f.jpg","type":"image\/jpeg"}],"twitter_card":"summary_large_image","schema":{"@context":"https:\/\/schema.org","@graph":[{"@type":"WebPage","@id":"https:\/\/hysolv.eu\/fr\/produit\/interdes-f","url":"https:\/\/hysolv.eu\/fr\/produit\/interdes-f","name":"Interdes F | Hysolv","isPartOf":{"@id":"https:\/\/hysolv.eu\/fr#website"},"primaryImageOfPage":{"@id":"https:\/\/hysolv.eu\/fr\/produit\/interdes-f#primaryimage"},"image":{"@id":"https:\/\/hysolv.eu\/fr\/produit\/interdes-f#primaryimage"},"thumbnailUrl":"https:\/\/hysolv.eu\/wp-content\/uploads\/interdes_f.jpg","datePublished":"2021-11-15T13:49:59+00:00","dateModified":"2026-04-05T15:50:50+00:00","description":"D\u00e9sinfectant destin\u00e9 \u00e0 une utilisation dans des locaux commerciaux tels que les entrep\u00f4ts alimentaires, les couvoirs, les chambres froides, les abattoirs, les installations de transformation des aliments, les environnements d\u2019emballage alimentaire et les v\u00e9hicules de transport.","breadcrumb":{"@id":"https:\/\/hysolv.eu\/fr\/produit\/interdes-f#breadcrumb"},"inLanguage":"fr-FR","potentialAction":[{"@type":"ReadAction","target":["https:\/\/hysolv.eu\/fr\/produit\/interdes-f"]}]},{"@type":"ImageObject","inLanguage":"fr-FR","@id":"https:\/\/hysolv.eu\/fr\/produit\/interdes-f#primaryimage","url":"https:\/\/hysolv.eu\/wp-content\/uploads\/interdes_f.jpg","contentUrl":"https:\/\/hysolv.eu\/wp-content\/uploads\/interdes_f.jpg","width":1071,"height":714,"caption":"D\u00e9sinfectant Interdes F en bidon bleu, conditionnement de 10 kg"},{"@type":"BreadcrumbList","@id":"https:\/\/hysolv.eu\/fr\/produit\/interdes-f#breadcrumb","itemListElement":[{"@type":"ListItem","position":1,"name":"Home","item":"https:\/\/hysolv.eu\/fr"},{"@type":"ListItem","position":2,"name":"Boutique","item":"https:\/\/hysolv.eu\/boutique"},{"@type":"ListItem","position":3,"name":"Interdes F"}]},{"@type":"WebSite","@id":"https:\/\/hysolv.eu\/fr#website","url":"https:\/\/hysolv.eu\/fr","name":"Hysolv","description":"Supporting Animal Health &amp; Biosecurity","publisher":{"@id":"https:\/\/hysolv.eu\/fr#organization"},"potentialAction":[{"@type":"SearchAction","target":{"@type":"EntryPoint","urlTemplate":"https:\/\/hysolv.eu\/fr?s={search_term_string}"},"query-input":{"@type":"PropertyValueSpecification","valueRequired":true,"valueName":"search_term_string"}}],"inLanguage":"fr-FR"},{"@type":"Organization","@id":"https:\/\/hysolv.eu\/fr#organization","name":"Hysolv GmbH","url":"https:\/\/hysolv.eu\/fr","logo":{"@type":"ImageObject","inLanguage":"fr-FR","@id":"https:\/\/hysolv.eu\/fr#\/schema\/logo\/image\/","url":"https:\/\/hysolv.eu\/wp-content\/uploads\/LoginLogo-1.png","contentUrl":"https:\/\/hysolv.eu\/wp-content\/uploads\/LoginLogo-1.png","width":480,"height":229,"caption":"Hysolv GmbH"},"image":{"@id":"https:\/\/hysolv.eu\/fr#\/schema\/logo\/image\/"},"sameAs":["https:\/\/www.facebook.com\/HysolvLtd","https:\/\/www.instagram.com\/hysolvlimited\/","https:\/\/www.linkedin.com\/company\/hysolv-limited\/about\/"]}]}},"_links":{"self":[{"href":"https:\/\/hysolv.eu\/fr\/wp-json\/wp\/v2\/product\/2982","targetHints":{"allow":["GET"]}}],"collection":[{"href":"https:\/\/hysolv.eu\/fr\/wp-json\/wp\/v2\/product"}],"about":[{"href":"https:\/\/hysolv.eu\/fr\/wp-json\/wp\/v2\/types\/product"}],"wp:featuredmedia":[{"embeddable":true,"href":"https:\/\/hysolv.eu\/fr\/wp-json\/wp\/v2\/media\/2983"}],"wp:attachment":[{"href":"https:\/\/hysolv.eu\/fr\/wp-json\/wp\/v2\/media?parent=2982"}],"wp:term":[{"taxonomy":"product_brand","embeddable":true,"href":"https:\/\/hysolv.eu\/fr\/wp-json\/wp\/v2\/product_brand?post=2982"},{"taxonomy":"product_cat","embeddable":true,"href":"https:\/\/hysolv.eu\/fr\/wp-json\/wp\/v2\/product_cat?post=2982"},{"taxonomy":"product_tag","embeddable":true,"href":"https:\/\/hysolv.eu\/fr\/wp-json\/wp\/v2\/product_tag?post=2982"}],"curies":[{"name":"wp","href":"https:\/\/api.w.org\/{rel}","templated":true}]}}