{"id":2990,"date":"2021-11-15T14:49:32","date_gmt":"2021-11-15T13:49:32","guid":{"rendered":"https:\/\/hysolv.eu\/product\/interask"},"modified":"2026-04-05T16:47:32","modified_gmt":"2026-04-05T15:47:32","slug":"interask","status":"publish","type":"product","link":"https:\/\/hysolv.eu\/fr\/produit\/interask","title":{"rendered":"Interask"},"content":{"rendered":"<p>Interask est un d\u00e9sinfectant sp\u00e9cialis\u00e9 hautement concentr\u00e9, efficace contre les \u0153ufs de n\u00e9matodes, les oocystes de coccidies, les bact\u00e9ries, les champignons et les virus. Son efficacit\u00e9 a \u00e9t\u00e9 confirm\u00e9e de mani\u00e8re ind\u00e9pendante selon les normes v\u00e9t\u00e9rinaires europ\u00e9ennes et il est r\u00e9pertori\u00e9 par le DVG et l\u2019IHO. Le produit est con\u00e7u pour les d\u00e9fis d\u2019hygi\u00e8ne exigeants impliquant des parasites et des agents pathog\u00e8nes r\u00e9sistants.  <\/p>\n<p>&nbsp;<\/p>\n","protected":false},"excerpt":{"rendered":"<p>D\u00e9sinfectant hautement concentr\u00e9, efficace contre les \u0153ufs de n\u00e9matodes, les coccidies, les bact\u00e9ries, les champignons et les virus pour des applications d\u2019hygi\u00e8ne exigeantes.<\/p>\n<p>&nbsp;<\/p>\n","protected":false},"featured_media":4573,"template":"","meta":[],"product_brand":[],"product_cat":[700,660,1018],"product_tag":[],"class_list":{"0":"post-2990","1":"product","2":"type-product","3":"status-publish","4":"has-post-thumbnail","6":"product_cat-animaux-de-compagnie","7":"product_cat-desinfectants","8":"product_cat-porcs","11":"first","12":"instock","13":"shipping-taxable","14":"product-type-simple"},"yoast_head":"<!-- This site is optimized with the Yoast SEO plugin v27.4 - https:\/\/yoast.com\/product\/yoast-seo-wordpress\/ -->\n<title>Interask | Hysolv<\/title>\n<meta name=\"description\" content=\"D\u00e9sinfectant sp\u00e9cialis\u00e9 hautement concentr\u00e9, efficace contre les \u0153ufs de n\u00e9matodes, les coccidies, les bact\u00e9ries, les champignons et les virus pour une utilisation en hygi\u00e8ne v\u00e9t\u00e9rinaire.\" \/>\n<meta name=\"robots\" content=\"index, follow, max-snippet:-1, max-image-preview:large, max-video-preview:-1\" \/>\n<link rel=\"canonical\" href=\"https:\/\/hysolv.eu\/fr\/produit\/interask\" \/>\n<meta property=\"og:locale\" content=\"fr_FR\" \/>\n<meta property=\"og:type\" content=\"article\" \/>\n<meta property=\"og:title\" content=\"Interask | Hysolv\" \/>\n<meta property=\"og:description\" content=\"D\u00e9sinfectant sp\u00e9cialis\u00e9 hautement concentr\u00e9, efficace contre les \u0153ufs de n\u00e9matodes, les coccidies, les bact\u00e9ries, les champignons et les virus pour une utilisation en hygi\u00e8ne v\u00e9t\u00e9rinaire.\" \/>\n<meta property=\"og:url\" content=\"https:\/\/hysolv.eu\/fr\/produit\/interask\" \/>\n<meta property=\"og:site_name\" content=\"Hysolv\" \/>\n<meta property=\"article:publisher\" content=\"https:\/\/www.facebook.com\/HysolvLtd\" \/>\n<meta property=\"article:modified_time\" content=\"2026-04-05T15:47:32+00:00\" \/>\n<meta property=\"og:image\" content=\"https:\/\/hysolv.eu\/wp-content\/uploads\/2021\/09\/Interask.jpg\" \/>\n\t<meta property=\"og:image:width\" content=\"1071\" \/>\n\t<meta property=\"og:image:height\" content=\"714\" \/>\n\t<meta property=\"og:image:type\" content=\"image\/jpeg\" \/>\n<meta name=\"twitter:card\" content=\"summary_large_image\" \/>\n<script type=\"application\/ld+json\" class=\"yoast-schema-graph\">{\"@context\":\"https:\\\/\\\/schema.org\",\"@graph\":[{\"@type\":\"WebPage\",\"@id\":\"https:\\\/\\\/hysolv.eu\\\/fr\\\/produit\\\/interask\",\"url\":\"https:\\\/\\\/hysolv.eu\\\/fr\\\/produit\\\/interask\",\"name\":\"Interask | Hysolv\",\"isPartOf\":{\"@id\":\"https:\\\/\\\/hysolv.eu\\\/fr#website\"},\"primaryImageOfPage\":{\"@id\":\"https:\\\/\\\/hysolv.eu\\\/fr\\\/produit\\\/interask#primaryimage\"},\"image\":{\"@id\":\"https:\\\/\\\/hysolv.eu\\\/fr\\\/produit\\\/interask#primaryimage\"},\"thumbnailUrl\":\"https:\\\/\\\/hysolv.eu\\\/wp-content\\\/uploads\\\/2021\\\/09\\\/Interask.jpg\",\"datePublished\":\"2021-11-15T13:49:32+00:00\",\"dateModified\":\"2026-04-05T15:47:32+00:00\",\"description\":\"D\u00e9sinfectant sp\u00e9cialis\u00e9 hautement concentr\u00e9, efficace contre les \u0153ufs de n\u00e9matodes, les coccidies, les bact\u00e9ries, les champignons et les virus pour une utilisation en hygi\u00e8ne v\u00e9t\u00e9rinaire.\",\"breadcrumb\":{\"@id\":\"https:\\\/\\\/hysolv.eu\\\/fr\\\/produit\\\/interask#breadcrumb\"},\"inLanguage\":\"fr-FR\",\"potentialAction\":[{\"@type\":\"ReadAction\",\"target\":[\"https:\\\/\\\/hysolv.eu\\\/fr\\\/produit\\\/interask\"]}]},{\"@type\":\"ImageObject\",\"inLanguage\":\"fr-FR\",\"@id\":\"https:\\\/\\\/hysolv.eu\\\/fr\\\/produit\\\/interask#primaryimage\",\"url\":\"https:\\\/\\\/hysolv.eu\\\/wp-content\\\/uploads\\\/2021\\\/09\\\/Interask.jpg\",\"contentUrl\":\"https:\\\/\\\/hysolv.eu\\\/wp-content\\\/uploads\\\/2021\\\/09\\\/Interask.jpg\",\"width\":1071,\"height\":714,\"caption\":\"Interask livestock housing disinfectant in blue container, effective against bacteria, viruses, fungi, parasites, and red mite in animal housing\"},{\"@type\":\"BreadcrumbList\",\"@id\":\"https:\\\/\\\/hysolv.eu\\\/fr\\\/produit\\\/interask#breadcrumb\",\"itemListElement\":[{\"@type\":\"ListItem\",\"position\":1,\"name\":\"Home\",\"item\":\"https:\\\/\\\/hysolv.eu\\\/fr\\\/accueil\"},{\"@type\":\"ListItem\",\"position\":2,\"name\":\"Boutique\",\"item\":\"https:\\\/\\\/hysolv.eu\\\/boutique\"},{\"@type\":\"ListItem\",\"position\":3,\"name\":\"Interask\"}]},{\"@type\":\"WebSite\",\"@id\":\"https:\\\/\\\/hysolv.eu\\\/fr#website\",\"url\":\"https:\\\/\\\/hysolv.eu\\\/fr\",\"name\":\"Hysolv\",\"description\":\"Supporting Animal Health &amp; Biosecurity\",\"publisher\":{\"@id\":\"https:\\\/\\\/hysolv.eu\\\/fr#organization\"},\"potentialAction\":[{\"@type\":\"SearchAction\",\"target\":{\"@type\":\"EntryPoint\",\"urlTemplate\":\"https:\\\/\\\/hysolv.eu\\\/fr?s={search_term_string}\"},\"query-input\":{\"@type\":\"PropertyValueSpecification\",\"valueRequired\":true,\"valueName\":\"search_term_string\"}}],\"inLanguage\":\"fr-FR\"},{\"@type\":\"Organization\",\"@id\":\"https:\\\/\\\/hysolv.eu\\\/fr#organization\",\"name\":\"Hysolv GmbH\",\"url\":\"https:\\\/\\\/hysolv.eu\\\/fr\",\"logo\":{\"@type\":\"ImageObject\",\"inLanguage\":\"fr-FR\",\"@id\":\"https:\\\/\\\/hysolv.eu\\\/fr#\\\/schema\\\/logo\\\/image\\\/\",\"url\":\"https:\\\/\\\/hysolv.eu\\\/wp-content\\\/uploads\\\/LoginLogo-1.png\",\"contentUrl\":\"https:\\\/\\\/hysolv.eu\\\/wp-content\\\/uploads\\\/LoginLogo-1.png\",\"width\":480,\"height\":229,\"caption\":\"Hysolv GmbH\"},\"image\":{\"@id\":\"https:\\\/\\\/hysolv.eu\\\/fr#\\\/schema\\\/logo\\\/image\\\/\"},\"sameAs\":[\"https:\\\/\\\/www.facebook.com\\\/HysolvLtd\",\"https:\\\/\\\/www.instagram.com\\\/hysolvlimited\\\/\",\"https:\\\/\\\/www.linkedin.com\\\/company\\\/hysolv-limited\\\/about\\\/\"]}]}<\/script>\n<!-- \/ Yoast SEO plugin. -->","yoast_head_json":{"title":"Interask | Hysolv","description":"D\u00e9sinfectant sp\u00e9cialis\u00e9 hautement concentr\u00e9, efficace contre les \u0153ufs de n\u00e9matodes, les coccidies, les bact\u00e9ries, les champignons et les virus pour une utilisation en hygi\u00e8ne v\u00e9t\u00e9rinaire.","robots":{"index":"index","follow":"follow","max-snippet":"max-snippet:-1","max-image-preview":"max-image-preview:large","max-video-preview":"max-video-preview:-1"},"canonical":"https:\/\/hysolv.eu\/fr\/produit\/interask","og_locale":"fr_FR","og_type":"article","og_title":"Interask | Hysolv","og_description":"D\u00e9sinfectant sp\u00e9cialis\u00e9 hautement concentr\u00e9, efficace contre les \u0153ufs de n\u00e9matodes, les coccidies, les bact\u00e9ries, les champignons et les virus pour une utilisation en hygi\u00e8ne v\u00e9t\u00e9rinaire.","og_url":"https:\/\/hysolv.eu\/fr\/produit\/interask","og_site_name":"Hysolv","article_publisher":"https:\/\/www.facebook.com\/HysolvLtd","article_modified_time":"2026-04-05T15:47:32+00:00","og_image":[{"width":1071,"height":714,"url":"https:\/\/hysolv.eu\/wp-content\/uploads\/2021\/09\/Interask.jpg","type":"image\/jpeg"}],"twitter_card":"summary_large_image","schema":{"@context":"https:\/\/schema.org","@graph":[{"@type":"WebPage","@id":"https:\/\/hysolv.eu\/fr\/produit\/interask","url":"https:\/\/hysolv.eu\/fr\/produit\/interask","name":"Interask | Hysolv","isPartOf":{"@id":"https:\/\/hysolv.eu\/fr#website"},"primaryImageOfPage":{"@id":"https:\/\/hysolv.eu\/fr\/produit\/interask#primaryimage"},"image":{"@id":"https:\/\/hysolv.eu\/fr\/produit\/interask#primaryimage"},"thumbnailUrl":"https:\/\/hysolv.eu\/wp-content\/uploads\/2021\/09\/Interask.jpg","datePublished":"2021-11-15T13:49:32+00:00","dateModified":"2026-04-05T15:47:32+00:00","description":"D\u00e9sinfectant sp\u00e9cialis\u00e9 hautement concentr\u00e9, efficace contre les \u0153ufs de n\u00e9matodes, les coccidies, les bact\u00e9ries, les champignons et les virus pour une utilisation en hygi\u00e8ne v\u00e9t\u00e9rinaire.","breadcrumb":{"@id":"https:\/\/hysolv.eu\/fr\/produit\/interask#breadcrumb"},"inLanguage":"fr-FR","potentialAction":[{"@type":"ReadAction","target":["https:\/\/hysolv.eu\/fr\/produit\/interask"]}]},{"@type":"ImageObject","inLanguage":"fr-FR","@id":"https:\/\/hysolv.eu\/fr\/produit\/interask#primaryimage","url":"https:\/\/hysolv.eu\/wp-content\/uploads\/2021\/09\/Interask.jpg","contentUrl":"https:\/\/hysolv.eu\/wp-content\/uploads\/2021\/09\/Interask.jpg","width":1071,"height":714,"caption":"Interask livestock housing disinfectant in blue container, effective against bacteria, viruses, fungi, parasites, and red mite in animal housing"},{"@type":"BreadcrumbList","@id":"https:\/\/hysolv.eu\/fr\/produit\/interask#breadcrumb","itemListElement":[{"@type":"ListItem","position":1,"name":"Home","item":"https:\/\/hysolv.eu\/fr\/accueil"},{"@type":"ListItem","position":2,"name":"Boutique","item":"https:\/\/hysolv.eu\/boutique"},{"@type":"ListItem","position":3,"name":"Interask"}]},{"@type":"WebSite","@id":"https:\/\/hysolv.eu\/fr#website","url":"https:\/\/hysolv.eu\/fr","name":"Hysolv","description":"Supporting Animal Health &amp; Biosecurity","publisher":{"@id":"https:\/\/hysolv.eu\/fr#organization"},"potentialAction":[{"@type":"SearchAction","target":{"@type":"EntryPoint","urlTemplate":"https:\/\/hysolv.eu\/fr?s={search_term_string}"},"query-input":{"@type":"PropertyValueSpecification","valueRequired":true,"valueName":"search_term_string"}}],"inLanguage":"fr-FR"},{"@type":"Organization","@id":"https:\/\/hysolv.eu\/fr#organization","name":"Hysolv GmbH","url":"https:\/\/hysolv.eu\/fr","logo":{"@type":"ImageObject","inLanguage":"fr-FR","@id":"https:\/\/hysolv.eu\/fr#\/schema\/logo\/image\/","url":"https:\/\/hysolv.eu\/wp-content\/uploads\/LoginLogo-1.png","contentUrl":"https:\/\/hysolv.eu\/wp-content\/uploads\/LoginLogo-1.png","width":480,"height":229,"caption":"Hysolv GmbH"},"image":{"@id":"https:\/\/hysolv.eu\/fr#\/schema\/logo\/image\/"},"sameAs":["https:\/\/www.facebook.com\/HysolvLtd","https:\/\/www.instagram.com\/hysolvlimited\/","https:\/\/www.linkedin.com\/company\/hysolv-limited\/about\/"]}]}},"_links":{"self":[{"href":"https:\/\/hysolv.eu\/fr\/wp-json\/wp\/v2\/product\/2990","targetHints":{"allow":["GET"]}}],"collection":[{"href":"https:\/\/hysolv.eu\/fr\/wp-json\/wp\/v2\/product"}],"about":[{"href":"https:\/\/hysolv.eu\/fr\/wp-json\/wp\/v2\/types\/product"}],"wp:featuredmedia":[{"embeddable":true,"href":"https:\/\/hysolv.eu\/fr\/wp-json\/wp\/v2\/media\/4573"}],"wp:attachment":[{"href":"https:\/\/hysolv.eu\/fr\/wp-json\/wp\/v2\/media?parent=2990"}],"wp:term":[{"taxonomy":"product_brand","embeddable":true,"href":"https:\/\/hysolv.eu\/fr\/wp-json\/wp\/v2\/product_brand?post=2990"},{"taxonomy":"product_cat","embeddable":true,"href":"https:\/\/hysolv.eu\/fr\/wp-json\/wp\/v2\/product_cat?post=2990"},{"taxonomy":"product_tag","embeddable":true,"href":"https:\/\/hysolv.eu\/fr\/wp-json\/wp\/v2\/product_tag?post=2990"}],"curies":[{"name":"wp","href":"https:\/\/api.w.org\/{rel}","templated":true}]}}