{"id":5214,"date":"2026-03-26T08:01:17","date_gmt":"2026-03-26T07:01:17","guid":{"rendered":"https:\/\/hysolv.eu\/product\/alquernat-zycox"},"modified":"2026-03-26T08:01:17","modified_gmt":"2026-03-26T07:01:17","slug":"alquernat-zycox","status":"publish","type":"product","link":"https:\/\/hysolv.eu\/fr\/produit\/alquernat-zycox","title":{"rendered":"Alquernat Zycox"},"content":{"rendered":"<p>Alquernat ZYCOX est un optimiseur intestinal \u00e0 base de pronutriments con\u00e7u pour contr\u00f4ler la coccidiose en activant le syst\u00e8me immunitaire local dans l\u2019intestin. Il interrompt le cycle de vie des coccidies sans cr\u00e9er de r\u00e9sistance, de r\u00e9sidus chimiques ni n\u00e9cessiter de p\u00e9riode de retrait. Il peut \u00eatre utilis\u00e9 pendant tout le cycle de production et en association avec des programmes de vaccination.  <\/p>\n<p>&nbsp;<\/p>\n","protected":false},"excerpt":{"rendered":"<p>Optimiseur intestinal \u00e0 base de pronutriments soutenant le contr\u00f4le de la coccidiose en activant l\u2019immunit\u00e9 intestinale locale, sans r\u00e9sistance, r\u00e9sidus ni p\u00e9riode de retrait.<\/p>\n<p>&nbsp;<\/p>\n","protected":false},"featured_media":3889,"template":"","meta":[],"product_brand":[],"product_cat":[700,1020,1015,1018,1019,1017],"product_tag":[],"class_list":{"0":"post-5214","1":"product","2":"type-product","3":"status-publish","4":"has-post-thumbnail","6":"product_cat-animaux-de-compagnie","7":"product_cat-aquaculture","8":"product_cat-hygiene-alimentation-additifs","9":"product_cat-porcs","10":"product_cat-ruminants","11":"product_cat-volailles","14":"first","15":"instock","16":"shipping-taxable","17":"product-type-simple"},"yoast_head":"<!-- This site is optimized with the Yoast SEO plugin v27.3 - https:\/\/yoast.com\/product\/yoast-seo-wordpress\/ -->\n<title>Alquernat Zycox | Hysolv<\/title>\n<meta name=\"description\" content=\"Optimiseur intestinal \u00e0 base de pronutriments favorisant la sant\u00e9 intestinale et le contr\u00f4le de la coccidiose sans r\u00e9sistance, r\u00e9sidus ni p\u00e9riode de retrait.\" \/>\n<meta name=\"robots\" content=\"index, follow, max-snippet:-1, max-image-preview:large, max-video-preview:-1\" \/>\n<link rel=\"canonical\" href=\"https:\/\/hysolv.eu\/fr\/produit\/alquernat-zycox\" \/>\n<meta property=\"og:locale\" content=\"fr_FR\" \/>\n<meta property=\"og:type\" content=\"article\" \/>\n<meta property=\"og:title\" content=\"Alquernat Zycox | Hysolv\" \/>\n<meta property=\"og:description\" content=\"Optimiseur intestinal \u00e0 base de pronutriments favorisant la sant\u00e9 intestinale et le contr\u00f4le de la coccidiose sans r\u00e9sistance, r\u00e9sidus ni p\u00e9riode de retrait.\" \/>\n<meta property=\"og:url\" content=\"https:\/\/hysolv.eu\/fr\/produit\/alquernat-zycox\" \/>\n<meta property=\"og:site_name\" content=\"Hysolv\" \/>\n<meta property=\"article:publisher\" content=\"https:\/\/www.facebook.com\/HysolvLtd\" \/>\n<meta property=\"og:image\" content=\"https:\/\/hysolv.eu\/wp-content\/uploads\/alquernat-zycox.jpg\" \/>\n\t<meta property=\"og:image:width\" content=\"1071\" \/>\n\t<meta property=\"og:image:height\" content=\"714\" \/>\n\t<meta property=\"og:image:type\" content=\"image\/jpeg\" \/>\n<meta name=\"twitter:card\" content=\"summary_large_image\" \/>\n<script type=\"application\/ld+json\" class=\"yoast-schema-graph\">{\"@context\":\"https:\\\/\\\/schema.org\",\"@graph\":[{\"@type\":\"WebPage\",\"@id\":\"https:\\\/\\\/hysolv.eu\\\/fr\\\/produit\\\/alquernat-zycox\",\"url\":\"https:\\\/\\\/hysolv.eu\\\/fr\\\/produit\\\/alquernat-zycox\",\"name\":\"Alquernat Zycox | Hysolv\",\"isPartOf\":{\"@id\":\"https:\\\/\\\/hysolv.eu\\\/fr#website\"},\"primaryImageOfPage\":{\"@id\":\"https:\\\/\\\/hysolv.eu\\\/fr\\\/produit\\\/alquernat-zycox#primaryimage\"},\"image\":{\"@id\":\"https:\\\/\\\/hysolv.eu\\\/fr\\\/produit\\\/alquernat-zycox#primaryimage\"},\"thumbnailUrl\":\"https:\\\/\\\/hysolv.eu\\\/wp-content\\\/uploads\\\/alquernat-zycox.jpg\",\"datePublished\":\"2026-03-26T07:01:17+00:00\",\"description\":\"Optimiseur intestinal \u00e0 base de pronutriments favorisant la sant\u00e9 intestinale et le contr\u00f4le de la coccidiose sans r\u00e9sistance, r\u00e9sidus ni p\u00e9riode de retrait.\",\"breadcrumb\":{\"@id\":\"https:\\\/\\\/hysolv.eu\\\/fr\\\/produit\\\/alquernat-zycox#breadcrumb\"},\"inLanguage\":\"fr-FR\",\"potentialAction\":[{\"@type\":\"ReadAction\",\"target\":[\"https:\\\/\\\/hysolv.eu\\\/fr\\\/produit\\\/alquernat-zycox\"]}]},{\"@type\":\"ImageObject\",\"inLanguage\":\"fr-FR\",\"@id\":\"https:\\\/\\\/hysolv.eu\\\/fr\\\/produit\\\/alquernat-zycox#primaryimage\",\"url\":\"https:\\\/\\\/hysolv.eu\\\/wp-content\\\/uploads\\\/alquernat-zycox.jpg\",\"contentUrl\":\"https:\\\/\\\/hysolv.eu\\\/wp-content\\\/uploads\\\/alquernat-zycox.jpg\",\"width\":956,\"height\":948,\"caption\":\"Alquernat ZYCOX, optimiseur intestinal \u00e0 base de pronutriments pour le contr\u00f4le de la coccidiose\"},{\"@type\":\"BreadcrumbList\",\"@id\":\"https:\\\/\\\/hysolv.eu\\\/fr\\\/produit\\\/alquernat-zycox#breadcrumb\",\"itemListElement\":[{\"@type\":\"ListItem\",\"position\":1,\"name\":\"Home\",\"item\":\"https:\\\/\\\/hysolv.eu\\\/fr\\\/accueil\"},{\"@type\":\"ListItem\",\"position\":2,\"name\":\"Boutique\",\"item\":\"https:\\\/\\\/hysolv.eu\\\/boutique\"},{\"@type\":\"ListItem\",\"position\":3,\"name\":\"Alquernat Zycox\"}]},{\"@type\":\"WebSite\",\"@id\":\"https:\\\/\\\/hysolv.eu\\\/fr#website\",\"url\":\"https:\\\/\\\/hysolv.eu\\\/fr\",\"name\":\"Hysolv\",\"description\":\"Supporting Animal Health &amp; Biosecurity\",\"publisher\":{\"@id\":\"https:\\\/\\\/hysolv.eu\\\/fr#organization\"},\"potentialAction\":[{\"@type\":\"SearchAction\",\"target\":{\"@type\":\"EntryPoint\",\"urlTemplate\":\"https:\\\/\\\/hysolv.eu\\\/fr?s={search_term_string}\"},\"query-input\":{\"@type\":\"PropertyValueSpecification\",\"valueRequired\":true,\"valueName\":\"search_term_string\"}}],\"inLanguage\":\"fr-FR\"},{\"@type\":\"Organization\",\"@id\":\"https:\\\/\\\/hysolv.eu\\\/fr#organization\",\"name\":\"Hysolv GmbH\",\"url\":\"https:\\\/\\\/hysolv.eu\\\/fr\",\"logo\":{\"@type\":\"ImageObject\",\"inLanguage\":\"fr-FR\",\"@id\":\"https:\\\/\\\/hysolv.eu\\\/fr#\\\/schema\\\/logo\\\/image\\\/\",\"url\":\"https:\\\/\\\/hysolv.eu\\\/wp-content\\\/uploads\\\/LoginLogo-1.png\",\"contentUrl\":\"https:\\\/\\\/hysolv.eu\\\/wp-content\\\/uploads\\\/LoginLogo-1.png\",\"width\":480,\"height\":229,\"caption\":\"Hysolv GmbH\"},\"image\":{\"@id\":\"https:\\\/\\\/hysolv.eu\\\/fr#\\\/schema\\\/logo\\\/image\\\/\"},\"sameAs\":[\"https:\\\/\\\/www.facebook.com\\\/HysolvLtd\",\"https:\\\/\\\/www.instagram.com\\\/hysolvlimited\\\/\",\"https:\\\/\\\/www.linkedin.com\\\/company\\\/hysolv-limited\\\/about\\\/\"]}]}<\/script>\n<!-- \/ Yoast SEO plugin. -->","yoast_head_json":{"title":"Alquernat Zycox | Hysolv","description":"Optimiseur intestinal \u00e0 base de pronutriments favorisant la sant\u00e9 intestinale et le contr\u00f4le de la coccidiose sans r\u00e9sistance, r\u00e9sidus ni p\u00e9riode de retrait.","robots":{"index":"index","follow":"follow","max-snippet":"max-snippet:-1","max-image-preview":"max-image-preview:large","max-video-preview":"max-video-preview:-1"},"canonical":"https:\/\/hysolv.eu\/fr\/produit\/alquernat-zycox","og_locale":"fr_FR","og_type":"article","og_title":"Alquernat Zycox | Hysolv","og_description":"Optimiseur intestinal \u00e0 base de pronutriments favorisant la sant\u00e9 intestinale et le contr\u00f4le de la coccidiose sans r\u00e9sistance, r\u00e9sidus ni p\u00e9riode de retrait.","og_url":"https:\/\/hysolv.eu\/fr\/produit\/alquernat-zycox","og_site_name":"Hysolv","article_publisher":"https:\/\/www.facebook.com\/HysolvLtd","og_image":[{"width":1071,"height":714,"url":"https:\/\/hysolv.eu\/wp-content\/uploads\/alquernat-zycox.jpg","type":"image\/jpeg"}],"twitter_card":"summary_large_image","schema":{"@context":"https:\/\/schema.org","@graph":[{"@type":"WebPage","@id":"https:\/\/hysolv.eu\/fr\/produit\/alquernat-zycox","url":"https:\/\/hysolv.eu\/fr\/produit\/alquernat-zycox","name":"Alquernat Zycox | Hysolv","isPartOf":{"@id":"https:\/\/hysolv.eu\/fr#website"},"primaryImageOfPage":{"@id":"https:\/\/hysolv.eu\/fr\/produit\/alquernat-zycox#primaryimage"},"image":{"@id":"https:\/\/hysolv.eu\/fr\/produit\/alquernat-zycox#primaryimage"},"thumbnailUrl":"https:\/\/hysolv.eu\/wp-content\/uploads\/alquernat-zycox.jpg","datePublished":"2026-03-26T07:01:17+00:00","description":"Optimiseur intestinal \u00e0 base de pronutriments favorisant la sant\u00e9 intestinale et le contr\u00f4le de la coccidiose sans r\u00e9sistance, r\u00e9sidus ni p\u00e9riode de retrait.","breadcrumb":{"@id":"https:\/\/hysolv.eu\/fr\/produit\/alquernat-zycox#breadcrumb"},"inLanguage":"fr-FR","potentialAction":[{"@type":"ReadAction","target":["https:\/\/hysolv.eu\/fr\/produit\/alquernat-zycox"]}]},{"@type":"ImageObject","inLanguage":"fr-FR","@id":"https:\/\/hysolv.eu\/fr\/produit\/alquernat-zycox#primaryimage","url":"https:\/\/hysolv.eu\/wp-content\/uploads\/alquernat-zycox.jpg","contentUrl":"https:\/\/hysolv.eu\/wp-content\/uploads\/alquernat-zycox.jpg","width":956,"height":948,"caption":"Alquernat ZYCOX, optimiseur intestinal \u00e0 base de pronutriments pour le contr\u00f4le de la coccidiose"},{"@type":"BreadcrumbList","@id":"https:\/\/hysolv.eu\/fr\/produit\/alquernat-zycox#breadcrumb","itemListElement":[{"@type":"ListItem","position":1,"name":"Home","item":"https:\/\/hysolv.eu\/fr\/accueil"},{"@type":"ListItem","position":2,"name":"Boutique","item":"https:\/\/hysolv.eu\/boutique"},{"@type":"ListItem","position":3,"name":"Alquernat Zycox"}]},{"@type":"WebSite","@id":"https:\/\/hysolv.eu\/fr#website","url":"https:\/\/hysolv.eu\/fr","name":"Hysolv","description":"Supporting Animal Health &amp; Biosecurity","publisher":{"@id":"https:\/\/hysolv.eu\/fr#organization"},"potentialAction":[{"@type":"SearchAction","target":{"@type":"EntryPoint","urlTemplate":"https:\/\/hysolv.eu\/fr?s={search_term_string}"},"query-input":{"@type":"PropertyValueSpecification","valueRequired":true,"valueName":"search_term_string"}}],"inLanguage":"fr-FR"},{"@type":"Organization","@id":"https:\/\/hysolv.eu\/fr#organization","name":"Hysolv GmbH","url":"https:\/\/hysolv.eu\/fr","logo":{"@type":"ImageObject","inLanguage":"fr-FR","@id":"https:\/\/hysolv.eu\/fr#\/schema\/logo\/image\/","url":"https:\/\/hysolv.eu\/wp-content\/uploads\/LoginLogo-1.png","contentUrl":"https:\/\/hysolv.eu\/wp-content\/uploads\/LoginLogo-1.png","width":480,"height":229,"caption":"Hysolv GmbH"},"image":{"@id":"https:\/\/hysolv.eu\/fr#\/schema\/logo\/image\/"},"sameAs":["https:\/\/www.facebook.com\/HysolvLtd","https:\/\/www.instagram.com\/hysolvlimited\/","https:\/\/www.linkedin.com\/company\/hysolv-limited\/about\/"]}]}},"_links":{"self":[{"href":"https:\/\/hysolv.eu\/fr\/wp-json\/wp\/v2\/product\/5214","targetHints":{"allow":["GET"]}}],"collection":[{"href":"https:\/\/hysolv.eu\/fr\/wp-json\/wp\/v2\/product"}],"about":[{"href":"https:\/\/hysolv.eu\/fr\/wp-json\/wp\/v2\/types\/product"}],"wp:featuredmedia":[{"embeddable":true,"href":"https:\/\/hysolv.eu\/fr\/wp-json\/wp\/v2\/media\/3889"}],"wp:attachment":[{"href":"https:\/\/hysolv.eu\/fr\/wp-json\/wp\/v2\/media?parent=5214"}],"wp:term":[{"taxonomy":"product_brand","embeddable":true,"href":"https:\/\/hysolv.eu\/fr\/wp-json\/wp\/v2\/product_brand?post=5214"},{"taxonomy":"product_cat","embeddable":true,"href":"https:\/\/hysolv.eu\/fr\/wp-json\/wp\/v2\/product_cat?post=5214"},{"taxonomy":"product_tag","embeddable":true,"href":"https:\/\/hysolv.eu\/fr\/wp-json\/wp\/v2\/product_tag?post=5214"}],"curies":[{"name":"wp","href":"https:\/\/api.w.org\/{rel}","templated":true}]}}