{"id":5216,"date":"2026-03-26T07:47:24","date_gmt":"2026-03-26T06:47:24","guid":{"rendered":"https:\/\/hysolv.eu\/product\/inter-formaldehyde"},"modified":"2026-03-26T07:47:24","modified_gmt":"2026-03-26T06:47:24","slug":"inter-formaldehyde","status":"publish","type":"product","link":"https:\/\/hysolv.eu\/fr\/produit\/inter-formaldehyde","title":{"rendered":"Inter Formaldehyde"},"content":{"rendered":"<p>Inter Formaldehyde est un d\u00e9sinfectant \u00e0 haute concentration destin\u00e9 au contr\u00f4le efficace des agents pathog\u00e8nes dans les environnements d\u2019\u00e9levage. Il est con\u00e7u pour la d\u00e9sinfection des sabots, des surfaces et des \u00e9quipements par pulv\u00e9risation, n\u00e9bulisation ou utilisation en p\u00e9diluve. Le produit offre une efficacit\u00e9 prouv\u00e9e contre les bact\u00e9ries, les virus et les champignons lorsqu\u2019il est utilis\u00e9 aux dilutions recommand\u00e9es.  <\/p>\n<p>&nbsp;<\/p>\n<a  class=\"x-btn x-btn-real x-btn-rounded x-btn-mini\"  href=\"https:\/\/hysolv.eu\/wp-content\/uploads\/inter-formaldehyde-product-information-sheet.pdf\" title=\"Fiche d\u2019information produit Inter Formaldehyde\" target=\"_blank\" rel=\"\"   data-options=\"thumbnail: ''\">FICHE D&rsquo;INFORMATION SUR LE PRODUIT<\/a>\n<p>&nbsp;<\/p>\n","protected":false},"excerpt":{"rendered":"<div class=\"flex flex-col text-sm pb-25\">\n<article class=\"text-token-text-primary w-full focus:outline-none [--shadow-height:45px] has-data-writing-block:pointer-events-none has-data-writing-block:-mt-(--shadow-height) has-data-writing-block:pt-(--shadow-height) [&amp;:has([data-writing-block])&gt;*]:pointer-events-auto scroll-mt-[calc(var(--header-height)+min(200px,max(70px,20svh)))]\" dir=\"auto\" tabindex=\"-1\" data-turn-id=\"05ebb37e-eef1-4f61-9374-c8f289c3a83d\" data-testid=\"conversation-turn-266\" data-scroll-anchor=\"true\" data-turn=\"assistant\">\n<div class=\"text-base my-auto mx-auto pb-10 [--thread-content-margin:--spacing(4)] @w-sm\/main:[--thread-content-margin:--spacing(6)] @w-lg\/main:[--thread-content-margin:--spacing(16)] px-(--thread-content-margin)\">\n<div class=\"[--thread-content-max-width:40rem] @w-lg\/main:[--thread-content-max-width:48rem] mx-auto max-w-(--thread-content-max-width) flex-1 group\/turn-messages focus-visible:outline-hidden relative flex w-full min-w-0 flex-col agent-turn\" tabindex=\"-1\">\n<div class=\"flex max-w-full flex-col grow\">\n<div class=\"min-h-8 text-message relative flex w-full flex-col items-end gap-2 text-start break-words whitespace-normal [.text-message+&amp;]:mt-1\" dir=\"auto\" data-message-author-role=\"assistant\" data-message-id=\"92326bd8-8aef-4c61-9520-e9862e4c4f6b\" data-message-model-slug=\"gpt-5-2\">\n<div class=\"flex w-full flex-col gap-1 empty:hidden first:pt-[1px]\">D\u00e9sinfectant \u00e0 base de formald\u00e9hyde \u00e0 haute concentration pour les sabots, les surfaces et les \u00e9quipements dans les environnements d\u2019\u00e9levage.<\/div>\n<\/div>\n<\/div>\n<\/div>\n<\/div>\n<\/article>\n<\/div>\n<p>&nbsp;<\/p>\n","protected":false},"featured_media":3944,"template":"","meta":[],"product_brand":[],"product_cat":[660,1019],"product_tag":[],"class_list":{"0":"post-5216","1":"product","2":"type-product","3":"status-publish","4":"has-post-thumbnail","6":"product_cat-desinfectants","7":"product_cat-ruminants","10":"first","11":"instock","12":"shipping-taxable","13":"product-type-simple"},"yoast_head":"<!-- This site is optimized with the Yoast SEO plugin v27.3 - https:\/\/yoast.com\/product\/yoast-seo-wordpress\/ -->\n<title>Inter Formaldehyde | Hysolv<\/title>\n<meta name=\"description\" content=\"D\u00e9sinfectant \u00e0 base de formald\u00e9hyde pour les sabots, les surfaces et les \u00e9quipements en \u00e9levage. Efficace contre les bact\u00e9ries, les virus et les champignons.\" \/>\n<meta name=\"robots\" content=\"index, follow, max-snippet:-1, max-image-preview:large, max-video-preview:-1\" \/>\n<link rel=\"canonical\" href=\"https:\/\/hysolv.eu\/fr\/produit\/inter-formaldehyde\" \/>\n<meta property=\"og:locale\" content=\"fr_FR\" \/>\n<meta property=\"og:type\" content=\"article\" \/>\n<meta property=\"og:title\" content=\"Inter Formaldehyde | Hysolv\" \/>\n<meta property=\"og:description\" content=\"D\u00e9sinfectant \u00e0 base de formald\u00e9hyde pour les sabots, les surfaces et les \u00e9quipements en \u00e9levage. Efficace contre les bact\u00e9ries, les virus et les champignons.\" \/>\n<meta property=\"og:url\" content=\"https:\/\/hysolv.eu\/fr\/produit\/inter-formaldehyde\" \/>\n<meta property=\"og:site_name\" content=\"Hysolv\" \/>\n<meta property=\"article:publisher\" content=\"https:\/\/www.facebook.com\/HysolvLtd\" \/>\n<meta property=\"og:image\" content=\"https:\/\/hysolv.eu\/wp-content\/uploads\/inter-formaldehyde.jpg\" \/>\n\t<meta property=\"og:image:width\" content=\"1071\" \/>\n\t<meta property=\"og:image:height\" content=\"714\" \/>\n\t<meta property=\"og:image:type\" content=\"image\/jpeg\" \/>\n<meta name=\"twitter:card\" content=\"summary_large_image\" \/>\n<meta name=\"twitter:label1\" content=\"Dur\u00e9e de lecture estim\u00e9e\" \/>\n\t<meta name=\"twitter:data1\" content=\"1 minute\" \/>\n<script type=\"application\/ld+json\" class=\"yoast-schema-graph\">{\"@context\":\"https:\\\/\\\/schema.org\",\"@graph\":[{\"@type\":\"WebPage\",\"@id\":\"https:\\\/\\\/hysolv.eu\\\/fr\\\/produit\\\/inter-formaldehyde\",\"url\":\"https:\\\/\\\/hysolv.eu\\\/fr\\\/produit\\\/inter-formaldehyde\",\"name\":\"Inter Formaldehyde | Hysolv\",\"isPartOf\":{\"@id\":\"https:\\\/\\\/hysolv.eu\\\/fr#website\"},\"primaryImageOfPage\":{\"@id\":\"https:\\\/\\\/hysolv.eu\\\/fr\\\/produit\\\/inter-formaldehyde#primaryimage\"},\"image\":{\"@id\":\"https:\\\/\\\/hysolv.eu\\\/fr\\\/produit\\\/inter-formaldehyde#primaryimage\"},\"thumbnailUrl\":\"https:\\\/\\\/hysolv.eu\\\/wp-content\\\/uploads\\\/inter-formaldehyde.jpg\",\"datePublished\":\"2026-03-26T06:47:24+00:00\",\"description\":\"D\u00e9sinfectant \u00e0 base de formald\u00e9hyde pour les sabots, les surfaces et les \u00e9quipements en \u00e9levage. Efficace contre les bact\u00e9ries, les virus et les champignons.\",\"breadcrumb\":{\"@id\":\"https:\\\/\\\/hysolv.eu\\\/fr\\\/produit\\\/inter-formaldehyde#breadcrumb\"},\"inLanguage\":\"fr-FR\",\"potentialAction\":[{\"@type\":\"ReadAction\",\"target\":[\"https:\\\/\\\/hysolv.eu\\\/fr\\\/produit\\\/inter-formaldehyde\"]}]},{\"@type\":\"ImageObject\",\"inLanguage\":\"fr-FR\",\"@id\":\"https:\\\/\\\/hysolv.eu\\\/fr\\\/produit\\\/inter-formaldehyde#primaryimage\",\"url\":\"https:\\\/\\\/hysolv.eu\\\/wp-content\\\/uploads\\\/inter-formaldehyde.jpg\",\"contentUrl\":\"https:\\\/\\\/hysolv.eu\\\/wp-content\\\/uploads\\\/inter-formaldehyde.jpg\",\"width\":1020,\"height\":681,\"caption\":\"Bidon bleu de d\u00e9sinfectant Inter Formaldehyde pour les environnements d\u2019\u00e9levage\"},{\"@type\":\"BreadcrumbList\",\"@id\":\"https:\\\/\\\/hysolv.eu\\\/fr\\\/produit\\\/inter-formaldehyde#breadcrumb\",\"itemListElement\":[{\"@type\":\"ListItem\",\"position\":1,\"name\":\"Home\",\"item\":\"https:\\\/\\\/hysolv.eu\\\/fr\\\/accueil\"},{\"@type\":\"ListItem\",\"position\":2,\"name\":\"Boutique\",\"item\":\"https:\\\/\\\/hysolv.eu\\\/boutique\"},{\"@type\":\"ListItem\",\"position\":3,\"name\":\"Inter Formaldehyde\"}]},{\"@type\":\"WebSite\",\"@id\":\"https:\\\/\\\/hysolv.eu\\\/fr#website\",\"url\":\"https:\\\/\\\/hysolv.eu\\\/fr\",\"name\":\"Hysolv\",\"description\":\"Supporting Animal Health &amp; Biosecurity\",\"publisher\":{\"@id\":\"https:\\\/\\\/hysolv.eu\\\/fr#organization\"},\"potentialAction\":[{\"@type\":\"SearchAction\",\"target\":{\"@type\":\"EntryPoint\",\"urlTemplate\":\"https:\\\/\\\/hysolv.eu\\\/fr?s={search_term_string}\"},\"query-input\":{\"@type\":\"PropertyValueSpecification\",\"valueRequired\":true,\"valueName\":\"search_term_string\"}}],\"inLanguage\":\"fr-FR\"},{\"@type\":\"Organization\",\"@id\":\"https:\\\/\\\/hysolv.eu\\\/fr#organization\",\"name\":\"Hysolv GmbH\",\"url\":\"https:\\\/\\\/hysolv.eu\\\/fr\",\"logo\":{\"@type\":\"ImageObject\",\"inLanguage\":\"fr-FR\",\"@id\":\"https:\\\/\\\/hysolv.eu\\\/fr#\\\/schema\\\/logo\\\/image\\\/\",\"url\":\"https:\\\/\\\/hysolv.eu\\\/wp-content\\\/uploads\\\/LoginLogo-1.png\",\"contentUrl\":\"https:\\\/\\\/hysolv.eu\\\/wp-content\\\/uploads\\\/LoginLogo-1.png\",\"width\":480,\"height\":229,\"caption\":\"Hysolv GmbH\"},\"image\":{\"@id\":\"https:\\\/\\\/hysolv.eu\\\/fr#\\\/schema\\\/logo\\\/image\\\/\"},\"sameAs\":[\"https:\\\/\\\/www.facebook.com\\\/HysolvLtd\",\"https:\\\/\\\/www.instagram.com\\\/hysolvlimited\\\/\",\"https:\\\/\\\/www.linkedin.com\\\/company\\\/hysolv-limited\\\/about\\\/\"]}]}<\/script>\n<!-- \/ Yoast SEO plugin. -->","yoast_head_json":{"title":"Inter Formaldehyde | Hysolv","description":"D\u00e9sinfectant \u00e0 base de formald\u00e9hyde pour les sabots, les surfaces et les \u00e9quipements en \u00e9levage. Efficace contre les bact\u00e9ries, les virus et les champignons.","robots":{"index":"index","follow":"follow","max-snippet":"max-snippet:-1","max-image-preview":"max-image-preview:large","max-video-preview":"max-video-preview:-1"},"canonical":"https:\/\/hysolv.eu\/fr\/produit\/inter-formaldehyde","og_locale":"fr_FR","og_type":"article","og_title":"Inter Formaldehyde | Hysolv","og_description":"D\u00e9sinfectant \u00e0 base de formald\u00e9hyde pour les sabots, les surfaces et les \u00e9quipements en \u00e9levage. Efficace contre les bact\u00e9ries, les virus et les champignons.","og_url":"https:\/\/hysolv.eu\/fr\/produit\/inter-formaldehyde","og_site_name":"Hysolv","article_publisher":"https:\/\/www.facebook.com\/HysolvLtd","og_image":[{"width":1071,"height":714,"url":"https:\/\/hysolv.eu\/wp-content\/uploads\/inter-formaldehyde.jpg","type":"image\/jpeg"}],"twitter_card":"summary_large_image","twitter_misc":{"Dur\u00e9e de lecture estim\u00e9e":"1 minute"},"schema":{"@context":"https:\/\/schema.org","@graph":[{"@type":"WebPage","@id":"https:\/\/hysolv.eu\/fr\/produit\/inter-formaldehyde","url":"https:\/\/hysolv.eu\/fr\/produit\/inter-formaldehyde","name":"Inter Formaldehyde | Hysolv","isPartOf":{"@id":"https:\/\/hysolv.eu\/fr#website"},"primaryImageOfPage":{"@id":"https:\/\/hysolv.eu\/fr\/produit\/inter-formaldehyde#primaryimage"},"image":{"@id":"https:\/\/hysolv.eu\/fr\/produit\/inter-formaldehyde#primaryimage"},"thumbnailUrl":"https:\/\/hysolv.eu\/wp-content\/uploads\/inter-formaldehyde.jpg","datePublished":"2026-03-26T06:47:24+00:00","description":"D\u00e9sinfectant \u00e0 base de formald\u00e9hyde pour les sabots, les surfaces et les \u00e9quipements en \u00e9levage. Efficace contre les bact\u00e9ries, les virus et les champignons.","breadcrumb":{"@id":"https:\/\/hysolv.eu\/fr\/produit\/inter-formaldehyde#breadcrumb"},"inLanguage":"fr-FR","potentialAction":[{"@type":"ReadAction","target":["https:\/\/hysolv.eu\/fr\/produit\/inter-formaldehyde"]}]},{"@type":"ImageObject","inLanguage":"fr-FR","@id":"https:\/\/hysolv.eu\/fr\/produit\/inter-formaldehyde#primaryimage","url":"https:\/\/hysolv.eu\/wp-content\/uploads\/inter-formaldehyde.jpg","contentUrl":"https:\/\/hysolv.eu\/wp-content\/uploads\/inter-formaldehyde.jpg","width":1020,"height":681,"caption":"Bidon bleu de d\u00e9sinfectant Inter Formaldehyde pour les environnements d\u2019\u00e9levage"},{"@type":"BreadcrumbList","@id":"https:\/\/hysolv.eu\/fr\/produit\/inter-formaldehyde#breadcrumb","itemListElement":[{"@type":"ListItem","position":1,"name":"Home","item":"https:\/\/hysolv.eu\/fr\/accueil"},{"@type":"ListItem","position":2,"name":"Boutique","item":"https:\/\/hysolv.eu\/boutique"},{"@type":"ListItem","position":3,"name":"Inter Formaldehyde"}]},{"@type":"WebSite","@id":"https:\/\/hysolv.eu\/fr#website","url":"https:\/\/hysolv.eu\/fr","name":"Hysolv","description":"Supporting Animal Health &amp; Biosecurity","publisher":{"@id":"https:\/\/hysolv.eu\/fr#organization"},"potentialAction":[{"@type":"SearchAction","target":{"@type":"EntryPoint","urlTemplate":"https:\/\/hysolv.eu\/fr?s={search_term_string}"},"query-input":{"@type":"PropertyValueSpecification","valueRequired":true,"valueName":"search_term_string"}}],"inLanguage":"fr-FR"},{"@type":"Organization","@id":"https:\/\/hysolv.eu\/fr#organization","name":"Hysolv GmbH","url":"https:\/\/hysolv.eu\/fr","logo":{"@type":"ImageObject","inLanguage":"fr-FR","@id":"https:\/\/hysolv.eu\/fr#\/schema\/logo\/image\/","url":"https:\/\/hysolv.eu\/wp-content\/uploads\/LoginLogo-1.png","contentUrl":"https:\/\/hysolv.eu\/wp-content\/uploads\/LoginLogo-1.png","width":480,"height":229,"caption":"Hysolv GmbH"},"image":{"@id":"https:\/\/hysolv.eu\/fr#\/schema\/logo\/image\/"},"sameAs":["https:\/\/www.facebook.com\/HysolvLtd","https:\/\/www.instagram.com\/hysolvlimited\/","https:\/\/www.linkedin.com\/company\/hysolv-limited\/about\/"]}]}},"_links":{"self":[{"href":"https:\/\/hysolv.eu\/fr\/wp-json\/wp\/v2\/product\/5216","targetHints":{"allow":["GET"]}}],"collection":[{"href":"https:\/\/hysolv.eu\/fr\/wp-json\/wp\/v2\/product"}],"about":[{"href":"https:\/\/hysolv.eu\/fr\/wp-json\/wp\/v2\/types\/product"}],"wp:featuredmedia":[{"embeddable":true,"href":"https:\/\/hysolv.eu\/fr\/wp-json\/wp\/v2\/media\/3944"}],"wp:attachment":[{"href":"https:\/\/hysolv.eu\/fr\/wp-json\/wp\/v2\/media?parent=5216"}],"wp:term":[{"taxonomy":"product_brand","embeddable":true,"href":"https:\/\/hysolv.eu\/fr\/wp-json\/wp\/v2\/product_brand?post=5216"},{"taxonomy":"product_cat","embeddable":true,"href":"https:\/\/hysolv.eu\/fr\/wp-json\/wp\/v2\/product_cat?post=5216"},{"taxonomy":"product_tag","embeddable":true,"href":"https:\/\/hysolv.eu\/fr\/wp-json\/wp\/v2\/product_tag?post=5216"}],"curies":[{"name":"wp","href":"https:\/\/api.w.org\/{rel}","templated":true}]}}