{"id":5220,"date":"2026-03-26T07:06:52","date_gmt":"2026-03-26T06:06:52","guid":{"rendered":"https:\/\/hysolv.eu\/product\/interratox"},"modified":"2026-03-26T07:06:52","modified_gmt":"2026-03-26T06:06:52","slug":"interratox","status":"publish","type":"product","link":"https:\/\/hysolv.eu\/fr\/produit\/interratox","title":{"rendered":"Interratox"},"content":{"rendered":"<p>Interratox est un rodenticide pr\u00eat \u00e0 l\u2019emploi offrant un contr\u00f4le l\u00e9tal fiable des rats et des souris. Sa formulation en granul\u00e9s \u00e0 base de c\u00e9r\u00e9ales avec bromadiolone reste efficace m\u00eame en cas d\u2019infestations difficiles et offre une meilleure stabilit\u00e9 en conditions humides. Des agents am\u00e9risants contribuent \u00e0 r\u00e9duire le risque d\u2019ingestion accidentelle par les animaux domestiques et d\u2019\u00e9levage.  <\/p>\n<p>&nbsp;<\/p>\n","protected":false},"excerpt":{"rendered":"<div class=\"flex flex-col text-sm pb-25\">\n<article class=\"text-token-text-primary w-full focus:outline-none [--shadow-height:45px] has-data-writing-block:pointer-events-none has-data-writing-block:-mt-(--shadow-height) has-data-writing-block:pt-(--shadow-height) [&amp;:has([data-writing-block])&gt;*]:pointer-events-auto scroll-mt-[calc(var(--header-height)+min(200px,max(70px,20svh)))]\" dir=\"auto\" tabindex=\"-1\" data-turn-id=\"05ebb37e-eef1-4f61-9374-c8f289c3a83d\" data-testid=\"conversation-turn-266\" data-scroll-anchor=\"true\" data-turn=\"assistant\">\n<div class=\"text-base my-auto mx-auto pb-10 [--thread-content-margin:--spacing(4)] @w-sm\/main:[--thread-content-margin:--spacing(6)] @w-lg\/main:[--thread-content-margin:--spacing(16)] px-(--thread-content-margin)\">\n<div class=\"[--thread-content-max-width:40rem] @w-lg\/main:[--thread-content-max-width:48rem] mx-auto max-w-(--thread-content-max-width) flex-1 group\/turn-messages focus-visible:outline-hidden relative flex w-full min-w-0 flex-col agent-turn\" tabindex=\"-1\">\n<div class=\"flex max-w-full flex-col grow\">\n<div class=\"min-h-8 text-message relative flex w-full flex-col items-end gap-2 text-start break-words whitespace-normal [.text-message+&amp;]:mt-1\" dir=\"auto\" data-message-author-role=\"assistant\" data-message-id=\"92326bd8-8aef-4c61-9520-e9862e4c4f6b\" data-message-model-slug=\"gpt-5-2\">\n<div class=\"flex w-full flex-col gap-1 empty:hidden first:pt-[1px]\">Interratox est un rodenticide en granul\u00e9s pr\u00eat \u00e0 l\u2019emploi assurant un contr\u00f4le fiable des rats et des souris dans les environnements agricoles et industriels.<\/div>\n<\/div>\n<\/div>\n<\/div>\n<\/div>\n<\/article>\n<\/div>\n<p>&nbsp;<\/p>\n","protected":false},"featured_media":4055,"template":"","meta":[],"product_brand":[],"product_cat":[700,1020,622,1018,1019,1017],"product_tag":[],"class_list":{"0":"post-5220","1":"product","2":"type-product","3":"status-publish","4":"has-post-thumbnail","6":"product_cat-animaux-de-compagnie","7":"product_cat-aquaculture","8":"product_cat-lutte-antiparasitaire","9":"product_cat-porcs","10":"product_cat-ruminants","11":"product_cat-volailles","14":"first","15":"instock","16":"shipping-taxable","17":"product-type-simple"},"yoast_head":"<!-- This site is optimized with the Yoast SEO plugin v27.3 - https:\/\/yoast.com\/product\/yoast-seo-wordpress\/ -->\n<title>Interratox | Hysolv<\/title>\n<meta name=\"description\" content=\"Interratox est un rodenticide en granul\u00e9s pr\u00eat \u00e0 l\u2019emploi pour un contr\u00f4le efficace des rats et des souris dans les environnements agricoles.\" \/>\n<meta name=\"robots\" content=\"index, follow, max-snippet:-1, max-image-preview:large, max-video-preview:-1\" \/>\n<link rel=\"canonical\" href=\"https:\/\/hysolv.eu\/fr\/produit\/interratox\" \/>\n<meta property=\"og:locale\" content=\"fr_FR\" \/>\n<meta property=\"og:type\" content=\"article\" \/>\n<meta property=\"og:title\" content=\"Interratox | Hysolv\" \/>\n<meta property=\"og:description\" content=\"Interratox est un rodenticide en granul\u00e9s pr\u00eat \u00e0 l\u2019emploi pour un contr\u00f4le efficace des rats et des souris dans les environnements agricoles.\" \/>\n<meta property=\"og:url\" content=\"https:\/\/hysolv.eu\/fr\/produit\/interratox\" \/>\n<meta property=\"og:site_name\" content=\"Hysolv\" \/>\n<meta property=\"article:publisher\" content=\"https:\/\/www.facebook.com\/HysolvLtd\" \/>\n<meta property=\"og:image\" content=\"https:\/\/hysolv.eu\/wp-content\/uploads\/interratox.jpg\" \/>\n\t<meta property=\"og:image:width\" content=\"1071\" \/>\n\t<meta property=\"og:image:height\" content=\"714\" \/>\n\t<meta property=\"og:image:type\" content=\"image\/jpeg\" \/>\n<meta name=\"twitter:card\" content=\"summary_large_image\" \/>\n<script type=\"application\/ld+json\" class=\"yoast-schema-graph\">{\"@context\":\"https:\\\/\\\/schema.org\",\"@graph\":[{\"@type\":\"WebPage\",\"@id\":\"https:\\\/\\\/hysolv.eu\\\/fr\\\/produit\\\/interratox\",\"url\":\"https:\\\/\\\/hysolv.eu\\\/fr\\\/produit\\\/interratox\",\"name\":\"Interratox | Hysolv\",\"isPartOf\":{\"@id\":\"https:\\\/\\\/hysolv.eu\\\/fr#website\"},\"primaryImageOfPage\":{\"@id\":\"https:\\\/\\\/hysolv.eu\\\/fr\\\/produit\\\/interratox#primaryimage\"},\"image\":{\"@id\":\"https:\\\/\\\/hysolv.eu\\\/fr\\\/produit\\\/interratox#primaryimage\"},\"thumbnailUrl\":\"https:\\\/\\\/hysolv.eu\\\/wp-content\\\/uploads\\\/interratox.jpg\",\"datePublished\":\"2026-03-26T06:06:52+00:00\",\"description\":\"Interratox est un rodenticide en granul\u00e9s pr\u00eat \u00e0 l\u2019emploi pour un contr\u00f4le efficace des rats et des souris dans les environnements agricoles.\",\"breadcrumb\":{\"@id\":\"https:\\\/\\\/hysolv.eu\\\/fr\\\/produit\\\/interratox#breadcrumb\"},\"inLanguage\":\"fr-FR\",\"potentialAction\":[{\"@type\":\"ReadAction\",\"target\":[\"https:\\\/\\\/hysolv.eu\\\/fr\\\/produit\\\/interratox\"]}]},{\"@type\":\"ImageObject\",\"inLanguage\":\"fr-FR\",\"@id\":\"https:\\\/\\\/hysolv.eu\\\/fr\\\/produit\\\/interratox#primaryimage\",\"url\":\"https:\\\/\\\/hysolv.eu\\\/wp-content\\\/uploads\\\/interratox.jpg\",\"contentUrl\":\"https:\\\/\\\/hysolv.eu\\\/wp-content\\\/uploads\\\/interratox.jpg\",\"width\":780,\"height\":463,\"caption\":\"Granul\u00e9s rodenticides Interratox pour le contr\u00f4le des rats et des souris dans les b\u00e2timents agricoles\"},{\"@type\":\"BreadcrumbList\",\"@id\":\"https:\\\/\\\/hysolv.eu\\\/fr\\\/produit\\\/interratox#breadcrumb\",\"itemListElement\":[{\"@type\":\"ListItem\",\"position\":1,\"name\":\"Home\",\"item\":\"https:\\\/\\\/hysolv.eu\\\/fr\\\/accueil\"},{\"@type\":\"ListItem\",\"position\":2,\"name\":\"Boutique\",\"item\":\"https:\\\/\\\/hysolv.eu\\\/boutique\"},{\"@type\":\"ListItem\",\"position\":3,\"name\":\"Interratox\"}]},{\"@type\":\"WebSite\",\"@id\":\"https:\\\/\\\/hysolv.eu\\\/fr#website\",\"url\":\"https:\\\/\\\/hysolv.eu\\\/fr\",\"name\":\"Hysolv\",\"description\":\"Supporting Animal Health &amp; Biosecurity\",\"publisher\":{\"@id\":\"https:\\\/\\\/hysolv.eu\\\/fr#organization\"},\"potentialAction\":[{\"@type\":\"SearchAction\",\"target\":{\"@type\":\"EntryPoint\",\"urlTemplate\":\"https:\\\/\\\/hysolv.eu\\\/fr?s={search_term_string}\"},\"query-input\":{\"@type\":\"PropertyValueSpecification\",\"valueRequired\":true,\"valueName\":\"search_term_string\"}}],\"inLanguage\":\"fr-FR\"},{\"@type\":\"Organization\",\"@id\":\"https:\\\/\\\/hysolv.eu\\\/fr#organization\",\"name\":\"Hysolv GmbH\",\"url\":\"https:\\\/\\\/hysolv.eu\\\/fr\",\"logo\":{\"@type\":\"ImageObject\",\"inLanguage\":\"fr-FR\",\"@id\":\"https:\\\/\\\/hysolv.eu\\\/fr#\\\/schema\\\/logo\\\/image\\\/\",\"url\":\"https:\\\/\\\/hysolv.eu\\\/wp-content\\\/uploads\\\/LoginLogo-1.png\",\"contentUrl\":\"https:\\\/\\\/hysolv.eu\\\/wp-content\\\/uploads\\\/LoginLogo-1.png\",\"width\":480,\"height\":229,\"caption\":\"Hysolv GmbH\"},\"image\":{\"@id\":\"https:\\\/\\\/hysolv.eu\\\/fr#\\\/schema\\\/logo\\\/image\\\/\"},\"sameAs\":[\"https:\\\/\\\/www.facebook.com\\\/HysolvLtd\",\"https:\\\/\\\/www.instagram.com\\\/hysolvlimited\\\/\",\"https:\\\/\\\/www.linkedin.com\\\/company\\\/hysolv-limited\\\/about\\\/\"]}]}<\/script>\n<!-- \/ Yoast SEO plugin. -->","yoast_head_json":{"title":"Interratox | Hysolv","description":"Interratox est un rodenticide en granul\u00e9s pr\u00eat \u00e0 l\u2019emploi pour un contr\u00f4le efficace des rats et des souris dans les environnements agricoles.","robots":{"index":"index","follow":"follow","max-snippet":"max-snippet:-1","max-image-preview":"max-image-preview:large","max-video-preview":"max-video-preview:-1"},"canonical":"https:\/\/hysolv.eu\/fr\/produit\/interratox","og_locale":"fr_FR","og_type":"article","og_title":"Interratox | Hysolv","og_description":"Interratox est un rodenticide en granul\u00e9s pr\u00eat \u00e0 l\u2019emploi pour un contr\u00f4le efficace des rats et des souris dans les environnements agricoles.","og_url":"https:\/\/hysolv.eu\/fr\/produit\/interratox","og_site_name":"Hysolv","article_publisher":"https:\/\/www.facebook.com\/HysolvLtd","og_image":[{"width":1071,"height":714,"url":"https:\/\/hysolv.eu\/wp-content\/uploads\/interratox.jpg","type":"image\/jpeg"}],"twitter_card":"summary_large_image","schema":{"@context":"https:\/\/schema.org","@graph":[{"@type":"WebPage","@id":"https:\/\/hysolv.eu\/fr\/produit\/interratox","url":"https:\/\/hysolv.eu\/fr\/produit\/interratox","name":"Interratox | Hysolv","isPartOf":{"@id":"https:\/\/hysolv.eu\/fr#website"},"primaryImageOfPage":{"@id":"https:\/\/hysolv.eu\/fr\/produit\/interratox#primaryimage"},"image":{"@id":"https:\/\/hysolv.eu\/fr\/produit\/interratox#primaryimage"},"thumbnailUrl":"https:\/\/hysolv.eu\/wp-content\/uploads\/interratox.jpg","datePublished":"2026-03-26T06:06:52+00:00","description":"Interratox est un rodenticide en granul\u00e9s pr\u00eat \u00e0 l\u2019emploi pour un contr\u00f4le efficace des rats et des souris dans les environnements agricoles.","breadcrumb":{"@id":"https:\/\/hysolv.eu\/fr\/produit\/interratox#breadcrumb"},"inLanguage":"fr-FR","potentialAction":[{"@type":"ReadAction","target":["https:\/\/hysolv.eu\/fr\/produit\/interratox"]}]},{"@type":"ImageObject","inLanguage":"fr-FR","@id":"https:\/\/hysolv.eu\/fr\/produit\/interratox#primaryimage","url":"https:\/\/hysolv.eu\/wp-content\/uploads\/interratox.jpg","contentUrl":"https:\/\/hysolv.eu\/wp-content\/uploads\/interratox.jpg","width":780,"height":463,"caption":"Granul\u00e9s rodenticides Interratox pour le contr\u00f4le des rats et des souris dans les b\u00e2timents agricoles"},{"@type":"BreadcrumbList","@id":"https:\/\/hysolv.eu\/fr\/produit\/interratox#breadcrumb","itemListElement":[{"@type":"ListItem","position":1,"name":"Home","item":"https:\/\/hysolv.eu\/fr\/accueil"},{"@type":"ListItem","position":2,"name":"Boutique","item":"https:\/\/hysolv.eu\/boutique"},{"@type":"ListItem","position":3,"name":"Interratox"}]},{"@type":"WebSite","@id":"https:\/\/hysolv.eu\/fr#website","url":"https:\/\/hysolv.eu\/fr","name":"Hysolv","description":"Supporting Animal Health &amp; Biosecurity","publisher":{"@id":"https:\/\/hysolv.eu\/fr#organization"},"potentialAction":[{"@type":"SearchAction","target":{"@type":"EntryPoint","urlTemplate":"https:\/\/hysolv.eu\/fr?s={search_term_string}"},"query-input":{"@type":"PropertyValueSpecification","valueRequired":true,"valueName":"search_term_string"}}],"inLanguage":"fr-FR"},{"@type":"Organization","@id":"https:\/\/hysolv.eu\/fr#organization","name":"Hysolv GmbH","url":"https:\/\/hysolv.eu\/fr","logo":{"@type":"ImageObject","inLanguage":"fr-FR","@id":"https:\/\/hysolv.eu\/fr#\/schema\/logo\/image\/","url":"https:\/\/hysolv.eu\/wp-content\/uploads\/LoginLogo-1.png","contentUrl":"https:\/\/hysolv.eu\/wp-content\/uploads\/LoginLogo-1.png","width":480,"height":229,"caption":"Hysolv GmbH"},"image":{"@id":"https:\/\/hysolv.eu\/fr#\/schema\/logo\/image\/"},"sameAs":["https:\/\/www.facebook.com\/HysolvLtd","https:\/\/www.instagram.com\/hysolvlimited\/","https:\/\/www.linkedin.com\/company\/hysolv-limited\/about\/"]}]}},"_links":{"self":[{"href":"https:\/\/hysolv.eu\/fr\/wp-json\/wp\/v2\/product\/5220","targetHints":{"allow":["GET"]}}],"collection":[{"href":"https:\/\/hysolv.eu\/fr\/wp-json\/wp\/v2\/product"}],"about":[{"href":"https:\/\/hysolv.eu\/fr\/wp-json\/wp\/v2\/types\/product"}],"wp:featuredmedia":[{"embeddable":true,"href":"https:\/\/hysolv.eu\/fr\/wp-json\/wp\/v2\/media\/4055"}],"wp:attachment":[{"href":"https:\/\/hysolv.eu\/fr\/wp-json\/wp\/v2\/media?parent=5220"}],"wp:term":[{"taxonomy":"product_brand","embeddable":true,"href":"https:\/\/hysolv.eu\/fr\/wp-json\/wp\/v2\/product_brand?post=5220"},{"taxonomy":"product_cat","embeddable":true,"href":"https:\/\/hysolv.eu\/fr\/wp-json\/wp\/v2\/product_cat?post=5220"},{"taxonomy":"product_tag","embeddable":true,"href":"https:\/\/hysolv.eu\/fr\/wp-json\/wp\/v2\/product_tag?post=5220"}],"curies":[{"name":"wp","href":"https:\/\/api.w.org\/{rel}","templated":true}]}}