{"id":5221,"date":"2026-03-26T07:11:39","date_gmt":"2026-03-26T06:11:39","guid":{"rendered":"https:\/\/hysolv.eu\/product\/interfly"},"modified":"2026-03-26T07:11:39","modified_gmt":"2026-03-26T06:11:39","slug":"interfly","status":"publish","type":"product","link":"https:\/\/hysolv.eu\/fr\/produit\/interfly","title":{"rendered":"Interfly"},"content":{"rendered":"<p>Interfly est une solution de lutte contre les insectes hautement efficace pour les environnements d\u2019\u00e9levage, disponible sous forme de concentr\u00e9 liquide \u00e0 pulv\u00e9riser et d\u2019app\u00e2t anti-mouches. Elle assure un effet choc rapide et un contr\u00f4le durable des insectes volants et rampants par contact et ingestion. Les deux formulations conviennent \u00e0 une utilisation dans des b\u00e2timents occup\u00e9s lorsqu\u2019elles sont appliqu\u00e9es correctement et contribuent \u00e0 r\u00e9duire le stress et la transmission des maladies chez les animaux.  <\/p>\n<p>&nbsp;<\/p>\n","protected":false},"excerpt":{"rendered":"<div class=\"flex flex-col text-sm pb-25\">\n<article class=\"text-token-text-primary w-full focus:outline-none [--shadow-height:45px] has-data-writing-block:pointer-events-none has-data-writing-block:-mt-(--shadow-height) has-data-writing-block:pt-(--shadow-height) [&amp;:has([data-writing-block])&gt;*]:pointer-events-auto scroll-mt-[calc(var(--header-height)+min(200px,max(70px,20svh)))]\" dir=\"auto\" tabindex=\"-1\" data-turn-id=\"05ebb37e-eef1-4f61-9374-c8f289c3a83d\" data-testid=\"conversation-turn-266\" data-scroll-anchor=\"true\" data-turn=\"assistant\">\n<div class=\"text-base my-auto mx-auto pb-10 [--thread-content-margin:--spacing(4)] @w-sm\/main:[--thread-content-margin:--spacing(6)] @w-lg\/main:[--thread-content-margin:--spacing(16)] px-(--thread-content-margin)\">\n<div class=\"[--thread-content-max-width:40rem] @w-lg\/main:[--thread-content-max-width:48rem] mx-auto max-w-(--thread-content-max-width) flex-1 group\/turn-messages focus-visible:outline-hidden relative flex w-full min-w-0 flex-col agent-turn\" tabindex=\"-1\">\n<div class=\"flex max-w-full flex-col grow\">\n<div class=\"min-h-8 text-message relative flex w-full flex-col items-end gap-2 text-start break-words whitespace-normal [.text-message+&amp;]:mt-1\" dir=\"auto\" data-message-author-role=\"assistant\" data-message-id=\"92326bd8-8aef-4c61-9520-e9862e4c4f6b\" data-message-model-slug=\"gpt-5-2\">\n<div class=\"flex w-full flex-col gap-1 empty:hidden first:pt-[1px]\">\n<p data-start=\"965\" data-end=\"1143\">Interfly est une solution efficace de lutte contre les mouches et les nuisibles, disponible sous forme de concentr\u00e9 \u00e0 pulv\u00e9riser et d\u2019app\u00e2t, con\u00e7ue pour les b\u00e2timents d\u2019\u00e9levage o\u00f9 un contr\u00f4le fiable des insectes est requis.<\/p>\n<\/div>\n<\/div>\n<\/div>\n<\/div>\n<\/div>\n<\/article>\n<\/div>\n<p>&nbsp;<\/p>\n","protected":false},"featured_media":4035,"template":"","meta":[],"product_brand":[],"product_cat":[700,1020,622,1018,1019,1017],"product_tag":[],"class_list":{"0":"post-5221","1":"product","2":"type-product","3":"status-publish","4":"has-post-thumbnail","6":"product_cat-animaux-de-compagnie","7":"product_cat-aquaculture","8":"product_cat-lutte-antiparasitaire","9":"product_cat-porcs","10":"product_cat-ruminants","11":"product_cat-volailles","14":"first","15":"instock","16":"shipping-taxable","17":"product-type-simple"},"yoast_head":"<!-- This site is optimized with the Yoast SEO plugin v27.3 - https:\/\/yoast.com\/product\/yoast-seo-wordpress\/ -->\n<title>Interfly | Hysolv<\/title>\n<meta name=\"description\" content=\"Interfly est une solution efficace de lutte contre les mouches et les nuisibles avec concentr\u00e9 \u00e0 pulv\u00e9riser et app\u00e2t pour les b\u00e2timents d\u2019\u00e9levage.\" \/>\n<meta name=\"robots\" content=\"index, follow, max-snippet:-1, max-image-preview:large, max-video-preview:-1\" \/>\n<link rel=\"canonical\" href=\"https:\/\/hysolv.eu\/fr\/produit\/interfly\" \/>\n<meta property=\"og:locale\" content=\"fr_FR\" \/>\n<meta property=\"og:type\" content=\"article\" \/>\n<meta property=\"og:title\" content=\"Interfly | Hysolv\" \/>\n<meta property=\"og:description\" content=\"Interfly est une solution efficace de lutte contre les mouches et les nuisibles avec concentr\u00e9 \u00e0 pulv\u00e9riser et app\u00e2t pour les b\u00e2timents d\u2019\u00e9levage.\" \/>\n<meta property=\"og:url\" content=\"https:\/\/hysolv.eu\/fr\/produit\/interfly\" \/>\n<meta property=\"og:site_name\" content=\"Hysolv\" \/>\n<meta property=\"article:publisher\" content=\"https:\/\/www.facebook.com\/HysolvLtd\" \/>\n<meta property=\"og:image\" content=\"https:\/\/hysolv.eu\/wp-content\/uploads\/interfly.jpg\" \/>\n\t<meta property=\"og:image:width\" content=\"1071\" \/>\n\t<meta property=\"og:image:height\" content=\"714\" \/>\n\t<meta property=\"og:image:type\" content=\"image\/jpeg\" \/>\n<meta name=\"twitter:card\" content=\"summary_large_image\" \/>\n<script type=\"application\/ld+json\" class=\"yoast-schema-graph\">{\"@context\":\"https:\\\/\\\/schema.org\",\"@graph\":[{\"@type\":\"WebPage\",\"@id\":\"https:\\\/\\\/hysolv.eu\\\/fr\\\/produit\\\/interfly\",\"url\":\"https:\\\/\\\/hysolv.eu\\\/fr\\\/produit\\\/interfly\",\"name\":\"Interfly | Hysolv\",\"isPartOf\":{\"@id\":\"https:\\\/\\\/hysolv.eu\\\/fr#website\"},\"primaryImageOfPage\":{\"@id\":\"https:\\\/\\\/hysolv.eu\\\/fr\\\/produit\\\/interfly#primaryimage\"},\"image\":{\"@id\":\"https:\\\/\\\/hysolv.eu\\\/fr\\\/produit\\\/interfly#primaryimage\"},\"thumbnailUrl\":\"https:\\\/\\\/hysolv.eu\\\/wp-content\\\/uploads\\\/interfly.jpg\",\"datePublished\":\"2026-03-26T06:11:39+00:00\",\"description\":\"Interfly est une solution efficace de lutte contre les mouches et les nuisibles avec concentr\u00e9 \u00e0 pulv\u00e9riser et app\u00e2t pour les b\u00e2timents d\u2019\u00e9levage.\",\"breadcrumb\":{\"@id\":\"https:\\\/\\\/hysolv.eu\\\/fr\\\/produit\\\/interfly#breadcrumb\"},\"inLanguage\":\"fr-FR\",\"potentialAction\":[{\"@type\":\"ReadAction\",\"target\":[\"https:\\\/\\\/hysolv.eu\\\/fr\\\/produit\\\/interfly\"]}]},{\"@type\":\"ImageObject\",\"inLanguage\":\"fr-FR\",\"@id\":\"https:\\\/\\\/hysolv.eu\\\/fr\\\/produit\\\/interfly#primaryimage\",\"url\":\"https:\\\/\\\/hysolv.eu\\\/wp-content\\\/uploads\\\/interfly.jpg\",\"contentUrl\":\"https:\\\/\\\/hysolv.eu\\\/wp-content\\\/uploads\\\/interfly.jpg\",\"width\":780,\"height\":1021,\"caption\":\"Concentr\u00e9 \u00e0 pulv\u00e9riser et app\u00e2t anti-mouches Interfly pour les b\u00e2timents d\u2019\u00e9levage\"},{\"@type\":\"BreadcrumbList\",\"@id\":\"https:\\\/\\\/hysolv.eu\\\/fr\\\/produit\\\/interfly#breadcrumb\",\"itemListElement\":[{\"@type\":\"ListItem\",\"position\":1,\"name\":\"Home\",\"item\":\"https:\\\/\\\/hysolv.eu\\\/fr\\\/accueil\"},{\"@type\":\"ListItem\",\"position\":2,\"name\":\"Boutique\",\"item\":\"https:\\\/\\\/hysolv.eu\\\/boutique\"},{\"@type\":\"ListItem\",\"position\":3,\"name\":\"Interfly\"}]},{\"@type\":\"WebSite\",\"@id\":\"https:\\\/\\\/hysolv.eu\\\/fr#website\",\"url\":\"https:\\\/\\\/hysolv.eu\\\/fr\",\"name\":\"Hysolv\",\"description\":\"Supporting Animal Health &amp; Biosecurity\",\"publisher\":{\"@id\":\"https:\\\/\\\/hysolv.eu\\\/fr#organization\"},\"potentialAction\":[{\"@type\":\"SearchAction\",\"target\":{\"@type\":\"EntryPoint\",\"urlTemplate\":\"https:\\\/\\\/hysolv.eu\\\/fr?s={search_term_string}\"},\"query-input\":{\"@type\":\"PropertyValueSpecification\",\"valueRequired\":true,\"valueName\":\"search_term_string\"}}],\"inLanguage\":\"fr-FR\"},{\"@type\":\"Organization\",\"@id\":\"https:\\\/\\\/hysolv.eu\\\/fr#organization\",\"name\":\"Hysolv GmbH\",\"url\":\"https:\\\/\\\/hysolv.eu\\\/fr\",\"logo\":{\"@type\":\"ImageObject\",\"inLanguage\":\"fr-FR\",\"@id\":\"https:\\\/\\\/hysolv.eu\\\/fr#\\\/schema\\\/logo\\\/image\\\/\",\"url\":\"https:\\\/\\\/hysolv.eu\\\/wp-content\\\/uploads\\\/LoginLogo-1.png\",\"contentUrl\":\"https:\\\/\\\/hysolv.eu\\\/wp-content\\\/uploads\\\/LoginLogo-1.png\",\"width\":480,\"height\":229,\"caption\":\"Hysolv GmbH\"},\"image\":{\"@id\":\"https:\\\/\\\/hysolv.eu\\\/fr#\\\/schema\\\/logo\\\/image\\\/\"},\"sameAs\":[\"https:\\\/\\\/www.facebook.com\\\/HysolvLtd\",\"https:\\\/\\\/www.instagram.com\\\/hysolvlimited\\\/\",\"https:\\\/\\\/www.linkedin.com\\\/company\\\/hysolv-limited\\\/about\\\/\"]}]}<\/script>\n<!-- \/ Yoast SEO plugin. -->","yoast_head_json":{"title":"Interfly | Hysolv","description":"Interfly est une solution efficace de lutte contre les mouches et les nuisibles avec concentr\u00e9 \u00e0 pulv\u00e9riser et app\u00e2t pour les b\u00e2timents d\u2019\u00e9levage.","robots":{"index":"index","follow":"follow","max-snippet":"max-snippet:-1","max-image-preview":"max-image-preview:large","max-video-preview":"max-video-preview:-1"},"canonical":"https:\/\/hysolv.eu\/fr\/produit\/interfly","og_locale":"fr_FR","og_type":"article","og_title":"Interfly | Hysolv","og_description":"Interfly est une solution efficace de lutte contre les mouches et les nuisibles avec concentr\u00e9 \u00e0 pulv\u00e9riser et app\u00e2t pour les b\u00e2timents d\u2019\u00e9levage.","og_url":"https:\/\/hysolv.eu\/fr\/produit\/interfly","og_site_name":"Hysolv","article_publisher":"https:\/\/www.facebook.com\/HysolvLtd","og_image":[{"width":1071,"height":714,"url":"https:\/\/hysolv.eu\/wp-content\/uploads\/interfly.jpg","type":"image\/jpeg"}],"twitter_card":"summary_large_image","schema":{"@context":"https:\/\/schema.org","@graph":[{"@type":"WebPage","@id":"https:\/\/hysolv.eu\/fr\/produit\/interfly","url":"https:\/\/hysolv.eu\/fr\/produit\/interfly","name":"Interfly | Hysolv","isPartOf":{"@id":"https:\/\/hysolv.eu\/fr#website"},"primaryImageOfPage":{"@id":"https:\/\/hysolv.eu\/fr\/produit\/interfly#primaryimage"},"image":{"@id":"https:\/\/hysolv.eu\/fr\/produit\/interfly#primaryimage"},"thumbnailUrl":"https:\/\/hysolv.eu\/wp-content\/uploads\/interfly.jpg","datePublished":"2026-03-26T06:11:39+00:00","description":"Interfly est une solution efficace de lutte contre les mouches et les nuisibles avec concentr\u00e9 \u00e0 pulv\u00e9riser et app\u00e2t pour les b\u00e2timents d\u2019\u00e9levage.","breadcrumb":{"@id":"https:\/\/hysolv.eu\/fr\/produit\/interfly#breadcrumb"},"inLanguage":"fr-FR","potentialAction":[{"@type":"ReadAction","target":["https:\/\/hysolv.eu\/fr\/produit\/interfly"]}]},{"@type":"ImageObject","inLanguage":"fr-FR","@id":"https:\/\/hysolv.eu\/fr\/produit\/interfly#primaryimage","url":"https:\/\/hysolv.eu\/wp-content\/uploads\/interfly.jpg","contentUrl":"https:\/\/hysolv.eu\/wp-content\/uploads\/interfly.jpg","width":780,"height":1021,"caption":"Concentr\u00e9 \u00e0 pulv\u00e9riser et app\u00e2t anti-mouches Interfly pour les b\u00e2timents d\u2019\u00e9levage"},{"@type":"BreadcrumbList","@id":"https:\/\/hysolv.eu\/fr\/produit\/interfly#breadcrumb","itemListElement":[{"@type":"ListItem","position":1,"name":"Home","item":"https:\/\/hysolv.eu\/fr\/accueil"},{"@type":"ListItem","position":2,"name":"Boutique","item":"https:\/\/hysolv.eu\/boutique"},{"@type":"ListItem","position":3,"name":"Interfly"}]},{"@type":"WebSite","@id":"https:\/\/hysolv.eu\/fr#website","url":"https:\/\/hysolv.eu\/fr","name":"Hysolv","description":"Supporting Animal Health &amp; Biosecurity","publisher":{"@id":"https:\/\/hysolv.eu\/fr#organization"},"potentialAction":[{"@type":"SearchAction","target":{"@type":"EntryPoint","urlTemplate":"https:\/\/hysolv.eu\/fr?s={search_term_string}"},"query-input":{"@type":"PropertyValueSpecification","valueRequired":true,"valueName":"search_term_string"}}],"inLanguage":"fr-FR"},{"@type":"Organization","@id":"https:\/\/hysolv.eu\/fr#organization","name":"Hysolv GmbH","url":"https:\/\/hysolv.eu\/fr","logo":{"@type":"ImageObject","inLanguage":"fr-FR","@id":"https:\/\/hysolv.eu\/fr#\/schema\/logo\/image\/","url":"https:\/\/hysolv.eu\/wp-content\/uploads\/LoginLogo-1.png","contentUrl":"https:\/\/hysolv.eu\/wp-content\/uploads\/LoginLogo-1.png","width":480,"height":229,"caption":"Hysolv GmbH"},"image":{"@id":"https:\/\/hysolv.eu\/fr#\/schema\/logo\/image\/"},"sameAs":["https:\/\/www.facebook.com\/HysolvLtd","https:\/\/www.instagram.com\/hysolvlimited\/","https:\/\/www.linkedin.com\/company\/hysolv-limited\/about\/"]}]}},"_links":{"self":[{"href":"https:\/\/hysolv.eu\/fr\/wp-json\/wp\/v2\/product\/5221","targetHints":{"allow":["GET"]}}],"collection":[{"href":"https:\/\/hysolv.eu\/fr\/wp-json\/wp\/v2\/product"}],"about":[{"href":"https:\/\/hysolv.eu\/fr\/wp-json\/wp\/v2\/types\/product"}],"wp:featuredmedia":[{"embeddable":true,"href":"https:\/\/hysolv.eu\/fr\/wp-json\/wp\/v2\/media\/4035"}],"wp:attachment":[{"href":"https:\/\/hysolv.eu\/fr\/wp-json\/wp\/v2\/media?parent=5221"}],"wp:term":[{"taxonomy":"product_brand","embeddable":true,"href":"https:\/\/hysolv.eu\/fr\/wp-json\/wp\/v2\/product_brand?post=5221"},{"taxonomy":"product_cat","embeddable":true,"href":"https:\/\/hysolv.eu\/fr\/wp-json\/wp\/v2\/product_cat?post=5221"},{"taxonomy":"product_tag","embeddable":true,"href":"https:\/\/hysolv.eu\/fr\/wp-json\/wp\/v2\/product_tag?post=5221"}],"curies":[{"name":"wp","href":"https:\/\/api.w.org\/{rel}","templated":true}]}}