{"id":2825,"date":"2021-10-08T10:07:50","date_gmt":"2021-10-08T09:07:50","guid":{"rendered":"https:\/\/hysolv.eu\/kontakt"},"modified":"2026-04-06T09:28:12","modified_gmt":"2026-04-06T08:28:12","slug":"kontakt","status":"publish","type":"page","link":"https:\/\/hysolv.eu\/no\/kontakt","title":{"rendered":"Kontakt"},"content":{"rendered":"<div id=\"cs-content\" class=\"cs-content\"><\/div>\n","protected":false},"excerpt":{"rendered":"<p>Kontakt ossProfesjonell hygienestyring starter med riktig r\u00e5dgivning. Enten du trenger produktveiledning, st\u00f8tte til hygienerutiner eller hjelp til \u00e5 finne den riktige l\u00f8sningen for ditt produksjonssystem \u2014 v\u00e5rt team er her for \u00e5 hjelpe deg.Generelle HenvendelserFor generelle henvendelser, produktinformasjon eller tekniske sp\u00f8rsm\u00e5l, vennligst bruk kontaktskjemaet eller ta kontakt via v\u00e5rt hovedtelefonnummer:+49 3923 620 96 47. Ved \u00e5 bruke kontaktskjemaet kan vi &#8230; <\/p>\n<div><a href=\"https:\/\/hysolv.eu\/no\/kontakt\" class=\"more-link\">Read More<\/a><\/div>\n","protected":false},"author":8,"featured_media":0,"parent":0,"menu_order":400,"comment_status":"closed","ping_status":"closed","template":"template-blank-4.php","meta":{"footnotes":""},"class_list":["post-2825","page","type-page","status-publish","hentry","no-post-thumbnail"],"yoast_head":"<!-- This site is optimized with the Yoast SEO plugin v27.4 - https:\/\/yoast.com\/product\/yoast-seo-wordpress\/ -->\n<title>Kontakt Hysolv | Dyrehelse og biosikkerhetsl\u00f8sninger<\/title>\n<meta name=\"description\" content=\"Kontakt Hysolv for profesjonelle dyrehelseprodukter, g\u00e5rdshygiene og biosikkerhetsl\u00f8sninger for husdyrproduksjon og landbruk.\" \/>\n<meta name=\"robots\" content=\"index, follow, max-snippet:-1, max-image-preview:large, max-video-preview:-1\" \/>\n<link rel=\"canonical\" href=\"https:\/\/hysolv.eu\/no\/kontakt\" \/>\n<meta property=\"og:locale\" content=\"nb_NO\" \/>\n<meta property=\"og:type\" content=\"article\" \/>\n<meta property=\"og:title\" content=\"Kontakt Hysolv | Dyrehelse og biosikkerhetsl\u00f8sninger\" \/>\n<meta property=\"og:description\" content=\"Kontakt Hysolv for profesjonelle dyrehelseprodukter, g\u00e5rdshygiene og biosikkerhetsl\u00f8sninger for husdyrproduksjon og landbruk.\" \/>\n<meta property=\"og:url\" content=\"https:\/\/hysolv.eu\/no\/kontakt\" \/>\n<meta property=\"og:site_name\" content=\"Hysolv\" \/>\n<meta property=\"article:publisher\" content=\"https:\/\/www.facebook.com\/HysolvLtd\" \/>\n<meta property=\"article:modified_time\" content=\"2026-04-06T08:28:12+00:00\" \/>\n<meta name=\"twitter:card\" content=\"summary_large_image\" \/>\n<meta name=\"twitter:label1\" content=\"Ansl. lesetid\" \/>\n\t<meta name=\"twitter:data1\" content=\"2 minutter\" \/>\n<script type=\"application\/ld+json\" class=\"yoast-schema-graph\">{\"@context\":\"https:\\\/\\\/schema.org\",\"@graph\":[{\"@type\":\"WebPage\",\"@id\":\"https:\\\/\\\/hysolv.eu\\\/no\\\/kontakt\",\"url\":\"https:\\\/\\\/hysolv.eu\\\/no\\\/kontakt\",\"name\":\"Kontakt Hysolv | Dyrehelse og biosikkerhetsl\u00f8sninger\",\"isPartOf\":{\"@id\":\"https:\\\/\\\/hysolv.eu\\\/no#website\"},\"datePublished\":\"2021-10-08T09:07:50+00:00\",\"dateModified\":\"2026-04-06T08:28:12+00:00\",\"description\":\"Kontakt Hysolv for profesjonelle dyrehelseprodukter, g\u00e5rdshygiene og biosikkerhetsl\u00f8sninger for husdyrproduksjon og landbruk.\",\"breadcrumb\":{\"@id\":\"https:\\\/\\\/hysolv.eu\\\/no\\\/kontakt#breadcrumb\"},\"inLanguage\":\"nb-NO\",\"potentialAction\":[{\"@type\":\"ReadAction\",\"target\":[\"https:\\\/\\\/hysolv.eu\\\/no\\\/kontakt\"]}]},{\"@type\":\"BreadcrumbList\",\"@id\":\"https:\\\/\\\/hysolv.eu\\\/no\\\/kontakt#breadcrumb\",\"itemListElement\":[{\"@type\":\"ListItem\",\"position\":1,\"name\":\"Home\",\"item\":\"https:\\\/\\\/hysolv.eu\\\/no\\\/hjem\"},{\"@type\":\"ListItem\",\"position\":2,\"name\":\"Kontakt\"}]},{\"@type\":\"WebSite\",\"@id\":\"https:\\\/\\\/hysolv.eu\\\/no#website\",\"url\":\"https:\\\/\\\/hysolv.eu\\\/no\",\"name\":\"Hysolv\",\"description\":\"Supporting Animal Health &amp; Biosecurity\",\"publisher\":{\"@id\":\"https:\\\/\\\/hysolv.eu\\\/no#organization\"},\"potentialAction\":[{\"@type\":\"SearchAction\",\"target\":{\"@type\":\"EntryPoint\",\"urlTemplate\":\"https:\\\/\\\/hysolv.eu\\\/no?s={search_term_string}\"},\"query-input\":{\"@type\":\"PropertyValueSpecification\",\"valueRequired\":true,\"valueName\":\"search_term_string\"}}],\"inLanguage\":\"nb-NO\"},{\"@type\":\"Organization\",\"@id\":\"https:\\\/\\\/hysolv.eu\\\/no#organization\",\"name\":\"Hysolv GmbH\",\"url\":\"https:\\\/\\\/hysolv.eu\\\/no\",\"logo\":{\"@type\":\"ImageObject\",\"inLanguage\":\"nb-NO\",\"@id\":\"https:\\\/\\\/hysolv.eu\\\/no#\\\/schema\\\/logo\\\/image\\\/\",\"url\":\"https:\\\/\\\/hysolv.eu\\\/wp-content\\\/uploads\\\/LoginLogo-1.png\",\"contentUrl\":\"https:\\\/\\\/hysolv.eu\\\/wp-content\\\/uploads\\\/LoginLogo-1.png\",\"width\":480,\"height\":229,\"caption\":\"Hysolv GmbH\"},\"image\":{\"@id\":\"https:\\\/\\\/hysolv.eu\\\/no#\\\/schema\\\/logo\\\/image\\\/\"},\"sameAs\":[\"https:\\\/\\\/www.facebook.com\\\/HysolvLtd\",\"https:\\\/\\\/www.instagram.com\\\/hysolvlimited\\\/\",\"https:\\\/\\\/www.linkedin.com\\\/company\\\/hysolv-limited\\\/about\\\/\"]}]}<\/script>\n<!-- \/ Yoast SEO plugin. -->","yoast_head_json":{"title":"Kontakt Hysolv | Dyrehelse og biosikkerhetsl\u00f8sninger","description":"Kontakt Hysolv for profesjonelle dyrehelseprodukter, g\u00e5rdshygiene og biosikkerhetsl\u00f8sninger for husdyrproduksjon og landbruk.","robots":{"index":"index","follow":"follow","max-snippet":"max-snippet:-1","max-image-preview":"max-image-preview:large","max-video-preview":"max-video-preview:-1"},"canonical":"https:\/\/hysolv.eu\/no\/kontakt","og_locale":"nb_NO","og_type":"article","og_title":"Kontakt Hysolv | Dyrehelse og biosikkerhetsl\u00f8sninger","og_description":"Kontakt Hysolv for profesjonelle dyrehelseprodukter, g\u00e5rdshygiene og biosikkerhetsl\u00f8sninger for husdyrproduksjon og landbruk.","og_url":"https:\/\/hysolv.eu\/no\/kontakt","og_site_name":"Hysolv","article_publisher":"https:\/\/www.facebook.com\/HysolvLtd","article_modified_time":"2026-04-06T08:28:12+00:00","twitter_card":"summary_large_image","twitter_misc":{"Ansl. lesetid":"2 minutter"},"schema":{"@context":"https:\/\/schema.org","@graph":[{"@type":"WebPage","@id":"https:\/\/hysolv.eu\/no\/kontakt","url":"https:\/\/hysolv.eu\/no\/kontakt","name":"Kontakt Hysolv | Dyrehelse og biosikkerhetsl\u00f8sninger","isPartOf":{"@id":"https:\/\/hysolv.eu\/no#website"},"datePublished":"2021-10-08T09:07:50+00:00","dateModified":"2026-04-06T08:28:12+00:00","description":"Kontakt Hysolv for profesjonelle dyrehelseprodukter, g\u00e5rdshygiene og biosikkerhetsl\u00f8sninger for husdyrproduksjon og landbruk.","breadcrumb":{"@id":"https:\/\/hysolv.eu\/no\/kontakt#breadcrumb"},"inLanguage":"nb-NO","potentialAction":[{"@type":"ReadAction","target":["https:\/\/hysolv.eu\/no\/kontakt"]}]},{"@type":"BreadcrumbList","@id":"https:\/\/hysolv.eu\/no\/kontakt#breadcrumb","itemListElement":[{"@type":"ListItem","position":1,"name":"Home","item":"https:\/\/hysolv.eu\/no\/hjem"},{"@type":"ListItem","position":2,"name":"Kontakt"}]},{"@type":"WebSite","@id":"https:\/\/hysolv.eu\/no#website","url":"https:\/\/hysolv.eu\/no","name":"Hysolv","description":"Supporting Animal Health &amp; Biosecurity","publisher":{"@id":"https:\/\/hysolv.eu\/no#organization"},"potentialAction":[{"@type":"SearchAction","target":{"@type":"EntryPoint","urlTemplate":"https:\/\/hysolv.eu\/no?s={search_term_string}"},"query-input":{"@type":"PropertyValueSpecification","valueRequired":true,"valueName":"search_term_string"}}],"inLanguage":"nb-NO"},{"@type":"Organization","@id":"https:\/\/hysolv.eu\/no#organization","name":"Hysolv GmbH","url":"https:\/\/hysolv.eu\/no","logo":{"@type":"ImageObject","inLanguage":"nb-NO","@id":"https:\/\/hysolv.eu\/no#\/schema\/logo\/image\/","url":"https:\/\/hysolv.eu\/wp-content\/uploads\/LoginLogo-1.png","contentUrl":"https:\/\/hysolv.eu\/wp-content\/uploads\/LoginLogo-1.png","width":480,"height":229,"caption":"Hysolv GmbH"},"image":{"@id":"https:\/\/hysolv.eu\/no#\/schema\/logo\/image\/"},"sameAs":["https:\/\/www.facebook.com\/HysolvLtd","https:\/\/www.instagram.com\/hysolvlimited\/","https:\/\/www.linkedin.com\/company\/hysolv-limited\/about\/"]}]}},"_links":{"self":[{"href":"https:\/\/hysolv.eu\/no\/wp-json\/wp\/v2\/pages\/2825","targetHints":{"allow":["GET"]}}],"collection":[{"href":"https:\/\/hysolv.eu\/no\/wp-json\/wp\/v2\/pages"}],"about":[{"href":"https:\/\/hysolv.eu\/no\/wp-json\/wp\/v2\/types\/page"}],"author":[{"embeddable":true,"href":"https:\/\/hysolv.eu\/no\/wp-json\/wp\/v2\/users\/8"}],"replies":[{"embeddable":true,"href":"https:\/\/hysolv.eu\/no\/wp-json\/wp\/v2\/comments?post=2825"}],"version-history":[{"count":0,"href":"https:\/\/hysolv.eu\/no\/wp-json\/wp\/v2\/pages\/2825\/revisions"}],"wp:attachment":[{"href":"https:\/\/hysolv.eu\/no\/wp-json\/wp\/v2\/media?parent=2825"}],"curies":[{"name":"wp","href":"https:\/\/api.w.org\/{rel}","templated":true}]}}